 {"id":10842,"date":"2025-12-02T12:59:43","date_gmt":"2025-12-02T11:59:43","guid":{"rendered":"https:\/\/regalexia.com\/?post_type=product&#038;p=10842"},"modified":"2025-12-09T13:52:00","modified_gmt":"2025-12-09T12:52:00","slug":"taller-musica-en-familia","status":"publish","type":"product","link":"https:\/\/regalexia.com\/ca\/experiencias\/taller-musica-en-familia\/","title":{"rendered":"El primer trencanous &#8211; Taller de m\u00fasica en fam\u00edlia"},"content":{"rendered":"<h2>Sum\u00e9rgete en una experiencia musical inolvidable para ni\u00f1os en Barcelona<\/h2>\n<p>Prep\u00e1rate para una <b>m\u00e1gica experiencia navide\u00f1a en familia<\/b> con el primer trencanous. Este encantador taller de m\u00fasica est\u00e1 dise\u00f1ado para que los m\u00e1s peque\u00f1os de la casa (y sus acompa\u00f1antes) descubran el universo musical de una manera l\u00fadica y emocionante, en el coraz\u00f3n de <b>Barcelona<\/b>.<\/p>\n<p>Es la actividad perfecta para crear recuerdos preciosos y despertar la pasi\u00f3n por la m\u00fasica en tus <b>ni\u00f1os<\/b> esta Navidad.<\/p>\n<h2>\u00bfQu\u00e9 incluye esta experiencia?<\/h2>\n<ul>\n<li>Acceso al musical interactivo el primer trencanous.<\/li>\n<li>Participaci\u00f3n en un taller de m\u00fasica en familia.<\/li>\n<li>Una actividad dise\u00f1ada espec\u00edficamente para la estimulaci\u00f3n musical de ni\u00f1os de 2 a 6 a\u00f1os.<\/li>\n<li>Una oportunidad \u00fanica para disfrutar de la cultura en Barcelona.<\/li>\n<\/ul>\n<h3>Detalles de la actividad<\/h3>\n<p><b>Fecha:<\/b> 21 de Diciembre<\/p>\n<p><b>Horario:<\/b> 11:00<\/p>\n<p><b>Duraci\u00f3n:<\/b> Aproximadamente 45 minutos<\/p>\n<h3>Ubicaci\u00f3n<\/h3>\n<p>Disfruta de esta encantadora experiencia en:<\/p>\n<p><b>Carrer de Ramon Llull, 16, Barcelona.<\/b><\/p>\n<h2>Condiciones importantes<\/h2>\n<p><b>Precio:<\/b> 8,80\u20ac por persona.<\/p>\n<p><b>Edad recomendada:<\/b> Actividad pensada para <b>ni\u00f1os<\/b> de 2 a 6 a\u00f1os.<\/p>","protected":false},"excerpt":{"rendered":"<p>Vive una m\u00e1gica experiencia musical navide\u00f1a en Barcelona con &#8216;El Primer Trencanous&#8217;. Un taller en familia perfecto para ni\u00f1os de 2 a 6 a\u00f1os. \u00a1M\u00fasica y diversi\u00f3n garantizadas!<\/p>","protected":false},"featured_media":10860,"comment_status":"open","ping_status":"closed","template":"","meta":{"id_video":[],"enlace_video":[],"enlace_captura":[],"invitacion_anexada":[],"pedido_anexado":[]},"product_brand":[],"product_cat":[15],"product_tag":[122,120,121,118,119],"class_list":{"0":"post-10842","1":"product","2":"type-product","3":"status-publish","4":"has-post-thumbnail","6":"product_cat-sin-categorizar","7":"product_tag-actividades-navidenas-barcelona","8":"product_tag-experiencia-para-ninos","9":"product_tag-musica-en-familia","10":"product_tag-musical-infantil","11":"product_tag-taller-familiar-barcelona","13":"first","14":"instock","15":"shipping-taxable","16":"purchasable","17":"product-type-simple"},"exclude_global_add_ons":[],"addons":[],"yoast_head":"<!-- This site is optimized with the Yoast SEO plugin v27.5 - https:\/\/yoast.com\/product\/yoast-seo-wordpress\/ -->\n<title>El primer trencanous - Taller de m\u00fasica en fam\u00edlia - Regalexia<\/title>\n<meta name=\"description\" content=\"Vive una m\u00e1gica experiencia musical navide\u00f1a en Barcelona con el primer trencanous. Un taller en familia perfecto. \u00a1M\u00fasica y diversi\u00f3n garantizadas!\" \/>\n<meta name=\"robots\" content=\"index, follow, max-snippet:-1, max-image-preview:large, max-video-preview:-1\" \/>\n<link rel=\"canonical\" href=\"https:\/\/regalexia.com\/ca\/experiencias\/taller-musica-en-familia\/\" \/>\n<meta property=\"og:locale\" content=\"ca_ES\" \/>\n<meta property=\"og:type\" content=\"article\" \/>\n<meta property=\"og:title\" content=\"El primer trencanous - Taller de m\u00fasica en fam\u00edlia - Regalexia\" \/>\n<meta property=\"og:description\" content=\"Vive una m\u00e1gica experiencia musical navide\u00f1a en Barcelona con el primer trencanous. Un taller en familia perfecto. \u00a1M\u00fasica y diversi\u00f3n garantizadas!\" \/>\n<meta property=\"og:url\" content=\"https:\/\/regalexia.com\/ca\/experiencias\/taller-musica-en-familia\/\" \/>\n<meta property=\"og:site_name\" content=\"Regalexia\" \/>\n<meta property=\"article:publisher\" content=\"https:\/\/www.facebook.com\/regalexia\" \/>\n<meta property=\"article:modified_time\" content=\"2025-12-09T12:52:00+00:00\" \/>\n<meta property=\"og:image\" content=\"https:\/\/regalexia.com\/wp-content\/uploads\/2025\/12\/trencanous.webp\" \/>\n\t<meta property=\"og:image:width\" content=\"940\" \/>\n\t<meta property=\"og:image:height\" content=\"470\" \/>\n\t<meta property=\"og:image:type\" content=\"image\/webp\" \/>\n<meta name=\"twitter:card\" content=\"summary_large_image\" \/>\n<meta name=\"twitter:label1\" content=\"Temps estimat de lectura\" \/>\n\t<meta name=\"twitter:data1\" content=\"1 minut\" \/>\n<script type=\"application\/ld+json\" class=\"yoast-schema-graph\">{\"@context\":\"https:\\\/\\\/schema.org\",\"@graph\":[{\"@type\":\"WebPage\",\"@id\":\"https:\\\/\\\/regalexia.com\\\/experiencias\\\/taller-musica-en-familia\\\/\",\"url\":\"https:\\\/\\\/regalexia.com\\\/experiencias\\\/taller-musica-en-familia\\\/\",\"name\":\"El primer trencanous - Taller de m\u00fasica en fam\u00edlia - Regalexia\",\"isPartOf\":{\"@id\":\"https:\\\/\\\/regalexia.com\\\/#website\"},\"primaryImageOfPage\":{\"@id\":\"https:\\\/\\\/regalexia.com\\\/experiencias\\\/taller-musica-en-familia\\\/#primaryimage\"},\"image\":{\"@id\":\"https:\\\/\\\/regalexia.com\\\/experiencias\\\/taller-musica-en-familia\\\/#primaryimage\"},\"thumbnailUrl\":\"https:\\\/\\\/regalexia.com\\\/wp-content\\\/uploads\\\/2025\\\/12\\\/trencanous.webp\",\"datePublished\":\"2025-12-02T11:59:43+00:00\",\"dateModified\":\"2025-12-09T12:52:00+00:00\",\"description\":\"Vive una m\u00e1gica experiencia musical navide\u00f1a en Barcelona con el primer trencanous. Un taller en familia perfecto. \u00a1M\u00fasica y diversi\u00f3n garantizadas!\",\"breadcrumb\":{\"@id\":\"https:\\\/\\\/regalexia.com\\\/experiencias\\\/taller-musica-en-familia\\\/#breadcrumb\"},\"inLanguage\":\"ca\",\"potentialAction\":[{\"@type\":\"ReadAction\",\"target\":[\"https:\\\/\\\/regalexia.com\\\/experiencias\\\/taller-musica-en-familia\\\/\"]}]},{\"@type\":\"ImageObject\",\"inLanguage\":\"ca\",\"@id\":\"https:\\\/\\\/regalexia.com\\\/experiencias\\\/taller-musica-en-familia\\\/#primaryimage\",\"url\":\"https:\\\/\\\/regalexia.com\\\/wp-content\\\/uploads\\\/2025\\\/12\\\/trencanous.webp\",\"contentUrl\":\"https:\\\/\\\/regalexia.com\\\/wp-content\\\/uploads\\\/2025\\\/12\\\/trencanous.webp\",\"width\":940,\"height\":470,\"caption\":\"primer_trencanous_Barcelona\"},{\"@type\":\"BreadcrumbList\",\"@id\":\"https:\\\/\\\/regalexia.com\\\/experiencias\\\/taller-musica-en-familia\\\/#breadcrumb\",\"itemListElement\":[{\"@type\":\"ListItem\",\"position\":1,\"name\":\"Inicio\",\"item\":\"https:\\\/\\\/regalexia.com\\\/\"},{\"@type\":\"ListItem\",\"position\":2,\"name\":\"Experiencias\",\"item\":\"https:\\\/\\\/regalexia.com\\\/experiencias\\\/\"},{\"@type\":\"ListItem\",\"position\":3,\"name\":\"El primer trencanous &#8211; Taller de m\u00fasica en fam\u00edlia\"}]},{\"@type\":\"WebSite\",\"@id\":\"https:\\\/\\\/regalexia.com\\\/#website\",\"url\":\"https:\\\/\\\/regalexia.com\\\/\",\"name\":\"Regalexia\",\"description\":\"\",\"publisher\":{\"@id\":\"https:\\\/\\\/regalexia.com\\\/#organization\"},\"potentialAction\":[{\"@type\":\"SearchAction\",\"target\":{\"@type\":\"EntryPoint\",\"urlTemplate\":\"https:\\\/\\\/regalexia.com\\\/?s={search_term_string}\"},\"query-input\":{\"@type\":\"PropertyValueSpecification\",\"valueRequired\":true,\"valueName\":\"search_term_string\"}}],\"inLanguage\":\"ca\"},{\"@type\":\"Organization\",\"@id\":\"https:\\\/\\\/regalexia.com\\\/#organization\",\"name\":\"Regalexia\",\"url\":\"https:\\\/\\\/regalexia.com\\\/\",\"logo\":{\"@type\":\"ImageObject\",\"inLanguage\":\"ca\",\"@id\":\"https:\\\/\\\/regalexia.com\\\/#\\\/schema\\\/logo\\\/image\\\/\",\"url\":\"https:\\\/\\\/regalexia.com\\\/wp-content\\\/uploads\\\/2024\\\/05\\\/logo_webp.webp\",\"contentUrl\":\"https:\\\/\\\/regalexia.com\\\/wp-content\\\/uploads\\\/2024\\\/05\\\/logo_webp.webp\",\"width\":338,\"height\":90,\"caption\":\"Regalexia\"},\"image\":{\"@id\":\"https:\\\/\\\/regalexia.com\\\/#\\\/schema\\\/logo\\\/image\\\/\"},\"sameAs\":[\"https:\\\/\\\/www.facebook.com\\\/regalexia\",\"https:\\\/\\\/www.instagram.com\\\/regalexia\\\/\",\"https:\\\/\\\/www.youtube.com\\\/@RegalexiaRegalaIlusiones\"]}]}<\/script>\n<!-- \/ Yoast SEO plugin. -->","yoast_head_json":{"title":"El primer trencanous - Taller de m\u00fasica en fam\u00edlia - Regalexia","description":"Vive una m\u00e1gica experiencia musical navide\u00f1a en Barcelona con el primer trencanous. Un taller en familia perfecto. \u00a1M\u00fasica y diversi\u00f3n garantizadas!","robots":{"index":"index","follow":"follow","max-snippet":"max-snippet:-1","max-image-preview":"max-image-preview:large","max-video-preview":"max-video-preview:-1"},"canonical":"https:\/\/regalexia.com\/ca\/experiencias\/taller-musica-en-familia\/","og_locale":"ca_ES","og_type":"article","og_title":"El primer trencanous - Taller de m\u00fasica en fam\u00edlia - Regalexia","og_description":"Vive una m\u00e1gica experiencia musical navide\u00f1a en Barcelona con el primer trencanous. Un taller en familia perfecto. \u00a1M\u00fasica y diversi\u00f3n garantizadas!","og_url":"https:\/\/regalexia.com\/ca\/experiencias\/taller-musica-en-familia\/","og_site_name":"Regalexia","article_publisher":"https:\/\/www.facebook.com\/regalexia","article_modified_time":"2025-12-09T12:52:00+00:00","og_image":[{"width":940,"height":470,"url":"https:\/\/regalexia.com\/wp-content\/uploads\/2025\/12\/trencanous.webp","type":"image\/webp"}],"twitter_card":"summary_large_image","twitter_misc":{"Temps estimat de lectura":"1 minut"},"schema":{"@context":"https:\/\/schema.org","@graph":[{"@type":"WebPage","@id":"https:\/\/regalexia.com\/experiencias\/taller-musica-en-familia\/","url":"https:\/\/regalexia.com\/experiencias\/taller-musica-en-familia\/","name":"El primer trencanous - Taller de m\u00fasica en fam\u00edlia - Regalexia","isPartOf":{"@id":"https:\/\/regalexia.com\/#website"},"primaryImageOfPage":{"@id":"https:\/\/regalexia.com\/experiencias\/taller-musica-en-familia\/#primaryimage"},"image":{"@id":"https:\/\/regalexia.com\/experiencias\/taller-musica-en-familia\/#primaryimage"},"thumbnailUrl":"https:\/\/regalexia.com\/wp-content\/uploads\/2025\/12\/trencanous.webp","datePublished":"2025-12-02T11:59:43+00:00","dateModified":"2025-12-09T12:52:00+00:00","description":"Vive una m\u00e1gica experiencia musical navide\u00f1a en Barcelona con el primer trencanous. Un taller en familia perfecto. \u00a1M\u00fasica y diversi\u00f3n garantizadas!","breadcrumb":{"@id":"https:\/\/regalexia.com\/experiencias\/taller-musica-en-familia\/#breadcrumb"},"inLanguage":"ca","potentialAction":[{"@type":"ReadAction","target":["https:\/\/regalexia.com\/experiencias\/taller-musica-en-familia\/"]}]},{"@type":"ImageObject","inLanguage":"ca","@id":"https:\/\/regalexia.com\/experiencias\/taller-musica-en-familia\/#primaryimage","url":"https:\/\/regalexia.com\/wp-content\/uploads\/2025\/12\/trencanous.webp","contentUrl":"https:\/\/regalexia.com\/wp-content\/uploads\/2025\/12\/trencanous.webp","width":940,"height":470,"caption":"primer_trencanous_Barcelona"},{"@type":"BreadcrumbList","@id":"https:\/\/regalexia.com\/experiencias\/taller-musica-en-familia\/#breadcrumb","itemListElement":[{"@type":"ListItem","position":1,"name":"Inicio","item":"https:\/\/regalexia.com\/"},{"@type":"ListItem","position":2,"name":"Experiencias","item":"https:\/\/regalexia.com\/experiencias\/"},{"@type":"ListItem","position":3,"name":"El primer trencanous &#8211; Taller de m\u00fasica en fam\u00edlia"}]},{"@type":"WebSite","@id":"https:\/\/regalexia.com\/#website","url":"https:\/\/regalexia.com\/","name":"Regalexia","description":"","publisher":{"@id":"https:\/\/regalexia.com\/#organization"},"potentialAction":[{"@type":"SearchAction","target":{"@type":"EntryPoint","urlTemplate":"https:\/\/regalexia.com\/?s={search_term_string}"},"query-input":{"@type":"PropertyValueSpecification","valueRequired":true,"valueName":"search_term_string"}}],"inLanguage":"ca"},{"@type":"Organization","@id":"https:\/\/regalexia.com\/#organization","name":"Regalexia","url":"https:\/\/regalexia.com\/","logo":{"@type":"ImageObject","inLanguage":"ca","@id":"https:\/\/regalexia.com\/#\/schema\/logo\/image\/","url":"https:\/\/regalexia.com\/wp-content\/uploads\/2024\/05\/logo_webp.webp","contentUrl":"https:\/\/regalexia.com\/wp-content\/uploads\/2024\/05\/logo_webp.webp","width":338,"height":90,"caption":"Regalexia"},"image":{"@id":"https:\/\/regalexia.com\/#\/schema\/logo\/image\/"},"sameAs":["https:\/\/www.facebook.com\/regalexia","https:\/\/www.instagram.com\/regalexia\/","https:\/\/www.youtube.com\/@RegalexiaRegalaIlusiones"]}]}},"_links":{"self":[{"href":"https:\/\/regalexia.com\/ca\/wp-json\/wp\/v2\/product\/10842","targetHints":{"allow":["GET"]}}],"collection":[{"href":"https:\/\/regalexia.com\/ca\/wp-json\/wp\/v2\/product"}],"about":[{"href":"https:\/\/regalexia.com\/ca\/wp-json\/wp\/v2\/types\/product"}],"replies":[{"embeddable":true,"href":"https:\/\/regalexia.com\/ca\/wp-json\/wp\/v2\/comments?post=10842"}],"wp:featuredmedia":[{"embeddable":true,"href":"https:\/\/regalexia.com\/ca\/wp-json\/wp\/v2\/media\/10860"}],"wp:attachment":[{"href":"https:\/\/regalexia.com\/ca\/wp-json\/wp\/v2\/media?parent=10842"}],"wp:term":[{"taxonomy":"product_brand","embeddable":true,"href":"https:\/\/regalexia.com\/ca\/wp-json\/wp\/v2\/product_brand?post=10842"},{"taxonomy":"product_cat","embeddable":true,"href":"https:\/\/regalexia.com\/ca\/wp-json\/wp\/v2\/product_cat?post=10842"},{"taxonomy":"product_tag","embeddable":true,"href":"https:\/\/regalexia.com\/ca\/wp-json\/wp\/v2\/product_tag?post=10842"}],"curies":[{"name":"wp","href":"https:\/\/api.w.org\/{rel}","templated":true}]}}