 {"id":25,"date":"2023-01-18T18:40:20","date_gmt":"2023-01-18T17:40:20","guid":{"rendered":"https:\/\/regalexia.com\/store\/producto\/taller-de-papiroflexia-para-ninos\/"},"modified":"2025-11-03T11:37:46","modified_gmt":"2025-11-03T10:37:46","slug":"taller-de-papiroflexia-para-ninos","status":"publish","type":"product","link":"https:\/\/regalexia.com\/ca\/experiencias\/taller-de-papiroflexia-para-ninos\/","title":{"rendered":"Taller de Papiroflexia para ni\u00f1os"},"content":{"rendered":"<h1 class=\"wp-block-heading\">Taller de Papiroflexia para ni\u00f1os en Barcelona, el regalo perfecto para conectar emociones y potenciar habilidades.<\/h1>\n\n\n\n<h2 class=\"wp-block-heading\">\u00bfQu\u00e9 es el origami para ni\u00f1os? <strong> <\/strong><\/h2>\n\n\n\n<p>La papiroflexia para ni\u00f1os u origami es una actividad creativa que consiste en crear una figura de papel, siguiendo un orden de pasos en el plegado del papel hasta conseguir la figura deseada.<\/p>\n\n\n\n<p>Regalar un taller de papiroflexia a los ni\u00f1os es ayudarles a que en un entorno l\u00fadico desarrollen y refuercen su:<\/p>\n\n\n\n<ul class=\"wp-block-list\">\n<li>Concentraci\u00f3n, atenci\u00f3n y memoria.<\/li>\n\n\n\n<li>Su destreza manual y su inteligencia l\u00f3gico-matem\u00e1tica.<\/li>\n\n\n\n<li>La paciencia y la constancia.<\/li>\n\n\n\n<li>La imaginaci\u00f3n y la expresi\u00f3n art\u00edstica.<\/li>\n<\/ul>\n\n\n\n<p>Pero una de las razones para hacer el taller de papiroflexia de la mano de Silvia Maestro es porque ella trabaja con los ni\u00f1os para que puedan conectar tambi\u00e9n \u00abcon la emoci\u00f3n, la alegr\u00eda, el buen humor, el respeto y el amor\u00bb<\/p>\n\n\n\n<p>Disfrutad de un rato de creatividad y buen humor, donde los peques podr\u00e1n desconectar de las pantallas y para crear sus propias figuras: serpientes, tortugas, b\u00fahos, gambas, ballenas\u2026 y tambi\u00e9n estrellas, corazones, aviones, peonzas o spinners, brujas, flores\u2026 \u00a1Todo lo que se les ocurra!<\/p>\n\n\n\n<blockquote class=\"wp-block-quote is-layout-flow wp-block-quote-is-layout-flow\">\n<p><strong>\u00abCuando las manos est\u00e1n ocupadas, el coraz\u00f3n est\u00e1 en paz\u00bb<\/strong><\/p>\n<cite>Akira Yoshizawa<\/cite><\/blockquote>\n\n\n\n<p>\u00bfHas probado ya el resultado de regalar experiencias en lugar de cosas materiales a los ni\u00f1os?<\/p>","protected":false},"excerpt":{"rendered":"<p><span style=\"font-weight: 400\">\u00a1Despertad la chispa de la creatividad en vuestros hijos con nuestro emocionante Taller de Papiroflexia! El origami va m\u00e1s all\u00e1 del papel, es una aventura que estimula la concentraci\u00f3n, destreza y creatividad. Regaladles un d\u00eda lleno de alegr\u00eda y aprendizaje con la gu\u00eda de Silvia Maestro. Conectar\u00e1n con sus emociones y valores mientras crean figuras \u00fanicas como serpientes, estrellas y corazones. Se requiere un m\u00ednimo de 5 personas para hacer la actividad.<\/span><\/p>\n<p><span style=\"font-weight: 400\"> \u00a1Dejemos atr\u00e1s las pantallas y comprad ahora para crear recuerdos inolvidables junto a vuestros hijos!<\/span><\/p>","protected":false},"featured_media":8468,"comment_status":"open","ping_status":"closed","template":"","meta":{"id_video":[],"enlace_video":[],"enlace_captura":[],"invitacion_anexada":[],"pedido_anexado":[]},"product_brand":[],"product_cat":[48],"product_tag":[],"class_list":{"0":"post-25","1":"product","2":"type-product","3":"status-publish","4":"has-post-thumbnail","6":"product_cat-creativo","8":"first","9":"instock","10":"sold-individually","11":"shipping-taxable","12":"purchasable","13":"product-type-simple"},"exclude_global_add_ons":[],"addons":[],"yoast_head":"<!-- This site is optimized with the Yoast SEO plugin v27.3 - https:\/\/yoast.com\/product\/yoast-seo-wordpress\/ -->\n<title>Taller de Papiroflexia para ni\u00f1os - Regalexia<\/title>\n<meta name=\"description\" content=\"El Taller de Papiroflexia para ni\u00f1os y la magia del origami en Barcelona.\ud83c\udf81Estimula la creatividad y las emociones de tus peque\u00f1os y conecta con ellos mientras crean figuras asombrosas y \u00fanicas. \ud83d\udc49\ufe0f \u00bfC\u00f3mo lo hacemos? Acompa\u00f1anos\" \/>\n<meta name=\"robots\" content=\"index, follow, max-snippet:-1, max-image-preview:large, max-video-preview:-1\" \/>\n<link rel=\"canonical\" href=\"https:\/\/regalexia.com\/ca\/experiencias\/taller-de-papiroflexia-para-ninos\/\" \/>\n<meta property=\"og:locale\" content=\"ca_ES\" \/>\n<meta property=\"og:type\" content=\"article\" \/>\n<meta property=\"og:title\" content=\"Taller de Papiroflexia para ni\u00f1os - Regalexia\" \/>\n<meta property=\"og:description\" content=\"El Taller de Papiroflexia para ni\u00f1os y la magia del origami en Barcelona.\ud83c\udf81Estimula la creatividad y las emociones de tus peque\u00f1os y conecta con ellos mientras crean figuras asombrosas y \u00fanicas. \ud83d\udc49\ufe0f \u00bfC\u00f3mo lo hacemos? Acompa\u00f1anos\" \/>\n<meta property=\"og:url\" content=\"https:\/\/regalexia.com\/ca\/experiencias\/taller-de-papiroflexia-para-ninos\/\" \/>\n<meta property=\"og:site_name\" content=\"Regalexia\" \/>\n<meta property=\"article:publisher\" content=\"https:\/\/www.facebook.com\/regalexia\" \/>\n<meta property=\"article:modified_time\" content=\"2025-11-03T10:37:46+00:00\" \/>\n<meta property=\"og:image\" content=\"https:\/\/regalexia.com\/wp-content\/uploads\/2023\/01\/taller-de-papiroflexia-para-ninos-b.webp\" \/>\n\t<meta property=\"og:image:width\" content=\"1024\" \/>\n\t<meta property=\"og:image:height\" content=\"768\" \/>\n\t<meta property=\"og:image:type\" content=\"image\/webp\" \/>\n<meta name=\"twitter:card\" content=\"summary_large_image\" \/>\n<meta name=\"twitter:label1\" content=\"Temps estimat de lectura\" \/>\n\t<meta name=\"twitter:data1\" content=\"2 minuts\" \/>\n<script type=\"application\/ld+json\" class=\"yoast-schema-graph\">{\"@context\":\"https:\\\/\\\/schema.org\",\"@graph\":[{\"@type\":\"WebPage\",\"@id\":\"https:\\\/\\\/regalexia.com\\\/experiencias\\\/taller-de-papiroflexia-para-ninos\\\/\",\"url\":\"https:\\\/\\\/regalexia.com\\\/experiencias\\\/taller-de-papiroflexia-para-ninos\\\/\",\"name\":\"Taller de Papiroflexia para ni\u00f1os - Regalexia\",\"isPartOf\":{\"@id\":\"https:\\\/\\\/regalexia.com\\\/#website\"},\"primaryImageOfPage\":{\"@id\":\"https:\\\/\\\/regalexia.com\\\/experiencias\\\/taller-de-papiroflexia-para-ninos\\\/#primaryimage\"},\"image\":{\"@id\":\"https:\\\/\\\/regalexia.com\\\/experiencias\\\/taller-de-papiroflexia-para-ninos\\\/#primaryimage\"},\"thumbnailUrl\":\"https:\\\/\\\/regalexia.com\\\/wp-content\\\/uploads\\\/2023\\\/01\\\/taller-de-papiroflexia-para-ninos-b.webp\",\"datePublished\":\"2023-01-18T17:40:20+00:00\",\"dateModified\":\"2025-11-03T10:37:46+00:00\",\"description\":\"El Taller de Papiroflexia para ni\u00f1os y la magia del origami en Barcelona.\ud83c\udf81Estimula la creatividad y las emociones de tus peque\u00f1os y conecta con ellos mientras crean figuras asombrosas y \u00fanicas. \ud83d\udc49\ufe0f \u00bfC\u00f3mo lo hacemos? Acompa\u00f1anos\",\"breadcrumb\":{\"@id\":\"https:\\\/\\\/regalexia.com\\\/experiencias\\\/taller-de-papiroflexia-para-ninos\\\/#breadcrumb\"},\"inLanguage\":\"ca\",\"potentialAction\":[{\"@type\":\"ReadAction\",\"target\":[\"https:\\\/\\\/regalexia.com\\\/experiencias\\\/taller-de-papiroflexia-para-ninos\\\/\"]}]},{\"@type\":\"ImageObject\",\"inLanguage\":\"ca\",\"@id\":\"https:\\\/\\\/regalexia.com\\\/experiencias\\\/taller-de-papiroflexia-para-ninos\\\/#primaryimage\",\"url\":\"https:\\\/\\\/regalexia.com\\\/wp-content\\\/uploads\\\/2023\\\/01\\\/taller-de-papiroflexia-para-ninos-b.webp\",\"contentUrl\":\"https:\\\/\\\/regalexia.com\\\/wp-content\\\/uploads\\\/2023\\\/01\\\/taller-de-papiroflexia-para-ninos-b.webp\",\"width\":1024,\"height\":768,\"caption\":\"Imagen de esta flor de origami no es solo una simple figura de papel. Es un s\u00edmbolo de la creatividad sin l\u00edmites de los ni\u00f1os, de su capacidad para transformar lo simple en algo extraordinario. Correspondiente a la categor\u00eda de creativo en experiencias para regalar a ni\u00f1os en Barcelona - Regalexia\"},{\"@type\":\"BreadcrumbList\",\"@id\":\"https:\\\/\\\/regalexia.com\\\/experiencias\\\/taller-de-papiroflexia-para-ninos\\\/#breadcrumb\",\"itemListElement\":[{\"@type\":\"ListItem\",\"position\":1,\"name\":\"Inicio\",\"item\":\"https:\\\/\\\/regalexia.com\\\/\"},{\"@type\":\"ListItem\",\"position\":2,\"name\":\"Experiencias\",\"item\":\"https:\\\/\\\/regalexia.com\\\/experiencias\\\/\"},{\"@type\":\"ListItem\",\"position\":3,\"name\":\"Taller de Papiroflexia para ni\u00f1os\"}]},{\"@type\":\"WebSite\",\"@id\":\"https:\\\/\\\/regalexia.com\\\/#website\",\"url\":\"https:\\\/\\\/regalexia.com\\\/\",\"name\":\"Regalexia\",\"description\":\"\",\"publisher\":{\"@id\":\"https:\\\/\\\/regalexia.com\\\/#organization\"},\"potentialAction\":[{\"@type\":\"SearchAction\",\"target\":{\"@type\":\"EntryPoint\",\"urlTemplate\":\"https:\\\/\\\/regalexia.com\\\/?s={search_term_string}\"},\"query-input\":{\"@type\":\"PropertyValueSpecification\",\"valueRequired\":true,\"valueName\":\"search_term_string\"}}],\"inLanguage\":\"ca\"},{\"@type\":\"Organization\",\"@id\":\"https:\\\/\\\/regalexia.com\\\/#organization\",\"name\":\"Regalexia\",\"url\":\"https:\\\/\\\/regalexia.com\\\/\",\"logo\":{\"@type\":\"ImageObject\",\"inLanguage\":\"ca\",\"@id\":\"https:\\\/\\\/regalexia.com\\\/#\\\/schema\\\/logo\\\/image\\\/\",\"url\":\"https:\\\/\\\/regalexia.com\\\/wp-content\\\/uploads\\\/2024\\\/05\\\/logo_webp.webp\",\"contentUrl\":\"https:\\\/\\\/regalexia.com\\\/wp-content\\\/uploads\\\/2024\\\/05\\\/logo_webp.webp\",\"width\":338,\"height\":90,\"caption\":\"Regalexia\"},\"image\":{\"@id\":\"https:\\\/\\\/regalexia.com\\\/#\\\/schema\\\/logo\\\/image\\\/\"},\"sameAs\":[\"https:\\\/\\\/www.facebook.com\\\/regalexia\",\"https:\\\/\\\/www.instagram.com\\\/regalexia\\\/\",\"https:\\\/\\\/www.youtube.com\\\/@RegalexiaRegalaIlusiones\"]}]}<\/script>\n<!-- \/ Yoast SEO plugin. -->","yoast_head_json":{"title":"Taller de Papiroflexia para ni\u00f1os - Regalexia","description":"El Taller de Papiroflexia para ni\u00f1os y la magia del origami en Barcelona.\ud83c\udf81Estimula la creatividad y las emociones de tus peque\u00f1os y conecta con ellos mientras crean figuras asombrosas y \u00fanicas. \ud83d\udc49\ufe0f \u00bfC\u00f3mo lo hacemos? Acompa\u00f1anos","robots":{"index":"index","follow":"follow","max-snippet":"max-snippet:-1","max-image-preview":"max-image-preview:large","max-video-preview":"max-video-preview:-1"},"canonical":"https:\/\/regalexia.com\/ca\/experiencias\/taller-de-papiroflexia-para-ninos\/","og_locale":"ca_ES","og_type":"article","og_title":"Taller de Papiroflexia para ni\u00f1os - Regalexia","og_description":"El Taller de Papiroflexia para ni\u00f1os y la magia del origami en Barcelona.\ud83c\udf81Estimula la creatividad y las emociones de tus peque\u00f1os y conecta con ellos mientras crean figuras asombrosas y \u00fanicas. \ud83d\udc49\ufe0f \u00bfC\u00f3mo lo hacemos? Acompa\u00f1anos","og_url":"https:\/\/regalexia.com\/ca\/experiencias\/taller-de-papiroflexia-para-ninos\/","og_site_name":"Regalexia","article_publisher":"https:\/\/www.facebook.com\/regalexia","article_modified_time":"2025-11-03T10:37:46+00:00","og_image":[{"width":1024,"height":768,"url":"https:\/\/regalexia.com\/wp-content\/uploads\/2023\/01\/taller-de-papiroflexia-para-ninos-b.webp","type":"image\/webp"}],"twitter_card":"summary_large_image","twitter_misc":{"Temps estimat de lectura":"2 minuts"},"schema":{"@context":"https:\/\/schema.org","@graph":[{"@type":"WebPage","@id":"https:\/\/regalexia.com\/experiencias\/taller-de-papiroflexia-para-ninos\/","url":"https:\/\/regalexia.com\/experiencias\/taller-de-papiroflexia-para-ninos\/","name":"Taller de Papiroflexia para ni\u00f1os - Regalexia","isPartOf":{"@id":"https:\/\/regalexia.com\/#website"},"primaryImageOfPage":{"@id":"https:\/\/regalexia.com\/experiencias\/taller-de-papiroflexia-para-ninos\/#primaryimage"},"image":{"@id":"https:\/\/regalexia.com\/experiencias\/taller-de-papiroflexia-para-ninos\/#primaryimage"},"thumbnailUrl":"https:\/\/regalexia.com\/wp-content\/uploads\/2023\/01\/taller-de-papiroflexia-para-ninos-b.webp","datePublished":"2023-01-18T17:40:20+00:00","dateModified":"2025-11-03T10:37:46+00:00","description":"El Taller de Papiroflexia para ni\u00f1os y la magia del origami en Barcelona.\ud83c\udf81Estimula la creatividad y las emociones de tus peque\u00f1os y conecta con ellos mientras crean figuras asombrosas y \u00fanicas. \ud83d\udc49\ufe0f \u00bfC\u00f3mo lo hacemos? Acompa\u00f1anos","breadcrumb":{"@id":"https:\/\/regalexia.com\/experiencias\/taller-de-papiroflexia-para-ninos\/#breadcrumb"},"inLanguage":"ca","potentialAction":[{"@type":"ReadAction","target":["https:\/\/regalexia.com\/experiencias\/taller-de-papiroflexia-para-ninos\/"]}]},{"@type":"ImageObject","inLanguage":"ca","@id":"https:\/\/regalexia.com\/experiencias\/taller-de-papiroflexia-para-ninos\/#primaryimage","url":"https:\/\/regalexia.com\/wp-content\/uploads\/2023\/01\/taller-de-papiroflexia-para-ninos-b.webp","contentUrl":"https:\/\/regalexia.com\/wp-content\/uploads\/2023\/01\/taller-de-papiroflexia-para-ninos-b.webp","width":1024,"height":768,"caption":"Imagen de esta flor de origami no es solo una simple figura de papel. Es un s\u00edmbolo de la creatividad sin l\u00edmites de los ni\u00f1os, de su capacidad para transformar lo simple en algo extraordinario. Correspondiente a la categor\u00eda de creativo en experiencias para regalar a ni\u00f1os en Barcelona - Regalexia"},{"@type":"BreadcrumbList","@id":"https:\/\/regalexia.com\/experiencias\/taller-de-papiroflexia-para-ninos\/#breadcrumb","itemListElement":[{"@type":"ListItem","position":1,"name":"Inicio","item":"https:\/\/regalexia.com\/"},{"@type":"ListItem","position":2,"name":"Experiencias","item":"https:\/\/regalexia.com\/experiencias\/"},{"@type":"ListItem","position":3,"name":"Taller de Papiroflexia para ni\u00f1os"}]},{"@type":"WebSite","@id":"https:\/\/regalexia.com\/#website","url":"https:\/\/regalexia.com\/","name":"Regalexia","description":"","publisher":{"@id":"https:\/\/regalexia.com\/#organization"},"potentialAction":[{"@type":"SearchAction","target":{"@type":"EntryPoint","urlTemplate":"https:\/\/regalexia.com\/?s={search_term_string}"},"query-input":{"@type":"PropertyValueSpecification","valueRequired":true,"valueName":"search_term_string"}}],"inLanguage":"ca"},{"@type":"Organization","@id":"https:\/\/regalexia.com\/#organization","name":"Regalexia","url":"https:\/\/regalexia.com\/","logo":{"@type":"ImageObject","inLanguage":"ca","@id":"https:\/\/regalexia.com\/#\/schema\/logo\/image\/","url":"https:\/\/regalexia.com\/wp-content\/uploads\/2024\/05\/logo_webp.webp","contentUrl":"https:\/\/regalexia.com\/wp-content\/uploads\/2024\/05\/logo_webp.webp","width":338,"height":90,"caption":"Regalexia"},"image":{"@id":"https:\/\/regalexia.com\/#\/schema\/logo\/image\/"},"sameAs":["https:\/\/www.facebook.com\/regalexia","https:\/\/www.instagram.com\/regalexia\/","https:\/\/www.youtube.com\/@RegalexiaRegalaIlusiones"]}]}},"_links":{"self":[{"href":"https:\/\/regalexia.com\/ca\/wp-json\/wp\/v2\/product\/25","targetHints":{"allow":["GET"]}}],"collection":[{"href":"https:\/\/regalexia.com\/ca\/wp-json\/wp\/v2\/product"}],"about":[{"href":"https:\/\/regalexia.com\/ca\/wp-json\/wp\/v2\/types\/product"}],"replies":[{"embeddable":true,"href":"https:\/\/regalexia.com\/ca\/wp-json\/wp\/v2\/comments?post=25"}],"wp:featuredmedia":[{"embeddable":true,"href":"https:\/\/regalexia.com\/ca\/wp-json\/wp\/v2\/media\/8468"}],"wp:attachment":[{"href":"https:\/\/regalexia.com\/ca\/wp-json\/wp\/v2\/media?parent=25"}],"wp:term":[{"taxonomy":"product_brand","embeddable":true,"href":"https:\/\/regalexia.com\/ca\/wp-json\/wp\/v2\/product_brand?post=25"},{"taxonomy":"product_cat","embeddable":true,"href":"https:\/\/regalexia.com\/ca\/wp-json\/wp\/v2\/product_cat?post=25"},{"taxonomy":"product_tag","embeddable":true,"href":"https:\/\/regalexia.com\/ca\/wp-json\/wp\/v2\/product_tag?post=25"}],"curies":[{"name":"wp","href":"https:\/\/api.w.org\/{rel}","templated":true}]}}