 {"id":2582,"date":"2023-04-23T01:26:59","date_gmt":"2023-04-22T23:26:59","guid":{"rendered":"https:\/\/regalexia.com\/experiencias\/circuito-aeroforestal\/"},"modified":"2025-06-26T19:09:06","modified_gmt":"2025-06-26T17:09:06","slug":"circuito-aeroforestal","status":"publish","type":"product","link":"https:\/\/regalexia.com\/ca\/experiencias\/circuito-aeroforestal\/","title":{"rendered":"Circuito aeroforestal"},"content":{"rendered":"<h2 class=\"wp-block-heading\">\u00bfEst\u00e1s buscando una aventura emocionante para disfrutar en familia?<\/h2>\n\n\n\n<p>Con una variedad de actividades y sorpresas, t\u00fa y tu familia viven una experiencia inolvidable. Disfruten  de un paseo al aire libre mientras descubren toda la diversi\u00f3n que les espera.<\/p>\n\n\n\n<p>En el Parc d\u2019Aventura Anigami:<\/p>\n\n\n\n<ul class=\"wp-block-list\">\n<li>Tendr\u00e1n contacto con la naturaleza.<\/li>\n\n\n\n<li>Fortalecer\u00e1n los v\u00ednculos familiares.<\/li>\n\n\n\n<li>Favorece un desarrollo sano y feliz.<\/li>\n<\/ul>\n\n\n\n<p>Es una excelente manera de disfrutar un d\u00eda genial en plena naturaleza con tus seres queridos mientras pasean por el parque.<\/p>\n\n\n\n<blockquote class=\"wp-block-quote is-layout-flow wp-block-quote-is-layout-flow\">\n<p><strong>\u00abVivimos en un mundo maravilloso que est\u00e1 lleno de belleza, encanto y aventura. No hay fin a las aventuras que podemos tener, si s\u00f3lo las buscamos con los ojos abiertos\u00bb<\/strong><\/p>\n<cite>Jawaharlal Nehru<\/cite><\/blockquote>\n\n\n\n<p>\u00a1Un espacio pensado para disfrutar y para crecer aprendiendo!<\/p>\n\n\n\n<p><\/p>","protected":false},"excerpt":{"rendered":"<p><span style=\"font-weight: 400;\">\u00a1Vive la aventura en las copas de los \u00e1rboles! Nuestro circuito aeroforestal en Parc d&#8217;Aventura Anigami os sumerge en la emoci\u00f3n de los puentes a\u00e9reos en un entorno natural \u00fanico. Cread recuerdos inolvidables con vuestros hijos mientras desaf\u00edan sus habilidades y se divierten al aire libre. \u00a1Hacedles sonre\u00edr hoy! Reservad esta experiencia en L&#8217;Esquirol y regalad felicidad. \u00a1No esper\u00e9is m\u00e1s para esta emocionante aventura! \u00a1Reservad ya!<\/span><\/p>","protected":false},"featured_media":8323,"comment_status":"open","ping_status":"closed","template":"","meta":{"id_video":[],"enlace_video":[],"enlace_captura":[],"invitacion_anexada":[],"pedido_anexado":[]},"product_brand":[],"product_cat":[45],"product_tag":[],"class_list":{"0":"post-2582","1":"product","2":"type-product","3":"status-publish","4":"has-post-thumbnail","6":"product_cat-explorador","8":"first","9":"instock","10":"shipping-taxable","11":"purchasable","12":"product-type-simple"},"exclude_global_add_ons":[],"addons":[],"yoast_head":"<!-- This site is optimized with the Yoast SEO plugin v27.3 - https:\/\/yoast.com\/product\/yoast-seo-wordpress\/ -->\n<title>Circuito aeroforestal - Regalexia<\/title>\n<meta name=\"robots\" content=\"index, follow, max-snippet:-1, max-image-preview:large, max-video-preview:-1\" \/>\n<link rel=\"canonical\" href=\"https:\/\/regalexia.com\/ca\/experiencias\/circuito-aeroforestal\/\" \/>\n<meta property=\"og:locale\" content=\"ca_ES\" \/>\n<meta property=\"og:type\" content=\"article\" \/>\n<meta property=\"og:title\" content=\"Circuito aeroforestal - Regalexia\" \/>\n<meta property=\"og:description\" content=\"\u00a1Vive la aventura en las copas de los \u00e1rboles! Nuestro circuito aeroforestal en Parc d&#039;Aventura Anigami os sumerge en la emoci\u00f3n de los puentes a\u00e9reos en un entorno natural \u00fanico. Cread recuerdos inolvidables con vuestros hijos mientras desaf\u00edan sus habilidades y se divierten al aire libre. \u00a1Hacedles sonre\u00edr hoy! Reservad esta experiencia en L&#039;Esquirol y regalad felicidad. \u00a1No esper\u00e9is m\u00e1s para esta emocionante aventura! \u00a1Reservad ya!\" \/>\n<meta property=\"og:url\" content=\"https:\/\/regalexia.com\/ca\/experiencias\/circuito-aeroforestal\/\" \/>\n<meta property=\"og:site_name\" content=\"Regalexia\" \/>\n<meta property=\"article:publisher\" content=\"https:\/\/www.facebook.com\/regalexia\" \/>\n<meta property=\"article:modified_time\" content=\"2025-06-26T17:09:06+00:00\" \/>\n<meta property=\"og:image\" content=\"https:\/\/regalexia.com\/wp-content\/uploads\/2023\/04\/Parc-dAventura-A-1-1.webp\" \/>\n\t<meta property=\"og:image:width\" content=\"1024\" \/>\n\t<meta property=\"og:image:height\" content=\"768\" \/>\n\t<meta property=\"og:image:type\" content=\"image\/webp\" \/>\n<meta name=\"twitter:card\" content=\"summary_large_image\" \/>\n<meta name=\"twitter:label1\" content=\"Temps estimat de lectura\" \/>\n\t<meta name=\"twitter:data1\" content=\"1 minut\" \/>\n<script type=\"application\/ld+json\" class=\"yoast-schema-graph\">{\"@context\":\"https:\\\/\\\/schema.org\",\"@graph\":[{\"@type\":\"WebPage\",\"@id\":\"https:\\\/\\\/regalexia.com\\\/experiencias\\\/circuito-aeroforestal\\\/\",\"url\":\"https:\\\/\\\/regalexia.com\\\/experiencias\\\/circuito-aeroforestal\\\/\",\"name\":\"Circuito aeroforestal - Regalexia\",\"isPartOf\":{\"@id\":\"https:\\\/\\\/regalexia.com\\\/#website\"},\"primaryImageOfPage\":{\"@id\":\"https:\\\/\\\/regalexia.com\\\/experiencias\\\/circuito-aeroforestal\\\/#primaryimage\"},\"image\":{\"@id\":\"https:\\\/\\\/regalexia.com\\\/experiencias\\\/circuito-aeroforestal\\\/#primaryimage\"},\"thumbnailUrl\":\"https:\\\/\\\/regalexia.com\\\/wp-content\\\/uploads\\\/2023\\\/04\\\/Parc-dAventura-A-1-1.webp\",\"datePublished\":\"2023-04-22T23:26:59+00:00\",\"dateModified\":\"2025-06-26T17:09:06+00:00\",\"breadcrumb\":{\"@id\":\"https:\\\/\\\/regalexia.com\\\/experiencias\\\/circuito-aeroforestal\\\/#breadcrumb\"},\"inLanguage\":\"ca\",\"potentialAction\":[{\"@type\":\"ReadAction\",\"target\":[\"https:\\\/\\\/regalexia.com\\\/experiencias\\\/circuito-aeroforestal\\\/\"]}]},{\"@type\":\"ImageObject\",\"inLanguage\":\"ca\",\"@id\":\"https:\\\/\\\/regalexia.com\\\/experiencias\\\/circuito-aeroforestal\\\/#primaryimage\",\"url\":\"https:\\\/\\\/regalexia.com\\\/wp-content\\\/uploads\\\/2023\\\/04\\\/Parc-dAventura-A-1-1.webp\",\"contentUrl\":\"https:\\\/\\\/regalexia.com\\\/wp-content\\\/uploads\\\/2023\\\/04\\\/Parc-dAventura-A-1-1.webp\",\"width\":1024,\"height\":768,\"caption\":\"Imagen de tres ni\u00f1os sonr\u00eden mientras se aventuran en nuestro circuito aeroforestal, navegando sobre un puente a\u00e9reo en un entorno natural incre\u00edble. Sus risas resuenan con emoci\u00f3n y asombro mientras desaf\u00edan sus l\u00edmites y crean recuerdos inolvidables en familia en el Parc d'Aventura Anigami en L'Esquirol. Correspondiente a la categor\u00eda de explorador y experiencias originales para ni\u00f1os en Barcelona - Regalexia.\"},{\"@type\":\"BreadcrumbList\",\"@id\":\"https:\\\/\\\/regalexia.com\\\/experiencias\\\/circuito-aeroforestal\\\/#breadcrumb\",\"itemListElement\":[{\"@type\":\"ListItem\",\"position\":1,\"name\":\"Inicio\",\"item\":\"https:\\\/\\\/regalexia.com\\\/\"},{\"@type\":\"ListItem\",\"position\":2,\"name\":\"Experiencias\",\"item\":\"https:\\\/\\\/regalexia.com\\\/experiencias\\\/\"},{\"@type\":\"ListItem\",\"position\":3,\"name\":\"Circuito aeroforestal\"}]},{\"@type\":\"WebSite\",\"@id\":\"https:\\\/\\\/regalexia.com\\\/#website\",\"url\":\"https:\\\/\\\/regalexia.com\\\/\",\"name\":\"Regalexia\",\"description\":\"\",\"publisher\":{\"@id\":\"https:\\\/\\\/regalexia.com\\\/#organization\"},\"potentialAction\":[{\"@type\":\"SearchAction\",\"target\":{\"@type\":\"EntryPoint\",\"urlTemplate\":\"https:\\\/\\\/regalexia.com\\\/?s={search_term_string}\"},\"query-input\":{\"@type\":\"PropertyValueSpecification\",\"valueRequired\":true,\"valueName\":\"search_term_string\"}}],\"inLanguage\":\"ca\"},{\"@type\":\"Organization\",\"@id\":\"https:\\\/\\\/regalexia.com\\\/#organization\",\"name\":\"Regalexia\",\"url\":\"https:\\\/\\\/regalexia.com\\\/\",\"logo\":{\"@type\":\"ImageObject\",\"inLanguage\":\"ca\",\"@id\":\"https:\\\/\\\/regalexia.com\\\/#\\\/schema\\\/logo\\\/image\\\/\",\"url\":\"https:\\\/\\\/regalexia.com\\\/wp-content\\\/uploads\\\/2024\\\/05\\\/logo_webp.webp\",\"contentUrl\":\"https:\\\/\\\/regalexia.com\\\/wp-content\\\/uploads\\\/2024\\\/05\\\/logo_webp.webp\",\"width\":338,\"height\":90,\"caption\":\"Regalexia\"},\"image\":{\"@id\":\"https:\\\/\\\/regalexia.com\\\/#\\\/schema\\\/logo\\\/image\\\/\"},\"sameAs\":[\"https:\\\/\\\/www.facebook.com\\\/regalexia\",\"https:\\\/\\\/www.instagram.com\\\/regalexia\\\/\",\"https:\\\/\\\/www.youtube.com\\\/@RegalexiaRegalaIlusiones\"]}]}<\/script>\n<!-- \/ Yoast SEO plugin. -->","yoast_head_json":{"title":"Circuito aeroforestal - Regalexia","robots":{"index":"index","follow":"follow","max-snippet":"max-snippet:-1","max-image-preview":"max-image-preview:large","max-video-preview":"max-video-preview:-1"},"canonical":"https:\/\/regalexia.com\/ca\/experiencias\/circuito-aeroforestal\/","og_locale":"ca_ES","og_type":"article","og_title":"Circuito aeroforestal - Regalexia","og_description":"\u00a1Vive la aventura en las copas de los \u00e1rboles! Nuestro circuito aeroforestal en Parc d'Aventura Anigami os sumerge en la emoci\u00f3n de los puentes a\u00e9reos en un entorno natural \u00fanico. Cread recuerdos inolvidables con vuestros hijos mientras desaf\u00edan sus habilidades y se divierten al aire libre. \u00a1Hacedles sonre\u00edr hoy! Reservad esta experiencia en L'Esquirol y regalad felicidad. \u00a1No esper\u00e9is m\u00e1s para esta emocionante aventura! \u00a1Reservad ya!","og_url":"https:\/\/regalexia.com\/ca\/experiencias\/circuito-aeroforestal\/","og_site_name":"Regalexia","article_publisher":"https:\/\/www.facebook.com\/regalexia","article_modified_time":"2025-06-26T17:09:06+00:00","og_image":[{"width":1024,"height":768,"url":"https:\/\/regalexia.com\/wp-content\/uploads\/2023\/04\/Parc-dAventura-A-1-1.webp","type":"image\/webp"}],"twitter_card":"summary_large_image","twitter_misc":{"Temps estimat de lectura":"1 minut"},"schema":{"@context":"https:\/\/schema.org","@graph":[{"@type":"WebPage","@id":"https:\/\/regalexia.com\/experiencias\/circuito-aeroforestal\/","url":"https:\/\/regalexia.com\/experiencias\/circuito-aeroforestal\/","name":"Circuito aeroforestal - Regalexia","isPartOf":{"@id":"https:\/\/regalexia.com\/#website"},"primaryImageOfPage":{"@id":"https:\/\/regalexia.com\/experiencias\/circuito-aeroforestal\/#primaryimage"},"image":{"@id":"https:\/\/regalexia.com\/experiencias\/circuito-aeroforestal\/#primaryimage"},"thumbnailUrl":"https:\/\/regalexia.com\/wp-content\/uploads\/2023\/04\/Parc-dAventura-A-1-1.webp","datePublished":"2023-04-22T23:26:59+00:00","dateModified":"2025-06-26T17:09:06+00:00","breadcrumb":{"@id":"https:\/\/regalexia.com\/experiencias\/circuito-aeroforestal\/#breadcrumb"},"inLanguage":"ca","potentialAction":[{"@type":"ReadAction","target":["https:\/\/regalexia.com\/experiencias\/circuito-aeroforestal\/"]}]},{"@type":"ImageObject","inLanguage":"ca","@id":"https:\/\/regalexia.com\/experiencias\/circuito-aeroforestal\/#primaryimage","url":"https:\/\/regalexia.com\/wp-content\/uploads\/2023\/04\/Parc-dAventura-A-1-1.webp","contentUrl":"https:\/\/regalexia.com\/wp-content\/uploads\/2023\/04\/Parc-dAventura-A-1-1.webp","width":1024,"height":768,"caption":"Imagen de tres ni\u00f1os sonr\u00eden mientras se aventuran en nuestro circuito aeroforestal, navegando sobre un puente a\u00e9reo en un entorno natural incre\u00edble. Sus risas resuenan con emoci\u00f3n y asombro mientras desaf\u00edan sus l\u00edmites y crean recuerdos inolvidables en familia en el Parc d'Aventura Anigami en L'Esquirol. Correspondiente a la categor\u00eda de explorador y experiencias originales para ni\u00f1os en Barcelona - Regalexia."},{"@type":"BreadcrumbList","@id":"https:\/\/regalexia.com\/experiencias\/circuito-aeroforestal\/#breadcrumb","itemListElement":[{"@type":"ListItem","position":1,"name":"Inicio","item":"https:\/\/regalexia.com\/"},{"@type":"ListItem","position":2,"name":"Experiencias","item":"https:\/\/regalexia.com\/experiencias\/"},{"@type":"ListItem","position":3,"name":"Circuito aeroforestal"}]},{"@type":"WebSite","@id":"https:\/\/regalexia.com\/#website","url":"https:\/\/regalexia.com\/","name":"Regalexia","description":"","publisher":{"@id":"https:\/\/regalexia.com\/#organization"},"potentialAction":[{"@type":"SearchAction","target":{"@type":"EntryPoint","urlTemplate":"https:\/\/regalexia.com\/?s={search_term_string}"},"query-input":{"@type":"PropertyValueSpecification","valueRequired":true,"valueName":"search_term_string"}}],"inLanguage":"ca"},{"@type":"Organization","@id":"https:\/\/regalexia.com\/#organization","name":"Regalexia","url":"https:\/\/regalexia.com\/","logo":{"@type":"ImageObject","inLanguage":"ca","@id":"https:\/\/regalexia.com\/#\/schema\/logo\/image\/","url":"https:\/\/regalexia.com\/wp-content\/uploads\/2024\/05\/logo_webp.webp","contentUrl":"https:\/\/regalexia.com\/wp-content\/uploads\/2024\/05\/logo_webp.webp","width":338,"height":90,"caption":"Regalexia"},"image":{"@id":"https:\/\/regalexia.com\/#\/schema\/logo\/image\/"},"sameAs":["https:\/\/www.facebook.com\/regalexia","https:\/\/www.instagram.com\/regalexia\/","https:\/\/www.youtube.com\/@RegalexiaRegalaIlusiones"]}]}},"_links":{"self":[{"href":"https:\/\/regalexia.com\/ca\/wp-json\/wp\/v2\/product\/2582","targetHints":{"allow":["GET"]}}],"collection":[{"href":"https:\/\/regalexia.com\/ca\/wp-json\/wp\/v2\/product"}],"about":[{"href":"https:\/\/regalexia.com\/ca\/wp-json\/wp\/v2\/types\/product"}],"replies":[{"embeddable":true,"href":"https:\/\/regalexia.com\/ca\/wp-json\/wp\/v2\/comments?post=2582"}],"wp:featuredmedia":[{"embeddable":true,"href":"https:\/\/regalexia.com\/ca\/wp-json\/wp\/v2\/media\/8323"}],"wp:attachment":[{"href":"https:\/\/regalexia.com\/ca\/wp-json\/wp\/v2\/media?parent=2582"}],"wp:term":[{"taxonomy":"product_brand","embeddable":true,"href":"https:\/\/regalexia.com\/ca\/wp-json\/wp\/v2\/product_brand?post=2582"},{"taxonomy":"product_cat","embeddable":true,"href":"https:\/\/regalexia.com\/ca\/wp-json\/wp\/v2\/product_cat?post=2582"},{"taxonomy":"product_tag","embeddable":true,"href":"https:\/\/regalexia.com\/ca\/wp-json\/wp\/v2\/product_tag?post=2582"}],"curies":[{"name":"wp","href":"https:\/\/api.w.org\/{rel}","templated":true}]}}