 {"id":2611,"date":"2023-04-23T12:55:12","date_gmt":"2023-04-23T10:55:12","guid":{"rendered":"https:\/\/regalexia.com\/experiencias\/avistamiento-de-cetaceos\/"},"modified":"2024-07-09T21:01:26","modified_gmt":"2024-07-09T19:01:26","slug":"avistamiento-de-cetaceos","status":"publish","type":"product","link":"https:\/\/regalexia.com\/ca\/experiencias\/avistamiento-de-cetaceos\/","title":{"rendered":"Avistamiento de Cet\u00e1ceos"},"content":{"rendered":"<h2 class=\"wp-block-heading\">\u00a1Descubre el mar a bordo de un aut\u00e9ntico velero tradicional y vive una experiencia \u00fanica!<\/h2>\n\n\n\n<p>Esta ruta se adentra en el h\u00e1bitat marino con el objetivo de observar de manera responsable la fauna que en \u00e9l habita. Las sorprendentes ballenas son habituales en estas aguas durante los meses de Febrero a Junio.<\/p>\n\n\n\n<p>Estos son algunos aspectos que debes saber antes de navegar con nosotros:&nbsp;<\/p>\n\n\n\n<ul class=\"wp-block-list\">\n<li>El velero R\u00eda de Ferrol es un barco \u00fanico de madera del a\u00f1o 1949, es como navegar en el pasado.<\/li>\n\n\n\n<li>Disfrutas de la espaciosa cubierta de madera para que te sientas a gusto en todo momento<\/li>\n\n\n\n<li>Nuestra prioridad es respetar y proteger el medio marino al que nos adentramos, y a la vez aprender de este fascinante h\u00e1bitat&nbsp;<\/li>\n\n\n\n<li>Te incluimos un zumo refrescante a base de manzana y jengibre para que tu est\u00f3mago est\u00e9 en perfectas condiciones durante toda la traves\u00eda<\/li>\n<\/ul>\n\n\n\n<p>Contamos con el privilegio a bordo de una bi\u00f3loga marina que nos acompa\u00f1a a lo largo de la traves\u00eda para ayudarnos a realizar de forma correcta los avistamientos y a saber identificar las especies que podamos encontrar en el camino.<\/p>\n\n\n\n<blockquote class=\"wp-block-quote is-layout-flow wp-block-quote-is-layout-flow\">\n<p><strong>\u00abSi hay magia en este planeta, est\u00e1 contenida en el agua\u00bb<\/strong><\/p>\n<cite>Loran Esiley<\/cite><\/blockquote>\n\n\n\n<p>Esperamos que cada vez seamos m\u00e1s los que defendamos la preservaci\u00f3n de este valioso h\u00e1bitat. \u00a1Te vemos a bordo!<\/p>","protected":false},"excerpt":{"rendered":"<p>\u00a1Descubre el mar a bordo de un aut\u00e9ntico velero tradicional y vive una experiencia \u00fanica respetando nuestros recursos naturales y la protecci\u00f3n de la biodiversidad marina.<\/p>\n<p>Disfruta de esta gran experiencia en la localidad de Barcelona.<\/p>","protected":false},"featured_media":8354,"comment_status":"open","ping_status":"closed","template":"","meta":{"id_video":[],"enlace_video":[],"enlace_captura":[],"invitacion_anexada":[],"pedido_anexado":[]},"product_brand":[],"product_cat":[45],"product_tag":[],"class_list":{"0":"post-2611","1":"product","2":"type-product","3":"status-publish","4":"has-post-thumbnail","6":"product_cat-explorador","8":"first","9":"outofstock","10":"shipping-taxable","11":"product-type-simple"},"exclude_global_add_ons":[],"addons":[],"yoast_head":"<!-- This site is optimized with the Yoast SEO plugin v27.3 - https:\/\/yoast.com\/product\/yoast-seo-wordpress\/ -->\n<title>Avistamiento de Cet\u00e1ceos - Regalexia<\/title>\n<meta name=\"robots\" content=\"index, follow, max-snippet:-1, max-image-preview:large, max-video-preview:-1\" \/>\n<link rel=\"canonical\" href=\"https:\/\/regalexia.com\/ca\/experiencias\/avistamiento-de-cetaceos\/\" \/>\n<meta property=\"og:locale\" content=\"ca_ES\" \/>\n<meta property=\"og:type\" content=\"article\" \/>\n<meta property=\"og:title\" content=\"Avistamiento de Cet\u00e1ceos - Regalexia\" \/>\n<meta property=\"og:description\" content=\"\u00a1Descubre el mar a bordo de un aut\u00e9ntico velero tradicional y vive una experiencia \u00fanica respetando nuestros recursos naturales y la protecci\u00f3n de la biodiversidad marina. Disfruta de esta gran experiencia en la localidad de Barcelona.\" \/>\n<meta property=\"og:url\" content=\"https:\/\/regalexia.com\/ca\/experiencias\/avistamiento-de-cetaceos\/\" \/>\n<meta property=\"og:site_name\" content=\"Regalexia\" \/>\n<meta property=\"article:publisher\" content=\"https:\/\/www.facebook.com\/regalexia\" \/>\n<meta property=\"article:modified_time\" content=\"2024-07-09T19:01:26+00:00\" \/>\n<meta property=\"og:image\" content=\"https:\/\/regalexia.com\/wp-content\/uploads\/2023\/04\/Avistamiento-de-cetaceos-A.webp\" \/>\n\t<meta property=\"og:image:width\" content=\"1024\" \/>\n\t<meta property=\"og:image:height\" content=\"768\" \/>\n\t<meta property=\"og:image:type\" content=\"image\/webp\" \/>\n<meta name=\"twitter:card\" content=\"summary_large_image\" \/>\n<meta name=\"twitter:label1\" content=\"Temps estimat de lectura\" \/>\n\t<meta name=\"twitter:data1\" content=\"2 minuts\" \/>\n<script type=\"application\/ld+json\" class=\"yoast-schema-graph\">{\"@context\":\"https:\\\/\\\/schema.org\",\"@graph\":[{\"@type\":\"WebPage\",\"@id\":\"https:\\\/\\\/regalexia.com\\\/experiencias\\\/avistamiento-de-cetaceos\\\/\",\"url\":\"https:\\\/\\\/regalexia.com\\\/experiencias\\\/avistamiento-de-cetaceos\\\/\",\"name\":\"Avistamiento de Cet\u00e1ceos - Regalexia\",\"isPartOf\":{\"@id\":\"https:\\\/\\\/regalexia.com\\\/#website\"},\"primaryImageOfPage\":{\"@id\":\"https:\\\/\\\/regalexia.com\\\/experiencias\\\/avistamiento-de-cetaceos\\\/#primaryimage\"},\"image\":{\"@id\":\"https:\\\/\\\/regalexia.com\\\/experiencias\\\/avistamiento-de-cetaceos\\\/#primaryimage\"},\"thumbnailUrl\":\"https:\\\/\\\/regalexia.com\\\/wp-content\\\/uploads\\\/2023\\\/04\\\/Avistamiento-de-cetaceos-A.webp\",\"datePublished\":\"2023-04-23T10:55:12+00:00\",\"dateModified\":\"2024-07-09T19:01:26+00:00\",\"breadcrumb\":{\"@id\":\"https:\\\/\\\/regalexia.com\\\/experiencias\\\/avistamiento-de-cetaceos\\\/#breadcrumb\"},\"inLanguage\":\"ca\",\"potentialAction\":[{\"@type\":\"ReadAction\",\"target\":[\"https:\\\/\\\/regalexia.com\\\/experiencias\\\/avistamiento-de-cetaceos\\\/\"]}]},{\"@type\":\"ImageObject\",\"inLanguage\":\"ca\",\"@id\":\"https:\\\/\\\/regalexia.com\\\/experiencias\\\/avistamiento-de-cetaceos\\\/#primaryimage\",\"url\":\"https:\\\/\\\/regalexia.com\\\/wp-content\\\/uploads\\\/2023\\\/04\\\/Avistamiento-de-cetaceos-A.webp\",\"contentUrl\":\"https:\\\/\\\/regalexia.com\\\/wp-content\\\/uploads\\\/2023\\\/04\\\/Avistamiento-de-cetaceos-A.webp\",\"width\":1024,\"height\":768,\"caption\":\"Imagen de un delf\u00edn majestuoso en su h\u00e1bitat natural, donde la belleza de la biodiversidad marina se despliega ante nuestros ojos con una gracia sin igual. Esta experiencia en Barcelona no solo nos invita a maravillarnos con la grandiosidad del oc\u00e9ano, sino que tambi\u00e9n nos ofrece la oportunidad de sumergirnos en su esencia y conectar profundamente con la naturaleza. Es un momento \u00fanico, lleno de magia y asombro, que se convertir\u00e1 en un tesoro inolvidable para toda la familia. Correspondiente a la categor\u00eda de explorador y experiencias originales para ni\u00f1os en Barcelona - Regalexia.\"},{\"@type\":\"BreadcrumbList\",\"@id\":\"https:\\\/\\\/regalexia.com\\\/experiencias\\\/avistamiento-de-cetaceos\\\/#breadcrumb\",\"itemListElement\":[{\"@type\":\"ListItem\",\"position\":1,\"name\":\"Inicio\",\"item\":\"https:\\\/\\\/regalexia.com\\\/\"},{\"@type\":\"ListItem\",\"position\":2,\"name\":\"Experiencias\",\"item\":\"https:\\\/\\\/regalexia.com\\\/experiencias\\\/\"},{\"@type\":\"ListItem\",\"position\":3,\"name\":\"Avistamiento de Cet\u00e1ceos\"}]},{\"@type\":\"WebSite\",\"@id\":\"https:\\\/\\\/regalexia.com\\\/#website\",\"url\":\"https:\\\/\\\/regalexia.com\\\/\",\"name\":\"Regalexia\",\"description\":\"\",\"publisher\":{\"@id\":\"https:\\\/\\\/regalexia.com\\\/#organization\"},\"potentialAction\":[{\"@type\":\"SearchAction\",\"target\":{\"@type\":\"EntryPoint\",\"urlTemplate\":\"https:\\\/\\\/regalexia.com\\\/?s={search_term_string}\"},\"query-input\":{\"@type\":\"PropertyValueSpecification\",\"valueRequired\":true,\"valueName\":\"search_term_string\"}}],\"inLanguage\":\"ca\"},{\"@type\":\"Organization\",\"@id\":\"https:\\\/\\\/regalexia.com\\\/#organization\",\"name\":\"Regalexia\",\"url\":\"https:\\\/\\\/regalexia.com\\\/\",\"logo\":{\"@type\":\"ImageObject\",\"inLanguage\":\"ca\",\"@id\":\"https:\\\/\\\/regalexia.com\\\/#\\\/schema\\\/logo\\\/image\\\/\",\"url\":\"https:\\\/\\\/regalexia.com\\\/wp-content\\\/uploads\\\/2024\\\/05\\\/logo_webp.webp\",\"contentUrl\":\"https:\\\/\\\/regalexia.com\\\/wp-content\\\/uploads\\\/2024\\\/05\\\/logo_webp.webp\",\"width\":338,\"height\":90,\"caption\":\"Regalexia\"},\"image\":{\"@id\":\"https:\\\/\\\/regalexia.com\\\/#\\\/schema\\\/logo\\\/image\\\/\"},\"sameAs\":[\"https:\\\/\\\/www.facebook.com\\\/regalexia\",\"https:\\\/\\\/www.instagram.com\\\/regalexia\\\/\",\"https:\\\/\\\/www.youtube.com\\\/@RegalexiaRegalaIlusiones\"]}]}<\/script>\n<!-- \/ Yoast SEO plugin. -->","yoast_head_json":{"title":"Avistamiento de Cet\u00e1ceos - Regalexia","robots":{"index":"index","follow":"follow","max-snippet":"max-snippet:-1","max-image-preview":"max-image-preview:large","max-video-preview":"max-video-preview:-1"},"canonical":"https:\/\/regalexia.com\/ca\/experiencias\/avistamiento-de-cetaceos\/","og_locale":"ca_ES","og_type":"article","og_title":"Avistamiento de Cet\u00e1ceos - Regalexia","og_description":"\u00a1Descubre el mar a bordo de un aut\u00e9ntico velero tradicional y vive una experiencia \u00fanica respetando nuestros recursos naturales y la protecci\u00f3n de la biodiversidad marina. Disfruta de esta gran experiencia en la localidad de Barcelona.","og_url":"https:\/\/regalexia.com\/ca\/experiencias\/avistamiento-de-cetaceos\/","og_site_name":"Regalexia","article_publisher":"https:\/\/www.facebook.com\/regalexia","article_modified_time":"2024-07-09T19:01:26+00:00","og_image":[{"width":1024,"height":768,"url":"https:\/\/regalexia.com\/wp-content\/uploads\/2023\/04\/Avistamiento-de-cetaceos-A.webp","type":"image\/webp"}],"twitter_card":"summary_large_image","twitter_misc":{"Temps estimat de lectura":"2 minuts"},"schema":{"@context":"https:\/\/schema.org","@graph":[{"@type":"WebPage","@id":"https:\/\/regalexia.com\/experiencias\/avistamiento-de-cetaceos\/","url":"https:\/\/regalexia.com\/experiencias\/avistamiento-de-cetaceos\/","name":"Avistamiento de Cet\u00e1ceos - Regalexia","isPartOf":{"@id":"https:\/\/regalexia.com\/#website"},"primaryImageOfPage":{"@id":"https:\/\/regalexia.com\/experiencias\/avistamiento-de-cetaceos\/#primaryimage"},"image":{"@id":"https:\/\/regalexia.com\/experiencias\/avistamiento-de-cetaceos\/#primaryimage"},"thumbnailUrl":"https:\/\/regalexia.com\/wp-content\/uploads\/2023\/04\/Avistamiento-de-cetaceos-A.webp","datePublished":"2023-04-23T10:55:12+00:00","dateModified":"2024-07-09T19:01:26+00:00","breadcrumb":{"@id":"https:\/\/regalexia.com\/experiencias\/avistamiento-de-cetaceos\/#breadcrumb"},"inLanguage":"ca","potentialAction":[{"@type":"ReadAction","target":["https:\/\/regalexia.com\/experiencias\/avistamiento-de-cetaceos\/"]}]},{"@type":"ImageObject","inLanguage":"ca","@id":"https:\/\/regalexia.com\/experiencias\/avistamiento-de-cetaceos\/#primaryimage","url":"https:\/\/regalexia.com\/wp-content\/uploads\/2023\/04\/Avistamiento-de-cetaceos-A.webp","contentUrl":"https:\/\/regalexia.com\/wp-content\/uploads\/2023\/04\/Avistamiento-de-cetaceos-A.webp","width":1024,"height":768,"caption":"Imagen de un delf\u00edn majestuoso en su h\u00e1bitat natural, donde la belleza de la biodiversidad marina se despliega ante nuestros ojos con una gracia sin igual. Esta experiencia en Barcelona no solo nos invita a maravillarnos con la grandiosidad del oc\u00e9ano, sino que tambi\u00e9n nos ofrece la oportunidad de sumergirnos en su esencia y conectar profundamente con la naturaleza. Es un momento \u00fanico, lleno de magia y asombro, que se convertir\u00e1 en un tesoro inolvidable para toda la familia. Correspondiente a la categor\u00eda de explorador y experiencias originales para ni\u00f1os en Barcelona - Regalexia."},{"@type":"BreadcrumbList","@id":"https:\/\/regalexia.com\/experiencias\/avistamiento-de-cetaceos\/#breadcrumb","itemListElement":[{"@type":"ListItem","position":1,"name":"Inicio","item":"https:\/\/regalexia.com\/"},{"@type":"ListItem","position":2,"name":"Experiencias","item":"https:\/\/regalexia.com\/experiencias\/"},{"@type":"ListItem","position":3,"name":"Avistamiento de Cet\u00e1ceos"}]},{"@type":"WebSite","@id":"https:\/\/regalexia.com\/#website","url":"https:\/\/regalexia.com\/","name":"Regalexia","description":"","publisher":{"@id":"https:\/\/regalexia.com\/#organization"},"potentialAction":[{"@type":"SearchAction","target":{"@type":"EntryPoint","urlTemplate":"https:\/\/regalexia.com\/?s={search_term_string}"},"query-input":{"@type":"PropertyValueSpecification","valueRequired":true,"valueName":"search_term_string"}}],"inLanguage":"ca"},{"@type":"Organization","@id":"https:\/\/regalexia.com\/#organization","name":"Regalexia","url":"https:\/\/regalexia.com\/","logo":{"@type":"ImageObject","inLanguage":"ca","@id":"https:\/\/regalexia.com\/#\/schema\/logo\/image\/","url":"https:\/\/regalexia.com\/wp-content\/uploads\/2024\/05\/logo_webp.webp","contentUrl":"https:\/\/regalexia.com\/wp-content\/uploads\/2024\/05\/logo_webp.webp","width":338,"height":90,"caption":"Regalexia"},"image":{"@id":"https:\/\/regalexia.com\/#\/schema\/logo\/image\/"},"sameAs":["https:\/\/www.facebook.com\/regalexia","https:\/\/www.instagram.com\/regalexia\/","https:\/\/www.youtube.com\/@RegalexiaRegalaIlusiones"]}]}},"_links":{"self":[{"href":"https:\/\/regalexia.com\/ca\/wp-json\/wp\/v2\/product\/2611","targetHints":{"allow":["GET"]}}],"collection":[{"href":"https:\/\/regalexia.com\/ca\/wp-json\/wp\/v2\/product"}],"about":[{"href":"https:\/\/regalexia.com\/ca\/wp-json\/wp\/v2\/types\/product"}],"replies":[{"embeddable":true,"href":"https:\/\/regalexia.com\/ca\/wp-json\/wp\/v2\/comments?post=2611"}],"wp:featuredmedia":[{"embeddable":true,"href":"https:\/\/regalexia.com\/ca\/wp-json\/wp\/v2\/media\/8354"}],"wp:attachment":[{"href":"https:\/\/regalexia.com\/ca\/wp-json\/wp\/v2\/media?parent=2611"}],"wp:term":[{"taxonomy":"product_brand","embeddable":true,"href":"https:\/\/regalexia.com\/ca\/wp-json\/wp\/v2\/product_brand?post=2611"},{"taxonomy":"product_cat","embeddable":true,"href":"https:\/\/regalexia.com\/ca\/wp-json\/wp\/v2\/product_cat?post=2611"},{"taxonomy":"product_tag","embeddable":true,"href":"https:\/\/regalexia.com\/ca\/wp-json\/wp\/v2\/product_tag?post=2611"}],"curies":[{"name":"wp","href":"https:\/\/api.w.org\/{rel}","templated":true}]}}