 {"id":2909,"date":"2023-04-27T13:11:03","date_gmt":"2023-04-27T11:11:03","guid":{"rendered":"https:\/\/regalexia.com\/experiencias\/robots-por-un-dia\/"},"modified":"2024-08-29T20:15:26","modified_gmt":"2024-08-29T18:15:26","slug":"robots-por-un-dia","status":"publish","type":"product","link":"https:\/\/regalexia.com\/ca\/experiencias\/robots-por-un-dia\/","title":{"rendered":"Robots por un d\u00eda"},"content":{"rendered":"<h2 class=\"wp-block-heading\">\u00a1Disfruta el viaje de de la tecnolog\u00eda y convierte en todo un \u201cMaker\u201d<\/h2>\n\n\n\n<p>TBKids es un centro que est\u00e1 convencido que a las ni\u00f1as y ni\u00f1os no debemos ense\u00f1arles a ser \u00fanicamente a ser usuarios de tecnolog\u00eda, sino que en sus manos est\u00e1 el poder de convertirse en creadores de la misma.<\/p>\n\n\n\n<p>Robots por un d\u00eda es una divertida actividad en donde los ni\u00f1os aprenden a programar dise\u00f1ando videojuegos desde edades tempranas a trav\u00e9s de micro proyectos de base tecnol\u00f3gica.<\/p>\n\n\n\n<p>Esta divertida experiencia fomenta:<\/p>\n\n\n\n<ul class=\"wp-block-list\">\n<li>La Globalizaci\u00f3n<\/li>\n\n\n\n<li>El pensamiento cr\u00edtico digital<\/li>\n\n\n\n<li>La creatividad y colaboraci\u00f3n<\/li>\n\n\n\n<li>Robots por un d\u00eda es una divertida experiencia que despierta en tus hijas e hijos la inquietud por la ciencia y la construcci\u00f3n de&nbsp;tecnolog\u00eda.<\/li>\n<\/ul>\n\n\n\n<blockquote class=\"wp-block-quote is-layout-flow wp-block-quote-is-layout-flow\">\n<p><strong>\u00abSi decides hacer solo las cosas que sabes que van a funcionar, dejar\u00e1s un mont\u00f3n de oportunidades encima de la mesa\u00bb<\/strong><\/p>\n<cite>Jeff Bezos, fundador y director ejecutivo de Amazon<\/cite><\/blockquote>\n\n\n\n<p>\u00a1Aqu\u00ed superas los retos de dise\u00f1o, ingenio y creatividad!<\/p>","protected":false},"excerpt":{"rendered":"<p>Imagina, dise\u00f1a, crea, programa prototipos y robots en diferentes plataformas tecnol\u00f3gicas con esta divertida actividad.<\/p>\n<p>Disfruta de esta gran experiencia en la localidad de Sant Cugat del Vall\u00e8s.<\/p>\n<p>&nbsp;<\/p>","protected":false},"featured_media":8583,"comment_status":"open","ping_status":"closed","template":"","meta":{"id_video":[],"enlace_video":[],"enlace_captura":[],"invitacion_anexada":[],"pedido_anexado":[]},"product_brand":[],"product_cat":[47],"product_tag":[],"class_list":{"0":"post-2909","1":"product","2":"type-product","3":"status-publish","4":"has-post-thumbnail","6":"product_cat-cientifico","8":"first","9":"outofstock","10":"shipping-taxable","11":"product-type-simple"},"exclude_global_add_ons":[],"addons":[],"yoast_head":"<!-- This site is optimized with the Yoast SEO plugin v27.3 - https:\/\/yoast.com\/product\/yoast-seo-wordpress\/ -->\n<title>Robots por un d\u00eda - Regalexia<\/title>\n<meta name=\"robots\" content=\"index, follow, max-snippet:-1, max-image-preview:large, max-video-preview:-1\" \/>\n<link rel=\"canonical\" href=\"https:\/\/regalexia.com\/ca\/experiencias\/robots-por-un-dia\/\" \/>\n<meta property=\"og:locale\" content=\"ca_ES\" \/>\n<meta property=\"og:type\" content=\"article\" \/>\n<meta property=\"og:title\" content=\"Robots por un d\u00eda - Regalexia\" \/>\n<meta property=\"og:description\" content=\"Imagina, dise\u00f1a, crea, programa prototipos y robots en diferentes plataformas tecnol\u00f3gicas con esta divertida actividad. Disfruta de esta gran experiencia en la localidad de Sant Cugat del Vall\u00e8s. &nbsp;\" \/>\n<meta property=\"og:url\" content=\"https:\/\/regalexia.com\/ca\/experiencias\/robots-por-un-dia\/\" \/>\n<meta property=\"og:site_name\" content=\"Regalexia\" \/>\n<meta property=\"article:publisher\" content=\"https:\/\/www.facebook.com\/regalexia\" \/>\n<meta property=\"article:modified_time\" content=\"2024-08-29T18:15:26+00:00\" \/>\n<meta property=\"og:image\" content=\"https:\/\/regalexia.com\/wp-content\/uploads\/2023\/04\/robot-por-un-dia-d-1.webp\" \/>\n\t<meta property=\"og:image:width\" content=\"1024\" \/>\n\t<meta property=\"og:image:height\" content=\"768\" \/>\n\t<meta property=\"og:image:type\" content=\"image\/webp\" \/>\n<meta name=\"twitter:card\" content=\"summary_large_image\" \/>\n<meta name=\"twitter:label1\" content=\"Temps estimat de lectura\" \/>\n\t<meta name=\"twitter:data1\" content=\"1 minut\" \/>\n<script type=\"application\/ld+json\" class=\"yoast-schema-graph\">{\"@context\":\"https:\\\/\\\/schema.org\",\"@graph\":[{\"@type\":\"WebPage\",\"@id\":\"https:\\\/\\\/regalexia.com\\\/experiencias\\\/robots-por-un-dia\\\/\",\"url\":\"https:\\\/\\\/regalexia.com\\\/experiencias\\\/robots-por-un-dia\\\/\",\"name\":\"Robots por un d\u00eda - Regalexia\",\"isPartOf\":{\"@id\":\"https:\\\/\\\/regalexia.com\\\/#website\"},\"primaryImageOfPage\":{\"@id\":\"https:\\\/\\\/regalexia.com\\\/experiencias\\\/robots-por-un-dia\\\/#primaryimage\"},\"image\":{\"@id\":\"https:\\\/\\\/regalexia.com\\\/experiencias\\\/robots-por-un-dia\\\/#primaryimage\"},\"thumbnailUrl\":\"https:\\\/\\\/regalexia.com\\\/wp-content\\\/uploads\\\/2023\\\/04\\\/robot-por-un-dia-d-1.webp\",\"datePublished\":\"2023-04-27T11:11:03+00:00\",\"dateModified\":\"2024-08-29T18:15:26+00:00\",\"breadcrumb\":{\"@id\":\"https:\\\/\\\/regalexia.com\\\/experiencias\\\/robots-por-un-dia\\\/#breadcrumb\"},\"inLanguage\":\"ca\",\"potentialAction\":[{\"@type\":\"ReadAction\",\"target\":[\"https:\\\/\\\/regalexia.com\\\/experiencias\\\/robots-por-un-dia\\\/\"]}]},{\"@type\":\"ImageObject\",\"inLanguage\":\"ca\",\"@id\":\"https:\\\/\\\/regalexia.com\\\/experiencias\\\/robots-por-un-dia\\\/#primaryimage\",\"url\":\"https:\\\/\\\/regalexia.com\\\/wp-content\\\/uploads\\\/2023\\\/04\\\/robot-por-un-dia-d-1.webp\",\"contentUrl\":\"https:\\\/\\\/regalexia.com\\\/wp-content\\\/uploads\\\/2023\\\/04\\\/robot-por-un-dia-d-1.webp\",\"width\":1024,\"height\":768,\"caption\":\"Imagen de los ni\u00f1os llenan el aire mientras sus manos \u00e1giles ensamblan las piezas de Lego. Sus rostros, radiantes de emoci\u00f3n, reflejan la satisfacci\u00f3n de dar vida a sus propias creaciones. -Experiencias para regalar a ni\u00f1os en Barcelona - Regalexia\"},{\"@type\":\"BreadcrumbList\",\"@id\":\"https:\\\/\\\/regalexia.com\\\/experiencias\\\/robots-por-un-dia\\\/#breadcrumb\",\"itemListElement\":[{\"@type\":\"ListItem\",\"position\":1,\"name\":\"Inicio\",\"item\":\"https:\\\/\\\/regalexia.com\\\/\"},{\"@type\":\"ListItem\",\"position\":2,\"name\":\"Experiencias\",\"item\":\"https:\\\/\\\/regalexia.com\\\/experiencias\\\/\"},{\"@type\":\"ListItem\",\"position\":3,\"name\":\"Robots por un d\u00eda\"}]},{\"@type\":\"WebSite\",\"@id\":\"https:\\\/\\\/regalexia.com\\\/#website\",\"url\":\"https:\\\/\\\/regalexia.com\\\/\",\"name\":\"Regalexia\",\"description\":\"\",\"publisher\":{\"@id\":\"https:\\\/\\\/regalexia.com\\\/#organization\"},\"potentialAction\":[{\"@type\":\"SearchAction\",\"target\":{\"@type\":\"EntryPoint\",\"urlTemplate\":\"https:\\\/\\\/regalexia.com\\\/?s={search_term_string}\"},\"query-input\":{\"@type\":\"PropertyValueSpecification\",\"valueRequired\":true,\"valueName\":\"search_term_string\"}}],\"inLanguage\":\"ca\"},{\"@type\":\"Organization\",\"@id\":\"https:\\\/\\\/regalexia.com\\\/#organization\",\"name\":\"Regalexia\",\"url\":\"https:\\\/\\\/regalexia.com\\\/\",\"logo\":{\"@type\":\"ImageObject\",\"inLanguage\":\"ca\",\"@id\":\"https:\\\/\\\/regalexia.com\\\/#\\\/schema\\\/logo\\\/image\\\/\",\"url\":\"https:\\\/\\\/regalexia.com\\\/wp-content\\\/uploads\\\/2024\\\/05\\\/logo_webp.webp\",\"contentUrl\":\"https:\\\/\\\/regalexia.com\\\/wp-content\\\/uploads\\\/2024\\\/05\\\/logo_webp.webp\",\"width\":338,\"height\":90,\"caption\":\"Regalexia\"},\"image\":{\"@id\":\"https:\\\/\\\/regalexia.com\\\/#\\\/schema\\\/logo\\\/image\\\/\"},\"sameAs\":[\"https:\\\/\\\/www.facebook.com\\\/regalexia\",\"https:\\\/\\\/www.instagram.com\\\/regalexia\\\/\",\"https:\\\/\\\/www.youtube.com\\\/@RegalexiaRegalaIlusiones\"]}]}<\/script>\n<!-- \/ Yoast SEO plugin. -->","yoast_head_json":{"title":"Robots por un d\u00eda - Regalexia","robots":{"index":"index","follow":"follow","max-snippet":"max-snippet:-1","max-image-preview":"max-image-preview:large","max-video-preview":"max-video-preview:-1"},"canonical":"https:\/\/regalexia.com\/ca\/experiencias\/robots-por-un-dia\/","og_locale":"ca_ES","og_type":"article","og_title":"Robots por un d\u00eda - Regalexia","og_description":"Imagina, dise\u00f1a, crea, programa prototipos y robots en diferentes plataformas tecnol\u00f3gicas con esta divertida actividad. Disfruta de esta gran experiencia en la localidad de Sant Cugat del Vall\u00e8s. &nbsp;","og_url":"https:\/\/regalexia.com\/ca\/experiencias\/robots-por-un-dia\/","og_site_name":"Regalexia","article_publisher":"https:\/\/www.facebook.com\/regalexia","article_modified_time":"2024-08-29T18:15:26+00:00","og_image":[{"width":1024,"height":768,"url":"https:\/\/regalexia.com\/wp-content\/uploads\/2023\/04\/robot-por-un-dia-d-1.webp","type":"image\/webp"}],"twitter_card":"summary_large_image","twitter_misc":{"Temps estimat de lectura":"1 minut"},"schema":{"@context":"https:\/\/schema.org","@graph":[{"@type":"WebPage","@id":"https:\/\/regalexia.com\/experiencias\/robots-por-un-dia\/","url":"https:\/\/regalexia.com\/experiencias\/robots-por-un-dia\/","name":"Robots por un d\u00eda - Regalexia","isPartOf":{"@id":"https:\/\/regalexia.com\/#website"},"primaryImageOfPage":{"@id":"https:\/\/regalexia.com\/experiencias\/robots-por-un-dia\/#primaryimage"},"image":{"@id":"https:\/\/regalexia.com\/experiencias\/robots-por-un-dia\/#primaryimage"},"thumbnailUrl":"https:\/\/regalexia.com\/wp-content\/uploads\/2023\/04\/robot-por-un-dia-d-1.webp","datePublished":"2023-04-27T11:11:03+00:00","dateModified":"2024-08-29T18:15:26+00:00","breadcrumb":{"@id":"https:\/\/regalexia.com\/experiencias\/robots-por-un-dia\/#breadcrumb"},"inLanguage":"ca","potentialAction":[{"@type":"ReadAction","target":["https:\/\/regalexia.com\/experiencias\/robots-por-un-dia\/"]}]},{"@type":"ImageObject","inLanguage":"ca","@id":"https:\/\/regalexia.com\/experiencias\/robots-por-un-dia\/#primaryimage","url":"https:\/\/regalexia.com\/wp-content\/uploads\/2023\/04\/robot-por-un-dia-d-1.webp","contentUrl":"https:\/\/regalexia.com\/wp-content\/uploads\/2023\/04\/robot-por-un-dia-d-1.webp","width":1024,"height":768,"caption":"Imagen de los ni\u00f1os llenan el aire mientras sus manos \u00e1giles ensamblan las piezas de Lego. Sus rostros, radiantes de emoci\u00f3n, reflejan la satisfacci\u00f3n de dar vida a sus propias creaciones. -Experiencias para regalar a ni\u00f1os en Barcelona - Regalexia"},{"@type":"BreadcrumbList","@id":"https:\/\/regalexia.com\/experiencias\/robots-por-un-dia\/#breadcrumb","itemListElement":[{"@type":"ListItem","position":1,"name":"Inicio","item":"https:\/\/regalexia.com\/"},{"@type":"ListItem","position":2,"name":"Experiencias","item":"https:\/\/regalexia.com\/experiencias\/"},{"@type":"ListItem","position":3,"name":"Robots por un d\u00eda"}]},{"@type":"WebSite","@id":"https:\/\/regalexia.com\/#website","url":"https:\/\/regalexia.com\/","name":"Regalexia","description":"","publisher":{"@id":"https:\/\/regalexia.com\/#organization"},"potentialAction":[{"@type":"SearchAction","target":{"@type":"EntryPoint","urlTemplate":"https:\/\/regalexia.com\/?s={search_term_string}"},"query-input":{"@type":"PropertyValueSpecification","valueRequired":true,"valueName":"search_term_string"}}],"inLanguage":"ca"},{"@type":"Organization","@id":"https:\/\/regalexia.com\/#organization","name":"Regalexia","url":"https:\/\/regalexia.com\/","logo":{"@type":"ImageObject","inLanguage":"ca","@id":"https:\/\/regalexia.com\/#\/schema\/logo\/image\/","url":"https:\/\/regalexia.com\/wp-content\/uploads\/2024\/05\/logo_webp.webp","contentUrl":"https:\/\/regalexia.com\/wp-content\/uploads\/2024\/05\/logo_webp.webp","width":338,"height":90,"caption":"Regalexia"},"image":{"@id":"https:\/\/regalexia.com\/#\/schema\/logo\/image\/"},"sameAs":["https:\/\/www.facebook.com\/regalexia","https:\/\/www.instagram.com\/regalexia\/","https:\/\/www.youtube.com\/@RegalexiaRegalaIlusiones"]}]}},"_links":{"self":[{"href":"https:\/\/regalexia.com\/ca\/wp-json\/wp\/v2\/product\/2909","targetHints":{"allow":["GET"]}}],"collection":[{"href":"https:\/\/regalexia.com\/ca\/wp-json\/wp\/v2\/product"}],"about":[{"href":"https:\/\/regalexia.com\/ca\/wp-json\/wp\/v2\/types\/product"}],"replies":[{"embeddable":true,"href":"https:\/\/regalexia.com\/ca\/wp-json\/wp\/v2\/comments?post=2909"}],"wp:featuredmedia":[{"embeddable":true,"href":"https:\/\/regalexia.com\/ca\/wp-json\/wp\/v2\/media\/8583"}],"wp:attachment":[{"href":"https:\/\/regalexia.com\/ca\/wp-json\/wp\/v2\/media?parent=2909"}],"wp:term":[{"taxonomy":"product_brand","embeddable":true,"href":"https:\/\/regalexia.com\/ca\/wp-json\/wp\/v2\/product_brand?post=2909"},{"taxonomy":"product_cat","embeddable":true,"href":"https:\/\/regalexia.com\/ca\/wp-json\/wp\/v2\/product_cat?post=2909"},{"taxonomy":"product_tag","embeddable":true,"href":"https:\/\/regalexia.com\/ca\/wp-json\/wp\/v2\/product_tag?post=2909"}],"curies":[{"name":"wp","href":"https:\/\/api.w.org\/{rel}","templated":true}]}}