 {"id":2934,"date":"2023-04-27T15:29:25","date_gmt":"2023-04-27T13:29:25","guid":{"rendered":"https:\/\/regalexia.com\/experiencias\/aventura-con-la-familia\/"},"modified":"2025-06-26T19:02:54","modified_gmt":"2025-06-26T17:02:54","slug":"aventura-en-familia","status":"publish","type":"product","link":"https:\/\/regalexia.com\/ca\/experiencias\/aventura-en-familia\/","title":{"rendered":"Aventura en familia"},"content":{"rendered":"<p>\u00a1Un espacio donde encontrar\u00e9is muchas actividades para pasarlo en grande con toda la familia!<\/p>\n\n\n\n<p>Esta actividad se puede disfrutar los s\u00e1bados y domingos (de marzo a octubre) en horario de ma\u00f1ana o de tarde. Ma\u00f1anas de 10h a 14h o tardes de 15h a 19h.<\/p>\n\n\n\n<p><strong><em>Actividades incluidas para ni\u00f1os mayores de 9 a\u00f1os:<\/em><\/strong><br>Circuito aeroforestal, circuit de tiro con arco, circuito de orientaci\u00f3n en el bosque, circuito de geocaching, circuito de rogaine, circuit de slackline, roc\u00f3dromo, speedclimbing, circuito de puente de mono y tirolina, tirolina gigante y futbol\u00edn gigante.<\/p>\n\n\n\n<p><strong><em>Actividades incluidas para ni\u00f1os de 3 a 8 a\u00f1os:<\/em><\/strong><br>Castillo hinchable, castillo de bolas, circuito de habilidades, granja con animales, circuito de pedales, zona de deporte. billar gigante y raid de orientaci\u00f3n infantil.<br>*todos los ni\u00f1os menores de 14 a\u00f1os deber\u00e1n ir acompa\u00f1ados de un adulto<br>\u00a1Dejad por un rato las pantallas y el sof\u00e1, salid de casa y explorad el mundo que os rodea!<br>El Parque est\u00e1 situado a 10 minutos de Vic y se accede en coche.<\/p>\n\n\n\n<p>Todos los ni\u00f1os menores de 14 a\u00f1os deber\u00e1n ir acompa\u00f1ados de un adulto<\/p>\n\n\n\n<p><br>El Parque est\u00e1 situado a 10 minutos de Vic y se accede en coche.<\/p>\n\n\n\n<blockquote class=\"wp-block-quote is-layout-flow wp-block-quote-is-layout-flow\">\n<p>\u00ab<strong>La familia hace hermosa la vida en la tierra<\/strong>\u00ab<\/p>\n<cite>Albert Einstein<\/cite><\/blockquote>\n\n\n\n<p>\u00a1Dejad por un rato las pantallas y el sof\u00e1, salid de casa y explorad el mundo que os rodea!<\/p>","protected":false},"excerpt":{"rendered":"<p><span style=\"font-weight: 400\">\u00a1Vive una emocionante aventura en familia en Anigami Parc, L&#8217;Esquirol! Disfrutad m\u00e1s de 15 actividades ilimitadas en medio d\u00eda, donde pondr\u00e9is a prueba vuestra destreza, tenacidad y perseverancia. \u00a1Deslizaos por la tirolina, apuntad al tiro con arco, atravesad puentes colgantes y mucho m\u00e1s!<\/span><\/p>\n<p><span style=\"font-weight: 400\">Este paquete especial est\u00e1 dise\u00f1ado para 2 adultos y hasta 3 ni\u00f1os de la misma familia. \u00a1Reservad ahora y regalad alegr\u00eda y diversi\u00f3n en este escenario perfecto para la aventura! \u00a1No esper\u00e9is m\u00e1s, venid y disfrutad en familia!<\/span><\/p>","protected":false},"featured_media":8383,"comment_status":"open","ping_status":"closed","template":"","meta":{"id_video":[],"enlace_video":[],"enlace_captura":[],"invitacion_anexada":[],"pedido_anexado":[]},"product_brand":[],"product_cat":[45],"product_tag":[],"class_list":{"0":"post-2934","1":"product","2":"type-product","3":"status-publish","4":"has-post-thumbnail","6":"product_cat-explorador","8":"first","9":"instock","10":"shipping-taxable","11":"purchasable","12":"product-type-simple"},"exclude_global_add_ons":[],"addons":[],"yoast_head":"<!-- This site is optimized with the Yoast SEO plugin v27.3 - https:\/\/yoast.com\/product\/yoast-seo-wordpress\/ -->\n<title>Aventura en familia - Actividad outdoor- Regalexia<\/title>\n<meta name=\"robots\" content=\"index, follow, max-snippet:-1, max-image-preview:large, max-video-preview:-1\" \/>\n<link rel=\"canonical\" href=\"https:\/\/regalexia.com\/ca\/experiencias\/aventura-en-familia\/\" \/>\n<meta property=\"og:locale\" content=\"ca_ES\" \/>\n<meta property=\"og:type\" content=\"article\" \/>\n<meta property=\"og:title\" content=\"Aventura en familia - Actividad outdoor- Regalexia\" \/>\n<meta property=\"og:description\" content=\"\u00a1Vive una emocionante aventura en familia en Anigami Parc, L&#039;Esquirol! Disfrutad m\u00e1s de 15 actividades ilimitadas en medio d\u00eda, donde pondr\u00e9is a prueba vuestra destreza, tenacidad y perseverancia. \u00a1Deslizaos por la tirolina, apuntad al tiro con arco, atravesad puentes colgantes y mucho m\u00e1s! Este paquete especial est\u00e1 dise\u00f1ado para 2 adultos y hasta 3 ni\u00f1os de la misma familia. \u00a1Reservad ahora y regalad alegr\u00eda y diversi\u00f3n en este escenario perfecto para la aventura! \u00a1No esper\u00e9is m\u00e1s, venid y disfrutad en familia!\" \/>\n<meta property=\"og:url\" content=\"https:\/\/regalexia.com\/ca\/experiencias\/aventura-en-familia\/\" \/>\n<meta property=\"og:site_name\" content=\"Regalexia\" \/>\n<meta property=\"article:publisher\" content=\"https:\/\/www.facebook.com\/regalexia\" \/>\n<meta property=\"article:modified_time\" content=\"2025-06-26T17:02:54+00:00\" \/>\n<meta property=\"og:image\" content=\"https:\/\/regalexia.com\/wp-content\/uploads\/2023\/04\/Aventura-en-Familia-D.webp\" \/>\n\t<meta property=\"og:image:width\" content=\"1024\" \/>\n\t<meta property=\"og:image:height\" content=\"768\" \/>\n\t<meta property=\"og:image:type\" content=\"image\/webp\" \/>\n<meta name=\"twitter:card\" content=\"summary_large_image\" \/>\n<meta name=\"twitter:label1\" content=\"Temps estimat de lectura\" \/>\n\t<meta name=\"twitter:data1\" content=\"2 minuts\" \/>\n<script type=\"application\/ld+json\" class=\"yoast-schema-graph\">{\"@context\":\"https:\\\/\\\/schema.org\",\"@graph\":[{\"@type\":\"WebPage\",\"@id\":\"https:\\\/\\\/regalexia.com\\\/experiencias\\\/aventura-en-familia\\\/\",\"url\":\"https:\\\/\\\/regalexia.com\\\/experiencias\\\/aventura-en-familia\\\/\",\"name\":\"Aventura en familia - Actividad outdoor- Regalexia\",\"isPartOf\":{\"@id\":\"https:\\\/\\\/regalexia.com\\\/#website\"},\"primaryImageOfPage\":{\"@id\":\"https:\\\/\\\/regalexia.com\\\/experiencias\\\/aventura-en-familia\\\/#primaryimage\"},\"image\":{\"@id\":\"https:\\\/\\\/regalexia.com\\\/experiencias\\\/aventura-en-familia\\\/#primaryimage\"},\"thumbnailUrl\":\"https:\\\/\\\/regalexia.com\\\/wp-content\\\/uploads\\\/2023\\\/04\\\/Aventura-en-Familia-D.webp\",\"datePublished\":\"2023-04-27T13:29:25+00:00\",\"dateModified\":\"2025-06-26T17:02:54+00:00\",\"breadcrumb\":{\"@id\":\"https:\\\/\\\/regalexia.com\\\/experiencias\\\/aventura-en-familia\\\/#breadcrumb\"},\"inLanguage\":\"ca\",\"potentialAction\":[{\"@type\":\"ReadAction\",\"target\":[\"https:\\\/\\\/regalexia.com\\\/experiencias\\\/aventura-en-familia\\\/\"]}]},{\"@type\":\"ImageObject\",\"inLanguage\":\"ca\",\"@id\":\"https:\\\/\\\/regalexia.com\\\/experiencias\\\/aventura-en-familia\\\/#primaryimage\",\"url\":\"https:\\\/\\\/regalexia.com\\\/wp-content\\\/uploads\\\/2023\\\/04\\\/Aventura-en-Familia-D.webp\",\"contentUrl\":\"https:\\\/\\\/regalexia.com\\\/wp-content\\\/uploads\\\/2023\\\/04\\\/Aventura-en-Familia-D.webp\",\"width\":1024,\"height\":768,\"caption\":\"Imagen de un ni\u00f1o emocionado, acompa\u00f1ado por una monitora, justo antes de lanzarse en la tirolina. En su rostro se refleja la emoci\u00f3n y la anticipaci\u00f3n, listo para dejarse llevar por la aventura. Esta experiencia no solo despierta la valent\u00eda en los corazones j\u00f3venes, sino que tambi\u00e9n alimenta su esp\u00edritu explorador, prepar\u00e1ndolos para descubrir el mundo con audacia y entusiasmo. Correspondiente a la categor\u00eda de explorador y experiencias originales para ni\u00f1os en Barcelona - Regalexia.\"},{\"@type\":\"BreadcrumbList\",\"@id\":\"https:\\\/\\\/regalexia.com\\\/experiencias\\\/aventura-en-familia\\\/#breadcrumb\",\"itemListElement\":[{\"@type\":\"ListItem\",\"position\":1,\"name\":\"Inicio\",\"item\":\"https:\\\/\\\/regalexia.com\\\/\"},{\"@type\":\"ListItem\",\"position\":2,\"name\":\"Experiencias\",\"item\":\"https:\\\/\\\/regalexia.com\\\/experiencias\\\/\"},{\"@type\":\"ListItem\",\"position\":3,\"name\":\"Aventura en familia\"}]},{\"@type\":\"WebSite\",\"@id\":\"https:\\\/\\\/regalexia.com\\\/#website\",\"url\":\"https:\\\/\\\/regalexia.com\\\/\",\"name\":\"Regalexia\",\"description\":\"\",\"publisher\":{\"@id\":\"https:\\\/\\\/regalexia.com\\\/#organization\"},\"potentialAction\":[{\"@type\":\"SearchAction\",\"target\":{\"@type\":\"EntryPoint\",\"urlTemplate\":\"https:\\\/\\\/regalexia.com\\\/?s={search_term_string}\"},\"query-input\":{\"@type\":\"PropertyValueSpecification\",\"valueRequired\":true,\"valueName\":\"search_term_string\"}}],\"inLanguage\":\"ca\"},{\"@type\":\"Organization\",\"@id\":\"https:\\\/\\\/regalexia.com\\\/#organization\",\"name\":\"Regalexia\",\"url\":\"https:\\\/\\\/regalexia.com\\\/\",\"logo\":{\"@type\":\"ImageObject\",\"inLanguage\":\"ca\",\"@id\":\"https:\\\/\\\/regalexia.com\\\/#\\\/schema\\\/logo\\\/image\\\/\",\"url\":\"https:\\\/\\\/regalexia.com\\\/wp-content\\\/uploads\\\/2024\\\/05\\\/logo_webp.webp\",\"contentUrl\":\"https:\\\/\\\/regalexia.com\\\/wp-content\\\/uploads\\\/2024\\\/05\\\/logo_webp.webp\",\"width\":338,\"height\":90,\"caption\":\"Regalexia\"},\"image\":{\"@id\":\"https:\\\/\\\/regalexia.com\\\/#\\\/schema\\\/logo\\\/image\\\/\"},\"sameAs\":[\"https:\\\/\\\/www.facebook.com\\\/regalexia\",\"https:\\\/\\\/www.instagram.com\\\/regalexia\\\/\",\"https:\\\/\\\/www.youtube.com\\\/@RegalexiaRegalaIlusiones\"]}]}<\/script>\n<!-- \/ Yoast SEO plugin. -->","yoast_head_json":{"title":"Aventura en familia - Actividad outdoor- Regalexia","robots":{"index":"index","follow":"follow","max-snippet":"max-snippet:-1","max-image-preview":"max-image-preview:large","max-video-preview":"max-video-preview:-1"},"canonical":"https:\/\/regalexia.com\/ca\/experiencias\/aventura-en-familia\/","og_locale":"ca_ES","og_type":"article","og_title":"Aventura en familia - Actividad outdoor- Regalexia","og_description":"\u00a1Vive una emocionante aventura en familia en Anigami Parc, L'Esquirol! Disfrutad m\u00e1s de 15 actividades ilimitadas en medio d\u00eda, donde pondr\u00e9is a prueba vuestra destreza, tenacidad y perseverancia. \u00a1Deslizaos por la tirolina, apuntad al tiro con arco, atravesad puentes colgantes y mucho m\u00e1s! Este paquete especial est\u00e1 dise\u00f1ado para 2 adultos y hasta 3 ni\u00f1os de la misma familia. \u00a1Reservad ahora y regalad alegr\u00eda y diversi\u00f3n en este escenario perfecto para la aventura! \u00a1No esper\u00e9is m\u00e1s, venid y disfrutad en familia!","og_url":"https:\/\/regalexia.com\/ca\/experiencias\/aventura-en-familia\/","og_site_name":"Regalexia","article_publisher":"https:\/\/www.facebook.com\/regalexia","article_modified_time":"2025-06-26T17:02:54+00:00","og_image":[{"width":1024,"height":768,"url":"https:\/\/regalexia.com\/wp-content\/uploads\/2023\/04\/Aventura-en-Familia-D.webp","type":"image\/webp"}],"twitter_card":"summary_large_image","twitter_misc":{"Temps estimat de lectura":"2 minuts"},"schema":{"@context":"https:\/\/schema.org","@graph":[{"@type":"WebPage","@id":"https:\/\/regalexia.com\/experiencias\/aventura-en-familia\/","url":"https:\/\/regalexia.com\/experiencias\/aventura-en-familia\/","name":"Aventura en familia - Actividad outdoor- Regalexia","isPartOf":{"@id":"https:\/\/regalexia.com\/#website"},"primaryImageOfPage":{"@id":"https:\/\/regalexia.com\/experiencias\/aventura-en-familia\/#primaryimage"},"image":{"@id":"https:\/\/regalexia.com\/experiencias\/aventura-en-familia\/#primaryimage"},"thumbnailUrl":"https:\/\/regalexia.com\/wp-content\/uploads\/2023\/04\/Aventura-en-Familia-D.webp","datePublished":"2023-04-27T13:29:25+00:00","dateModified":"2025-06-26T17:02:54+00:00","breadcrumb":{"@id":"https:\/\/regalexia.com\/experiencias\/aventura-en-familia\/#breadcrumb"},"inLanguage":"ca","potentialAction":[{"@type":"ReadAction","target":["https:\/\/regalexia.com\/experiencias\/aventura-en-familia\/"]}]},{"@type":"ImageObject","inLanguage":"ca","@id":"https:\/\/regalexia.com\/experiencias\/aventura-en-familia\/#primaryimage","url":"https:\/\/regalexia.com\/wp-content\/uploads\/2023\/04\/Aventura-en-Familia-D.webp","contentUrl":"https:\/\/regalexia.com\/wp-content\/uploads\/2023\/04\/Aventura-en-Familia-D.webp","width":1024,"height":768,"caption":"Imagen de un ni\u00f1o emocionado, acompa\u00f1ado por una monitora, justo antes de lanzarse en la tirolina. En su rostro se refleja la emoci\u00f3n y la anticipaci\u00f3n, listo para dejarse llevar por la aventura. Esta experiencia no solo despierta la valent\u00eda en los corazones j\u00f3venes, sino que tambi\u00e9n alimenta su esp\u00edritu explorador, prepar\u00e1ndolos para descubrir el mundo con audacia y entusiasmo. Correspondiente a la categor\u00eda de explorador y experiencias originales para ni\u00f1os en Barcelona - Regalexia."},{"@type":"BreadcrumbList","@id":"https:\/\/regalexia.com\/experiencias\/aventura-en-familia\/#breadcrumb","itemListElement":[{"@type":"ListItem","position":1,"name":"Inicio","item":"https:\/\/regalexia.com\/"},{"@type":"ListItem","position":2,"name":"Experiencias","item":"https:\/\/regalexia.com\/experiencias\/"},{"@type":"ListItem","position":3,"name":"Aventura en familia"}]},{"@type":"WebSite","@id":"https:\/\/regalexia.com\/#website","url":"https:\/\/regalexia.com\/","name":"Regalexia","description":"","publisher":{"@id":"https:\/\/regalexia.com\/#organization"},"potentialAction":[{"@type":"SearchAction","target":{"@type":"EntryPoint","urlTemplate":"https:\/\/regalexia.com\/?s={search_term_string}"},"query-input":{"@type":"PropertyValueSpecification","valueRequired":true,"valueName":"search_term_string"}}],"inLanguage":"ca"},{"@type":"Organization","@id":"https:\/\/regalexia.com\/#organization","name":"Regalexia","url":"https:\/\/regalexia.com\/","logo":{"@type":"ImageObject","inLanguage":"ca","@id":"https:\/\/regalexia.com\/#\/schema\/logo\/image\/","url":"https:\/\/regalexia.com\/wp-content\/uploads\/2024\/05\/logo_webp.webp","contentUrl":"https:\/\/regalexia.com\/wp-content\/uploads\/2024\/05\/logo_webp.webp","width":338,"height":90,"caption":"Regalexia"},"image":{"@id":"https:\/\/regalexia.com\/#\/schema\/logo\/image\/"},"sameAs":["https:\/\/www.facebook.com\/regalexia","https:\/\/www.instagram.com\/regalexia\/","https:\/\/www.youtube.com\/@RegalexiaRegalaIlusiones"]}]}},"_links":{"self":[{"href":"https:\/\/regalexia.com\/ca\/wp-json\/wp\/v2\/product\/2934","targetHints":{"allow":["GET"]}}],"collection":[{"href":"https:\/\/regalexia.com\/ca\/wp-json\/wp\/v2\/product"}],"about":[{"href":"https:\/\/regalexia.com\/ca\/wp-json\/wp\/v2\/types\/product"}],"replies":[{"embeddable":true,"href":"https:\/\/regalexia.com\/ca\/wp-json\/wp\/v2\/comments?post=2934"}],"wp:featuredmedia":[{"embeddable":true,"href":"https:\/\/regalexia.com\/ca\/wp-json\/wp\/v2\/media\/8383"}],"wp:attachment":[{"href":"https:\/\/regalexia.com\/ca\/wp-json\/wp\/v2\/media?parent=2934"}],"wp:term":[{"taxonomy":"product_brand","embeddable":true,"href":"https:\/\/regalexia.com\/ca\/wp-json\/wp\/v2\/product_brand?post=2934"},{"taxonomy":"product_cat","embeddable":true,"href":"https:\/\/regalexia.com\/ca\/wp-json\/wp\/v2\/product_cat?post=2934"},{"taxonomy":"product_tag","embeddable":true,"href":"https:\/\/regalexia.com\/ca\/wp-json\/wp\/v2\/product_tag?post=2934"}],"curies":[{"name":"wp","href":"https:\/\/api.w.org\/{rel}","templated":true}]}}