 {"id":2955,"date":"2023-04-27T16:07:52","date_gmt":"2023-04-27T14:07:52","guid":{"rendered":"https:\/\/regalexia.com\/experiencias\/tiro-con-arco\/"},"modified":"2025-06-26T20:44:17","modified_gmt":"2025-06-26T18:44:17","slug":"tiro-con-arco","status":"publish","type":"product","link":"https:\/\/regalexia.com\/ca\/experiencias\/tiro-con-arco\/","title":{"rendered":"Tiro con Arco"},"content":{"rendered":"<p>Practicar el tiro con arco ayuda a mejorar la punter\u00eda y la direcci\u00f3n al disparar flechas con arco. Tambi\u00e9n ayuda a los ni\u00f1os a desarrollar sus habilidades motoras y la coordinaci\u00f3n ojo-mano, lo que puede ser beneficioso en muchas otras actividades.&nbsp;<\/p>\n\n\n\n<p>Adem\u00e1s de:<\/p>\n\n\n\n<ul class=\"wp-block-list\">\n<li>Potenciar la capacidad de autocontrol y concentraci\u00f3n<\/li>\n\n\n\n<li>Generar integraci\u00f3n social<\/li>\n\n\n\n<li>Diversi\u00f3n y desarrollo personal<\/li>\n<\/ul>\n\n\n\n<p>Con la t\u00e9cnica adecuada, puedes convertirte en un experto en muy poco tiempo.<\/p>\n\n\n\n<blockquote class=\"wp-block-quote is-layout-flow wp-block-quote-is-layout-flow\">\n<p><strong>\u00abLa vida es una flecha, por lo tanto, debes saber a qu\u00e9 objetivo apuntar\u00bb<\/strong><\/p>\n<cite>Henry Van Dyke<\/cite><\/blockquote>\n\n\n\n<p>Con pr\u00e1ctica y el equipo adecuado, \u00a1cualquiera puede convertirse en arquero!<\/p>","protected":false},"excerpt":{"rendered":"<p><span style=\"font-weight: 400\">\u00a1Despertad la aventura en vuestros hijos con nuestro emocionante Tiro con Arco! Mejorar\u00e1n la punter\u00eda y la coordinaci\u00f3n mientras disfruteis de la emoci\u00f3n de disparar flechas con precisi\u00f3n. Pero eso no es todo, tambi\u00e9n desarrollar\u00e1n autocontrol, concentraci\u00f3n y habilidades sociales, \u00a1todo mientras se divierten y crecen personalmente! Con la t\u00e9cnica adecuada, pueden convertirse en expertos en poco tiempo. Regalad esta experiencia en la pintoresca localidad de L&#8217;Esquirol. \u00a1No esper\u00e9is m\u00e1s y haced que empiecen la aventura ahora!<\/span><\/p>","protected":false},"featured_media":8321,"comment_status":"open","ping_status":"closed","template":"","meta":{"id_video":[],"enlace_video":[],"enlace_captura":[],"invitacion_anexada":[],"pedido_anexado":[]},"product_brand":[],"product_cat":[46],"product_tag":[],"class_list":{"0":"post-2955","1":"product","2":"type-product","3":"status-publish","4":"has-post-thumbnail","6":"product_cat-deportista","8":"first","9":"instock","10":"sold-individually","11":"shipping-taxable","12":"purchasable","13":"product-type-simple"},"exclude_global_add_ons":[],"addons":[],"yoast_head":"<!-- This site is optimized with the Yoast SEO plugin v27.3 - https:\/\/yoast.com\/product\/yoast-seo-wordpress\/ -->\n<title>Tiro con Arco - Regalexia<\/title>\n<meta name=\"robots\" content=\"index, follow, max-snippet:-1, max-image-preview:large, max-video-preview:-1\" \/>\n<link rel=\"canonical\" href=\"https:\/\/regalexia.com\/ca\/experiencias\/tiro-con-arco\/\" \/>\n<meta property=\"og:locale\" content=\"ca_ES\" \/>\n<meta property=\"og:type\" content=\"article\" \/>\n<meta property=\"og:title\" content=\"Tiro con Arco - Regalexia\" \/>\n<meta property=\"og:description\" content=\"\u00a1Despertad la aventura en vuestros hijos con nuestro emocionante Tiro con Arco! Mejorar\u00e1n la punter\u00eda y la coordinaci\u00f3n mientras disfruteis de la emoci\u00f3n de disparar flechas con precisi\u00f3n. Pero eso no es todo, tambi\u00e9n desarrollar\u00e1n autocontrol, concentraci\u00f3n y habilidades sociales, \u00a1todo mientras se divierten y crecen personalmente! Con la t\u00e9cnica adecuada, pueden convertirse en expertos en poco tiempo. Regalad esta experiencia en la pintoresca localidad de L&#039;Esquirol. \u00a1No esper\u00e9is m\u00e1s y haced que empiecen la aventura ahora!\" \/>\n<meta property=\"og:url\" content=\"https:\/\/regalexia.com\/ca\/experiencias\/tiro-con-arco\/\" \/>\n<meta property=\"og:site_name\" content=\"Regalexia\" \/>\n<meta property=\"article:publisher\" content=\"https:\/\/www.facebook.com\/regalexia\" \/>\n<meta property=\"article:modified_time\" content=\"2025-06-26T18:44:17+00:00\" \/>\n<meta property=\"og:image\" content=\"https:\/\/regalexia.com\/wp-content\/uploads\/2023\/04\/Tiro-con-Arco-A.webp\" \/>\n\t<meta property=\"og:image:width\" content=\"1024\" \/>\n\t<meta property=\"og:image:height\" content=\"768\" \/>\n\t<meta property=\"og:image:type\" content=\"image\/webp\" \/>\n<meta name=\"twitter:card\" content=\"summary_large_image\" \/>\n<meta name=\"twitter:label1\" content=\"Temps estimat de lectura\" \/>\n\t<meta name=\"twitter:data1\" content=\"1 minut\" \/>\n<script type=\"application\/ld+json\" class=\"yoast-schema-graph\">{\"@context\":\"https:\\\/\\\/schema.org\",\"@graph\":[{\"@type\":\"WebPage\",\"@id\":\"https:\\\/\\\/regalexia.com\\\/experiencias\\\/tiro-con-arco\\\/\",\"url\":\"https:\\\/\\\/regalexia.com\\\/experiencias\\\/tiro-con-arco\\\/\",\"name\":\"Tiro con Arco - Regalexia\",\"isPartOf\":{\"@id\":\"https:\\\/\\\/regalexia.com\\\/#website\"},\"primaryImageOfPage\":{\"@id\":\"https:\\\/\\\/regalexia.com\\\/experiencias\\\/tiro-con-arco\\\/#primaryimage\"},\"image\":{\"@id\":\"https:\\\/\\\/regalexia.com\\\/experiencias\\\/tiro-con-arco\\\/#primaryimage\"},\"thumbnailUrl\":\"https:\\\/\\\/regalexia.com\\\/wp-content\\\/uploads\\\/2023\\\/04\\\/Tiro-con-Arco-A.webp\",\"datePublished\":\"2023-04-27T14:07:52+00:00\",\"dateModified\":\"2025-06-26T18:44:17+00:00\",\"breadcrumb\":{\"@id\":\"https:\\\/\\\/regalexia.com\\\/experiencias\\\/tiro-con-arco\\\/#breadcrumb\"},\"inLanguage\":\"ca\",\"potentialAction\":[{\"@type\":\"ReadAction\",\"target\":[\"https:\\\/\\\/regalexia.com\\\/experiencias\\\/tiro-con-arco\\\/\"]}]},{\"@type\":\"ImageObject\",\"inLanguage\":\"ca\",\"@id\":\"https:\\\/\\\/regalexia.com\\\/experiencias\\\/tiro-con-arco\\\/#primaryimage\",\"url\":\"https:\\\/\\\/regalexia.com\\\/wp-content\\\/uploads\\\/2023\\\/04\\\/Tiro-con-Arco-A.webp\",\"contentUrl\":\"https:\\\/\\\/regalexia.com\\\/wp-content\\\/uploads\\\/2023\\\/04\\\/Tiro-con-Arco-A.webp\",\"width\":1024,\"height\":768,\"caption\":\"Imagen de tres ni\u00f1os se preparan para lanzar flechas con sus arcos, cada uno concentrado en su objetivo con determinaci\u00f3n. Sus posturas muestran confianza y determinaci\u00f3n, mientras se centran en mejorar su punter\u00eda y coordinaci\u00f3n. La emoci\u00f3n de la actividad se refleja en sus rostros, iluminados por la anticipaci\u00f3n del lanzamiento. Es un momento de aprendizaje y crecimiento, donde los ni\u00f1os desarrollan habilidades de autocontrol, concentraci\u00f3n y trabajo en equipo mientras se sumergen en la emoci\u00f3n de la pr\u00e1ctica del tiro con arco. Correspondiente a la categor\u00eda de deportista y experiencias originales para ni\u00f1os en Barcelona - Regalexia.\"},{\"@type\":\"BreadcrumbList\",\"@id\":\"https:\\\/\\\/regalexia.com\\\/experiencias\\\/tiro-con-arco\\\/#breadcrumb\",\"itemListElement\":[{\"@type\":\"ListItem\",\"position\":1,\"name\":\"Inicio\",\"item\":\"https:\\\/\\\/regalexia.com\\\/\"},{\"@type\":\"ListItem\",\"position\":2,\"name\":\"Experiencias\",\"item\":\"https:\\\/\\\/regalexia.com\\\/experiencias\\\/\"},{\"@type\":\"ListItem\",\"position\":3,\"name\":\"Tiro con Arco\"}]},{\"@type\":\"WebSite\",\"@id\":\"https:\\\/\\\/regalexia.com\\\/#website\",\"url\":\"https:\\\/\\\/regalexia.com\\\/\",\"name\":\"Regalexia\",\"description\":\"\",\"publisher\":{\"@id\":\"https:\\\/\\\/regalexia.com\\\/#organization\"},\"potentialAction\":[{\"@type\":\"SearchAction\",\"target\":{\"@type\":\"EntryPoint\",\"urlTemplate\":\"https:\\\/\\\/regalexia.com\\\/?s={search_term_string}\"},\"query-input\":{\"@type\":\"PropertyValueSpecification\",\"valueRequired\":true,\"valueName\":\"search_term_string\"}}],\"inLanguage\":\"ca\"},{\"@type\":\"Organization\",\"@id\":\"https:\\\/\\\/regalexia.com\\\/#organization\",\"name\":\"Regalexia\",\"url\":\"https:\\\/\\\/regalexia.com\\\/\",\"logo\":{\"@type\":\"ImageObject\",\"inLanguage\":\"ca\",\"@id\":\"https:\\\/\\\/regalexia.com\\\/#\\\/schema\\\/logo\\\/image\\\/\",\"url\":\"https:\\\/\\\/regalexia.com\\\/wp-content\\\/uploads\\\/2024\\\/05\\\/logo_webp.webp\",\"contentUrl\":\"https:\\\/\\\/regalexia.com\\\/wp-content\\\/uploads\\\/2024\\\/05\\\/logo_webp.webp\",\"width\":338,\"height\":90,\"caption\":\"Regalexia\"},\"image\":{\"@id\":\"https:\\\/\\\/regalexia.com\\\/#\\\/schema\\\/logo\\\/image\\\/\"},\"sameAs\":[\"https:\\\/\\\/www.facebook.com\\\/regalexia\",\"https:\\\/\\\/www.instagram.com\\\/regalexia\\\/\",\"https:\\\/\\\/www.youtube.com\\\/@RegalexiaRegalaIlusiones\"]}]}<\/script>\n<!-- \/ Yoast SEO plugin. -->","yoast_head_json":{"title":"Tiro con Arco - Regalexia","robots":{"index":"index","follow":"follow","max-snippet":"max-snippet:-1","max-image-preview":"max-image-preview:large","max-video-preview":"max-video-preview:-1"},"canonical":"https:\/\/regalexia.com\/ca\/experiencias\/tiro-con-arco\/","og_locale":"ca_ES","og_type":"article","og_title":"Tiro con Arco - Regalexia","og_description":"\u00a1Despertad la aventura en vuestros hijos con nuestro emocionante Tiro con Arco! Mejorar\u00e1n la punter\u00eda y la coordinaci\u00f3n mientras disfruteis de la emoci\u00f3n de disparar flechas con precisi\u00f3n. Pero eso no es todo, tambi\u00e9n desarrollar\u00e1n autocontrol, concentraci\u00f3n y habilidades sociales, \u00a1todo mientras se divierten y crecen personalmente! Con la t\u00e9cnica adecuada, pueden convertirse en expertos en poco tiempo. Regalad esta experiencia en la pintoresca localidad de L'Esquirol. \u00a1No esper\u00e9is m\u00e1s y haced que empiecen la aventura ahora!","og_url":"https:\/\/regalexia.com\/ca\/experiencias\/tiro-con-arco\/","og_site_name":"Regalexia","article_publisher":"https:\/\/www.facebook.com\/regalexia","article_modified_time":"2025-06-26T18:44:17+00:00","og_image":[{"width":1024,"height":768,"url":"https:\/\/regalexia.com\/wp-content\/uploads\/2023\/04\/Tiro-con-Arco-A.webp","type":"image\/webp"}],"twitter_card":"summary_large_image","twitter_misc":{"Temps estimat de lectura":"1 minut"},"schema":{"@context":"https:\/\/schema.org","@graph":[{"@type":"WebPage","@id":"https:\/\/regalexia.com\/experiencias\/tiro-con-arco\/","url":"https:\/\/regalexia.com\/experiencias\/tiro-con-arco\/","name":"Tiro con Arco - Regalexia","isPartOf":{"@id":"https:\/\/regalexia.com\/#website"},"primaryImageOfPage":{"@id":"https:\/\/regalexia.com\/experiencias\/tiro-con-arco\/#primaryimage"},"image":{"@id":"https:\/\/regalexia.com\/experiencias\/tiro-con-arco\/#primaryimage"},"thumbnailUrl":"https:\/\/regalexia.com\/wp-content\/uploads\/2023\/04\/Tiro-con-Arco-A.webp","datePublished":"2023-04-27T14:07:52+00:00","dateModified":"2025-06-26T18:44:17+00:00","breadcrumb":{"@id":"https:\/\/regalexia.com\/experiencias\/tiro-con-arco\/#breadcrumb"},"inLanguage":"ca","potentialAction":[{"@type":"ReadAction","target":["https:\/\/regalexia.com\/experiencias\/tiro-con-arco\/"]}]},{"@type":"ImageObject","inLanguage":"ca","@id":"https:\/\/regalexia.com\/experiencias\/tiro-con-arco\/#primaryimage","url":"https:\/\/regalexia.com\/wp-content\/uploads\/2023\/04\/Tiro-con-Arco-A.webp","contentUrl":"https:\/\/regalexia.com\/wp-content\/uploads\/2023\/04\/Tiro-con-Arco-A.webp","width":1024,"height":768,"caption":"Imagen de tres ni\u00f1os se preparan para lanzar flechas con sus arcos, cada uno concentrado en su objetivo con determinaci\u00f3n. Sus posturas muestran confianza y determinaci\u00f3n, mientras se centran en mejorar su punter\u00eda y coordinaci\u00f3n. La emoci\u00f3n de la actividad se refleja en sus rostros, iluminados por la anticipaci\u00f3n del lanzamiento. Es un momento de aprendizaje y crecimiento, donde los ni\u00f1os desarrollan habilidades de autocontrol, concentraci\u00f3n y trabajo en equipo mientras se sumergen en la emoci\u00f3n de la pr\u00e1ctica del tiro con arco. Correspondiente a la categor\u00eda de deportista y experiencias originales para ni\u00f1os en Barcelona - Regalexia."},{"@type":"BreadcrumbList","@id":"https:\/\/regalexia.com\/experiencias\/tiro-con-arco\/#breadcrumb","itemListElement":[{"@type":"ListItem","position":1,"name":"Inicio","item":"https:\/\/regalexia.com\/"},{"@type":"ListItem","position":2,"name":"Experiencias","item":"https:\/\/regalexia.com\/experiencias\/"},{"@type":"ListItem","position":3,"name":"Tiro con Arco"}]},{"@type":"WebSite","@id":"https:\/\/regalexia.com\/#website","url":"https:\/\/regalexia.com\/","name":"Regalexia","description":"","publisher":{"@id":"https:\/\/regalexia.com\/#organization"},"potentialAction":[{"@type":"SearchAction","target":{"@type":"EntryPoint","urlTemplate":"https:\/\/regalexia.com\/?s={search_term_string}"},"query-input":{"@type":"PropertyValueSpecification","valueRequired":true,"valueName":"search_term_string"}}],"inLanguage":"ca"},{"@type":"Organization","@id":"https:\/\/regalexia.com\/#organization","name":"Regalexia","url":"https:\/\/regalexia.com\/","logo":{"@type":"ImageObject","inLanguage":"ca","@id":"https:\/\/regalexia.com\/#\/schema\/logo\/image\/","url":"https:\/\/regalexia.com\/wp-content\/uploads\/2024\/05\/logo_webp.webp","contentUrl":"https:\/\/regalexia.com\/wp-content\/uploads\/2024\/05\/logo_webp.webp","width":338,"height":90,"caption":"Regalexia"},"image":{"@id":"https:\/\/regalexia.com\/#\/schema\/logo\/image\/"},"sameAs":["https:\/\/www.facebook.com\/regalexia","https:\/\/www.instagram.com\/regalexia\/","https:\/\/www.youtube.com\/@RegalexiaRegalaIlusiones"]}]}},"_links":{"self":[{"href":"https:\/\/regalexia.com\/ca\/wp-json\/wp\/v2\/product\/2955","targetHints":{"allow":["GET"]}}],"collection":[{"href":"https:\/\/regalexia.com\/ca\/wp-json\/wp\/v2\/product"}],"about":[{"href":"https:\/\/regalexia.com\/ca\/wp-json\/wp\/v2\/types\/product"}],"replies":[{"embeddable":true,"href":"https:\/\/regalexia.com\/ca\/wp-json\/wp\/v2\/comments?post=2955"}],"wp:featuredmedia":[{"embeddable":true,"href":"https:\/\/regalexia.com\/ca\/wp-json\/wp\/v2\/media\/8321"}],"wp:attachment":[{"href":"https:\/\/regalexia.com\/ca\/wp-json\/wp\/v2\/media?parent=2955"}],"wp:term":[{"taxonomy":"product_brand","embeddable":true,"href":"https:\/\/regalexia.com\/ca\/wp-json\/wp\/v2\/product_brand?post=2955"},{"taxonomy":"product_cat","embeddable":true,"href":"https:\/\/regalexia.com\/ca\/wp-json\/wp\/v2\/product_cat?post=2955"},{"taxonomy":"product_tag","embeddable":true,"href":"https:\/\/regalexia.com\/ca\/wp-json\/wp\/v2\/product_tag?post=2955"}],"curies":[{"name":"wp","href":"https:\/\/api.w.org\/{rel}","templated":true}]}}