 {"id":2969,"date":"2023-04-27T16:24:20","date_gmt":"2023-04-27T14:24:20","guid":{"rendered":"https:\/\/regalexia.com\/experiencias\/puente-de-mono-tirolina\/"},"modified":"2025-06-26T20:14:34","modified_gmt":"2025-06-26T18:14:34","slug":"puente-de-mono-tirolina","status":"publish","type":"product","link":"https:\/\/regalexia.com\/ca\/experiencias\/puente-de-mono-tirolina\/","title":{"rendered":"Puente de mono + Tirolina"},"content":{"rendered":"<p>Es la atracci\u00f3n perfecta para ni\u00f1os, adultos y familias. Pasan un d\u00eda divertido al mismo tiempo que alivia el estr\u00e9s en el proceso.<\/p>\n\n\n\n<p>Adem\u00e1s de divertirte, esta actividad ayuda a:<\/p>\n\n\n\n<ul class=\"wp-block-list\">\n<li>Vencer tus miedos<\/li>\n\n\n\n<li>Explorar tus l\u00edmites y capacidades<\/li>\n\n\n\n<li>Tener mejor concentraci\u00f3n<\/li>\n<\/ul>\n\n\n\n<p>Tambi\u00e9n es una excelente manera de producir&nbsp;adrenalina y endorfinas, lo que genera muy buenas sensaciones.<\/p>\n\n\n\n<blockquote class=\"wp-block-quote is-layout-flow wp-block-quote-is-layout-flow\">\n<p><strong>\u00abLa vida es una atrevida aventura o no es nada\u00bb<\/strong><\/p>\n<cite>Helen Keller<\/cite><\/blockquote>\n\n\n\n<p>\u00a1El balance entre la&nbsp;altura, la velocidad y el riesgo te dan una descarga de adrenalina como ninguna otra!<\/p>","protected":false},"excerpt":{"rendered":"<p><span style=\"font-weight: 400;\">\u00a1Haced que vuestros hijos sientan la emoci\u00f3n de volar! La impresionante tirolina en el Parque de Aventura Anigami os ofrece 200 metros de recorrido a\u00e9reo. Una aventura que desafiar\u00e1 vuestro equilibrio y los har\u00e1 sentir como aut\u00e9nticos aventureros. \u00bfEst\u00e1n listos para la diversi\u00f3n? Venid a disfrutar de esta experiencia \u00fanica en la hermosa localidad de L&#8217;Esquirol. \u00a1No esper\u00e9is m\u00e1s para regalarles esta emocionante aventura!<\/span><\/p>","protected":false},"featured_media":8324,"comment_status":"open","ping_status":"closed","template":"","meta":{"id_video":[],"enlace_video":[],"enlace_captura":[],"invitacion_anexada":[],"pedido_anexado":[]},"product_brand":[],"product_cat":[45],"product_tag":[],"class_list":{"0":"post-2969","1":"product","2":"type-product","3":"status-publish","4":"has-post-thumbnail","6":"product_cat-explorador","8":"first","9":"instock","10":"shipping-taxable","11":"purchasable","12":"product-type-simple"},"exclude_global_add_ons":false,"addons":[{"name":"Entrada","type":"multiple_choice","position":0,"required":true,"title_format":"label","default":"","description_enable":false,"description":"","placeholder_enable":false,"placeholder":"","display":"select","restrictions_type":"any_text","adjust_price":false,"price":"","price_type":"flat_fee","restrictions":false,"min":"0","max":"0","options":[{"label":"Adulto","price":"6","price_type":"quantity_based","image":0,"visibility":true},{"label":"Ni\u00f1o","price":"","price_type":"quantity_based","image":0,"visibility":true}],"id":1704996812}],"yoast_head":"<!-- This site is optimized with the Yoast SEO plugin v27.3 - https:\/\/yoast.com\/product\/yoast-seo-wordpress\/ -->\n<title>Puente de mono + Tirolina - Regalexia<\/title>\n<meta name=\"robots\" content=\"index, follow, max-snippet:-1, max-image-preview:large, max-video-preview:-1\" \/>\n<link rel=\"canonical\" href=\"https:\/\/regalexia.com\/ca\/experiencias\/puente-de-mono-tirolina\/\" \/>\n<meta property=\"og:locale\" content=\"ca_ES\" \/>\n<meta property=\"og:type\" content=\"article\" \/>\n<meta property=\"og:title\" content=\"Puente de mono + Tirolina - Regalexia\" \/>\n<meta property=\"og:description\" content=\"\u00a1Haced que vuestros hijos sientan la emoci\u00f3n de volar! La impresionante tirolina en el Parque de Aventura Anigami os ofrece 200 metros de recorrido a\u00e9reo. Una aventura que desafiar\u00e1 vuestro equilibrio y los har\u00e1 sentir como aut\u00e9nticos aventureros. \u00bfEst\u00e1n listos para la diversi\u00f3n? Venid a disfrutar de esta experiencia \u00fanica en la hermosa localidad de L&#039;Esquirol. \u00a1No esper\u00e9is m\u00e1s para regalarles esta emocionante aventura!\" \/>\n<meta property=\"og:url\" content=\"https:\/\/regalexia.com\/ca\/experiencias\/puente-de-mono-tirolina\/\" \/>\n<meta property=\"og:site_name\" content=\"Regalexia\" \/>\n<meta property=\"article:publisher\" content=\"https:\/\/www.facebook.com\/regalexia\" \/>\n<meta property=\"article:modified_time\" content=\"2025-06-26T18:14:34+00:00\" \/>\n<meta property=\"og:image\" content=\"https:\/\/regalexia.com\/wp-content\/uploads\/2023\/04\/Puente-de-mono-Tirolina-B.webp\" \/>\n\t<meta property=\"og:image:width\" content=\"1024\" \/>\n\t<meta property=\"og:image:height\" content=\"768\" \/>\n\t<meta property=\"og:image:type\" content=\"image\/webp\" \/>\n<meta name=\"twitter:card\" content=\"summary_large_image\" \/>\n<meta name=\"twitter:label1\" content=\"Temps estimat de lectura\" \/>\n\t<meta name=\"twitter:data1\" content=\"1 minut\" \/>\n<script type=\"application\/ld+json\" class=\"yoast-schema-graph\">{\"@context\":\"https:\\\/\\\/schema.org\",\"@graph\":[{\"@type\":\"WebPage\",\"@id\":\"https:\\\/\\\/regalexia.com\\\/experiencias\\\/puente-de-mono-tirolina\\\/\",\"url\":\"https:\\\/\\\/regalexia.com\\\/experiencias\\\/puente-de-mono-tirolina\\\/\",\"name\":\"Puente de mono + Tirolina - Regalexia\",\"isPartOf\":{\"@id\":\"https:\\\/\\\/regalexia.com\\\/#website\"},\"primaryImageOfPage\":{\"@id\":\"https:\\\/\\\/regalexia.com\\\/experiencias\\\/puente-de-mono-tirolina\\\/#primaryimage\"},\"image\":{\"@id\":\"https:\\\/\\\/regalexia.com\\\/experiencias\\\/puente-de-mono-tirolina\\\/#primaryimage\"},\"thumbnailUrl\":\"https:\\\/\\\/regalexia.com\\\/wp-content\\\/uploads\\\/2023\\\/04\\\/Puente-de-mono-Tirolina-B.webp\",\"datePublished\":\"2023-04-27T14:24:20+00:00\",\"dateModified\":\"2025-06-26T18:14:34+00:00\",\"breadcrumb\":{\"@id\":\"https:\\\/\\\/regalexia.com\\\/experiencias\\\/puente-de-mono-tirolina\\\/#breadcrumb\"},\"inLanguage\":\"ca\",\"potentialAction\":[{\"@type\":\"ReadAction\",\"target\":[\"https:\\\/\\\/regalexia.com\\\/experiencias\\\/puente-de-mono-tirolina\\\/\"]}]},{\"@type\":\"ImageObject\",\"inLanguage\":\"ca\",\"@id\":\"https:\\\/\\\/regalexia.com\\\/experiencias\\\/puente-de-mono-tirolina\\\/#primaryimage\",\"url\":\"https:\\\/\\\/regalexia.com\\\/wp-content\\\/uploads\\\/2023\\\/04\\\/Puente-de-mono-Tirolina-B.webp\",\"contentUrl\":\"https:\\\/\\\/regalexia.com\\\/wp-content\\\/uploads\\\/2023\\\/04\\\/Puente-de-mono-Tirolina-B.webp\",\"width\":1024,\"height\":768,\"caption\":\"La imagen muestra a un ni\u00f1o, su rostro iluminado por una sonrisa radiante mientras se desliza hacia la diversi\u00f3n. \u00a1Sientan la emoci\u00f3n de volar! En la impresionante tirolina del Parque de Aventura Anigami, vuestros hijos se lanzan al vac\u00edo, con el coraz\u00f3n latiendo al ritmo de la aventura. Con 200 metros de recorrido a\u00e9reo, cada instante desaf\u00eda su equilibrio y los transporta a un mundo de pura emoci\u00f3n. Correspondiente a la categor\u00eda de explorador y experiencias originales para ni\u00f1os en Barcelona - Regalexia.\"},{\"@type\":\"BreadcrumbList\",\"@id\":\"https:\\\/\\\/regalexia.com\\\/experiencias\\\/puente-de-mono-tirolina\\\/#breadcrumb\",\"itemListElement\":[{\"@type\":\"ListItem\",\"position\":1,\"name\":\"Inicio\",\"item\":\"https:\\\/\\\/regalexia.com\\\/\"},{\"@type\":\"ListItem\",\"position\":2,\"name\":\"Experiencias\",\"item\":\"https:\\\/\\\/regalexia.com\\\/experiencias\\\/\"},{\"@type\":\"ListItem\",\"position\":3,\"name\":\"Puente de mono + Tirolina\"}]},{\"@type\":\"WebSite\",\"@id\":\"https:\\\/\\\/regalexia.com\\\/#website\",\"url\":\"https:\\\/\\\/regalexia.com\\\/\",\"name\":\"Regalexia\",\"description\":\"\",\"publisher\":{\"@id\":\"https:\\\/\\\/regalexia.com\\\/#organization\"},\"potentialAction\":[{\"@type\":\"SearchAction\",\"target\":{\"@type\":\"EntryPoint\",\"urlTemplate\":\"https:\\\/\\\/regalexia.com\\\/?s={search_term_string}\"},\"query-input\":{\"@type\":\"PropertyValueSpecification\",\"valueRequired\":true,\"valueName\":\"search_term_string\"}}],\"inLanguage\":\"ca\"},{\"@type\":\"Organization\",\"@id\":\"https:\\\/\\\/regalexia.com\\\/#organization\",\"name\":\"Regalexia\",\"url\":\"https:\\\/\\\/regalexia.com\\\/\",\"logo\":{\"@type\":\"ImageObject\",\"inLanguage\":\"ca\",\"@id\":\"https:\\\/\\\/regalexia.com\\\/#\\\/schema\\\/logo\\\/image\\\/\",\"url\":\"https:\\\/\\\/regalexia.com\\\/wp-content\\\/uploads\\\/2024\\\/05\\\/logo_webp.webp\",\"contentUrl\":\"https:\\\/\\\/regalexia.com\\\/wp-content\\\/uploads\\\/2024\\\/05\\\/logo_webp.webp\",\"width\":338,\"height\":90,\"caption\":\"Regalexia\"},\"image\":{\"@id\":\"https:\\\/\\\/regalexia.com\\\/#\\\/schema\\\/logo\\\/image\\\/\"},\"sameAs\":[\"https:\\\/\\\/www.facebook.com\\\/regalexia\",\"https:\\\/\\\/www.instagram.com\\\/regalexia\\\/\",\"https:\\\/\\\/www.youtube.com\\\/@RegalexiaRegalaIlusiones\"]}]}<\/script>\n<!-- \/ Yoast SEO plugin. -->","yoast_head_json":{"title":"Puente de mono + Tirolina - Regalexia","robots":{"index":"index","follow":"follow","max-snippet":"max-snippet:-1","max-image-preview":"max-image-preview:large","max-video-preview":"max-video-preview:-1"},"canonical":"https:\/\/regalexia.com\/ca\/experiencias\/puente-de-mono-tirolina\/","og_locale":"ca_ES","og_type":"article","og_title":"Puente de mono + Tirolina - Regalexia","og_description":"\u00a1Haced que vuestros hijos sientan la emoci\u00f3n de volar! La impresionante tirolina en el Parque de Aventura Anigami os ofrece 200 metros de recorrido a\u00e9reo. Una aventura que desafiar\u00e1 vuestro equilibrio y los har\u00e1 sentir como aut\u00e9nticos aventureros. \u00bfEst\u00e1n listos para la diversi\u00f3n? Venid a disfrutar de esta experiencia \u00fanica en la hermosa localidad de L'Esquirol. \u00a1No esper\u00e9is m\u00e1s para regalarles esta emocionante aventura!","og_url":"https:\/\/regalexia.com\/ca\/experiencias\/puente-de-mono-tirolina\/","og_site_name":"Regalexia","article_publisher":"https:\/\/www.facebook.com\/regalexia","article_modified_time":"2025-06-26T18:14:34+00:00","og_image":[{"width":1024,"height":768,"url":"https:\/\/regalexia.com\/wp-content\/uploads\/2023\/04\/Puente-de-mono-Tirolina-B.webp","type":"image\/webp"}],"twitter_card":"summary_large_image","twitter_misc":{"Temps estimat de lectura":"1 minut"},"schema":{"@context":"https:\/\/schema.org","@graph":[{"@type":"WebPage","@id":"https:\/\/regalexia.com\/experiencias\/puente-de-mono-tirolina\/","url":"https:\/\/regalexia.com\/experiencias\/puente-de-mono-tirolina\/","name":"Puente de mono + Tirolina - Regalexia","isPartOf":{"@id":"https:\/\/regalexia.com\/#website"},"primaryImageOfPage":{"@id":"https:\/\/regalexia.com\/experiencias\/puente-de-mono-tirolina\/#primaryimage"},"image":{"@id":"https:\/\/regalexia.com\/experiencias\/puente-de-mono-tirolina\/#primaryimage"},"thumbnailUrl":"https:\/\/regalexia.com\/wp-content\/uploads\/2023\/04\/Puente-de-mono-Tirolina-B.webp","datePublished":"2023-04-27T14:24:20+00:00","dateModified":"2025-06-26T18:14:34+00:00","breadcrumb":{"@id":"https:\/\/regalexia.com\/experiencias\/puente-de-mono-tirolina\/#breadcrumb"},"inLanguage":"ca","potentialAction":[{"@type":"ReadAction","target":["https:\/\/regalexia.com\/experiencias\/puente-de-mono-tirolina\/"]}]},{"@type":"ImageObject","inLanguage":"ca","@id":"https:\/\/regalexia.com\/experiencias\/puente-de-mono-tirolina\/#primaryimage","url":"https:\/\/regalexia.com\/wp-content\/uploads\/2023\/04\/Puente-de-mono-Tirolina-B.webp","contentUrl":"https:\/\/regalexia.com\/wp-content\/uploads\/2023\/04\/Puente-de-mono-Tirolina-B.webp","width":1024,"height":768,"caption":"La imagen muestra a un ni\u00f1o, su rostro iluminado por una sonrisa radiante mientras se desliza hacia la diversi\u00f3n. \u00a1Sientan la emoci\u00f3n de volar! En la impresionante tirolina del Parque de Aventura Anigami, vuestros hijos se lanzan al vac\u00edo, con el coraz\u00f3n latiendo al ritmo de la aventura. Con 200 metros de recorrido a\u00e9reo, cada instante desaf\u00eda su equilibrio y los transporta a un mundo de pura emoci\u00f3n. Correspondiente a la categor\u00eda de explorador y experiencias originales para ni\u00f1os en Barcelona - Regalexia."},{"@type":"BreadcrumbList","@id":"https:\/\/regalexia.com\/experiencias\/puente-de-mono-tirolina\/#breadcrumb","itemListElement":[{"@type":"ListItem","position":1,"name":"Inicio","item":"https:\/\/regalexia.com\/"},{"@type":"ListItem","position":2,"name":"Experiencias","item":"https:\/\/regalexia.com\/experiencias\/"},{"@type":"ListItem","position":3,"name":"Puente de mono + Tirolina"}]},{"@type":"WebSite","@id":"https:\/\/regalexia.com\/#website","url":"https:\/\/regalexia.com\/","name":"Regalexia","description":"","publisher":{"@id":"https:\/\/regalexia.com\/#organization"},"potentialAction":[{"@type":"SearchAction","target":{"@type":"EntryPoint","urlTemplate":"https:\/\/regalexia.com\/?s={search_term_string}"},"query-input":{"@type":"PropertyValueSpecification","valueRequired":true,"valueName":"search_term_string"}}],"inLanguage":"ca"},{"@type":"Organization","@id":"https:\/\/regalexia.com\/#organization","name":"Regalexia","url":"https:\/\/regalexia.com\/","logo":{"@type":"ImageObject","inLanguage":"ca","@id":"https:\/\/regalexia.com\/#\/schema\/logo\/image\/","url":"https:\/\/regalexia.com\/wp-content\/uploads\/2024\/05\/logo_webp.webp","contentUrl":"https:\/\/regalexia.com\/wp-content\/uploads\/2024\/05\/logo_webp.webp","width":338,"height":90,"caption":"Regalexia"},"image":{"@id":"https:\/\/regalexia.com\/#\/schema\/logo\/image\/"},"sameAs":["https:\/\/www.facebook.com\/regalexia","https:\/\/www.instagram.com\/regalexia\/","https:\/\/www.youtube.com\/@RegalexiaRegalaIlusiones"]}]}},"_links":{"self":[{"href":"https:\/\/regalexia.com\/ca\/wp-json\/wp\/v2\/product\/2969","targetHints":{"allow":["GET"]}}],"collection":[{"href":"https:\/\/regalexia.com\/ca\/wp-json\/wp\/v2\/product"}],"about":[{"href":"https:\/\/regalexia.com\/ca\/wp-json\/wp\/v2\/types\/product"}],"replies":[{"embeddable":true,"href":"https:\/\/regalexia.com\/ca\/wp-json\/wp\/v2\/comments?post=2969"}],"wp:featuredmedia":[{"embeddable":true,"href":"https:\/\/regalexia.com\/ca\/wp-json\/wp\/v2\/media\/8324"}],"wp:attachment":[{"href":"https:\/\/regalexia.com\/ca\/wp-json\/wp\/v2\/media?parent=2969"}],"wp:term":[{"taxonomy":"product_brand","embeddable":true,"href":"https:\/\/regalexia.com\/ca\/wp-json\/wp\/v2\/product_brand?post=2969"},{"taxonomy":"product_cat","embeddable":true,"href":"https:\/\/regalexia.com\/ca\/wp-json\/wp\/v2\/product_cat?post=2969"},{"taxonomy":"product_tag","embeddable":true,"href":"https:\/\/regalexia.com\/ca\/wp-json\/wp\/v2\/product_tag?post=2969"}],"curies":[{"name":"wp","href":"https:\/\/api.w.org\/{rel}","templated":true}]}}