 {"id":334,"date":"2023-03-15T20:43:33","date_gmt":"2023-03-15T19:43:33","guid":{"rendered":"https:\/\/regalexia.com\/store\/producto\/paseos-en-burro\/"},"modified":"2024-07-09T22:12:11","modified_gmt":"2024-07-09T20:12:11","slug":"paseos-en-burro","status":"publish","type":"product","link":"https:\/\/regalexia.com\/ca\/experiencias\/paseos-en-burro\/","title":{"rendered":"Paseos en burro"},"content":{"rendered":"<h2 class=\"wp-block-heading\">\u00a1Vive una aventura inolvidable en una caminata por la naturaleza con burros como compa\u00f1eros!<\/h2>\n\n\n\n<p>Junto con nuestros burros caminamos a los pies de los Pirineos por el parque natural de la Albera o Cap de Creus. En compa\u00f1\u00eda de tus compa\u00f1eros de cuatro patas, puedes disfrutar del paisaje mediterr\u00e1neo, las monta\u00f1as, el panorama \u00fanico y las diversas vistas en el camino sin el peso de una mochila llena. Atraviesa olivares y vi\u00f1edos, pasa por monumentos hist\u00f3ricos, pueblos pintorescos y naturaleza remota, donde las tortugas salvajes, los b\u00fahos reales y las \u00e1guilas reales tienen sus hogares.<\/p>\n\n\n\n<p>Un destino de ensue\u00f1o que te dejar\u00e1:<\/p>\n\n\n\n<ul class=\"wp-block-list\">\n<li>Aventuras y experiencias positivas<\/li>\n\n\n\n<li>Caminatas en la naturaleza y hermosos paisajes.<\/li>\n\n\n\n<li>Aventuras inesperadas que nunca olvidar\u00e1s<\/li>\n<\/ul>\n\n\n\n<p>\u00a1El bienestar de los animales y las personas es muy importante para nosotros! \u00a1Con todas las actividades, tiene la garant\u00eda de tener muchas experiencias y aventuras hermosas y tambi\u00e9n aprender muchas cosas nuevas! \u00a1Cuidar de los burros y aprender a manejarlos correctamente es parte de cada actividad!<\/p>\n\n\n\n<blockquote class=\"wp-block-quote is-layout-flow wp-block-quote-is-layout-flow\">\n<p><strong>\u00abPuedes juzgar el verdadero car\u00e1cter de un hombre por la forma en que trata a sus compa\u00f1eros animales\u00bb<\/strong><\/p>\n<cite>Paul McCartney<\/cite><\/blockquote>\n\n\n\n<p>\u00a1Las monta\u00f1as en el horizonte de la costa catalana aparecen monumentales y misteriosas, revelando su belleza inolvidable a medida que te acercas a ellas!<\/p>","protected":false},"excerpt":{"rendered":"<p>Descubre hermosos paisajes mediterr\u00e1neos haciendo senderismo en burro (burro trekking) mientras vives una aventura inolvidable acompa\u00f1ada (o) de un burro.<\/p>\n<p>Disfruta de esta gran experiencia en la localidad de Virarnadal.<\/p>\n<p>&nbsp;<\/p>","protected":false},"featured_media":8365,"comment_status":"open","ping_status":"closed","template":"","meta":{"id_video":[],"enlace_video":[],"enlace_captura":[],"invitacion_anexada":[],"pedido_anexado":[]},"product_brand":[],"product_cat":[45],"product_tag":[],"class_list":{"0":"post-334","1":"product","2":"type-product","3":"status-publish","4":"has-post-thumbnail","6":"product_cat-explorador","8":"first","9":"outofstock","10":"shipping-taxable","11":"product-type-simple"},"exclude_global_add_ons":[],"addons":[],"yoast_head":"<!-- This site is optimized with the Yoast SEO plugin v27.3 - https:\/\/yoast.com\/product\/yoast-seo-wordpress\/ -->\n<title>Paseos en burro - Regalexia<\/title>\n<meta name=\"robots\" content=\"index, follow, max-snippet:-1, max-image-preview:large, max-video-preview:-1\" \/>\n<link rel=\"canonical\" href=\"https:\/\/regalexia.com\/ca\/experiencias\/paseos-en-burro\/\" \/>\n<meta property=\"og:locale\" content=\"ca_ES\" \/>\n<meta property=\"og:type\" content=\"article\" \/>\n<meta property=\"og:title\" content=\"Paseos en burro - Regalexia\" \/>\n<meta property=\"og:description\" content=\"Descubre hermosos paisajes mediterr\u00e1neos haciendo senderismo en burro (burro trekking) mientras vives una aventura inolvidable acompa\u00f1ada (o) de un burro. Disfruta de esta gran experiencia en la localidad de Virarnadal. &nbsp;\" \/>\n<meta property=\"og:url\" content=\"https:\/\/regalexia.com\/ca\/experiencias\/paseos-en-burro\/\" \/>\n<meta property=\"og:site_name\" content=\"Regalexia\" \/>\n<meta property=\"article:publisher\" content=\"https:\/\/www.facebook.com\/regalexia\" \/>\n<meta property=\"article:modified_time\" content=\"2024-07-09T20:12:11+00:00\" \/>\n<meta property=\"og:image\" content=\"https:\/\/regalexia.com\/wp-content\/uploads\/2023\/03\/Paseos-en-burro-con-ninos-D.webp\" \/>\n\t<meta property=\"og:image:width\" content=\"1024\" \/>\n\t<meta property=\"og:image:height\" content=\"768\" \/>\n\t<meta property=\"og:image:type\" content=\"image\/webp\" \/>\n<meta name=\"twitter:card\" content=\"summary_large_image\" \/>\n<meta name=\"twitter:label1\" content=\"Temps estimat de lectura\" \/>\n\t<meta name=\"twitter:data1\" content=\"2 minuts\" \/>\n<script type=\"application\/ld+json\" class=\"yoast-schema-graph\">{\"@context\":\"https:\\\/\\\/schema.org\",\"@graph\":[{\"@type\":\"WebPage\",\"@id\":\"https:\\\/\\\/regalexia.com\\\/experiencias\\\/paseos-en-burro\\\/\",\"url\":\"https:\\\/\\\/regalexia.com\\\/experiencias\\\/paseos-en-burro\\\/\",\"name\":\"Paseos en burro - Regalexia\",\"isPartOf\":{\"@id\":\"https:\\\/\\\/regalexia.com\\\/#website\"},\"primaryImageOfPage\":{\"@id\":\"https:\\\/\\\/regalexia.com\\\/experiencias\\\/paseos-en-burro\\\/#primaryimage\"},\"image\":{\"@id\":\"https:\\\/\\\/regalexia.com\\\/experiencias\\\/paseos-en-burro\\\/#primaryimage\"},\"thumbnailUrl\":\"https:\\\/\\\/regalexia.com\\\/wp-content\\\/uploads\\\/2023\\\/03\\\/Paseos-en-burro-con-ninos-D.webp\",\"datePublished\":\"2023-03-15T19:43:33+00:00\",\"dateModified\":\"2024-07-09T20:12:11+00:00\",\"breadcrumb\":{\"@id\":\"https:\\\/\\\/regalexia.com\\\/experiencias\\\/paseos-en-burro\\\/#breadcrumb\"},\"inLanguage\":\"ca\",\"potentialAction\":[{\"@type\":\"ReadAction\",\"target\":[\"https:\\\/\\\/regalexia.com\\\/experiencias\\\/paseos-en-burro\\\/\"]}]},{\"@type\":\"ImageObject\",\"inLanguage\":\"ca\",\"@id\":\"https:\\\/\\\/regalexia.com\\\/experiencias\\\/paseos-en-burro\\\/#primaryimage\",\"url\":\"https:\\\/\\\/regalexia.com\\\/wp-content\\\/uploads\\\/2023\\\/03\\\/Paseos-en-burro-con-ninos-D.webp\",\"contentUrl\":\"https:\\\/\\\/regalexia.com\\\/wp-content\\\/uploads\\\/2023\\\/03\\\/Paseos-en-burro-con-ninos-D.webp\",\"width\":1024,\"height\":768,\"caption\":\"Imagen de tres ni\u00f1os montados en burros cruzan un r\u00edo, riendo junto a sus monitores mientras disfrutan de una aventura de senderismo en burro (burro trekking) en hermosos paisajes mediterr\u00e1neos. La alegr\u00eda en los rostros de los ni\u00f1os y la complicidad con sus monitores se reflejan en cada sonrisa y mirada c\u00f3mplice. Esta actividad ofrece una experiencia inolvidable en contacto con la naturaleza, donde cada paso es una aventura y cada momento una oportunidad para explorar, aprender y crear recuerdos especiales que perdurar\u00e1n para siempre. Correspondiente a la categor\u00eda de explorador y experiencias originales para ni\u00f1os en Barcelona - Regalexia.\"},{\"@type\":\"BreadcrumbList\",\"@id\":\"https:\\\/\\\/regalexia.com\\\/experiencias\\\/paseos-en-burro\\\/#breadcrumb\",\"itemListElement\":[{\"@type\":\"ListItem\",\"position\":1,\"name\":\"Inicio\",\"item\":\"https:\\\/\\\/regalexia.com\\\/\"},{\"@type\":\"ListItem\",\"position\":2,\"name\":\"Experiencias\",\"item\":\"https:\\\/\\\/regalexia.com\\\/experiencias\\\/\"},{\"@type\":\"ListItem\",\"position\":3,\"name\":\"Paseos en burro\"}]},{\"@type\":\"WebSite\",\"@id\":\"https:\\\/\\\/regalexia.com\\\/#website\",\"url\":\"https:\\\/\\\/regalexia.com\\\/\",\"name\":\"Regalexia\",\"description\":\"\",\"publisher\":{\"@id\":\"https:\\\/\\\/regalexia.com\\\/#organization\"},\"potentialAction\":[{\"@type\":\"SearchAction\",\"target\":{\"@type\":\"EntryPoint\",\"urlTemplate\":\"https:\\\/\\\/regalexia.com\\\/?s={search_term_string}\"},\"query-input\":{\"@type\":\"PropertyValueSpecification\",\"valueRequired\":true,\"valueName\":\"search_term_string\"}}],\"inLanguage\":\"ca\"},{\"@type\":\"Organization\",\"@id\":\"https:\\\/\\\/regalexia.com\\\/#organization\",\"name\":\"Regalexia\",\"url\":\"https:\\\/\\\/regalexia.com\\\/\",\"logo\":{\"@type\":\"ImageObject\",\"inLanguage\":\"ca\",\"@id\":\"https:\\\/\\\/regalexia.com\\\/#\\\/schema\\\/logo\\\/image\\\/\",\"url\":\"https:\\\/\\\/regalexia.com\\\/wp-content\\\/uploads\\\/2024\\\/05\\\/logo_webp.webp\",\"contentUrl\":\"https:\\\/\\\/regalexia.com\\\/wp-content\\\/uploads\\\/2024\\\/05\\\/logo_webp.webp\",\"width\":338,\"height\":90,\"caption\":\"Regalexia\"},\"image\":{\"@id\":\"https:\\\/\\\/regalexia.com\\\/#\\\/schema\\\/logo\\\/image\\\/\"},\"sameAs\":[\"https:\\\/\\\/www.facebook.com\\\/regalexia\",\"https:\\\/\\\/www.instagram.com\\\/regalexia\\\/\",\"https:\\\/\\\/www.youtube.com\\\/@RegalexiaRegalaIlusiones\"]}]}<\/script>\n<!-- \/ Yoast SEO plugin. -->","yoast_head_json":{"title":"Paseos en burro - Regalexia","robots":{"index":"index","follow":"follow","max-snippet":"max-snippet:-1","max-image-preview":"max-image-preview:large","max-video-preview":"max-video-preview:-1"},"canonical":"https:\/\/regalexia.com\/ca\/experiencias\/paseos-en-burro\/","og_locale":"ca_ES","og_type":"article","og_title":"Paseos en burro - Regalexia","og_description":"Descubre hermosos paisajes mediterr\u00e1neos haciendo senderismo en burro (burro trekking) mientras vives una aventura inolvidable acompa\u00f1ada (o) de un burro. Disfruta de esta gran experiencia en la localidad de Virarnadal. &nbsp;","og_url":"https:\/\/regalexia.com\/ca\/experiencias\/paseos-en-burro\/","og_site_name":"Regalexia","article_publisher":"https:\/\/www.facebook.com\/regalexia","article_modified_time":"2024-07-09T20:12:11+00:00","og_image":[{"width":1024,"height":768,"url":"https:\/\/regalexia.com\/wp-content\/uploads\/2023\/03\/Paseos-en-burro-con-ninos-D.webp","type":"image\/webp"}],"twitter_card":"summary_large_image","twitter_misc":{"Temps estimat de lectura":"2 minuts"},"schema":{"@context":"https:\/\/schema.org","@graph":[{"@type":"WebPage","@id":"https:\/\/regalexia.com\/experiencias\/paseos-en-burro\/","url":"https:\/\/regalexia.com\/experiencias\/paseos-en-burro\/","name":"Paseos en burro - Regalexia","isPartOf":{"@id":"https:\/\/regalexia.com\/#website"},"primaryImageOfPage":{"@id":"https:\/\/regalexia.com\/experiencias\/paseos-en-burro\/#primaryimage"},"image":{"@id":"https:\/\/regalexia.com\/experiencias\/paseos-en-burro\/#primaryimage"},"thumbnailUrl":"https:\/\/regalexia.com\/wp-content\/uploads\/2023\/03\/Paseos-en-burro-con-ninos-D.webp","datePublished":"2023-03-15T19:43:33+00:00","dateModified":"2024-07-09T20:12:11+00:00","breadcrumb":{"@id":"https:\/\/regalexia.com\/experiencias\/paseos-en-burro\/#breadcrumb"},"inLanguage":"ca","potentialAction":[{"@type":"ReadAction","target":["https:\/\/regalexia.com\/experiencias\/paseos-en-burro\/"]}]},{"@type":"ImageObject","inLanguage":"ca","@id":"https:\/\/regalexia.com\/experiencias\/paseos-en-burro\/#primaryimage","url":"https:\/\/regalexia.com\/wp-content\/uploads\/2023\/03\/Paseos-en-burro-con-ninos-D.webp","contentUrl":"https:\/\/regalexia.com\/wp-content\/uploads\/2023\/03\/Paseos-en-burro-con-ninos-D.webp","width":1024,"height":768,"caption":"Imagen de tres ni\u00f1os montados en burros cruzan un r\u00edo, riendo junto a sus monitores mientras disfrutan de una aventura de senderismo en burro (burro trekking) en hermosos paisajes mediterr\u00e1neos. La alegr\u00eda en los rostros de los ni\u00f1os y la complicidad con sus monitores se reflejan en cada sonrisa y mirada c\u00f3mplice. Esta actividad ofrece una experiencia inolvidable en contacto con la naturaleza, donde cada paso es una aventura y cada momento una oportunidad para explorar, aprender y crear recuerdos especiales que perdurar\u00e1n para siempre. Correspondiente a la categor\u00eda de explorador y experiencias originales para ni\u00f1os en Barcelona - Regalexia."},{"@type":"BreadcrumbList","@id":"https:\/\/regalexia.com\/experiencias\/paseos-en-burro\/#breadcrumb","itemListElement":[{"@type":"ListItem","position":1,"name":"Inicio","item":"https:\/\/regalexia.com\/"},{"@type":"ListItem","position":2,"name":"Experiencias","item":"https:\/\/regalexia.com\/experiencias\/"},{"@type":"ListItem","position":3,"name":"Paseos en burro"}]},{"@type":"WebSite","@id":"https:\/\/regalexia.com\/#website","url":"https:\/\/regalexia.com\/","name":"Regalexia","description":"","publisher":{"@id":"https:\/\/regalexia.com\/#organization"},"potentialAction":[{"@type":"SearchAction","target":{"@type":"EntryPoint","urlTemplate":"https:\/\/regalexia.com\/?s={search_term_string}"},"query-input":{"@type":"PropertyValueSpecification","valueRequired":true,"valueName":"search_term_string"}}],"inLanguage":"ca"},{"@type":"Organization","@id":"https:\/\/regalexia.com\/#organization","name":"Regalexia","url":"https:\/\/regalexia.com\/","logo":{"@type":"ImageObject","inLanguage":"ca","@id":"https:\/\/regalexia.com\/#\/schema\/logo\/image\/","url":"https:\/\/regalexia.com\/wp-content\/uploads\/2024\/05\/logo_webp.webp","contentUrl":"https:\/\/regalexia.com\/wp-content\/uploads\/2024\/05\/logo_webp.webp","width":338,"height":90,"caption":"Regalexia"},"image":{"@id":"https:\/\/regalexia.com\/#\/schema\/logo\/image\/"},"sameAs":["https:\/\/www.facebook.com\/regalexia","https:\/\/www.instagram.com\/regalexia\/","https:\/\/www.youtube.com\/@RegalexiaRegalaIlusiones"]}]}},"_links":{"self":[{"href":"https:\/\/regalexia.com\/ca\/wp-json\/wp\/v2\/product\/334","targetHints":{"allow":["GET"]}}],"collection":[{"href":"https:\/\/regalexia.com\/ca\/wp-json\/wp\/v2\/product"}],"about":[{"href":"https:\/\/regalexia.com\/ca\/wp-json\/wp\/v2\/types\/product"}],"replies":[{"embeddable":true,"href":"https:\/\/regalexia.com\/ca\/wp-json\/wp\/v2\/comments?post=334"}],"wp:featuredmedia":[{"embeddable":true,"href":"https:\/\/regalexia.com\/ca\/wp-json\/wp\/v2\/media\/8365"}],"wp:attachment":[{"href":"https:\/\/regalexia.com\/ca\/wp-json\/wp\/v2\/media?parent=334"}],"wp:term":[{"taxonomy":"product_brand","embeddable":true,"href":"https:\/\/regalexia.com\/ca\/wp-json\/wp\/v2\/product_brand?post=334"},{"taxonomy":"product_cat","embeddable":true,"href":"https:\/\/regalexia.com\/ca\/wp-json\/wp\/v2\/product_cat?post=334"},{"taxonomy":"product_tag","embeddable":true,"href":"https:\/\/regalexia.com\/ca\/wp-json\/wp\/v2\/product_tag?post=334"}],"curies":[{"name":"wp","href":"https:\/\/api.w.org\/{rel}","templated":true}]}}