 {"id":3430,"date":"2023-05-27T05:13:19","date_gmt":"2023-05-27T03:13:19","guid":{"rendered":"https:\/\/regalexia.com\/?post_type=product&#038;p=3430"},"modified":"2025-02-19T15:02:50","modified_gmt":"2025-02-19T14:02:50","slug":"bricolaje-moldea-y-pinta","status":"publish","type":"product","link":"https:\/\/regalexia.com\/ca\/experiencias\/bricolaje-moldea-y-pinta\/","title":{"rendered":"Bricolaje, moldea y pinta"},"content":{"rendered":"<h2 class=\"wp-block-heading\">\u00a1Bienvenidos al emocionante Taller de bricolaje, molde y pintura para ni\u00f1as y ni\u00f1os entre 7 y 11 a\u00f1os de edad!<\/h2>\n\n\n\n<p>En este divertido espacio, los peque\u00f1os artistas tienen la oportunidad de dar rienda suelta a su imaginaci\u00f3n y crear maravillosas maquetas con madera y cola.<\/p>\n\n\n\n<p>Durante el taller, los participantes disfrutan de la emoci\u00f3n de construir sus propias maquetas, siguiendo sencillos pasos y guiados por expertos en bricolaje.<\/p>\n\n\n\n<p>Cada ni\u00f1a y ni\u00f1o aprende habilidades pr\u00e1cticas, como cortar y ensamblar piezas de madera, esto fomenta su destreza manual y su capacidad de resoluci\u00f3n de problemas. \u00a1Son aut\u00e9nticos arquitectos en miniatura!<\/p>\n\n\n\n<p>Una vez que las maquetas est\u00e9n listas y secas, llega el momento m\u00e1s emocionante: \u00a1pintarlas para darles vida! Los ni\u00f1os eligen entre una amplia gama de colores vibrantes y dejan volar su imaginaci\u00f3n al decorar sus creaciones. Cada pincelada es una oportunidad para plasmar sus sue\u00f1os y convertir simples piezas de madera en aut\u00e9nticas obras de arte. \u00a1Es un festival de colores y sonrisas! Un artist@ expert@ os guia durante el taller y participa con vosotros.<\/p>\n\n\n\n<ul class=\"wp-block-list\">\n<li>A todos los ni\u00f1@s les encantan las actividades pl\u00e1sticas, porque disfrutan, se evaden y son ellos mismos<\/li>\n\n\n\n<li>A todos estos beneficios de la pintura, le sumamos la estimulaci\u00f3n visual mediante la diferenciaci\u00f3n de luz y oscuridad y la percepci\u00f3n de colores en la oscuridad usando pinturas fluorescentes.<\/li>\n<\/ul>\n\n\n\n<p>Incluye: \u201cpiscolabis\u201d para amenizar y disfrutar. Si existe alg\u00fan tipo de intolerancia o alergia se debe avisar.<\/p>\n\n\n\n<blockquote class=\"wp-block-quote is-layout-flow wp-block-quote-is-layout-flow\">\n<p><strong>\u00abLa creatividad es contagiosa, \u00a1p\u00e1sala!\u00bb<\/strong><\/p>\n<cite>Albert Einstein<\/cite><\/blockquote>\n\n\n\n<p>T\u00fa pon la diversi\u00f3n y nosotros ponemos todo lo necesario para que puedas crear tu obra maestra y llev\u00e1rtela a casa.<\/p>","protected":false},"excerpt":{"rendered":"<p><span style=\"font-weight: 400\">\u00a1Despiertad la creatividad en vuestros hijos con este emocionante taller en Matar\u00f3! Los peque\u00f1os artistas pueden dar rienda suelta a su imaginaci\u00f3n al crear maquetas de madera y darles vida con color y pintura. Este paquete exclusivo garantiza una experiencia inolvidable. No esper\u00e9is m\u00e1s, regalad alegr\u00eda y diversi\u00f3n a vuestros hijos ahora mismo. \u00a1La aventura creativa os espera en Regalexia! \u00a1Hacedlo ahora!<\/span><\/p>","protected":false},"featured_media":8329,"comment_status":"open","ping_status":"closed","template":"","meta":{"id_video":[],"enlace_video":[],"enlace_captura":[],"invitacion_anexada":[],"pedido_anexado":[]},"product_brand":[],"product_cat":[48],"product_tag":[],"class_list":{"0":"post-3430","1":"product","2":"type-product","3":"status-publish","4":"has-post-thumbnail","6":"product_cat-creativo","8":"first","9":"outofstock","10":"shipping-taxable","11":"purchasable","12":"product-type-simple"},"exclude_global_add_ons":false,"addons":[{"name":"Entrada","type":"multiple_choice","position":0,"required":true,"title_format":"label","default":"","description_enable":false,"description":"","placeholder_enable":false,"placeholder":"","display":"select","restrictions_type":"any_text","adjust_price":false,"price":"","price_type":"flat_fee","restrictions":false,"min":"0","max":"0","options":[{"label":"1 ni\u00f1o","price":"3","price_type":"quantity_based","image":0,"visibility":true},{"label":"1 Adulto + 1 ni\u00f1o","price":"22","price_type":"quantity_based","image":0,"visibility":true},{"label":"Pack 4 personas","price":"68","price_type":"quantity_based","image":0,"visibility":true}],"id":1716485028}],"yoast_head":"<!-- This site is optimized with the Yoast SEO plugin v27.3 - https:\/\/yoast.com\/product\/yoast-seo-wordpress\/ -->\n<title>Bricolaje, moldea y pinta - Regalexia<\/title>\n<meta name=\"robots\" content=\"index, follow, max-snippet:-1, max-image-preview:large, max-video-preview:-1\" \/>\n<link rel=\"canonical\" href=\"https:\/\/regalexia.com\/ca\/experiencias\/bricolaje-moldea-y-pinta\/\" \/>\n<meta property=\"og:locale\" content=\"ca_ES\" \/>\n<meta property=\"og:type\" content=\"article\" \/>\n<meta property=\"og:title\" content=\"Bricolaje, moldea y pinta - Regalexia\" \/>\n<meta property=\"og:description\" content=\"\u00a1Despiertad la creatividad en vuestros hijos con este emocionante taller en Matar\u00f3! Los peque\u00f1os artistas pueden dar rienda suelta a su imaginaci\u00f3n al crear maquetas de madera y darles vida con color y pintura. Este paquete exclusivo garantiza una experiencia inolvidable. No esper\u00e9is m\u00e1s, regalad alegr\u00eda y diversi\u00f3n a vuestros hijos ahora mismo. \u00a1La aventura creativa os espera en Regalexia! \u00a1Hacedlo ahora!\" \/>\n<meta property=\"og:url\" content=\"https:\/\/regalexia.com\/ca\/experiencias\/bricolaje-moldea-y-pinta\/\" \/>\n<meta property=\"og:site_name\" content=\"Regalexia\" \/>\n<meta property=\"article:publisher\" content=\"https:\/\/www.facebook.com\/regalexia\" \/>\n<meta property=\"article:modified_time\" content=\"2025-02-19T14:02:50+00:00\" \/>\n<meta property=\"og:image\" content=\"https:\/\/regalexia.com\/wp-content\/uploads\/2023\/05\/brincolaje-moldea-y-pinta-c.webp\" \/>\n\t<meta property=\"og:image:width\" content=\"1024\" \/>\n\t<meta property=\"og:image:height\" content=\"768\" \/>\n\t<meta property=\"og:image:type\" content=\"image\/webp\" \/>\n<meta name=\"twitter:card\" content=\"summary_large_image\" \/>\n<meta name=\"twitter:label1\" content=\"Temps estimat de lectura\" \/>\n\t<meta name=\"twitter:data1\" content=\"2 minuts\" \/>\n<script type=\"application\/ld+json\" class=\"yoast-schema-graph\">{\"@context\":\"https:\\\/\\\/schema.org\",\"@graph\":[{\"@type\":\"WebPage\",\"@id\":\"https:\\\/\\\/regalexia.com\\\/experiencias\\\/bricolaje-moldea-y-pinta\\\/\",\"url\":\"https:\\\/\\\/regalexia.com\\\/experiencias\\\/bricolaje-moldea-y-pinta\\\/\",\"name\":\"Bricolaje, moldea y pinta - Regalexia\",\"isPartOf\":{\"@id\":\"https:\\\/\\\/regalexia.com\\\/#website\"},\"primaryImageOfPage\":{\"@id\":\"https:\\\/\\\/regalexia.com\\\/experiencias\\\/bricolaje-moldea-y-pinta\\\/#primaryimage\"},\"image\":{\"@id\":\"https:\\\/\\\/regalexia.com\\\/experiencias\\\/bricolaje-moldea-y-pinta\\\/#primaryimage\"},\"thumbnailUrl\":\"https:\\\/\\\/regalexia.com\\\/wp-content\\\/uploads\\\/2023\\\/05\\\/brincolaje-moldea-y-pinta-c.webp\",\"datePublished\":\"2023-05-27T03:13:19+00:00\",\"dateModified\":\"2025-02-19T14:02:50+00:00\",\"breadcrumb\":{\"@id\":\"https:\\\/\\\/regalexia.com\\\/experiencias\\\/bricolaje-moldea-y-pinta\\\/#breadcrumb\"},\"inLanguage\":\"ca\",\"potentialAction\":[{\"@type\":\"ReadAction\",\"target\":[\"https:\\\/\\\/regalexia.com\\\/experiencias\\\/bricolaje-moldea-y-pinta\\\/\"]}]},{\"@type\":\"ImageObject\",\"inLanguage\":\"ca\",\"@id\":\"https:\\\/\\\/regalexia.com\\\/experiencias\\\/bricolaje-moldea-y-pinta\\\/#primaryimage\",\"url\":\"https:\\\/\\\/regalexia.com\\\/wp-content\\\/uploads\\\/2023\\\/05\\\/brincolaje-moldea-y-pinta-c.webp\",\"contentUrl\":\"https:\\\/\\\/regalexia.com\\\/wp-content\\\/uploads\\\/2023\\\/05\\\/brincolaje-moldea-y-pinta-c.webp\",\"width\":1024,\"height\":768,\"caption\":\"En la imagen, se observa un hermoso avi\u00f3n de juguete hecho de madera, pintado con colores vibrantes y dise\u00f1os alegres. El avi\u00f3n tiene un fuselaje rojo con ventanas blancas y detalles en naranja, mientras que las alas est\u00e1n decoradas con grandes estrellas amarillas sobre un fondo azul y rosa. Correspondiente a la categor\u00eda de creativo en experiencias para regalar a ni\u00f1os en Barcelona - Regalexia\"},{\"@type\":\"BreadcrumbList\",\"@id\":\"https:\\\/\\\/regalexia.com\\\/experiencias\\\/bricolaje-moldea-y-pinta\\\/#breadcrumb\",\"itemListElement\":[{\"@type\":\"ListItem\",\"position\":1,\"name\":\"Inicio\",\"item\":\"https:\\\/\\\/regalexia.com\\\/\"},{\"@type\":\"ListItem\",\"position\":2,\"name\":\"Experiencias\",\"item\":\"https:\\\/\\\/regalexia.com\\\/experiencias\\\/\"},{\"@type\":\"ListItem\",\"position\":3,\"name\":\"Bricolaje, moldea y pinta\"}]},{\"@type\":\"WebSite\",\"@id\":\"https:\\\/\\\/regalexia.com\\\/#website\",\"url\":\"https:\\\/\\\/regalexia.com\\\/\",\"name\":\"Regalexia\",\"description\":\"\",\"publisher\":{\"@id\":\"https:\\\/\\\/regalexia.com\\\/#organization\"},\"potentialAction\":[{\"@type\":\"SearchAction\",\"target\":{\"@type\":\"EntryPoint\",\"urlTemplate\":\"https:\\\/\\\/regalexia.com\\\/?s={search_term_string}\"},\"query-input\":{\"@type\":\"PropertyValueSpecification\",\"valueRequired\":true,\"valueName\":\"search_term_string\"}}],\"inLanguage\":\"ca\"},{\"@type\":\"Organization\",\"@id\":\"https:\\\/\\\/regalexia.com\\\/#organization\",\"name\":\"Regalexia\",\"url\":\"https:\\\/\\\/regalexia.com\\\/\",\"logo\":{\"@type\":\"ImageObject\",\"inLanguage\":\"ca\",\"@id\":\"https:\\\/\\\/regalexia.com\\\/#\\\/schema\\\/logo\\\/image\\\/\",\"url\":\"https:\\\/\\\/regalexia.com\\\/wp-content\\\/uploads\\\/2024\\\/05\\\/logo_webp.webp\",\"contentUrl\":\"https:\\\/\\\/regalexia.com\\\/wp-content\\\/uploads\\\/2024\\\/05\\\/logo_webp.webp\",\"width\":338,\"height\":90,\"caption\":\"Regalexia\"},\"image\":{\"@id\":\"https:\\\/\\\/regalexia.com\\\/#\\\/schema\\\/logo\\\/image\\\/\"},\"sameAs\":[\"https:\\\/\\\/www.facebook.com\\\/regalexia\",\"https:\\\/\\\/www.instagram.com\\\/regalexia\\\/\",\"https:\\\/\\\/www.youtube.com\\\/@RegalexiaRegalaIlusiones\"]}]}<\/script>\n<!-- \/ Yoast SEO plugin. -->","yoast_head_json":{"title":"Bricolaje, moldea y pinta - Regalexia","robots":{"index":"index","follow":"follow","max-snippet":"max-snippet:-1","max-image-preview":"max-image-preview:large","max-video-preview":"max-video-preview:-1"},"canonical":"https:\/\/regalexia.com\/ca\/experiencias\/bricolaje-moldea-y-pinta\/","og_locale":"ca_ES","og_type":"article","og_title":"Bricolaje, moldea y pinta - Regalexia","og_description":"\u00a1Despiertad la creatividad en vuestros hijos con este emocionante taller en Matar\u00f3! Los peque\u00f1os artistas pueden dar rienda suelta a su imaginaci\u00f3n al crear maquetas de madera y darles vida con color y pintura. Este paquete exclusivo garantiza una experiencia inolvidable. No esper\u00e9is m\u00e1s, regalad alegr\u00eda y diversi\u00f3n a vuestros hijos ahora mismo. \u00a1La aventura creativa os espera en Regalexia! \u00a1Hacedlo ahora!","og_url":"https:\/\/regalexia.com\/ca\/experiencias\/bricolaje-moldea-y-pinta\/","og_site_name":"Regalexia","article_publisher":"https:\/\/www.facebook.com\/regalexia","article_modified_time":"2025-02-19T14:02:50+00:00","og_image":[{"width":1024,"height":768,"url":"https:\/\/regalexia.com\/wp-content\/uploads\/2023\/05\/brincolaje-moldea-y-pinta-c.webp","type":"image\/webp"}],"twitter_card":"summary_large_image","twitter_misc":{"Temps estimat de lectura":"2 minuts"},"schema":{"@context":"https:\/\/schema.org","@graph":[{"@type":"WebPage","@id":"https:\/\/regalexia.com\/experiencias\/bricolaje-moldea-y-pinta\/","url":"https:\/\/regalexia.com\/experiencias\/bricolaje-moldea-y-pinta\/","name":"Bricolaje, moldea y pinta - Regalexia","isPartOf":{"@id":"https:\/\/regalexia.com\/#website"},"primaryImageOfPage":{"@id":"https:\/\/regalexia.com\/experiencias\/bricolaje-moldea-y-pinta\/#primaryimage"},"image":{"@id":"https:\/\/regalexia.com\/experiencias\/bricolaje-moldea-y-pinta\/#primaryimage"},"thumbnailUrl":"https:\/\/regalexia.com\/wp-content\/uploads\/2023\/05\/brincolaje-moldea-y-pinta-c.webp","datePublished":"2023-05-27T03:13:19+00:00","dateModified":"2025-02-19T14:02:50+00:00","breadcrumb":{"@id":"https:\/\/regalexia.com\/experiencias\/bricolaje-moldea-y-pinta\/#breadcrumb"},"inLanguage":"ca","potentialAction":[{"@type":"ReadAction","target":["https:\/\/regalexia.com\/experiencias\/bricolaje-moldea-y-pinta\/"]}]},{"@type":"ImageObject","inLanguage":"ca","@id":"https:\/\/regalexia.com\/experiencias\/bricolaje-moldea-y-pinta\/#primaryimage","url":"https:\/\/regalexia.com\/wp-content\/uploads\/2023\/05\/brincolaje-moldea-y-pinta-c.webp","contentUrl":"https:\/\/regalexia.com\/wp-content\/uploads\/2023\/05\/brincolaje-moldea-y-pinta-c.webp","width":1024,"height":768,"caption":"En la imagen, se observa un hermoso avi\u00f3n de juguete hecho de madera, pintado con colores vibrantes y dise\u00f1os alegres. El avi\u00f3n tiene un fuselaje rojo con ventanas blancas y detalles en naranja, mientras que las alas est\u00e1n decoradas con grandes estrellas amarillas sobre un fondo azul y rosa. Correspondiente a la categor\u00eda de creativo en experiencias para regalar a ni\u00f1os en Barcelona - Regalexia"},{"@type":"BreadcrumbList","@id":"https:\/\/regalexia.com\/experiencias\/bricolaje-moldea-y-pinta\/#breadcrumb","itemListElement":[{"@type":"ListItem","position":1,"name":"Inicio","item":"https:\/\/regalexia.com\/"},{"@type":"ListItem","position":2,"name":"Experiencias","item":"https:\/\/regalexia.com\/experiencias\/"},{"@type":"ListItem","position":3,"name":"Bricolaje, moldea y pinta"}]},{"@type":"WebSite","@id":"https:\/\/regalexia.com\/#website","url":"https:\/\/regalexia.com\/","name":"Regalexia","description":"","publisher":{"@id":"https:\/\/regalexia.com\/#organization"},"potentialAction":[{"@type":"SearchAction","target":{"@type":"EntryPoint","urlTemplate":"https:\/\/regalexia.com\/?s={search_term_string}"},"query-input":{"@type":"PropertyValueSpecification","valueRequired":true,"valueName":"search_term_string"}}],"inLanguage":"ca"},{"@type":"Organization","@id":"https:\/\/regalexia.com\/#organization","name":"Regalexia","url":"https:\/\/regalexia.com\/","logo":{"@type":"ImageObject","inLanguage":"ca","@id":"https:\/\/regalexia.com\/#\/schema\/logo\/image\/","url":"https:\/\/regalexia.com\/wp-content\/uploads\/2024\/05\/logo_webp.webp","contentUrl":"https:\/\/regalexia.com\/wp-content\/uploads\/2024\/05\/logo_webp.webp","width":338,"height":90,"caption":"Regalexia"},"image":{"@id":"https:\/\/regalexia.com\/#\/schema\/logo\/image\/"},"sameAs":["https:\/\/www.facebook.com\/regalexia","https:\/\/www.instagram.com\/regalexia\/","https:\/\/www.youtube.com\/@RegalexiaRegalaIlusiones"]}]}},"_links":{"self":[{"href":"https:\/\/regalexia.com\/ca\/wp-json\/wp\/v2\/product\/3430","targetHints":{"allow":["GET"]}}],"collection":[{"href":"https:\/\/regalexia.com\/ca\/wp-json\/wp\/v2\/product"}],"about":[{"href":"https:\/\/regalexia.com\/ca\/wp-json\/wp\/v2\/types\/product"}],"replies":[{"embeddable":true,"href":"https:\/\/regalexia.com\/ca\/wp-json\/wp\/v2\/comments?post=3430"}],"wp:featuredmedia":[{"embeddable":true,"href":"https:\/\/regalexia.com\/ca\/wp-json\/wp\/v2\/media\/8329"}],"wp:attachment":[{"href":"https:\/\/regalexia.com\/ca\/wp-json\/wp\/v2\/media?parent=3430"}],"wp:term":[{"taxonomy":"product_brand","embeddable":true,"href":"https:\/\/regalexia.com\/ca\/wp-json\/wp\/v2\/product_brand?post=3430"},{"taxonomy":"product_cat","embeddable":true,"href":"https:\/\/regalexia.com\/ca\/wp-json\/wp\/v2\/product_cat?post=3430"},{"taxonomy":"product_tag","embeddable":true,"href":"https:\/\/regalexia.com\/ca\/wp-json\/wp\/v2\/product_tag?post=3430"}],"curies":[{"name":"wp","href":"https:\/\/api.w.org\/{rel}","templated":true}]}}