 {"id":37,"date":"2023-01-20T01:37:32","date_gmt":"2023-01-20T00:37:32","guid":{"rendered":"https:\/\/regalexia.com\/store\/producto\/visita-las-aves-rapaces-del-zoo-del-pirineu\/"},"modified":"2025-06-26T19:43:03","modified_gmt":"2025-06-26T17:43:03","slug":"entrena-a-las-aves-rapaces","status":"publish","type":"product","link":"https:\/\/regalexia.com\/ca\/experiencias\/entrena-a-las-aves-rapaces\/","title":{"rendered":"Entrena a las aves rapaces"},"content":{"rendered":"<h2 class=\"wp-block-heading\">Entrena a las aves rapaces del Zoo del Pirineu, un regalo perfecto para los ni\u00f1os que quieren vivir una experiencia nueva, aut\u00e9ntica e inolvidable.<\/h2>\n\n\n\n<p>\u00bfConoces esta sensaci\u00f3n inquietante cuando est\u00e1s desenvolviendo regalos y no sabes qu\u00e9 hay dentro? Imagina que resulta ser una sorpresa inesperada, que supera mil veces todas las expectativas.<\/p>\n\n\n\n<p>El curso de cetrer\u00eda es un regalo perfecto para las personas que quieren vivir una experiencia nueva, aut\u00e9ntica e inolvidable.<\/p>\n\n\n\n<p>Todo un d\u00eda en plena naturaleza con aves rapaces.<\/p>\n\n\n\n<p>Para asegurar que tu experiencia sea lo m\u00e1s intensa posible, en el curso de cetrer\u00eda participan un m\u00e1ximo de 5 personas. Tambi\u00e9n te pueden acompa\u00f1ar personas que no participen directamente en el curso.<\/p>\n\n\n\n<p><strong>Planificaci\u00f3n:<\/strong><\/p>\n\n\n\n<p>10:00 &#8211; 10:30 Bienvenida y presentaci\u00f3n<br>10:30 &#8211; 11:00 Primer contacto con las aves<br>11:00 &#8211; 12:00 Exhibici\u00f3n de vuelo de aves rapaces<br>12:00 &#8211; 14:00 B\u00fahos<br>14:00 &#8211; 15:00 Pausa para comer (La comida no est\u00e1 incluida en el precio del curso, recomendamos que lleves comida de casa.)<br>15:00 &#8211; 17:00 Halcones y \u00e1guilas<br>17:00 Final del curso de cetrer\u00eda<\/p>\n\n\n\n<blockquote class=\"wp-block-quote is-layout-flow wp-block-quote-is-layout-flow\">\n<p><strong>\u00abEl amor por todas las criaturas vivientes es el m\u00e1s noble atributo del ser humano\u00bb<\/strong><\/p>\n<cite>Charles Darwin<\/cite><\/blockquote>\n\n\n\n<p>En este Zoo aprendes muchas cosas interesantes sobre la vida silvestre. Entra en contacto con aves rapaces en plena naturaleza en un lugar extraordinario. T\u00fa eres el protagonista de \u00e9sta maravillosa experiencia.<\/p>\n\n\n\n<p><strong>El \u00abacompa\u00f1ante\u00bb no interact\u00faa con los animales y el m\u00e1ximo de acompa\u00f1antes es 2 por cada persona.<\/strong><\/p>","protected":false},"excerpt":{"rendered":"<p><span style=\"font-weight: 400;\">\u00a1Siente el vuelo junto a las majestuosas aves rapaces de Espa\u00f1a! Experimenta la emoci\u00f3n de observar al halc\u00f3n peregrino, b\u00faho real, cern\u00edcalo y m\u00e1s en su h\u00e1bitat natural. Regalad a vuestros hijos la alegr\u00eda de este encuentro \u00fanico con la vida silvestre. \u00a1Hacedlo realidad hoy! Reservad la experiencia en Od\u00e9n y cread recuerdos inolvidables. \u00a1No esper\u00e9is m\u00e1s para esta emocionante aventura! \u00a1Reservad ya!<\/span><\/p>","protected":false},"featured_media":8274,"comment_status":"open","ping_status":"closed","template":"","meta":{"id_video":[],"enlace_video":[],"enlace_captura":[],"invitacion_anexada":[],"pedido_anexado":[]},"product_brand":[],"product_cat":[45],"product_tag":[],"class_list":{"0":"post-37","1":"product","2":"type-product","3":"status-publish","4":"has-post-thumbnail","6":"product_cat-explorador","8":"first","9":"instock","10":"sold-individually","11":"shipping-taxable","12":"purchasable","13":"product-type-simple"},"exclude_global_add_ons":[],"addons":[],"yoast_head":"<!-- This site is optimized with the Yoast SEO plugin v27.3 - https:\/\/yoast.com\/product\/yoast-seo-wordpress\/ -->\n<title>Entrena a las aves rapaces - Regalexia<\/title>\n<meta name=\"robots\" content=\"index, follow, max-snippet:-1, max-image-preview:large, max-video-preview:-1\" \/>\n<link rel=\"canonical\" href=\"https:\/\/regalexia.com\/ca\/experiencias\/entrena-a-las-aves-rapaces\/\" \/>\n<meta property=\"og:locale\" content=\"ca_ES\" \/>\n<meta property=\"og:type\" content=\"article\" \/>\n<meta property=\"og:title\" content=\"Entrena a las aves rapaces - Regalexia\" \/>\n<meta property=\"og:description\" content=\"\u00a1Siente el vuelo junto a las majestuosas aves rapaces de Espa\u00f1a! Experimenta la emoci\u00f3n de observar al halc\u00f3n peregrino, b\u00faho real, cern\u00edcalo y m\u00e1s en su h\u00e1bitat natural. Regalad a vuestros hijos la alegr\u00eda de este encuentro \u00fanico con la vida silvestre. \u00a1Hacedlo realidad hoy! Reservad la experiencia en Od\u00e9n y cread recuerdos inolvidables. \u00a1No esper\u00e9is m\u00e1s para esta emocionante aventura! \u00a1Reservad ya!\" \/>\n<meta property=\"og:url\" content=\"https:\/\/regalexia.com\/ca\/experiencias\/entrena-a-las-aves-rapaces\/\" \/>\n<meta property=\"og:site_name\" content=\"Regalexia\" \/>\n<meta property=\"article:publisher\" content=\"https:\/\/www.facebook.com\/regalexia\" \/>\n<meta property=\"article:modified_time\" content=\"2025-06-26T17:43:03+00:00\" \/>\n<meta property=\"og:image\" content=\"https:\/\/regalexia.com\/wp-content\/uploads\/2023\/01\/Visita-las-aves-rapaces-G-1.webp\" \/>\n\t<meta property=\"og:image:width\" content=\"600\" \/>\n\t<meta property=\"og:image:height\" content=\"450\" \/>\n\t<meta property=\"og:image:type\" content=\"image\/webp\" \/>\n<meta name=\"twitter:card\" content=\"summary_large_image\" \/>\n<meta name=\"twitter:label1\" content=\"Temps estimat de lectura\" \/>\n\t<meta name=\"twitter:data1\" content=\"2 minuts\" \/>\n<script type=\"application\/ld+json\" class=\"yoast-schema-graph\">{\"@context\":\"https:\\\/\\\/schema.org\",\"@graph\":[{\"@type\":\"WebPage\",\"@id\":\"https:\\\/\\\/regalexia.com\\\/experiencias\\\/entrena-a-las-aves-rapaces\\\/\",\"url\":\"https:\\\/\\\/regalexia.com\\\/experiencias\\\/entrena-a-las-aves-rapaces\\\/\",\"name\":\"Entrena a las aves rapaces - Regalexia\",\"isPartOf\":{\"@id\":\"https:\\\/\\\/regalexia.com\\\/#website\"},\"primaryImageOfPage\":{\"@id\":\"https:\\\/\\\/regalexia.com\\\/experiencias\\\/entrena-a-las-aves-rapaces\\\/#primaryimage\"},\"image\":{\"@id\":\"https:\\\/\\\/regalexia.com\\\/experiencias\\\/entrena-a-las-aves-rapaces\\\/#primaryimage\"},\"thumbnailUrl\":\"https:\\\/\\\/regalexia.com\\\/wp-content\\\/uploads\\\/2023\\\/01\\\/Visita-las-aves-rapaces-G-1.webp\",\"datePublished\":\"2023-01-20T00:37:32+00:00\",\"dateModified\":\"2025-06-26T17:43:03+00:00\",\"breadcrumb\":{\"@id\":\"https:\\\/\\\/regalexia.com\\\/experiencias\\\/entrena-a-las-aves-rapaces\\\/#breadcrumb\"},\"inLanguage\":\"ca\",\"potentialAction\":[{\"@type\":\"ReadAction\",\"target\":[\"https:\\\/\\\/regalexia.com\\\/experiencias\\\/entrena-a-las-aves-rapaces\\\/\"]}]},{\"@type\":\"ImageObject\",\"inLanguage\":\"ca\",\"@id\":\"https:\\\/\\\/regalexia.com\\\/experiencias\\\/entrena-a-las-aves-rapaces\\\/#primaryimage\",\"url\":\"https:\\\/\\\/regalexia.com\\\/wp-content\\\/uploads\\\/2023\\\/01\\\/Visita-las-aves-rapaces-G-1.webp\",\"contentUrl\":\"https:\\\/\\\/regalexia.com\\\/wp-content\\\/uploads\\\/2023\\\/01\\\/Visita-las-aves-rapaces-G-1.webp\",\"width\":600,\"height\":450,\"caption\":\"Imagen de una monitora sostiene con cuidado una majestuosa lechuza en su mano, mientras sus ojos brillan con admiraci\u00f3n y asombro. Este encuentro \u00fanico con la vida silvestre en Od\u00e9n es un regalo inolvidable para tus hijos. Les permite sentir la conexi\u00f3n \u00edntima con las majestuosas aves rapaces como el halc\u00f3n peregrino, b\u00faho real, cern\u00edcalo y m\u00e1s, mientras aprenden sobre su vida en su h\u00e1bitat natural. Es una experiencia que deja una huella duradera en sus corazones y fomenta un profundo respeto por la belleza y la fragilidad de la naturaleza. Correspondiente a la categor\u00eda de explorador y experiencias originales para ni\u00f1os en Barcelona - Regalexia.\"},{\"@type\":\"BreadcrumbList\",\"@id\":\"https:\\\/\\\/regalexia.com\\\/experiencias\\\/entrena-a-las-aves-rapaces\\\/#breadcrumb\",\"itemListElement\":[{\"@type\":\"ListItem\",\"position\":1,\"name\":\"Inicio\",\"item\":\"https:\\\/\\\/regalexia.com\\\/\"},{\"@type\":\"ListItem\",\"position\":2,\"name\":\"Experiencias\",\"item\":\"https:\\\/\\\/regalexia.com\\\/experiencias\\\/\"},{\"@type\":\"ListItem\",\"position\":3,\"name\":\"Entrena a las aves rapaces\"}]},{\"@type\":\"WebSite\",\"@id\":\"https:\\\/\\\/regalexia.com\\\/#website\",\"url\":\"https:\\\/\\\/regalexia.com\\\/\",\"name\":\"Regalexia\",\"description\":\"\",\"publisher\":{\"@id\":\"https:\\\/\\\/regalexia.com\\\/#organization\"},\"potentialAction\":[{\"@type\":\"SearchAction\",\"target\":{\"@type\":\"EntryPoint\",\"urlTemplate\":\"https:\\\/\\\/regalexia.com\\\/?s={search_term_string}\"},\"query-input\":{\"@type\":\"PropertyValueSpecification\",\"valueRequired\":true,\"valueName\":\"search_term_string\"}}],\"inLanguage\":\"ca\"},{\"@type\":\"Organization\",\"@id\":\"https:\\\/\\\/regalexia.com\\\/#organization\",\"name\":\"Regalexia\",\"url\":\"https:\\\/\\\/regalexia.com\\\/\",\"logo\":{\"@type\":\"ImageObject\",\"inLanguage\":\"ca\",\"@id\":\"https:\\\/\\\/regalexia.com\\\/#\\\/schema\\\/logo\\\/image\\\/\",\"url\":\"https:\\\/\\\/regalexia.com\\\/wp-content\\\/uploads\\\/2024\\\/05\\\/logo_webp.webp\",\"contentUrl\":\"https:\\\/\\\/regalexia.com\\\/wp-content\\\/uploads\\\/2024\\\/05\\\/logo_webp.webp\",\"width\":338,\"height\":90,\"caption\":\"Regalexia\"},\"image\":{\"@id\":\"https:\\\/\\\/regalexia.com\\\/#\\\/schema\\\/logo\\\/image\\\/\"},\"sameAs\":[\"https:\\\/\\\/www.facebook.com\\\/regalexia\",\"https:\\\/\\\/www.instagram.com\\\/regalexia\\\/\",\"https:\\\/\\\/www.youtube.com\\\/@RegalexiaRegalaIlusiones\"]}]}<\/script>\n<!-- \/ Yoast SEO plugin. -->","yoast_head_json":{"title":"Entrena a las aves rapaces - Regalexia","robots":{"index":"index","follow":"follow","max-snippet":"max-snippet:-1","max-image-preview":"max-image-preview:large","max-video-preview":"max-video-preview:-1"},"canonical":"https:\/\/regalexia.com\/ca\/experiencias\/entrena-a-las-aves-rapaces\/","og_locale":"ca_ES","og_type":"article","og_title":"Entrena a las aves rapaces - Regalexia","og_description":"\u00a1Siente el vuelo junto a las majestuosas aves rapaces de Espa\u00f1a! Experimenta la emoci\u00f3n de observar al halc\u00f3n peregrino, b\u00faho real, cern\u00edcalo y m\u00e1s en su h\u00e1bitat natural. Regalad a vuestros hijos la alegr\u00eda de este encuentro \u00fanico con la vida silvestre. \u00a1Hacedlo realidad hoy! Reservad la experiencia en Od\u00e9n y cread recuerdos inolvidables. \u00a1No esper\u00e9is m\u00e1s para esta emocionante aventura! \u00a1Reservad ya!","og_url":"https:\/\/regalexia.com\/ca\/experiencias\/entrena-a-las-aves-rapaces\/","og_site_name":"Regalexia","article_publisher":"https:\/\/www.facebook.com\/regalexia","article_modified_time":"2025-06-26T17:43:03+00:00","og_image":[{"width":600,"height":450,"url":"https:\/\/regalexia.com\/wp-content\/uploads\/2023\/01\/Visita-las-aves-rapaces-G-1.webp","type":"image\/webp"}],"twitter_card":"summary_large_image","twitter_misc":{"Temps estimat de lectura":"2 minuts"},"schema":{"@context":"https:\/\/schema.org","@graph":[{"@type":"WebPage","@id":"https:\/\/regalexia.com\/experiencias\/entrena-a-las-aves-rapaces\/","url":"https:\/\/regalexia.com\/experiencias\/entrena-a-las-aves-rapaces\/","name":"Entrena a las aves rapaces - Regalexia","isPartOf":{"@id":"https:\/\/regalexia.com\/#website"},"primaryImageOfPage":{"@id":"https:\/\/regalexia.com\/experiencias\/entrena-a-las-aves-rapaces\/#primaryimage"},"image":{"@id":"https:\/\/regalexia.com\/experiencias\/entrena-a-las-aves-rapaces\/#primaryimage"},"thumbnailUrl":"https:\/\/regalexia.com\/wp-content\/uploads\/2023\/01\/Visita-las-aves-rapaces-G-1.webp","datePublished":"2023-01-20T00:37:32+00:00","dateModified":"2025-06-26T17:43:03+00:00","breadcrumb":{"@id":"https:\/\/regalexia.com\/experiencias\/entrena-a-las-aves-rapaces\/#breadcrumb"},"inLanguage":"ca","potentialAction":[{"@type":"ReadAction","target":["https:\/\/regalexia.com\/experiencias\/entrena-a-las-aves-rapaces\/"]}]},{"@type":"ImageObject","inLanguage":"ca","@id":"https:\/\/regalexia.com\/experiencias\/entrena-a-las-aves-rapaces\/#primaryimage","url":"https:\/\/regalexia.com\/wp-content\/uploads\/2023\/01\/Visita-las-aves-rapaces-G-1.webp","contentUrl":"https:\/\/regalexia.com\/wp-content\/uploads\/2023\/01\/Visita-las-aves-rapaces-G-1.webp","width":600,"height":450,"caption":"Imagen de una monitora sostiene con cuidado una majestuosa lechuza en su mano, mientras sus ojos brillan con admiraci\u00f3n y asombro. Este encuentro \u00fanico con la vida silvestre en Od\u00e9n es un regalo inolvidable para tus hijos. Les permite sentir la conexi\u00f3n \u00edntima con las majestuosas aves rapaces como el halc\u00f3n peregrino, b\u00faho real, cern\u00edcalo y m\u00e1s, mientras aprenden sobre su vida en su h\u00e1bitat natural. Es una experiencia que deja una huella duradera en sus corazones y fomenta un profundo respeto por la belleza y la fragilidad de la naturaleza. Correspondiente a la categor\u00eda de explorador y experiencias originales para ni\u00f1os en Barcelona - Regalexia."},{"@type":"BreadcrumbList","@id":"https:\/\/regalexia.com\/experiencias\/entrena-a-las-aves-rapaces\/#breadcrumb","itemListElement":[{"@type":"ListItem","position":1,"name":"Inicio","item":"https:\/\/regalexia.com\/"},{"@type":"ListItem","position":2,"name":"Experiencias","item":"https:\/\/regalexia.com\/experiencias\/"},{"@type":"ListItem","position":3,"name":"Entrena a las aves rapaces"}]},{"@type":"WebSite","@id":"https:\/\/regalexia.com\/#website","url":"https:\/\/regalexia.com\/","name":"Regalexia","description":"","publisher":{"@id":"https:\/\/regalexia.com\/#organization"},"potentialAction":[{"@type":"SearchAction","target":{"@type":"EntryPoint","urlTemplate":"https:\/\/regalexia.com\/?s={search_term_string}"},"query-input":{"@type":"PropertyValueSpecification","valueRequired":true,"valueName":"search_term_string"}}],"inLanguage":"ca"},{"@type":"Organization","@id":"https:\/\/regalexia.com\/#organization","name":"Regalexia","url":"https:\/\/regalexia.com\/","logo":{"@type":"ImageObject","inLanguage":"ca","@id":"https:\/\/regalexia.com\/#\/schema\/logo\/image\/","url":"https:\/\/regalexia.com\/wp-content\/uploads\/2024\/05\/logo_webp.webp","contentUrl":"https:\/\/regalexia.com\/wp-content\/uploads\/2024\/05\/logo_webp.webp","width":338,"height":90,"caption":"Regalexia"},"image":{"@id":"https:\/\/regalexia.com\/#\/schema\/logo\/image\/"},"sameAs":["https:\/\/www.facebook.com\/regalexia","https:\/\/www.instagram.com\/regalexia\/","https:\/\/www.youtube.com\/@RegalexiaRegalaIlusiones"]}]}},"_links":{"self":[{"href":"https:\/\/regalexia.com\/ca\/wp-json\/wp\/v2\/product\/37","targetHints":{"allow":["GET"]}}],"collection":[{"href":"https:\/\/regalexia.com\/ca\/wp-json\/wp\/v2\/product"}],"about":[{"href":"https:\/\/regalexia.com\/ca\/wp-json\/wp\/v2\/types\/product"}],"replies":[{"embeddable":true,"href":"https:\/\/regalexia.com\/ca\/wp-json\/wp\/v2\/comments?post=37"}],"wp:featuredmedia":[{"embeddable":true,"href":"https:\/\/regalexia.com\/ca\/wp-json\/wp\/v2\/media\/8274"}],"wp:attachment":[{"href":"https:\/\/regalexia.com\/ca\/wp-json\/wp\/v2\/media?parent=37"}],"wp:term":[{"taxonomy":"product_brand","embeddable":true,"href":"https:\/\/regalexia.com\/ca\/wp-json\/wp\/v2\/product_brand?post=37"},{"taxonomy":"product_cat","embeddable":true,"href":"https:\/\/regalexia.com\/ca\/wp-json\/wp\/v2\/product_cat?post=37"},{"taxonomy":"product_tag","embeddable":true,"href":"https:\/\/regalexia.com\/ca\/wp-json\/wp\/v2\/product_tag?post=37"}],"curies":[{"name":"wp","href":"https:\/\/api.w.org\/{rel}","templated":true}]}}