 {"id":394,"date":"2023-03-18T03:49:20","date_gmt":"2023-03-18T02:49:20","guid":{"rendered":"https:\/\/regalexia.com\/store\/producto\/taller-de-pintura-fluorescente-y-neon\/"},"modified":"2025-12-03T15:20:51","modified_gmt":"2025-12-03T14:20:51","slug":"pintamos-cuadros-con-neon","status":"publish","type":"product","link":"https:\/\/regalexia.com\/ca\/experiencias\/pintamos-cuadros-con-neon\/","title":{"rendered":"Pinta cuadros con ne\u00f3n"},"content":{"rendered":"<p><\/p><h2 class=\"wp-block-heading\">\u00bfEst\u00e1s buscando una salida creativa para que tus hijos se expresen?<\/h2><p><\/p><p><\/p><p>Tr\u00e1elos a aprender todas las t\u00e9cnicas de pintura en colores ne\u00f3n y fluorescentes.<\/p><p><\/p><p><\/p><p>Carmen Guzm\u00e1n es una maestra especializada en Bellas Artes que ha creado este valioso taller para garantizar 1:30 horas de diversi\u00f3n en familia. En las aulas utilizamos el mismo material que utilizan los estudios profesionales y todos nuestros profesores son artistas en activo que aportan al alumno una visi\u00f3n real de la industria.<\/p><p><\/p><p><\/p><p>En Taller de dibujo somos entusiastas del arte contempor\u00e1neo y la educaci\u00f3n creativa. Creemos que los todos los ni\u00f1os son artistas y crean obras de arte capaces de transformar el mundo.<\/p><p><\/p><p><\/p><p>En este taller introducimos a tus hijos en el mundo del arte y al mismo tiempo les damos la oportunidad de explorar su lado creativo.<\/p><p><\/p><p><\/p><p>Adem\u00e1s, tiene muchos beneficios que pueden ayudarlos a desarrollar sus habilidades art\u00edsticas en el futuro:<\/p><p><\/p><p><\/p><ul class=\"wp-block-list\"><li style=\"list-style-type: none\"><ul><li>Expresi\u00f3n de los sentimientos que son dif\u00edciles de verbalizar.<\/li><\/ul><\/li><\/ul><p><\/p><p><\/p><ul><li style=\"list-style-type: none\"><ul><li>Un artist@ expert@ os gu\u00eda durante el taller y participa con vosotros.<\/li><\/ul><\/li><\/ul><p><\/p><p><\/p><ul><li style=\"list-style-type: none\"><ul><li>Desarrollo de habilidades de afrontamiento saludables.<\/li><\/ul><\/li><\/ul><p><\/p><p><\/p><ul><li style=\"list-style-type: none\"><ul><li>Exploraci\u00f3n de la imaginaci\u00f3n y la creatividad.<\/li><\/ul><\/li><\/ul><p><\/p><p><\/p><ul><li style=\"list-style-type: none\"><ul><li>Mejorar la autoestima y la confianza.<\/li><\/ul><\/li><\/ul><p><\/p><p><\/p><ul><li style=\"list-style-type: none\"><ul><li>Identificaci\u00f3n y aclaraci\u00f3n de las preocupaciones.<\/li><\/ul><\/li><\/ul><p><\/p><p><\/p><ul><li style=\"list-style-type: none\"><ul><li>A todos los ni\u00f1@s les encantan las actividades pl\u00e1sticas, porque disfrutan, y conectan con ellos mismos.<\/li><\/ul><\/li><\/ul><p><\/p><p><\/p><ul><li style=\"list-style-type: none\"><ul><li>Trabajan la psicomotricidad y la ejecuci\u00f3n del trazo, habilidades que ser\u00e1n muy importantes que dependen de la coordinaci\u00f3n ojo-mano.<\/li><\/ul><\/li><\/ul><p><\/p><p><\/p><ul><li style=\"list-style-type: none\"><ul><li>A todos estos beneficios de la pintura, le sumamos la estimulaci\u00f3n visual mediante la diferenciaci\u00f3n de luz y oscuridad y la percepci\u00f3n de colores en la oscuridad usando pinturas fluorescentes.<\/li><\/ul><\/li><\/ul><p><\/p><p><\/p><p><\/p><p>Regala esta experiencia y rodeado de colores, t\u00e9cnicas y pinceles ense\u00f1emosles una nueva perspectiva de los problemas y de todo lo que los rodea.<\/p><p><\/p><p><\/p><p>Incluye: \u201cpiscolabis\u201d para amenizar y disfrutar. Si existe alg\u00fan tipo de intolerancia o alergia se debe avisar.<\/p><p><\/p><p><\/p><blockquote class=\"wp-block-quote is-layout-flow wp-block-quote-is-layout-flow\"><p><\/p><p>\u00abA veces hay que estropear un poquito el cuadro para poder terminarlo\u00bb<\/p><p><cite> Eug\u00e8ne Delacroix<\/cite><\/p><\/blockquote><p><\/p><p><\/p><p>T\u00fa pon la diversi\u00f3n y nosotros ponemos todo lo necesario para que puedas crear tu obra maestra y llev\u00e1rtela a casa<\/p><p><\/p>","protected":false},"excerpt":{"rendered":"<p><span style=\"font-weight: 400;\">\u00a1Despertad la pasi\u00f3n por el arte en vuestros hijos! En este divertido taller, los ni\u00f1os explorar\u00e1n su creatividad mientras dominan las t\u00e9cnicas de pintura con colores ne\u00f3n y fluorescentes. Esta experiencia es perfecta para compartir en familia, ya que el pack grupal incluye espacio para hasta 4 personas. \u00a1No esper\u00e9is m\u00e1s para sumergiros en el mundo del arte y la luminosidad en Matar\u00f3! Vuestro hijo se convertir\u00e1 en un verdadero artista de los colores. \u00a1A crear y pintar se ha dicho!<\/span><\/p>\n<p><strong>Precio especial a partir de 4 entradas<\/strong><\/p>","protected":false},"featured_media":8537,"comment_status":"open","ping_status":"closed","template":"","meta":{"id_video":[],"enlace_video":[],"enlace_captura":[],"invitacion_anexada":[],"pedido_anexado":[]},"product_brand":[],"product_cat":[48],"product_tag":[],"class_list":{"0":"post-394","1":"product","2":"type-product","3":"status-publish","4":"has-post-thumbnail","6":"product_cat-creativo","8":"first","9":"instock","10":"shipping-taxable","11":"purchasable","12":"product-type-simple"},"exclude_global_add_ons":[],"addons":[],"yoast_head":"<!-- This site is optimized with the Yoast SEO plugin v27.3 - https:\/\/yoast.com\/product\/yoast-seo-wordpress\/ -->\n<title>Pinta cuadros con ne\u00f3n - Regalexia<\/title>\n<meta name=\"description\" content=\"Comparte una experiencia en familia\ud83d\udc69\u200d\ud83d\udc67\u200d\ud83d\udc67, encendiendo vuestra creatividad y creando pinturas brillantes y \u00fanicas\ud83c\udfa8. \u00a1Reserva tu plaza ya desde 20\u20ac!\" \/>\n<meta name=\"robots\" content=\"index, follow, max-snippet:-1, max-image-preview:large, max-video-preview:-1\" \/>\n<link rel=\"canonical\" href=\"https:\/\/regalexia.com\/ca\/experiencias\/pintamos-cuadros-con-neon\/\" \/>\n<meta property=\"og:locale\" content=\"ca_ES\" \/>\n<meta property=\"og:type\" content=\"article\" \/>\n<meta property=\"og:title\" content=\"Pinta cuadros con ne\u00f3n - Regalexia\" \/>\n<meta property=\"og:description\" content=\"Comparte una experiencia en familia\ud83d\udc69\u200d\ud83d\udc67\u200d\ud83d\udc67, encendiendo vuestra creatividad y creando pinturas brillantes y \u00fanicas\ud83c\udfa8. \u00a1Reserva tu plaza ya desde 20\u20ac!\" \/>\n<meta property=\"og:url\" content=\"https:\/\/regalexia.com\/ca\/experiencias\/pintamos-cuadros-con-neon\/\" \/>\n<meta property=\"og:site_name\" content=\"Regalexia\" \/>\n<meta property=\"article:publisher\" content=\"https:\/\/www.facebook.com\/regalexia\" \/>\n<meta property=\"article:modified_time\" content=\"2025-12-03T14:20:51+00:00\" \/>\n<meta property=\"og:image\" content=\"https:\/\/regalexia.com\/wp-content\/uploads\/2024\/02\/taller-de-pintura-fluorescente-y-neon-B.webp\" \/>\n\t<meta property=\"og:image:width\" content=\"1024\" \/>\n\t<meta property=\"og:image:height\" content=\"768\" \/>\n\t<meta property=\"og:image:type\" content=\"image\/webp\" \/>\n<meta name=\"twitter:card\" content=\"summary_large_image\" \/>\n<meta name=\"twitter:label1\" content=\"Temps estimat de lectura\" \/>\n\t<meta name=\"twitter:data1\" content=\"2 minuts\" \/>\n<script type=\"application\/ld+json\" class=\"yoast-schema-graph\">{\"@context\":\"https:\\\/\\\/schema.org\",\"@graph\":[{\"@type\":\"WebPage\",\"@id\":\"https:\\\/\\\/regalexia.com\\\/experiencias\\\/pintamos-cuadros-con-neon\\\/\",\"url\":\"https:\\\/\\\/regalexia.com\\\/experiencias\\\/pintamos-cuadros-con-neon\\\/\",\"name\":\"Pinta cuadros con ne\u00f3n - Regalexia\",\"isPartOf\":{\"@id\":\"https:\\\/\\\/regalexia.com\\\/#website\"},\"primaryImageOfPage\":{\"@id\":\"https:\\\/\\\/regalexia.com\\\/experiencias\\\/pintamos-cuadros-con-neon\\\/#primaryimage\"},\"image\":{\"@id\":\"https:\\\/\\\/regalexia.com\\\/experiencias\\\/pintamos-cuadros-con-neon\\\/#primaryimage\"},\"thumbnailUrl\":\"https:\\\/\\\/regalexia.com\\\/wp-content\\\/uploads\\\/2024\\\/02\\\/taller-de-pintura-fluorescente-y-neon-B.webp\",\"datePublished\":\"2023-03-18T02:49:20+00:00\",\"dateModified\":\"2025-12-03T14:20:51+00:00\",\"description\":\"Comparte una experiencia en familia\ud83d\udc69\u200d\ud83d\udc67\u200d\ud83d\udc67, encendiendo vuestra creatividad y creando pinturas brillantes y \u00fanicas\ud83c\udfa8. \u00a1Reserva tu plaza ya desde 20\u20ac!\",\"breadcrumb\":{\"@id\":\"https:\\\/\\\/regalexia.com\\\/experiencias\\\/pintamos-cuadros-con-neon\\\/#breadcrumb\"},\"inLanguage\":\"ca\",\"potentialAction\":[{\"@type\":\"ReadAction\",\"target\":[\"https:\\\/\\\/regalexia.com\\\/experiencias\\\/pintamos-cuadros-con-neon\\\/\"]}]},{\"@type\":\"ImageObject\",\"inLanguage\":\"ca\",\"@id\":\"https:\\\/\\\/regalexia.com\\\/experiencias\\\/pintamos-cuadros-con-neon\\\/#primaryimage\",\"url\":\"https:\\\/\\\/regalexia.com\\\/wp-content\\\/uploads\\\/2024\\\/02\\\/taller-de-pintura-fluorescente-y-neon-B.webp\",\"contentUrl\":\"https:\\\/\\\/regalexia.com\\\/wp-content\\\/uploads\\\/2024\\\/02\\\/taller-de-pintura-fluorescente-y-neon-B.webp\",\"width\":1024,\"height\":768,\"caption\":\"En la imagen, se aprecia a una ni\u00f1a radiante de felicidad mientras sostiene orgullosamente su pintura ne\u00f3n. A su lado, un ni\u00f1o peque\u00f1o y una mujer sonriente tambi\u00e9n muestran sus obras de arte, cada una brillando intensamente bajo la luz ultravioleta. Correspondiente a la categor\u00eda de tallesres creativos. Sitios para celebrar fiestas con ni\u00f1os en Barcelona\"},{\"@type\":\"BreadcrumbList\",\"@id\":\"https:\\\/\\\/regalexia.com\\\/experiencias\\\/pintamos-cuadros-con-neon\\\/#breadcrumb\",\"itemListElement\":[{\"@type\":\"ListItem\",\"position\":1,\"name\":\"Inicio\",\"item\":\"https:\\\/\\\/regalexia.com\\\/\"},{\"@type\":\"ListItem\",\"position\":2,\"name\":\"Experiencias\",\"item\":\"https:\\\/\\\/regalexia.com\\\/experiencias\\\/\"},{\"@type\":\"ListItem\",\"position\":3,\"name\":\"Pinta cuadros con ne\u00f3n\"}]},{\"@type\":\"WebSite\",\"@id\":\"https:\\\/\\\/regalexia.com\\\/#website\",\"url\":\"https:\\\/\\\/regalexia.com\\\/\",\"name\":\"Regalexia\",\"description\":\"\",\"publisher\":{\"@id\":\"https:\\\/\\\/regalexia.com\\\/#organization\"},\"potentialAction\":[{\"@type\":\"SearchAction\",\"target\":{\"@type\":\"EntryPoint\",\"urlTemplate\":\"https:\\\/\\\/regalexia.com\\\/?s={search_term_string}\"},\"query-input\":{\"@type\":\"PropertyValueSpecification\",\"valueRequired\":true,\"valueName\":\"search_term_string\"}}],\"inLanguage\":\"ca\"},{\"@type\":\"Organization\",\"@id\":\"https:\\\/\\\/regalexia.com\\\/#organization\",\"name\":\"Regalexia\",\"url\":\"https:\\\/\\\/regalexia.com\\\/\",\"logo\":{\"@type\":\"ImageObject\",\"inLanguage\":\"ca\",\"@id\":\"https:\\\/\\\/regalexia.com\\\/#\\\/schema\\\/logo\\\/image\\\/\",\"url\":\"https:\\\/\\\/regalexia.com\\\/wp-content\\\/uploads\\\/2024\\\/05\\\/logo_webp.webp\",\"contentUrl\":\"https:\\\/\\\/regalexia.com\\\/wp-content\\\/uploads\\\/2024\\\/05\\\/logo_webp.webp\",\"width\":338,\"height\":90,\"caption\":\"Regalexia\"},\"image\":{\"@id\":\"https:\\\/\\\/regalexia.com\\\/#\\\/schema\\\/logo\\\/image\\\/\"},\"sameAs\":[\"https:\\\/\\\/www.facebook.com\\\/regalexia\",\"https:\\\/\\\/www.instagram.com\\\/regalexia\\\/\",\"https:\\\/\\\/www.youtube.com\\\/@RegalexiaRegalaIlusiones\"]}]}<\/script>\n<!-- \/ Yoast SEO plugin. -->","yoast_head_json":{"title":"Pinta cuadros con ne\u00f3n - Regalexia","description":"Comparte una experiencia en familia\ud83d\udc69\u200d\ud83d\udc67\u200d\ud83d\udc67, encendiendo vuestra creatividad y creando pinturas brillantes y \u00fanicas\ud83c\udfa8. \u00a1Reserva tu plaza ya desde 20\u20ac!","robots":{"index":"index","follow":"follow","max-snippet":"max-snippet:-1","max-image-preview":"max-image-preview:large","max-video-preview":"max-video-preview:-1"},"canonical":"https:\/\/regalexia.com\/ca\/experiencias\/pintamos-cuadros-con-neon\/","og_locale":"ca_ES","og_type":"article","og_title":"Pinta cuadros con ne\u00f3n - Regalexia","og_description":"Comparte una experiencia en familia\ud83d\udc69\u200d\ud83d\udc67\u200d\ud83d\udc67, encendiendo vuestra creatividad y creando pinturas brillantes y \u00fanicas\ud83c\udfa8. \u00a1Reserva tu plaza ya desde 20\u20ac!","og_url":"https:\/\/regalexia.com\/ca\/experiencias\/pintamos-cuadros-con-neon\/","og_site_name":"Regalexia","article_publisher":"https:\/\/www.facebook.com\/regalexia","article_modified_time":"2025-12-03T14:20:51+00:00","og_image":[{"width":1024,"height":768,"url":"https:\/\/regalexia.com\/wp-content\/uploads\/2024\/02\/taller-de-pintura-fluorescente-y-neon-B.webp","type":"image\/webp"}],"twitter_card":"summary_large_image","twitter_misc":{"Temps estimat de lectura":"2 minuts"},"schema":{"@context":"https:\/\/schema.org","@graph":[{"@type":"WebPage","@id":"https:\/\/regalexia.com\/experiencias\/pintamos-cuadros-con-neon\/","url":"https:\/\/regalexia.com\/experiencias\/pintamos-cuadros-con-neon\/","name":"Pinta cuadros con ne\u00f3n - Regalexia","isPartOf":{"@id":"https:\/\/regalexia.com\/#website"},"primaryImageOfPage":{"@id":"https:\/\/regalexia.com\/experiencias\/pintamos-cuadros-con-neon\/#primaryimage"},"image":{"@id":"https:\/\/regalexia.com\/experiencias\/pintamos-cuadros-con-neon\/#primaryimage"},"thumbnailUrl":"https:\/\/regalexia.com\/wp-content\/uploads\/2024\/02\/taller-de-pintura-fluorescente-y-neon-B.webp","datePublished":"2023-03-18T02:49:20+00:00","dateModified":"2025-12-03T14:20:51+00:00","description":"Comparte una experiencia en familia\ud83d\udc69\u200d\ud83d\udc67\u200d\ud83d\udc67, encendiendo vuestra creatividad y creando pinturas brillantes y \u00fanicas\ud83c\udfa8. \u00a1Reserva tu plaza ya desde 20\u20ac!","breadcrumb":{"@id":"https:\/\/regalexia.com\/experiencias\/pintamos-cuadros-con-neon\/#breadcrumb"},"inLanguage":"ca","potentialAction":[{"@type":"ReadAction","target":["https:\/\/regalexia.com\/experiencias\/pintamos-cuadros-con-neon\/"]}]},{"@type":"ImageObject","inLanguage":"ca","@id":"https:\/\/regalexia.com\/experiencias\/pintamos-cuadros-con-neon\/#primaryimage","url":"https:\/\/regalexia.com\/wp-content\/uploads\/2024\/02\/taller-de-pintura-fluorescente-y-neon-B.webp","contentUrl":"https:\/\/regalexia.com\/wp-content\/uploads\/2024\/02\/taller-de-pintura-fluorescente-y-neon-B.webp","width":1024,"height":768,"caption":"En la imagen, se aprecia a una ni\u00f1a radiante de felicidad mientras sostiene orgullosamente su pintura ne\u00f3n. A su lado, un ni\u00f1o peque\u00f1o y una mujer sonriente tambi\u00e9n muestran sus obras de arte, cada una brillando intensamente bajo la luz ultravioleta. Correspondiente a la categor\u00eda de tallesres creativos. Sitios para celebrar fiestas con ni\u00f1os en Barcelona"},{"@type":"BreadcrumbList","@id":"https:\/\/regalexia.com\/experiencias\/pintamos-cuadros-con-neon\/#breadcrumb","itemListElement":[{"@type":"ListItem","position":1,"name":"Inicio","item":"https:\/\/regalexia.com\/"},{"@type":"ListItem","position":2,"name":"Experiencias","item":"https:\/\/regalexia.com\/experiencias\/"},{"@type":"ListItem","position":3,"name":"Pinta cuadros con ne\u00f3n"}]},{"@type":"WebSite","@id":"https:\/\/regalexia.com\/#website","url":"https:\/\/regalexia.com\/","name":"Regalexia","description":"","publisher":{"@id":"https:\/\/regalexia.com\/#organization"},"potentialAction":[{"@type":"SearchAction","target":{"@type":"EntryPoint","urlTemplate":"https:\/\/regalexia.com\/?s={search_term_string}"},"query-input":{"@type":"PropertyValueSpecification","valueRequired":true,"valueName":"search_term_string"}}],"inLanguage":"ca"},{"@type":"Organization","@id":"https:\/\/regalexia.com\/#organization","name":"Regalexia","url":"https:\/\/regalexia.com\/","logo":{"@type":"ImageObject","inLanguage":"ca","@id":"https:\/\/regalexia.com\/#\/schema\/logo\/image\/","url":"https:\/\/regalexia.com\/wp-content\/uploads\/2024\/05\/logo_webp.webp","contentUrl":"https:\/\/regalexia.com\/wp-content\/uploads\/2024\/05\/logo_webp.webp","width":338,"height":90,"caption":"Regalexia"},"image":{"@id":"https:\/\/regalexia.com\/#\/schema\/logo\/image\/"},"sameAs":["https:\/\/www.facebook.com\/regalexia","https:\/\/www.instagram.com\/regalexia\/","https:\/\/www.youtube.com\/@RegalexiaRegalaIlusiones"]}]}},"_links":{"self":[{"href":"https:\/\/regalexia.com\/ca\/wp-json\/wp\/v2\/product\/394","targetHints":{"allow":["GET"]}}],"collection":[{"href":"https:\/\/regalexia.com\/ca\/wp-json\/wp\/v2\/product"}],"about":[{"href":"https:\/\/regalexia.com\/ca\/wp-json\/wp\/v2\/types\/product"}],"replies":[{"embeddable":true,"href":"https:\/\/regalexia.com\/ca\/wp-json\/wp\/v2\/comments?post=394"}],"wp:featuredmedia":[{"embeddable":true,"href":"https:\/\/regalexia.com\/ca\/wp-json\/wp\/v2\/media\/8537"}],"wp:attachment":[{"href":"https:\/\/regalexia.com\/ca\/wp-json\/wp\/v2\/media?parent=394"}],"wp:term":[{"taxonomy":"product_brand","embeddable":true,"href":"https:\/\/regalexia.com\/ca\/wp-json\/wp\/v2\/product_brand?post=394"},{"taxonomy":"product_cat","embeddable":true,"href":"https:\/\/regalexia.com\/ca\/wp-json\/wp\/v2\/product_cat?post=394"},{"taxonomy":"product_tag","embeddable":true,"href":"https:\/\/regalexia.com\/ca\/wp-json\/wp\/v2\/product_tag?post=394"}],"curies":[{"name":"wp","href":"https:\/\/api.w.org\/{rel}","templated":true}]}}