 {"id":401,"date":"2023-03-18T04:27:10","date_gmt":"2023-03-18T03:27:10","guid":{"rendered":"https:\/\/regalexia.com\/store\/producto\/taller-de-cocina-japonesa\/"},"modified":"2026-02-25T16:46:46","modified_gmt":"2026-02-25T15:46:46","slug":"taller-de-cocina-japonesa","status":"publish","type":"product","link":"https:\/\/regalexia.com\/ca\/experiencias\/taller-de-cocina-japonesa\/","title":{"rendered":"Taller de cocina japonesa"},"content":{"rendered":"<h1 class=\"wp-block-heading\">Los talleres de cocina japonesa son para familias gourmet con ganas de aprender y disfrutar<\/h1>\n\n\n\n<p>Durante el taller aprendemos la elaboraci\u00f3n de las deliciosas empanadillas japonesas gyozas, y de dos tipos de sushi: makis y uramakis.<\/p>\n\n\n\n<h2 class=\"wp-block-heading\">\u00bfEn qu\u00e9 consiste el taller de cocina japonesa?<\/h2>\n\n\n\n<p>Os explicamos y practicamos la t\u00e9cnica de la cocci\u00f3n del arroz, los diferentes ingredientes que se pueden utilizar para el relleno tanto del sushi como de las gyozas, dos tipos de salsa, el enrollado, emplatado y decoraci\u00f3n. A dem\u00e1s de alguna curiosidad sobre la gastronom\u00eda japonesa.<\/p>\n\n\n\n<p>El taller incluye:<\/p>\n\n\n\n<ul class=\"wp-block-list\">\n<li>Gorro y delantal de chef<\/li>\n\n\n\n<li>Recetario<\/li>\n\n\n\n<li>Ingredientes\/material<\/li>\n\n\n\n<li>En el caso de alergias alimentarias hay posibilidad de adaptar las elaboraciones para que sea apto para todos los participantes.<\/li>\n<\/ul>\n\n\n\n<p><strong>\u00bfD\u00f3nde se realiza el taller?<\/strong><\/p>\n\n\n\n<p>En nuestro obrador  en el barrio de Poblenou.<br>El obrador se encuentra a tan solo 2 minutos de la parada del tram FLUVIA y 5 minutos de la parada de metro SELVA DE MAR (L4), adem\u00e1s por la zona es f\u00e1cil encontrar aparcamiento.<\/p>\n\n\n\n<p><strong>\u00bfCu\u00e1ndo y en que horario se puede realizar el taller?<\/strong><br>Las actividades se hacen bajo reserva,el d\u00eda de la semana y horario que m\u00e1s os convenga.<\/p>\n\n\n\n<p>Si no puedes hacer la reserva online, escr\u00edbenos a hola@regalexia.com para consultar disponibilidad<\/p>\n\n\n\n<blockquote class=\"wp-block-quote is-layout-flow wp-block-quote-is-layout-flow\">\n<p><strong>\u00abLa cocina es un lenguaje mediante el cual se puede expresar armon\u00eda, felicidad, belleza, poes\u00eda, complejidad, magia, humor, provocaci\u00f3n, cultura\u00bb<\/strong><\/p>\n<cite><em>Ferran Adri\u00e1n<\/em><\/cite><\/blockquote>\n\n\n\n<p>\u00a1\u00danete a nosotros para nuestro pr\u00f3ximo taller de cocina japonesa y comienza a explorar este maravilloso mundo!<\/p>","protected":false},"excerpt":{"rendered":"<p><span style=\"font-weight: 400\">\u00a1Descubrid una vivencia incre\u00edble! Explorad los secretos de la cocina japonesa en una experiencia gourmet inolvidable. Aprended a crear platos deliciosos mientras os sumerg\u00eds en el mundo culinario de Jap\u00f3n.<\/span><\/p>\n<p><span style=\"font-weight: 400\">El precio total del taller es de \u20ac190 euros y pueden participar hasta 5 personas. La actividad se hace en exclusiva para vuestro grupo. Si lo quer\u00e9is hacer durante la semana por favor poneros en contacto con Regalexia.<\/span><\/p>\n<p>Las actividades se hacen bajo reserva,el d\u00eda de la semana y horario que m\u00e1s os convenga.<\/p>\n<p><span style=\"font-weight: 400\">Dejaos llevar por los sabores y las t\u00e9cnicas de la cocina japonesa en la vibrante ciudad de Barcelona. \u00a1Comprad ahora y descubrid un viaje gastron\u00f3mico lleno de emoci\u00f3n!<\/span><\/p>","protected":false},"featured_media":8461,"comment_status":"open","ping_status":"closed","template":"","meta":{"id_video":[],"enlace_video":[],"enlace_captura":[],"invitacion_anexada":[],"pedido_anexado":[]},"product_brand":[],"product_cat":[48],"product_tag":[],"class_list":{"0":"post-401","1":"product","2":"type-product","3":"status-publish","4":"has-post-thumbnail","6":"product_cat-creativo","8":"first","9":"instock","10":"sold-individually","11":"shipping-taxable","12":"purchasable","13":"product-type-simple"},"exclude_global_add_ons":false,"addons":[{"name":"Entrada","type":"multiple_choice","position":0,"required":true,"title_format":"label","default":"","description_enable":false,"description":"","placeholder_enable":false,"placeholder":"","display":"select","restrictions_type":"any_text","adjust_price":false,"price":"","price_type":"flat_fee","restrictions":false,"min":"0","max":"0","options":[{"label":"Pack de hasta 5 personas","price":"152","price_type":"quantity_based","image":0,"visibility":true}],"id":1712850619}],"yoast_head":"<!-- This site is optimized with the Yoast SEO plugin v27.3 - https:\/\/yoast.com\/product\/yoast-seo-wordpress\/ -->\n<title>Taller de cocina japonesa - Regalexia<\/title>\n<meta name=\"description\" content=\"Los talleres de cocina japonesa emocionan a tus ni\u00f1os con los secretos culinarios de Jap\u00f3n en Barcelona! Reserva ahora y crea recuerdos inolvidables en toda la familia.\" \/>\n<meta name=\"robots\" content=\"index, follow, max-snippet:-1, max-image-preview:large, max-video-preview:-1\" \/>\n<link rel=\"canonical\" href=\"https:\/\/regalexia.com\/ca\/experiencias\/taller-de-cocina-japonesa\/\" \/>\n<meta property=\"og:locale\" content=\"ca_ES\" \/>\n<meta property=\"og:type\" content=\"article\" \/>\n<meta property=\"og:title\" content=\"Taller de cocina japonesa - Regalexia\" \/>\n<meta property=\"og:description\" content=\"Los talleres de cocina japonesa emocionan a tus ni\u00f1os con los secretos culinarios de Jap\u00f3n en Barcelona! Reserva ahora y crea recuerdos inolvidables en toda la familia.\" \/>\n<meta property=\"og:url\" content=\"https:\/\/regalexia.com\/ca\/experiencias\/taller-de-cocina-japonesa\/\" \/>\n<meta property=\"og:site_name\" content=\"Regalexia\" \/>\n<meta property=\"article:publisher\" content=\"https:\/\/www.facebook.com\/regalexia\" \/>\n<meta property=\"article:modified_time\" content=\"2026-02-25T15:46:46+00:00\" \/>\n<meta property=\"og:image\" content=\"https:\/\/regalexia.com\/wp-content\/uploads\/2023\/03\/Taller-de-cocina-japonesa-A.webp\" \/>\n\t<meta property=\"og:image:width\" content=\"1024\" \/>\n\t<meta property=\"og:image:height\" content=\"768\" \/>\n\t<meta property=\"og:image:type\" content=\"image\/webp\" \/>\n<meta name=\"twitter:card\" content=\"summary_large_image\" \/>\n<meta name=\"twitter:label1\" content=\"Temps estimat de lectura\" \/>\n\t<meta name=\"twitter:data1\" content=\"2 minuts\" \/>\n<script type=\"application\/ld+json\" class=\"yoast-schema-graph\">{\"@context\":\"https:\\\/\\\/schema.org\",\"@graph\":[{\"@type\":\"WebPage\",\"@id\":\"https:\\\/\\\/regalexia.com\\\/experiencias\\\/taller-de-cocina-japonesa\\\/\",\"url\":\"https:\\\/\\\/regalexia.com\\\/experiencias\\\/taller-de-cocina-japonesa\\\/\",\"name\":\"Taller de cocina japonesa - Regalexia\",\"isPartOf\":{\"@id\":\"https:\\\/\\\/regalexia.com\\\/#website\"},\"primaryImageOfPage\":{\"@id\":\"https:\\\/\\\/regalexia.com\\\/experiencias\\\/taller-de-cocina-japonesa\\\/#primaryimage\"},\"image\":{\"@id\":\"https:\\\/\\\/regalexia.com\\\/experiencias\\\/taller-de-cocina-japonesa\\\/#primaryimage\"},\"thumbnailUrl\":\"https:\\\/\\\/regalexia.com\\\/wp-content\\\/uploads\\\/2023\\\/03\\\/Taller-de-cocina-japonesa-A.webp\",\"datePublished\":\"2023-03-18T03:27:10+00:00\",\"dateModified\":\"2026-02-25T15:46:46+00:00\",\"description\":\"Los talleres de cocina japonesa emocionan a tus ni\u00f1os con los secretos culinarios de Jap\u00f3n en Barcelona! Reserva ahora y crea recuerdos inolvidables en toda la familia.\",\"breadcrumb\":{\"@id\":\"https:\\\/\\\/regalexia.com\\\/experiencias\\\/taller-de-cocina-japonesa\\\/#breadcrumb\"},\"inLanguage\":\"ca\",\"potentialAction\":[{\"@type\":\"ReadAction\",\"target\":[\"https:\\\/\\\/regalexia.com\\\/experiencias\\\/taller-de-cocina-japonesa\\\/\"]}]},{\"@type\":\"ImageObject\",\"inLanguage\":\"ca\",\"@id\":\"https:\\\/\\\/regalexia.com\\\/experiencias\\\/taller-de-cocina-japonesa\\\/#primaryimage\",\"url\":\"https:\\\/\\\/regalexia.com\\\/wp-content\\\/uploads\\\/2023\\\/03\\\/Taller-de-cocina-japonesa-A.webp\",\"contentUrl\":\"https:\\\/\\\/regalexia.com\\\/wp-content\\\/uploads\\\/2023\\\/03\\\/Taller-de-cocina-japonesa-A.webp\",\"width\":1024,\"height\":768,\"caption\":\"Imagen de ni\u00f1os peque\u00f1os, con sus manitas llenas de harina, se paran junto a un chef japon\u00e9s. El profesor sonr\u00ede mientras gu\u00eda sus movimientos, ense\u00f1\u00e1ndoles a enrollar sushi con destreza. Correspondiente a la categor\u00eda de creativo en experiencias para regalar a ni\u00f1os en Barcelona - Regalexia\"},{\"@type\":\"BreadcrumbList\",\"@id\":\"https:\\\/\\\/regalexia.com\\\/experiencias\\\/taller-de-cocina-japonesa\\\/#breadcrumb\",\"itemListElement\":[{\"@type\":\"ListItem\",\"position\":1,\"name\":\"Inicio\",\"item\":\"https:\\\/\\\/regalexia.com\\\/\"},{\"@type\":\"ListItem\",\"position\":2,\"name\":\"Experiencias\",\"item\":\"https:\\\/\\\/regalexia.com\\\/experiencias\\\/\"},{\"@type\":\"ListItem\",\"position\":3,\"name\":\"Taller de cocina japonesa\"}]},{\"@type\":\"WebSite\",\"@id\":\"https:\\\/\\\/regalexia.com\\\/#website\",\"url\":\"https:\\\/\\\/regalexia.com\\\/\",\"name\":\"Regalexia\",\"description\":\"\",\"publisher\":{\"@id\":\"https:\\\/\\\/regalexia.com\\\/#organization\"},\"potentialAction\":[{\"@type\":\"SearchAction\",\"target\":{\"@type\":\"EntryPoint\",\"urlTemplate\":\"https:\\\/\\\/regalexia.com\\\/?s={search_term_string}\"},\"query-input\":{\"@type\":\"PropertyValueSpecification\",\"valueRequired\":true,\"valueName\":\"search_term_string\"}}],\"inLanguage\":\"ca\"},{\"@type\":\"Organization\",\"@id\":\"https:\\\/\\\/regalexia.com\\\/#organization\",\"name\":\"Regalexia\",\"url\":\"https:\\\/\\\/regalexia.com\\\/\",\"logo\":{\"@type\":\"ImageObject\",\"inLanguage\":\"ca\",\"@id\":\"https:\\\/\\\/regalexia.com\\\/#\\\/schema\\\/logo\\\/image\\\/\",\"url\":\"https:\\\/\\\/regalexia.com\\\/wp-content\\\/uploads\\\/2024\\\/05\\\/logo_webp.webp\",\"contentUrl\":\"https:\\\/\\\/regalexia.com\\\/wp-content\\\/uploads\\\/2024\\\/05\\\/logo_webp.webp\",\"width\":338,\"height\":90,\"caption\":\"Regalexia\"},\"image\":{\"@id\":\"https:\\\/\\\/regalexia.com\\\/#\\\/schema\\\/logo\\\/image\\\/\"},\"sameAs\":[\"https:\\\/\\\/www.facebook.com\\\/regalexia\",\"https:\\\/\\\/www.instagram.com\\\/regalexia\\\/\",\"https:\\\/\\\/www.youtube.com\\\/@RegalexiaRegalaIlusiones\"]}]}<\/script>\n<!-- \/ Yoast SEO plugin. -->","yoast_head_json":{"title":"Taller de cocina japonesa - Regalexia","description":"Los talleres de cocina japonesa emocionan a tus ni\u00f1os con los secretos culinarios de Jap\u00f3n en Barcelona! Reserva ahora y crea recuerdos inolvidables en toda la familia.","robots":{"index":"index","follow":"follow","max-snippet":"max-snippet:-1","max-image-preview":"max-image-preview:large","max-video-preview":"max-video-preview:-1"},"canonical":"https:\/\/regalexia.com\/ca\/experiencias\/taller-de-cocina-japonesa\/","og_locale":"ca_ES","og_type":"article","og_title":"Taller de cocina japonesa - Regalexia","og_description":"Los talleres de cocina japonesa emocionan a tus ni\u00f1os con los secretos culinarios de Jap\u00f3n en Barcelona! Reserva ahora y crea recuerdos inolvidables en toda la familia.","og_url":"https:\/\/regalexia.com\/ca\/experiencias\/taller-de-cocina-japonesa\/","og_site_name":"Regalexia","article_publisher":"https:\/\/www.facebook.com\/regalexia","article_modified_time":"2026-02-25T15:46:46+00:00","og_image":[{"width":1024,"height":768,"url":"https:\/\/regalexia.com\/wp-content\/uploads\/2023\/03\/Taller-de-cocina-japonesa-A.webp","type":"image\/webp"}],"twitter_card":"summary_large_image","twitter_misc":{"Temps estimat de lectura":"2 minuts"},"schema":{"@context":"https:\/\/schema.org","@graph":[{"@type":"WebPage","@id":"https:\/\/regalexia.com\/experiencias\/taller-de-cocina-japonesa\/","url":"https:\/\/regalexia.com\/experiencias\/taller-de-cocina-japonesa\/","name":"Taller de cocina japonesa - Regalexia","isPartOf":{"@id":"https:\/\/regalexia.com\/#website"},"primaryImageOfPage":{"@id":"https:\/\/regalexia.com\/experiencias\/taller-de-cocina-japonesa\/#primaryimage"},"image":{"@id":"https:\/\/regalexia.com\/experiencias\/taller-de-cocina-japonesa\/#primaryimage"},"thumbnailUrl":"https:\/\/regalexia.com\/wp-content\/uploads\/2023\/03\/Taller-de-cocina-japonesa-A.webp","datePublished":"2023-03-18T03:27:10+00:00","dateModified":"2026-02-25T15:46:46+00:00","description":"Los talleres de cocina japonesa emocionan a tus ni\u00f1os con los secretos culinarios de Jap\u00f3n en Barcelona! Reserva ahora y crea recuerdos inolvidables en toda la familia.","breadcrumb":{"@id":"https:\/\/regalexia.com\/experiencias\/taller-de-cocina-japonesa\/#breadcrumb"},"inLanguage":"ca","potentialAction":[{"@type":"ReadAction","target":["https:\/\/regalexia.com\/experiencias\/taller-de-cocina-japonesa\/"]}]},{"@type":"ImageObject","inLanguage":"ca","@id":"https:\/\/regalexia.com\/experiencias\/taller-de-cocina-japonesa\/#primaryimage","url":"https:\/\/regalexia.com\/wp-content\/uploads\/2023\/03\/Taller-de-cocina-japonesa-A.webp","contentUrl":"https:\/\/regalexia.com\/wp-content\/uploads\/2023\/03\/Taller-de-cocina-japonesa-A.webp","width":1024,"height":768,"caption":"Imagen de ni\u00f1os peque\u00f1os, con sus manitas llenas de harina, se paran junto a un chef japon\u00e9s. El profesor sonr\u00ede mientras gu\u00eda sus movimientos, ense\u00f1\u00e1ndoles a enrollar sushi con destreza. Correspondiente a la categor\u00eda de creativo en experiencias para regalar a ni\u00f1os en Barcelona - Regalexia"},{"@type":"BreadcrumbList","@id":"https:\/\/regalexia.com\/experiencias\/taller-de-cocina-japonesa\/#breadcrumb","itemListElement":[{"@type":"ListItem","position":1,"name":"Inicio","item":"https:\/\/regalexia.com\/"},{"@type":"ListItem","position":2,"name":"Experiencias","item":"https:\/\/regalexia.com\/experiencias\/"},{"@type":"ListItem","position":3,"name":"Taller de cocina japonesa"}]},{"@type":"WebSite","@id":"https:\/\/regalexia.com\/#website","url":"https:\/\/regalexia.com\/","name":"Regalexia","description":"","publisher":{"@id":"https:\/\/regalexia.com\/#organization"},"potentialAction":[{"@type":"SearchAction","target":{"@type":"EntryPoint","urlTemplate":"https:\/\/regalexia.com\/?s={search_term_string}"},"query-input":{"@type":"PropertyValueSpecification","valueRequired":true,"valueName":"search_term_string"}}],"inLanguage":"ca"},{"@type":"Organization","@id":"https:\/\/regalexia.com\/#organization","name":"Regalexia","url":"https:\/\/regalexia.com\/","logo":{"@type":"ImageObject","inLanguage":"ca","@id":"https:\/\/regalexia.com\/#\/schema\/logo\/image\/","url":"https:\/\/regalexia.com\/wp-content\/uploads\/2024\/05\/logo_webp.webp","contentUrl":"https:\/\/regalexia.com\/wp-content\/uploads\/2024\/05\/logo_webp.webp","width":338,"height":90,"caption":"Regalexia"},"image":{"@id":"https:\/\/regalexia.com\/#\/schema\/logo\/image\/"},"sameAs":["https:\/\/www.facebook.com\/regalexia","https:\/\/www.instagram.com\/regalexia\/","https:\/\/www.youtube.com\/@RegalexiaRegalaIlusiones"]}]}},"_links":{"self":[{"href":"https:\/\/regalexia.com\/ca\/wp-json\/wp\/v2\/product\/401","targetHints":{"allow":["GET"]}}],"collection":[{"href":"https:\/\/regalexia.com\/ca\/wp-json\/wp\/v2\/product"}],"about":[{"href":"https:\/\/regalexia.com\/ca\/wp-json\/wp\/v2\/types\/product"}],"replies":[{"embeddable":true,"href":"https:\/\/regalexia.com\/ca\/wp-json\/wp\/v2\/comments?post=401"}],"wp:featuredmedia":[{"embeddable":true,"href":"https:\/\/regalexia.com\/ca\/wp-json\/wp\/v2\/media\/8461"}],"wp:attachment":[{"href":"https:\/\/regalexia.com\/ca\/wp-json\/wp\/v2\/media?parent=401"}],"wp:term":[{"taxonomy":"product_brand","embeddable":true,"href":"https:\/\/regalexia.com\/ca\/wp-json\/wp\/v2\/product_brand?post=401"},{"taxonomy":"product_cat","embeddable":true,"href":"https:\/\/regalexia.com\/ca\/wp-json\/wp\/v2\/product_cat?post=401"},{"taxonomy":"product_tag","embeddable":true,"href":"https:\/\/regalexia.com\/ca\/wp-json\/wp\/v2\/product_tag?post=401"}],"curies":[{"name":"wp","href":"https:\/\/api.w.org\/{rel}","templated":true}]}}