 {"id":41,"date":"2023-01-20T01:50:27","date_gmt":"2023-01-20T01:50:27","guid":{"rendered":"https:\/\/regalexia.com\/store\/producto\/apicultor-por-un-dia\/"},"modified":"2025-06-26T20:52:45","modified_gmt":"2025-06-26T18:52:45","slug":"visitando-las-colmenas","status":"publish","type":"product","link":"https:\/\/regalexia.com\/ca\/experiencias\/visitando-las-colmenas\/","title":{"rendered":"Visita las colmenas"},"content":{"rendered":"<h1 class=\"wp-block-heading\">Vive una incre\u00edble experiencia siendo aplicultor por un d\u00eda con la aventura \u00abVisita las colmenas\u00bb, en donde toda la familia conoce el maravilloso mundo de las abejas en las colmenas.<\/h1>\n\n\n\n<h2 class=\"wp-block-heading\"><strong>Incre\u00edble experiencia donde los peques conocen el maravilloso mundo de las abejas en las colmenas.<\/strong><\/h2>\n\n\n\n<p>\u00a1Un d\u00eda fant\u00e1stico y distinto al aire libre!<\/p>\n\n\n\n<p>Las abejas cumplen un rol de gran importancia para el equilibrio ecol\u00f3gico en la naturaleza y para la vida humana porque gracias a estos polinizadores nuestras comidas son tan ricas y variadas, adem\u00e1s de ser las responsables de la reproducci\u00f3n de muchos \u00e1rboles y plantas con flores y frutos.<\/p>\n\n\n\n<p>Estos peque\u00f1os insectos est\u00e1n en peligro.<\/p>\n\n\n\n<p>En este taller te invitamos a conocer el maravilloso mundo de las abejas en las colmenas de la mano de apicultores. Ven y vive una gran experiencia rodeado de abundante naturaleza y vas a aprender c\u00f3mo podemos contribuir para asegurar la supervivencia de estos incre\u00edbles insectos.<\/p>\n\n\n\n<p>\u00bfQu\u00e9 har\u00e9is durante la visita?<\/p>\n\n\n\n<ul class=\"wp-block-list\">\n<li>Conocer\u00e9is curiosidades sobre las abejas y su mundo &#8211; como que las abejas se comunican bailando.<\/li>\n<\/ul>\n\n\n\n<ul class=\"wp-block-list\">\n<li>Os vestir\u00e9is de apicultor y visitar\u00e9is las colmenas.<\/li>\n<\/ul>\n\n\n\n<ul class=\"wp-block-list\">\n<li>Visitar\u00e9is el obrador&nbsp;y podr\u00e9is hacer una cata de los productos.<\/li>\n<\/ul>\n\n\n\n<p>Un d\u00eda en pleno contacto con la naturaleza sembrar\u00e1 en los peque\u00f1os el asombro por estos maravillosos bichos, \u00a1los trabajadores en equipo por excelencia!<\/p>\n\n\n\n<blockquote class=\"wp-block-quote is-layout-flow wp-block-quote-is-layout-flow\">\n<p><strong>\u00abPara las abejas, la flor es la fuente de la vida. Para las flores, la abeja es la mensajera del amor\u00bb<\/strong><\/p>\n<cite>Kahlil Gibran<\/cite><\/blockquote>\n\n\n\n<p>\u00a1Que todos se pongan el traje para abrir esas misteriosas cajas donde viven las abejas!<\/p>","protected":false},"excerpt":{"rendered":"<p><span style=\"font-weight: 400\">\u00a1Emb\u00e1rcad en una emocionante aventura en el mundo de las abejas con vuestros hijos! Descubrid el asombroso universo detr\u00e1s de la miel en el hermoso Parc Natural del Montseny. Dise\u00f1ada para familias como la vuestra, esta experiencia \u00fanica incluye 2 adultos y 2 ni\u00f1os, asegurando momentos inolvidables juntos. \u00a1No esper\u00e9is para regalarles alegr\u00eda y aprendizaje en la naturaleza! Comprad ahora y cread recuerdos imborrables en este fascinante viaje a las colmenas. \u00a1Vivid la emoci\u00f3n de la naturaleza!<\/span><\/p>","protected":false},"featured_media":8204,"comment_status":"open","ping_status":"closed","template":"","meta":{"id_video":[],"enlace_video":[],"enlace_captura":[],"invitacion_anexada":[],"pedido_anexado":[]},"product_brand":[],"product_cat":[45],"product_tag":[],"class_list":{"0":"post-41","1":"product","2":"type-product","3":"status-publish","4":"has-post-thumbnail","6":"product_cat-explorador","8":"first","9":"instock","10":"sold-individually","11":"shipping-taxable","12":"purchasable","13":"product-type-simple"},"exclude_global_add_ons":[],"addons":[],"yoast_head":"<!-- This site is optimized with the Yoast SEO plugin v27.3 - https:\/\/yoast.com\/product\/yoast-seo-wordpress\/ -->\n<title>Visita las colmenas - Regalexia<\/title>\n<meta name=\"description\" content=\"&quot;\u00a1Oferta \u00fanica! Disfruta de una experiencia en familia con las abejas en sus colmenas. Conoce el fascinante mundo de las abejas y contribuye a su preservaci\u00f3n. \u00a1Compra ahora y vive un d\u00eda lleno de emoci\u00f3n al aire libre con un descuento especial!&quot;\" \/>\n<meta name=\"robots\" content=\"index, follow, max-snippet:-1, max-image-preview:large, max-video-preview:-1\" \/>\n<link rel=\"canonical\" href=\"https:\/\/regalexia.com\/ca\/experiencias\/visitando-las-colmenas\/\" \/>\n<meta property=\"og:locale\" content=\"ca_ES\" \/>\n<meta property=\"og:type\" content=\"article\" \/>\n<meta property=\"og:title\" content=\"Visita las colmenas - Regalexia\" \/>\n<meta property=\"og:description\" content=\"&quot;\u00a1Oferta \u00fanica! Disfruta de una experiencia en familia con las abejas en sus colmenas. Conoce el fascinante mundo de las abejas y contribuye a su preservaci\u00f3n. \u00a1Compra ahora y vive un d\u00eda lleno de emoci\u00f3n al aire libre con un descuento especial!&quot;\" \/>\n<meta property=\"og:url\" content=\"https:\/\/regalexia.com\/ca\/experiencias\/visitando-las-colmenas\/\" \/>\n<meta property=\"og:site_name\" content=\"Regalexia\" \/>\n<meta property=\"article:publisher\" content=\"https:\/\/www.facebook.com\/regalexia\" \/>\n<meta property=\"article:modified_time\" content=\"2025-06-26T18:52:45+00:00\" \/>\n<meta property=\"og:image\" content=\"https:\/\/regalexia.com\/wp-content\/uploads\/2023\/01\/Visita-las-colmenas_G-1.webp\" \/>\n\t<meta property=\"og:image:width\" content=\"600\" \/>\n\t<meta property=\"og:image:height\" content=\"450\" \/>\n\t<meta property=\"og:image:type\" content=\"image\/webp\" \/>\n<meta name=\"twitter:card\" content=\"summary_large_image\" \/>\n<meta name=\"twitter:label1\" content=\"Temps estimat de lectura\" \/>\n\t<meta name=\"twitter:data1\" content=\"2 minuts\" \/>\n<script type=\"application\/ld+json\" class=\"yoast-schema-graph\">{\"@context\":\"https:\\\/\\\/schema.org\",\"@graph\":[{\"@type\":\"WebPage\",\"@id\":\"https:\\\/\\\/regalexia.com\\\/experiencias\\\/visitando-las-colmenas\\\/\",\"url\":\"https:\\\/\\\/regalexia.com\\\/experiencias\\\/visitando-las-colmenas\\\/\",\"name\":\"Visita las colmenas - Regalexia\",\"isPartOf\":{\"@id\":\"https:\\\/\\\/regalexia.com\\\/#website\"},\"primaryImageOfPage\":{\"@id\":\"https:\\\/\\\/regalexia.com\\\/experiencias\\\/visitando-las-colmenas\\\/#primaryimage\"},\"image\":{\"@id\":\"https:\\\/\\\/regalexia.com\\\/experiencias\\\/visitando-las-colmenas\\\/#primaryimage\"},\"thumbnailUrl\":\"https:\\\/\\\/regalexia.com\\\/wp-content\\\/uploads\\\/2023\\\/01\\\/Visita-las-colmenas_G-1.webp\",\"datePublished\":\"2023-01-20T01:50:27+00:00\",\"dateModified\":\"2025-06-26T18:52:45+00:00\",\"description\":\"\\\"\u00a1Oferta \u00fanica! Disfruta de una experiencia en familia con las abejas en sus colmenas. Conoce el fascinante mundo de las abejas y contribuye a su preservaci\u00f3n. \u00a1Compra ahora y vive un d\u00eda lleno de emoci\u00f3n al aire libre con un descuento especial!\\\"\",\"breadcrumb\":{\"@id\":\"https:\\\/\\\/regalexia.com\\\/experiencias\\\/visitando-las-colmenas\\\/#breadcrumb\"},\"inLanguage\":\"ca\",\"potentialAction\":[{\"@type\":\"ReadAction\",\"target\":[\"https:\\\/\\\/regalexia.com\\\/experiencias\\\/visitando-las-colmenas\\\/\"]}]},{\"@type\":\"ImageObject\",\"inLanguage\":\"ca\",\"@id\":\"https:\\\/\\\/regalexia.com\\\/experiencias\\\/visitando-las-colmenas\\\/#primaryimage\",\"url\":\"https:\\\/\\\/regalexia.com\\\/wp-content\\\/uploads\\\/2023\\\/01\\\/Visita-las-colmenas_G-1.webp\",\"contentUrl\":\"https:\\\/\\\/regalexia.com\\\/wp-content\\\/uploads\\\/2023\\\/01\\\/Visita-las-colmenas_G-1.webp\",\"width\":600,\"height\":450,\"caption\":\"Imagen de una abeja que se posa sobre una flor, para extraer el n\u00e9ctar con precisi\u00f3n. Su pelaje rayado brilla bajo la luz del sol, mientras se afana en su importante labor de polinizaci\u00f3n. La imagen captura un momento de armon\u00eda en la naturaleza, donde la abeja y la flor se entrelazan en un baile vital de supervivencia y belleza. Es un recordatorio de la importancia de estos peque\u00f1os polinizadores en el ciclo de la vida y la biodiversidad del mundo natural. Correspondiente a la categor\u00eda de explorador y experiencias originales para ni\u00f1os en Barcelona - Regalexia.\"},{\"@type\":\"BreadcrumbList\",\"@id\":\"https:\\\/\\\/regalexia.com\\\/experiencias\\\/visitando-las-colmenas\\\/#breadcrumb\",\"itemListElement\":[{\"@type\":\"ListItem\",\"position\":1,\"name\":\"Inicio\",\"item\":\"https:\\\/\\\/regalexia.com\\\/\"},{\"@type\":\"ListItem\",\"position\":2,\"name\":\"Experiencias\",\"item\":\"https:\\\/\\\/regalexia.com\\\/experiencias\\\/\"},{\"@type\":\"ListItem\",\"position\":3,\"name\":\"Visita las colmenas\"}]},{\"@type\":\"WebSite\",\"@id\":\"https:\\\/\\\/regalexia.com\\\/#website\",\"url\":\"https:\\\/\\\/regalexia.com\\\/\",\"name\":\"Regalexia\",\"description\":\"\",\"publisher\":{\"@id\":\"https:\\\/\\\/regalexia.com\\\/#organization\"},\"potentialAction\":[{\"@type\":\"SearchAction\",\"target\":{\"@type\":\"EntryPoint\",\"urlTemplate\":\"https:\\\/\\\/regalexia.com\\\/?s={search_term_string}\"},\"query-input\":{\"@type\":\"PropertyValueSpecification\",\"valueRequired\":true,\"valueName\":\"search_term_string\"}}],\"inLanguage\":\"ca\"},{\"@type\":\"Organization\",\"@id\":\"https:\\\/\\\/regalexia.com\\\/#organization\",\"name\":\"Regalexia\",\"url\":\"https:\\\/\\\/regalexia.com\\\/\",\"logo\":{\"@type\":\"ImageObject\",\"inLanguage\":\"ca\",\"@id\":\"https:\\\/\\\/regalexia.com\\\/#\\\/schema\\\/logo\\\/image\\\/\",\"url\":\"https:\\\/\\\/regalexia.com\\\/wp-content\\\/uploads\\\/2024\\\/05\\\/logo_webp.webp\",\"contentUrl\":\"https:\\\/\\\/regalexia.com\\\/wp-content\\\/uploads\\\/2024\\\/05\\\/logo_webp.webp\",\"width\":338,\"height\":90,\"caption\":\"Regalexia\"},\"image\":{\"@id\":\"https:\\\/\\\/regalexia.com\\\/#\\\/schema\\\/logo\\\/image\\\/\"},\"sameAs\":[\"https:\\\/\\\/www.facebook.com\\\/regalexia\",\"https:\\\/\\\/www.instagram.com\\\/regalexia\\\/\",\"https:\\\/\\\/www.youtube.com\\\/@RegalexiaRegalaIlusiones\"]}]}<\/script>\n<!-- \/ Yoast SEO plugin. -->","yoast_head_json":{"title":"Visita las colmenas - Regalexia","description":"\"\\u00a1Oferta \\u00fanica! Disfruta de una experiencia en familia con las abejas en sus colmenas. Conoce el fascinante mundo de las abejas y contribuye a su preservaci\\u00f3n. \\u00a1Compra ahora y vive un d\\u00eda lleno de emoci\\u00f3n al aire libre con un descuento especial!\"","robots":{"index":"index","follow":"follow","max-snippet":"max-snippet:-1","max-image-preview":"max-image-preview:large","max-video-preview":"max-video-preview:-1"},"canonical":"https:\/\/regalexia.com\/ca\/experiencias\/visitando-las-colmenas\/","og_locale":"ca_ES","og_type":"article","og_title":"Visita las colmenas - Regalexia","og_description":"\"\u00a1Oferta \u00fanica! Disfruta de una experiencia en familia con las abejas en sus colmenas. Conoce el fascinante mundo de las abejas y contribuye a su preservaci\u00f3n. \u00a1Compra ahora y vive un d\u00eda lleno de emoci\u00f3n al aire libre con un descuento especial!\"","og_url":"https:\/\/regalexia.com\/ca\/experiencias\/visitando-las-colmenas\/","og_site_name":"Regalexia","article_publisher":"https:\/\/www.facebook.com\/regalexia","article_modified_time":"2025-06-26T18:52:45+00:00","og_image":[{"width":600,"height":450,"url":"https:\/\/regalexia.com\/wp-content\/uploads\/2023\/01\/Visita-las-colmenas_G-1.webp","type":"image\/webp"}],"twitter_card":"summary_large_image","twitter_misc":{"Temps estimat de lectura":"2 minuts"},"schema":{"@context":"https:\/\/schema.org","@graph":[{"@type":"WebPage","@id":"https:\/\/regalexia.com\/experiencias\/visitando-las-colmenas\/","url":"https:\/\/regalexia.com\/experiencias\/visitando-las-colmenas\/","name":"Visita las colmenas - Regalexia","isPartOf":{"@id":"https:\/\/regalexia.com\/#website"},"primaryImageOfPage":{"@id":"https:\/\/regalexia.com\/experiencias\/visitando-las-colmenas\/#primaryimage"},"image":{"@id":"https:\/\/regalexia.com\/experiencias\/visitando-las-colmenas\/#primaryimage"},"thumbnailUrl":"https:\/\/regalexia.com\/wp-content\/uploads\/2023\/01\/Visita-las-colmenas_G-1.webp","datePublished":"2023-01-20T01:50:27+00:00","dateModified":"2025-06-26T18:52:45+00:00","description":"\"\\u00a1Oferta \\u00fanica! Disfruta de una experiencia en familia con las abejas en sus colmenas. Conoce el fascinante mundo de las abejas y contribuye a su preservaci\\u00f3n. \\u00a1Compra ahora y vive un d\\u00eda lleno de emoci\\u00f3n al aire libre con un descuento especial!\"","breadcrumb":{"@id":"https:\/\/regalexia.com\/experiencias\/visitando-las-colmenas\/#breadcrumb"},"inLanguage":"ca","potentialAction":[{"@type":"ReadAction","target":["https:\/\/regalexia.com\/experiencias\/visitando-las-colmenas\/"]}]},{"@type":"ImageObject","inLanguage":"ca","@id":"https:\/\/regalexia.com\/experiencias\/visitando-las-colmenas\/#primaryimage","url":"https:\/\/regalexia.com\/wp-content\/uploads\/2023\/01\/Visita-las-colmenas_G-1.webp","contentUrl":"https:\/\/regalexia.com\/wp-content\/uploads\/2023\/01\/Visita-las-colmenas_G-1.webp","width":600,"height":450,"caption":"Imagen de una abeja que se posa sobre una flor, para extraer el n\u00e9ctar con precisi\u00f3n. Su pelaje rayado brilla bajo la luz del sol, mientras se afana en su importante labor de polinizaci\u00f3n. La imagen captura un momento de armon\u00eda en la naturaleza, donde la abeja y la flor se entrelazan en un baile vital de supervivencia y belleza. Es un recordatorio de la importancia de estos peque\u00f1os polinizadores en el ciclo de la vida y la biodiversidad del mundo natural. Correspondiente a la categor\u00eda de explorador y experiencias originales para ni\u00f1os en Barcelona - Regalexia."},{"@type":"BreadcrumbList","@id":"https:\/\/regalexia.com\/experiencias\/visitando-las-colmenas\/#breadcrumb","itemListElement":[{"@type":"ListItem","position":1,"name":"Inicio","item":"https:\/\/regalexia.com\/"},{"@type":"ListItem","position":2,"name":"Experiencias","item":"https:\/\/regalexia.com\/experiencias\/"},{"@type":"ListItem","position":3,"name":"Visita las colmenas"}]},{"@type":"WebSite","@id":"https:\/\/regalexia.com\/#website","url":"https:\/\/regalexia.com\/","name":"Regalexia","description":"","publisher":{"@id":"https:\/\/regalexia.com\/#organization"},"potentialAction":[{"@type":"SearchAction","target":{"@type":"EntryPoint","urlTemplate":"https:\/\/regalexia.com\/?s={search_term_string}"},"query-input":{"@type":"PropertyValueSpecification","valueRequired":true,"valueName":"search_term_string"}}],"inLanguage":"ca"},{"@type":"Organization","@id":"https:\/\/regalexia.com\/#organization","name":"Regalexia","url":"https:\/\/regalexia.com\/","logo":{"@type":"ImageObject","inLanguage":"ca","@id":"https:\/\/regalexia.com\/#\/schema\/logo\/image\/","url":"https:\/\/regalexia.com\/wp-content\/uploads\/2024\/05\/logo_webp.webp","contentUrl":"https:\/\/regalexia.com\/wp-content\/uploads\/2024\/05\/logo_webp.webp","width":338,"height":90,"caption":"Regalexia"},"image":{"@id":"https:\/\/regalexia.com\/#\/schema\/logo\/image\/"},"sameAs":["https:\/\/www.facebook.com\/regalexia","https:\/\/www.instagram.com\/regalexia\/","https:\/\/www.youtube.com\/@RegalexiaRegalaIlusiones"]}]}},"_links":{"self":[{"href":"https:\/\/regalexia.com\/ca\/wp-json\/wp\/v2\/product\/41","targetHints":{"allow":["GET"]}}],"collection":[{"href":"https:\/\/regalexia.com\/ca\/wp-json\/wp\/v2\/product"}],"about":[{"href":"https:\/\/regalexia.com\/ca\/wp-json\/wp\/v2\/types\/product"}],"replies":[{"embeddable":true,"href":"https:\/\/regalexia.com\/ca\/wp-json\/wp\/v2\/comments?post=41"}],"wp:featuredmedia":[{"embeddable":true,"href":"https:\/\/regalexia.com\/ca\/wp-json\/wp\/v2\/media\/8204"}],"wp:attachment":[{"href":"https:\/\/regalexia.com\/ca\/wp-json\/wp\/v2\/media?parent=41"}],"wp:term":[{"taxonomy":"product_brand","embeddable":true,"href":"https:\/\/regalexia.com\/ca\/wp-json\/wp\/v2\/product_brand?post=41"},{"taxonomy":"product_cat","embeddable":true,"href":"https:\/\/regalexia.com\/ca\/wp-json\/wp\/v2\/product_cat?post=41"},{"taxonomy":"product_tag","embeddable":true,"href":"https:\/\/regalexia.com\/ca\/wp-json\/wp\/v2\/product_tag?post=41"}],"curies":[{"name":"wp","href":"https:\/\/api.w.org\/{rel}","templated":true}]}}