 {"id":416,"date":"2023-03-23T03:15:25","date_gmt":"2023-03-23T02:15:25","guid":{"rendered":"https:\/\/regalexia.com\/store\/producto\/circuito-iniciacion\/"},"modified":"2024-07-09T21:04:32","modified_gmt":"2024-07-09T19:04:32","slug":"bautizo-en-trineo-de-nieve","status":"publish","type":"product","link":"https:\/\/regalexia.com\/ca\/experiencias\/bautizo-en-trineo-de-nieve\/","title":{"rendered":"Bautizo en trineo de nieve"},"content":{"rendered":"<p>\u00bfTe gusta que ellos experimenten la emoci\u00f3n del mushing? \u00a1El bautizo en trineo de nieve es la forma perfecta de empezar!<\/p>\n\n\n\n<p>Con paseos llenos de adrenalina y mucha diversi\u00f3n encuentran:<\/p>\n\n\n\n<ul class=\"wp-block-list\">\n<li>Una excelente manera de conectarse con la naturaleza y divertirse en la nieve.<\/li>\n\n\n\n<li>Mucha diversi\u00f3n con sus amigos de cuatro patas.<\/li>\n\n\n\n<li>Gran trabajo en equipo y responsabilidad.<\/li>\n<\/ul>\n\n\n\n<p>Adem\u00e1s, esta actividad la pueden disfrutar tanto ni\u00f1os como adultos y proporcionar una experiencia de uni\u00f3n \u00fanica.<\/p>\n\n\n\n<p>La sensaci\u00f3n de estar al tim\u00f3n de un trineo tirado por perros Husky es algo verdaderamente incre\u00edble, ya que no s\u00f3lo disfrutan de la adrenalina que proporciona, sino que tambi\u00e9n crean un v\u00ednculo con los animales y su entorno.<\/p>\n\n\n\n<p>\u00a1Ven con nosotros!<\/p>\n\n\n\n<blockquote class=\"wp-block-quote is-layout-flow wp-block-quote-is-layout-flow\">\n<p><strong>\u00abLas aventuras son para los aventureros\u00bb<\/strong><\/p>\n<cite>Benjamin Disraeli<\/cite><\/blockquote>\n\n\n\n<p>El bautizo en trineo de nieve es una experiencia que se queda con tu hija e hijo para siempre. Entonces, \u00bfpor qu\u00e9 no darles el regalo de su vida?<\/p>","protected":false},"excerpt":{"rendered":"<p>\u00bfTe gustar\u00eda que tus hijas e hijos experimenten la emoci\u00f3n del mushing y est\u00e9n al tim\u00f3n de un trineo tirado por perros Husky mientras admiran paisajes incre\u00edbles?<\/p>\n<p>Disfruta de esta gran experiencia en la localidad de Lleida. Esta actividad est\u00e1 sujeta a las condiciones meteorol\u00f3gicas. Si te interesa comprarla, m\u00e1ndanos un mensaje.<\/p>","protected":false},"featured_media":8358,"comment_status":"open","ping_status":"closed","template":"","meta":{"id_video":[],"enlace_video":[],"enlace_captura":[],"invitacion_anexada":[],"pedido_anexado":[]},"product_brand":[],"product_cat":[45],"product_tag":[],"class_list":{"0":"post-416","1":"product","2":"type-product","3":"status-publish","4":"has-post-thumbnail","6":"product_cat-explorador","8":"first","9":"outofstock","10":"shipping-taxable","11":"product-type-simple"},"exclude_global_add_ons":[],"addons":[],"yoast_head":"<!-- This site is optimized with the Yoast SEO plugin v27.3 - https:\/\/yoast.com\/product\/yoast-seo-wordpress\/ -->\n<title>Bautizo en trineo de nieve - Regalexia<\/title>\n<meta name=\"robots\" content=\"index, follow, max-snippet:-1, max-image-preview:large, max-video-preview:-1\" \/>\n<link rel=\"canonical\" href=\"https:\/\/regalexia.com\/ca\/experiencias\/bautizo-en-trineo-de-nieve\/\" \/>\n<meta property=\"og:locale\" content=\"ca_ES\" \/>\n<meta property=\"og:type\" content=\"article\" \/>\n<meta property=\"og:title\" content=\"Bautizo en trineo de nieve - Regalexia\" \/>\n<meta property=\"og:description\" content=\"\u00bfTe gustar\u00eda que tus hijas e hijos experimenten la emoci\u00f3n del mushing y est\u00e9n al tim\u00f3n de un trineo tirado por perros Husky mientras admiran paisajes incre\u00edbles? Disfruta de esta gran experiencia en la localidad de Lleida. Esta actividad est\u00e1 sujeta a las condiciones meteorol\u00f3gicas. Si te interesa comprarla, m\u00e1ndanos un mensaje.\" \/>\n<meta property=\"og:url\" content=\"https:\/\/regalexia.com\/ca\/experiencias\/bautizo-en-trineo-de-nieve\/\" \/>\n<meta property=\"og:site_name\" content=\"Regalexia\" \/>\n<meta property=\"article:publisher\" content=\"https:\/\/www.facebook.com\/regalexia\" \/>\n<meta property=\"article:modified_time\" content=\"2024-07-09T19:04:32+00:00\" \/>\n<meta property=\"og:image\" content=\"https:\/\/regalexia.com\/wp-content\/uploads\/2023\/03\/Circuito-Iniciacion-B.webp\" \/>\n\t<meta property=\"og:image:width\" content=\"1024\" \/>\n\t<meta property=\"og:image:height\" content=\"768\" \/>\n\t<meta property=\"og:image:type\" content=\"image\/webp\" \/>\n<meta name=\"twitter:card\" content=\"summary_large_image\" \/>\n<meta name=\"twitter:label1\" content=\"Temps estimat de lectura\" \/>\n\t<meta name=\"twitter:data1\" content=\"1 minut\" \/>\n<script type=\"application\/ld+json\" class=\"yoast-schema-graph\">{\"@context\":\"https:\\\/\\\/schema.org\",\"@graph\":[{\"@type\":\"WebPage\",\"@id\":\"https:\\\/\\\/regalexia.com\\\/experiencias\\\/bautizo-en-trineo-de-nieve\\\/\",\"url\":\"https:\\\/\\\/regalexia.com\\\/experiencias\\\/bautizo-en-trineo-de-nieve\\\/\",\"name\":\"Bautizo en trineo de nieve - Regalexia\",\"isPartOf\":{\"@id\":\"https:\\\/\\\/regalexia.com\\\/#website\"},\"primaryImageOfPage\":{\"@id\":\"https:\\\/\\\/regalexia.com\\\/experiencias\\\/bautizo-en-trineo-de-nieve\\\/#primaryimage\"},\"image\":{\"@id\":\"https:\\\/\\\/regalexia.com\\\/experiencias\\\/bautizo-en-trineo-de-nieve\\\/#primaryimage\"},\"thumbnailUrl\":\"https:\\\/\\\/regalexia.com\\\/wp-content\\\/uploads\\\/2023\\\/03\\\/Circuito-Iniciacion-B.webp\",\"datePublished\":\"2023-03-23T02:15:25+00:00\",\"dateModified\":\"2024-07-09T19:04:32+00:00\",\"breadcrumb\":{\"@id\":\"https:\\\/\\\/regalexia.com\\\/experiencias\\\/bautizo-en-trineo-de-nieve\\\/#breadcrumb\"},\"inLanguage\":\"ca\",\"potentialAction\":[{\"@type\":\"ReadAction\",\"target\":[\"https:\\\/\\\/regalexia.com\\\/experiencias\\\/bautizo-en-trineo-de-nieve\\\/\"]}]},{\"@type\":\"ImageObject\",\"inLanguage\":\"ca\",\"@id\":\"https:\\\/\\\/regalexia.com\\\/experiencias\\\/bautizo-en-trineo-de-nieve\\\/#primaryimage\",\"url\":\"https:\\\/\\\/regalexia.com\\\/wp-content\\\/uploads\\\/2023\\\/03\\\/Circuito-Iniciacion-B.webp\",\"contentUrl\":\"https:\\\/\\\/regalexia.com\\\/wp-content\\\/uploads\\\/2023\\\/03\\\/Circuito-Iniciacion-B.webp\",\"width\":1024,\"height\":768,\"caption\":\"Imagen de un ni\u00f1o feliz de unos 10 a\u00f1os acaricia un Husky, prepar\u00e1ndose para aprender a conducir un trineo tirado por estos maravillosos perros en un entorno incre\u00edble. La emoci\u00f3n del mushing en Barcelona - Regalexia permite a los ni\u00f1os vivir una aventura \u00fanica y emocionante, conectando profundamente con la naturaleza. Esta experiencia no solo despierta la curiosidad y el entusiasmo por el mundo animal, sino que tambi\u00e9n ofrece una oportunidad invaluable para aprender y crecer. Correspondiente a la categor\u00eda de explorador y experiencias originales para ni\u00f1os en Barcelona - Regalexia.\"},{\"@type\":\"BreadcrumbList\",\"@id\":\"https:\\\/\\\/regalexia.com\\\/experiencias\\\/bautizo-en-trineo-de-nieve\\\/#breadcrumb\",\"itemListElement\":[{\"@type\":\"ListItem\",\"position\":1,\"name\":\"Inicio\",\"item\":\"https:\\\/\\\/regalexia.com\\\/\"},{\"@type\":\"ListItem\",\"position\":2,\"name\":\"Experiencias\",\"item\":\"https:\\\/\\\/regalexia.com\\\/experiencias\\\/\"},{\"@type\":\"ListItem\",\"position\":3,\"name\":\"Bautizo en trineo de nieve\"}]},{\"@type\":\"WebSite\",\"@id\":\"https:\\\/\\\/regalexia.com\\\/#website\",\"url\":\"https:\\\/\\\/regalexia.com\\\/\",\"name\":\"Regalexia\",\"description\":\"\",\"publisher\":{\"@id\":\"https:\\\/\\\/regalexia.com\\\/#organization\"},\"potentialAction\":[{\"@type\":\"SearchAction\",\"target\":{\"@type\":\"EntryPoint\",\"urlTemplate\":\"https:\\\/\\\/regalexia.com\\\/?s={search_term_string}\"},\"query-input\":{\"@type\":\"PropertyValueSpecification\",\"valueRequired\":true,\"valueName\":\"search_term_string\"}}],\"inLanguage\":\"ca\"},{\"@type\":\"Organization\",\"@id\":\"https:\\\/\\\/regalexia.com\\\/#organization\",\"name\":\"Regalexia\",\"url\":\"https:\\\/\\\/regalexia.com\\\/\",\"logo\":{\"@type\":\"ImageObject\",\"inLanguage\":\"ca\",\"@id\":\"https:\\\/\\\/regalexia.com\\\/#\\\/schema\\\/logo\\\/image\\\/\",\"url\":\"https:\\\/\\\/regalexia.com\\\/wp-content\\\/uploads\\\/2024\\\/05\\\/logo_webp.webp\",\"contentUrl\":\"https:\\\/\\\/regalexia.com\\\/wp-content\\\/uploads\\\/2024\\\/05\\\/logo_webp.webp\",\"width\":338,\"height\":90,\"caption\":\"Regalexia\"},\"image\":{\"@id\":\"https:\\\/\\\/regalexia.com\\\/#\\\/schema\\\/logo\\\/image\\\/\"},\"sameAs\":[\"https:\\\/\\\/www.facebook.com\\\/regalexia\",\"https:\\\/\\\/www.instagram.com\\\/regalexia\\\/\",\"https:\\\/\\\/www.youtube.com\\\/@RegalexiaRegalaIlusiones\"]}]}<\/script>\n<!-- \/ Yoast SEO plugin. -->","yoast_head_json":{"title":"Bautizo en trineo de nieve - Regalexia","robots":{"index":"index","follow":"follow","max-snippet":"max-snippet:-1","max-image-preview":"max-image-preview:large","max-video-preview":"max-video-preview:-1"},"canonical":"https:\/\/regalexia.com\/ca\/experiencias\/bautizo-en-trineo-de-nieve\/","og_locale":"ca_ES","og_type":"article","og_title":"Bautizo en trineo de nieve - Regalexia","og_description":"\u00bfTe gustar\u00eda que tus hijas e hijos experimenten la emoci\u00f3n del mushing y est\u00e9n al tim\u00f3n de un trineo tirado por perros Husky mientras admiran paisajes incre\u00edbles? Disfruta de esta gran experiencia en la localidad de Lleida. Esta actividad est\u00e1 sujeta a las condiciones meteorol\u00f3gicas. Si te interesa comprarla, m\u00e1ndanos un mensaje.","og_url":"https:\/\/regalexia.com\/ca\/experiencias\/bautizo-en-trineo-de-nieve\/","og_site_name":"Regalexia","article_publisher":"https:\/\/www.facebook.com\/regalexia","article_modified_time":"2024-07-09T19:04:32+00:00","og_image":[{"width":1024,"height":768,"url":"https:\/\/regalexia.com\/wp-content\/uploads\/2023\/03\/Circuito-Iniciacion-B.webp","type":"image\/webp"}],"twitter_card":"summary_large_image","twitter_misc":{"Temps estimat de lectura":"1 minut"},"schema":{"@context":"https:\/\/schema.org","@graph":[{"@type":"WebPage","@id":"https:\/\/regalexia.com\/experiencias\/bautizo-en-trineo-de-nieve\/","url":"https:\/\/regalexia.com\/experiencias\/bautizo-en-trineo-de-nieve\/","name":"Bautizo en trineo de nieve - Regalexia","isPartOf":{"@id":"https:\/\/regalexia.com\/#website"},"primaryImageOfPage":{"@id":"https:\/\/regalexia.com\/experiencias\/bautizo-en-trineo-de-nieve\/#primaryimage"},"image":{"@id":"https:\/\/regalexia.com\/experiencias\/bautizo-en-trineo-de-nieve\/#primaryimage"},"thumbnailUrl":"https:\/\/regalexia.com\/wp-content\/uploads\/2023\/03\/Circuito-Iniciacion-B.webp","datePublished":"2023-03-23T02:15:25+00:00","dateModified":"2024-07-09T19:04:32+00:00","breadcrumb":{"@id":"https:\/\/regalexia.com\/experiencias\/bautizo-en-trineo-de-nieve\/#breadcrumb"},"inLanguage":"ca","potentialAction":[{"@type":"ReadAction","target":["https:\/\/regalexia.com\/experiencias\/bautizo-en-trineo-de-nieve\/"]}]},{"@type":"ImageObject","inLanguage":"ca","@id":"https:\/\/regalexia.com\/experiencias\/bautizo-en-trineo-de-nieve\/#primaryimage","url":"https:\/\/regalexia.com\/wp-content\/uploads\/2023\/03\/Circuito-Iniciacion-B.webp","contentUrl":"https:\/\/regalexia.com\/wp-content\/uploads\/2023\/03\/Circuito-Iniciacion-B.webp","width":1024,"height":768,"caption":"Imagen de un ni\u00f1o feliz de unos 10 a\u00f1os acaricia un Husky, prepar\u00e1ndose para aprender a conducir un trineo tirado por estos maravillosos perros en un entorno incre\u00edble. La emoci\u00f3n del mushing en Barcelona - Regalexia permite a los ni\u00f1os vivir una aventura \u00fanica y emocionante, conectando profundamente con la naturaleza. Esta experiencia no solo despierta la curiosidad y el entusiasmo por el mundo animal, sino que tambi\u00e9n ofrece una oportunidad invaluable para aprender y crecer. Correspondiente a la categor\u00eda de explorador y experiencias originales para ni\u00f1os en Barcelona - Regalexia."},{"@type":"BreadcrumbList","@id":"https:\/\/regalexia.com\/experiencias\/bautizo-en-trineo-de-nieve\/#breadcrumb","itemListElement":[{"@type":"ListItem","position":1,"name":"Inicio","item":"https:\/\/regalexia.com\/"},{"@type":"ListItem","position":2,"name":"Experiencias","item":"https:\/\/regalexia.com\/experiencias\/"},{"@type":"ListItem","position":3,"name":"Bautizo en trineo de nieve"}]},{"@type":"WebSite","@id":"https:\/\/regalexia.com\/#website","url":"https:\/\/regalexia.com\/","name":"Regalexia","description":"","publisher":{"@id":"https:\/\/regalexia.com\/#organization"},"potentialAction":[{"@type":"SearchAction","target":{"@type":"EntryPoint","urlTemplate":"https:\/\/regalexia.com\/?s={search_term_string}"},"query-input":{"@type":"PropertyValueSpecification","valueRequired":true,"valueName":"search_term_string"}}],"inLanguage":"ca"},{"@type":"Organization","@id":"https:\/\/regalexia.com\/#organization","name":"Regalexia","url":"https:\/\/regalexia.com\/","logo":{"@type":"ImageObject","inLanguage":"ca","@id":"https:\/\/regalexia.com\/#\/schema\/logo\/image\/","url":"https:\/\/regalexia.com\/wp-content\/uploads\/2024\/05\/logo_webp.webp","contentUrl":"https:\/\/regalexia.com\/wp-content\/uploads\/2024\/05\/logo_webp.webp","width":338,"height":90,"caption":"Regalexia"},"image":{"@id":"https:\/\/regalexia.com\/#\/schema\/logo\/image\/"},"sameAs":["https:\/\/www.facebook.com\/regalexia","https:\/\/www.instagram.com\/regalexia\/","https:\/\/www.youtube.com\/@RegalexiaRegalaIlusiones"]}]}},"_links":{"self":[{"href":"https:\/\/regalexia.com\/ca\/wp-json\/wp\/v2\/product\/416","targetHints":{"allow":["GET"]}}],"collection":[{"href":"https:\/\/regalexia.com\/ca\/wp-json\/wp\/v2\/product"}],"about":[{"href":"https:\/\/regalexia.com\/ca\/wp-json\/wp\/v2\/types\/product"}],"replies":[{"embeddable":true,"href":"https:\/\/regalexia.com\/ca\/wp-json\/wp\/v2\/comments?post=416"}],"wp:featuredmedia":[{"embeddable":true,"href":"https:\/\/regalexia.com\/ca\/wp-json\/wp\/v2\/media\/8358"}],"wp:attachment":[{"href":"https:\/\/regalexia.com\/ca\/wp-json\/wp\/v2\/media?parent=416"}],"wp:term":[{"taxonomy":"product_brand","embeddable":true,"href":"https:\/\/regalexia.com\/ca\/wp-json\/wp\/v2\/product_brand?post=416"},{"taxonomy":"product_cat","embeddable":true,"href":"https:\/\/regalexia.com\/ca\/wp-json\/wp\/v2\/product_cat?post=416"},{"taxonomy":"product_tag","embeddable":true,"href":"https:\/\/regalexia.com\/ca\/wp-json\/wp\/v2\/product_tag?post=416"}],"curies":[{"name":"wp","href":"https:\/\/api.w.org\/{rel}","templated":true}]}}