 {"id":418,"date":"2023-03-23T04:28:50","date_gmt":"2023-03-23T03:28:50","guid":{"rendered":"https:\/\/regalexia.com\/store\/producto\/mision-masai-lego-robotica\/"},"modified":"2025-10-29T11:29:32","modified_gmt":"2025-10-29T10:29:32","slug":"mision-masai-lego-robotica","status":"publish","type":"product","link":"https:\/\/regalexia.com\/ca\/experiencias\/mision-masai-lego-robotica\/","title":{"rendered":"Misi\u00f3n Mas\u00e1i Lego Rob\u00f3tica"},"content":{"rendered":"<p>\u00bfTe gustar\u00eda que tus hijos se adentraran en el mundo de Lego Rob\u00f3tica? \u00bfTe imaginas obsequiarles una experiencia salvando a toda una aldea del cambio clim\u00e1tico?<\/p>\n\n\n\n<p>A trav\u00e9s de este ejercicio, tus hijos aprenden c\u00f3mo trabajar juntos y usar su creatividad para encontrar soluciones que puedan ayudar a nuestro planeta.<\/p>\n\n\n\n<p>Adem\u00e1s, los ni\u00f1os construyen una comprensi\u00f3n del mundo que les rodea experimentando a trav\u00e9s del juego.<\/p>\n\n\n\n<p>Beneficios:<\/p>\n\n\n\n<ul class=\"wp-block-list\">\n<li>Aprenden a conocer.<\/li>\n\n\n\n<li>Aprenden a hacer.<\/li>\n\n\n\n<li>Aprenden a vivir juntos.<\/li>\n\n\n\n<li>Aprenden a ser.<\/li>\n<\/ul>\n\n\n\n<p>Este aprendizaje no solo fomenta la solidaridad y la empat\u00eda, sino que tambi\u00e9n brinda a los ni\u00f1os la oportunidad de explorar su creatividad y desarrollar habilidades para resolver problemas.<\/p>\n\n\n\n<blockquote class=\"wp-block-quote is-layout-flow wp-block-quote-is-layout-flow\">\n<p><strong>\u00abLlegar juntos es el principio. Mantenerse juntos, es el progreso. Trabajar juntos es el \u00e9xito\u00bb<\/strong><\/p>\n<cite>Henry Ford<\/cite><\/blockquote>\n\n\n\n<p>Junto al equipo de El Trencaclosques contar\u00e9is con un\/a experto\/a ingeniero\/a que os ayuda en cada paso de la misi\u00f3n. \u00bfEst\u00e1is preparados para acabar con el cambio clim\u00e1tico?<\/p>","protected":false},"excerpt":{"rendered":"<p><span style=\"font-weight: 400\">\u00a1Unid a vuestros hijos en una misi\u00f3n humanitaria \u00fanica para combatir el cambio clim\u00e1tico con robots Lego! Vivan una experiencia inolvidable de creatividad y trabajo en equipo mientras juegan. Participad en grupos privados con un rango de 4 a 12 participantes. Esta oportunidad exclusiva est\u00e1 disponible en Barcelona. Despertad la curiosidad de vuestros hijos y llevadlos a un emocionante viaje de diversi\u00f3n que marcar\u00e1 sus vidas. \u00a1No esper\u00e9is m\u00e1s para reservar esta experiencia \u00fanica y emocionante!<\/span><\/p>","protected":false},"featured_media":8707,"comment_status":"open","ping_status":"closed","template":"","meta":{"id_video":[],"enlace_video":[],"enlace_captura":[],"invitacion_anexada":[],"pedido_anexado":[]},"product_brand":[],"product_cat":[47],"product_tag":[],"class_list":{"0":"post-418","1":"product","2":"type-product","3":"status-publish","4":"has-post-thumbnail","6":"product_cat-cientifico","8":"first","9":"instock","10":"shipping-taxable","11":"purchasable","12":"product-type-simple"},"exclude_global_add_ons":[],"addons":[],"yoast_head":"<!-- This site is optimized with the Yoast SEO plugin v27.3 - https:\/\/yoast.com\/product\/yoast-seo-wordpress\/ -->\n<title>Misi\u00f3n Mas\u00e1i Lego Rob\u00f3tica - Regalexia<\/title>\n<meta name=\"robots\" content=\"index, follow, max-snippet:-1, max-image-preview:large, max-video-preview:-1\" \/>\n<link rel=\"canonical\" href=\"https:\/\/regalexia.com\/ca\/experiencias\/mision-masai-lego-robotica\/\" \/>\n<meta property=\"og:locale\" content=\"ca_ES\" \/>\n<meta property=\"og:type\" content=\"article\" \/>\n<meta property=\"og:title\" content=\"Misi\u00f3n Mas\u00e1i Lego Rob\u00f3tica - Regalexia\" \/>\n<meta property=\"og:description\" content=\"\u00a1Unid a vuestros hijos en una misi\u00f3n humanitaria \u00fanica para combatir el cambio clim\u00e1tico con robots Lego! Vivan una experiencia inolvidable de creatividad y trabajo en equipo mientras juegan. Participad en grupos privados con un rango de 4 a 12 participantes. Esta oportunidad exclusiva est\u00e1 disponible en Barcelona. Despertad la curiosidad de vuestros hijos y llevadlos a un emocionante viaje de diversi\u00f3n que marcar\u00e1 sus vidas. \u00a1No esper\u00e9is m\u00e1s para reservar esta experiencia \u00fanica y emocionante!\" \/>\n<meta property=\"og:url\" content=\"https:\/\/regalexia.com\/ca\/experiencias\/mision-masai-lego-robotica\/\" \/>\n<meta property=\"og:site_name\" content=\"Regalexia\" \/>\n<meta property=\"article:publisher\" content=\"https:\/\/www.facebook.com\/regalexia\" \/>\n<meta property=\"article:modified_time\" content=\"2025-10-29T10:29:32+00:00\" \/>\n<meta property=\"og:image\" content=\"https:\/\/regalexia.com\/wp-content\/uploads\/2023\/03\/mision-masai-lego-robotica-d.webp\" \/>\n\t<meta property=\"og:image:width\" content=\"1024\" \/>\n\t<meta property=\"og:image:height\" content=\"768\" \/>\n\t<meta property=\"og:image:type\" content=\"image\/webp\" \/>\n<meta name=\"twitter:card\" content=\"summary_large_image\" \/>\n<meta name=\"twitter:label1\" content=\"Temps estimat de lectura\" \/>\n\t<meta name=\"twitter:data1\" content=\"1 minut\" \/>\n<script type=\"application\/ld+json\" class=\"yoast-schema-graph\">{\"@context\":\"https:\\\/\\\/schema.org\",\"@graph\":[{\"@type\":\"WebPage\",\"@id\":\"https:\\\/\\\/regalexia.com\\\/experiencias\\\/mision-masai-lego-robotica\\\/\",\"url\":\"https:\\\/\\\/regalexia.com\\\/experiencias\\\/mision-masai-lego-robotica\\\/\",\"name\":\"Misi\u00f3n Mas\u00e1i Lego Rob\u00f3tica - Regalexia\",\"isPartOf\":{\"@id\":\"https:\\\/\\\/regalexia.com\\\/#website\"},\"primaryImageOfPage\":{\"@id\":\"https:\\\/\\\/regalexia.com\\\/experiencias\\\/mision-masai-lego-robotica\\\/#primaryimage\"},\"image\":{\"@id\":\"https:\\\/\\\/regalexia.com\\\/experiencias\\\/mision-masai-lego-robotica\\\/#primaryimage\"},\"thumbnailUrl\":\"https:\\\/\\\/regalexia.com\\\/wp-content\\\/uploads\\\/2023\\\/03\\\/mision-masai-lego-robotica-d.webp\",\"datePublished\":\"2023-03-23T03:28:50+00:00\",\"dateModified\":\"2025-10-29T10:29:32+00:00\",\"breadcrumb\":{\"@id\":\"https:\\\/\\\/regalexia.com\\\/experiencias\\\/mision-masai-lego-robotica\\\/#breadcrumb\"},\"inLanguage\":\"ca\",\"potentialAction\":[{\"@type\":\"ReadAction\",\"target\":[\"https:\\\/\\\/regalexia.com\\\/experiencias\\\/mision-masai-lego-robotica\\\/\"]}]},{\"@type\":\"ImageObject\",\"inLanguage\":\"ca\",\"@id\":\"https:\\\/\\\/regalexia.com\\\/experiencias\\\/mision-masai-lego-robotica\\\/#primaryimage\",\"url\":\"https:\\\/\\\/regalexia.com\\\/wp-content\\\/uploads\\\/2023\\\/03\\\/mision-masai-lego-robotica-d.webp\",\"contentUrl\":\"https:\\\/\\\/regalexia.com\\\/wp-content\\\/uploads\\\/2023\\\/03\\\/mision-masai-lego-robotica-d.webp\",\"width\":1024,\"height\":768,\"caption\":\"Imagen de una ni\u00f1a se embarca en una aventura extraordinaria con sus piezas de LEGO. Su imaginaci\u00f3n no conoce l\u00edmites mientras transforma el suelo de su habitaci\u00f3n en un lienzo para su creatividad.-Experiencias para regalar a ni\u00f1os en Barcelona - Regalexia\"},{\"@type\":\"BreadcrumbList\",\"@id\":\"https:\\\/\\\/regalexia.com\\\/experiencias\\\/mision-masai-lego-robotica\\\/#breadcrumb\",\"itemListElement\":[{\"@type\":\"ListItem\",\"position\":1,\"name\":\"Inicio\",\"item\":\"https:\\\/\\\/regalexia.com\\\/\"},{\"@type\":\"ListItem\",\"position\":2,\"name\":\"Experiencias\",\"item\":\"https:\\\/\\\/regalexia.com\\\/experiencias\\\/\"},{\"@type\":\"ListItem\",\"position\":3,\"name\":\"Misi\u00f3n Mas\u00e1i Lego Rob\u00f3tica\"}]},{\"@type\":\"WebSite\",\"@id\":\"https:\\\/\\\/regalexia.com\\\/#website\",\"url\":\"https:\\\/\\\/regalexia.com\\\/\",\"name\":\"Regalexia\",\"description\":\"\",\"publisher\":{\"@id\":\"https:\\\/\\\/regalexia.com\\\/#organization\"},\"potentialAction\":[{\"@type\":\"SearchAction\",\"target\":{\"@type\":\"EntryPoint\",\"urlTemplate\":\"https:\\\/\\\/regalexia.com\\\/?s={search_term_string}\"},\"query-input\":{\"@type\":\"PropertyValueSpecification\",\"valueRequired\":true,\"valueName\":\"search_term_string\"}}],\"inLanguage\":\"ca\"},{\"@type\":\"Organization\",\"@id\":\"https:\\\/\\\/regalexia.com\\\/#organization\",\"name\":\"Regalexia\",\"url\":\"https:\\\/\\\/regalexia.com\\\/\",\"logo\":{\"@type\":\"ImageObject\",\"inLanguage\":\"ca\",\"@id\":\"https:\\\/\\\/regalexia.com\\\/#\\\/schema\\\/logo\\\/image\\\/\",\"url\":\"https:\\\/\\\/regalexia.com\\\/wp-content\\\/uploads\\\/2024\\\/05\\\/logo_webp.webp\",\"contentUrl\":\"https:\\\/\\\/regalexia.com\\\/wp-content\\\/uploads\\\/2024\\\/05\\\/logo_webp.webp\",\"width\":338,\"height\":90,\"caption\":\"Regalexia\"},\"image\":{\"@id\":\"https:\\\/\\\/regalexia.com\\\/#\\\/schema\\\/logo\\\/image\\\/\"},\"sameAs\":[\"https:\\\/\\\/www.facebook.com\\\/regalexia\",\"https:\\\/\\\/www.instagram.com\\\/regalexia\\\/\",\"https:\\\/\\\/www.youtube.com\\\/@RegalexiaRegalaIlusiones\"]}]}<\/script>\n<!-- \/ Yoast SEO plugin. -->","yoast_head_json":{"title":"Misi\u00f3n Mas\u00e1i Lego Rob\u00f3tica - Regalexia","robots":{"index":"index","follow":"follow","max-snippet":"max-snippet:-1","max-image-preview":"max-image-preview:large","max-video-preview":"max-video-preview:-1"},"canonical":"https:\/\/regalexia.com\/ca\/experiencias\/mision-masai-lego-robotica\/","og_locale":"ca_ES","og_type":"article","og_title":"Misi\u00f3n Mas\u00e1i Lego Rob\u00f3tica - Regalexia","og_description":"\u00a1Unid a vuestros hijos en una misi\u00f3n humanitaria \u00fanica para combatir el cambio clim\u00e1tico con robots Lego! Vivan una experiencia inolvidable de creatividad y trabajo en equipo mientras juegan. Participad en grupos privados con un rango de 4 a 12 participantes. Esta oportunidad exclusiva est\u00e1 disponible en Barcelona. Despertad la curiosidad de vuestros hijos y llevadlos a un emocionante viaje de diversi\u00f3n que marcar\u00e1 sus vidas. \u00a1No esper\u00e9is m\u00e1s para reservar esta experiencia \u00fanica y emocionante!","og_url":"https:\/\/regalexia.com\/ca\/experiencias\/mision-masai-lego-robotica\/","og_site_name":"Regalexia","article_publisher":"https:\/\/www.facebook.com\/regalexia","article_modified_time":"2025-10-29T10:29:32+00:00","og_image":[{"width":1024,"height":768,"url":"https:\/\/regalexia.com\/wp-content\/uploads\/2023\/03\/mision-masai-lego-robotica-d.webp","type":"image\/webp"}],"twitter_card":"summary_large_image","twitter_misc":{"Temps estimat de lectura":"1 minut"},"schema":{"@context":"https:\/\/schema.org","@graph":[{"@type":"WebPage","@id":"https:\/\/regalexia.com\/experiencias\/mision-masai-lego-robotica\/","url":"https:\/\/regalexia.com\/experiencias\/mision-masai-lego-robotica\/","name":"Misi\u00f3n Mas\u00e1i Lego Rob\u00f3tica - Regalexia","isPartOf":{"@id":"https:\/\/regalexia.com\/#website"},"primaryImageOfPage":{"@id":"https:\/\/regalexia.com\/experiencias\/mision-masai-lego-robotica\/#primaryimage"},"image":{"@id":"https:\/\/regalexia.com\/experiencias\/mision-masai-lego-robotica\/#primaryimage"},"thumbnailUrl":"https:\/\/regalexia.com\/wp-content\/uploads\/2023\/03\/mision-masai-lego-robotica-d.webp","datePublished":"2023-03-23T03:28:50+00:00","dateModified":"2025-10-29T10:29:32+00:00","breadcrumb":{"@id":"https:\/\/regalexia.com\/experiencias\/mision-masai-lego-robotica\/#breadcrumb"},"inLanguage":"ca","potentialAction":[{"@type":"ReadAction","target":["https:\/\/regalexia.com\/experiencias\/mision-masai-lego-robotica\/"]}]},{"@type":"ImageObject","inLanguage":"ca","@id":"https:\/\/regalexia.com\/experiencias\/mision-masai-lego-robotica\/#primaryimage","url":"https:\/\/regalexia.com\/wp-content\/uploads\/2023\/03\/mision-masai-lego-robotica-d.webp","contentUrl":"https:\/\/regalexia.com\/wp-content\/uploads\/2023\/03\/mision-masai-lego-robotica-d.webp","width":1024,"height":768,"caption":"Imagen de una ni\u00f1a se embarca en una aventura extraordinaria con sus piezas de LEGO. Su imaginaci\u00f3n no conoce l\u00edmites mientras transforma el suelo de su habitaci\u00f3n en un lienzo para su creatividad.-Experiencias para regalar a ni\u00f1os en Barcelona - Regalexia"},{"@type":"BreadcrumbList","@id":"https:\/\/regalexia.com\/experiencias\/mision-masai-lego-robotica\/#breadcrumb","itemListElement":[{"@type":"ListItem","position":1,"name":"Inicio","item":"https:\/\/regalexia.com\/"},{"@type":"ListItem","position":2,"name":"Experiencias","item":"https:\/\/regalexia.com\/experiencias\/"},{"@type":"ListItem","position":3,"name":"Misi\u00f3n Mas\u00e1i Lego Rob\u00f3tica"}]},{"@type":"WebSite","@id":"https:\/\/regalexia.com\/#website","url":"https:\/\/regalexia.com\/","name":"Regalexia","description":"","publisher":{"@id":"https:\/\/regalexia.com\/#organization"},"potentialAction":[{"@type":"SearchAction","target":{"@type":"EntryPoint","urlTemplate":"https:\/\/regalexia.com\/?s={search_term_string}"},"query-input":{"@type":"PropertyValueSpecification","valueRequired":true,"valueName":"search_term_string"}}],"inLanguage":"ca"},{"@type":"Organization","@id":"https:\/\/regalexia.com\/#organization","name":"Regalexia","url":"https:\/\/regalexia.com\/","logo":{"@type":"ImageObject","inLanguage":"ca","@id":"https:\/\/regalexia.com\/#\/schema\/logo\/image\/","url":"https:\/\/regalexia.com\/wp-content\/uploads\/2024\/05\/logo_webp.webp","contentUrl":"https:\/\/regalexia.com\/wp-content\/uploads\/2024\/05\/logo_webp.webp","width":338,"height":90,"caption":"Regalexia"},"image":{"@id":"https:\/\/regalexia.com\/#\/schema\/logo\/image\/"},"sameAs":["https:\/\/www.facebook.com\/regalexia","https:\/\/www.instagram.com\/regalexia\/","https:\/\/www.youtube.com\/@RegalexiaRegalaIlusiones"]}]}},"_links":{"self":[{"href":"https:\/\/regalexia.com\/ca\/wp-json\/wp\/v2\/product\/418","targetHints":{"allow":["GET"]}}],"collection":[{"href":"https:\/\/regalexia.com\/ca\/wp-json\/wp\/v2\/product"}],"about":[{"href":"https:\/\/regalexia.com\/ca\/wp-json\/wp\/v2\/types\/product"}],"replies":[{"embeddable":true,"href":"https:\/\/regalexia.com\/ca\/wp-json\/wp\/v2\/comments?post=418"}],"wp:featuredmedia":[{"embeddable":true,"href":"https:\/\/regalexia.com\/ca\/wp-json\/wp\/v2\/media\/8707"}],"wp:attachment":[{"href":"https:\/\/regalexia.com\/ca\/wp-json\/wp\/v2\/media?parent=418"}],"wp:term":[{"taxonomy":"product_brand","embeddable":true,"href":"https:\/\/regalexia.com\/ca\/wp-json\/wp\/v2\/product_brand?post=418"},{"taxonomy":"product_cat","embeddable":true,"href":"https:\/\/regalexia.com\/ca\/wp-json\/wp\/v2\/product_cat?post=418"},{"taxonomy":"product_tag","embeddable":true,"href":"https:\/\/regalexia.com\/ca\/wp-json\/wp\/v2\/product_tag?post=418"}],"curies":[{"name":"wp","href":"https:\/\/api.w.org\/{rel}","templated":true}]}}