 {"id":419,"date":"2023-03-23T04:44:13","date_gmt":"2023-03-23T03:44:13","guid":{"rendered":"https:\/\/regalexia.com\/store\/producto\/futbol-golf\/"},"modified":"2024-07-18T19:13:16","modified_gmt":"2024-07-18T17:13:16","slug":"futbol-golf","status":"publish","type":"product","link":"https:\/\/regalexia.com\/ca\/experiencias\/futbol-golf\/","title":{"rendered":"F\u00fatbol Golf"},"content":{"rendered":"<p>\u00bfPor qu\u00e9 no tomar la pelota y salir al campo?<\/p>\n\n\n\n<p>El objetivo de esta asombrosa actividad es meter la pelota en cada hoyo en el menor n\u00famero de golpes posible, divirti\u00e9ndose en compa\u00f1\u00eda de la familia y los amigos. No es necesario ser experto pues:<\/p>\n\n\n\n<ul class=\"wp-block-list\">\n<li>Es f\u00e1cil de aprender&nbsp;<\/li>\n\n\n\n<li>Fomenta la uni\u00f3n con las personas<\/li>\n\n\n\n<li>Las reglas son simples<\/li>\n\n\n\n<li>Es una actividad recreativa<\/li>\n<\/ul>\n\n\n\n<p>F\u00fatbol Golf es una experiencia fascinante que brinda la oportunidad de canalizar el esp\u00edritu competitivo de los ni\u00f1os mientras ellos se divierten.<\/p>\n\n\n\n<blockquote class=\"wp-block-quote is-layout-flow wp-block-quote-is-layout-flow\">\n<p><strong>\u00abNing\u00fan jugador es tan bueno como todos juntos\u00bb<\/strong><\/p>\n<cite>Di St\u00e9fano<\/cite><\/blockquote>\n\n\n\n<p>\u00a1Tr\u00e1elos a practicar este gran deporte como se practica en pa\u00edses como Suecia, Noruega, Alemania, Rep\u00fablica Checa, Eslovaquia y Francia!<\/p>","protected":false},"excerpt":{"rendered":"<p>Combina la diversi\u00f3n del futbol con el desaf\u00edo del golf con el nuevo y emocionante deporte \u00abF\u00fatbol Golf\u00bb, la cual es una actividad recreativa que puede ser disfrutada por personas de todas las edades y niveles de habilidad. El juego consiste en golpear una pelota en varios hoyos en un campo utilizando diferentes equipos, como palos, pelotas y otros art\u00edculos.<\/p>\n<p>Disfruta de esta gran experiencia en la localidad de Santa Susanna.<\/p>\n<p>&nbsp;<\/p>","protected":false},"featured_media":8598,"comment_status":"open","ping_status":"closed","template":"","meta":{"id_video":[],"enlace_video":[],"enlace_captura":[],"invitacion_anexada":[],"pedido_anexado":[]},"product_brand":[],"product_cat":[46],"product_tag":[],"class_list":{"0":"post-419","1":"product","2":"type-product","3":"status-publish","4":"has-post-thumbnail","6":"product_cat-deportista","8":"first","9":"outofstock","10":"shipping-taxable","11":"product-type-simple"},"exclude_global_add_ons":[],"addons":[],"yoast_head":"<!-- This site is optimized with the Yoast SEO plugin v27.3 - https:\/\/yoast.com\/product\/yoast-seo-wordpress\/ -->\n<title>F\u00fatbol Golf - Regalexia<\/title>\n<meta name=\"robots\" content=\"index, follow, max-snippet:-1, max-image-preview:large, max-video-preview:-1\" \/>\n<link rel=\"canonical\" href=\"https:\/\/regalexia.com\/ca\/experiencias\/futbol-golf\/\" \/>\n<meta property=\"og:locale\" content=\"ca_ES\" \/>\n<meta property=\"og:type\" content=\"article\" \/>\n<meta property=\"og:title\" content=\"F\u00fatbol Golf - Regalexia\" \/>\n<meta property=\"og:description\" content=\"Combina la diversi\u00f3n del futbol con el desaf\u00edo del golf con el nuevo y emocionante deporte &quot;F\u00fatbol Golf&quot;, la cual es una actividad recreativa que puede ser disfrutada por personas de todas las edades y niveles de habilidad. El juego consiste en golpear una pelota en varios hoyos en un campo utilizando diferentes equipos, como palos, pelotas y otros art\u00edculos. Disfruta de esta gran experiencia en la localidad de Santa Susanna. &nbsp;\" \/>\n<meta property=\"og:url\" content=\"https:\/\/regalexia.com\/ca\/experiencias\/futbol-golf\/\" \/>\n<meta property=\"og:site_name\" content=\"Regalexia\" \/>\n<meta property=\"article:publisher\" content=\"https:\/\/www.facebook.com\/regalexia\" \/>\n<meta property=\"article:modified_time\" content=\"2024-07-18T17:13:16+00:00\" \/>\n<meta property=\"og:image\" content=\"https:\/\/regalexia.com\/wp-content\/uploads\/2023\/03\/Futbol-Golf-B.webp\" \/>\n\t<meta property=\"og:image:width\" content=\"1024\" \/>\n\t<meta property=\"og:image:height\" content=\"768\" \/>\n\t<meta property=\"og:image:type\" content=\"image\/webp\" \/>\n<meta name=\"twitter:card\" content=\"summary_large_image\" \/>\n<meta name=\"twitter:label1\" content=\"Temps estimat de lectura\" \/>\n\t<meta name=\"twitter:data1\" content=\"1 minut\" \/>\n<script type=\"application\/ld+json\" class=\"yoast-schema-graph\">{\"@context\":\"https:\\\/\\\/schema.org\",\"@graph\":[{\"@type\":\"WebPage\",\"@id\":\"https:\\\/\\\/regalexia.com\\\/experiencias\\\/futbol-golf\\\/\",\"url\":\"https:\\\/\\\/regalexia.com\\\/experiencias\\\/futbol-golf\\\/\",\"name\":\"F\u00fatbol Golf - Regalexia\",\"isPartOf\":{\"@id\":\"https:\\\/\\\/regalexia.com\\\/#website\"},\"primaryImageOfPage\":{\"@id\":\"https:\\\/\\\/regalexia.com\\\/experiencias\\\/futbol-golf\\\/#primaryimage\"},\"image\":{\"@id\":\"https:\\\/\\\/regalexia.com\\\/experiencias\\\/futbol-golf\\\/#primaryimage\"},\"thumbnailUrl\":\"https:\\\/\\\/regalexia.com\\\/wp-content\\\/uploads\\\/2023\\\/03\\\/Futbol-Golf-B.webp\",\"datePublished\":\"2023-03-23T03:44:13+00:00\",\"dateModified\":\"2024-07-18T17:13:16+00:00\",\"breadcrumb\":{\"@id\":\"https:\\\/\\\/regalexia.com\\\/experiencias\\\/futbol-golf\\\/#breadcrumb\"},\"inLanguage\":\"ca\",\"potentialAction\":[{\"@type\":\"ReadAction\",\"target\":[\"https:\\\/\\\/regalexia.com\\\/experiencias\\\/futbol-golf\\\/\"]}]},{\"@type\":\"ImageObject\",\"inLanguage\":\"ca\",\"@id\":\"https:\\\/\\\/regalexia.com\\\/experiencias\\\/futbol-golf\\\/#primaryimage\",\"url\":\"https:\\\/\\\/regalexia.com\\\/wp-content\\\/uploads\\\/2023\\\/03\\\/Futbol-Golf-B.webp\",\"contentUrl\":\"https:\\\/\\\/regalexia.com\\\/wp-content\\\/uploads\\\/2023\\\/03\\\/Futbol-Golf-B.webp\",\"width\":1024,\"height\":768,\"caption\":\"Imagen de una ni\u00f1a observa con expectaci\u00f3n, lista para presenciar el emocionante momento en el que la pelota de f\u00fatbol que ha chutado se introduce en un agujero de golf. Su rostro refleja emoci\u00f3n y anticipaci\u00f3n mientras sigue con la mirada el recorrido de la pelota. Es un momento que captura la fusi\u00f3n \u00fanica entre el f\u00fatbol y el golf, ofreciendo una experiencia emocionante y divertida para todas las edades. Correspondiente a la categor\u00eda de deportista y experiencias originales para ni\u00f1os en Barcelona - Regalexia.\"},{\"@type\":\"BreadcrumbList\",\"@id\":\"https:\\\/\\\/regalexia.com\\\/experiencias\\\/futbol-golf\\\/#breadcrumb\",\"itemListElement\":[{\"@type\":\"ListItem\",\"position\":1,\"name\":\"Inicio\",\"item\":\"https:\\\/\\\/regalexia.com\\\/\"},{\"@type\":\"ListItem\",\"position\":2,\"name\":\"Experiencias\",\"item\":\"https:\\\/\\\/regalexia.com\\\/experiencias\\\/\"},{\"@type\":\"ListItem\",\"position\":3,\"name\":\"F\u00fatbol Golf\"}]},{\"@type\":\"WebSite\",\"@id\":\"https:\\\/\\\/regalexia.com\\\/#website\",\"url\":\"https:\\\/\\\/regalexia.com\\\/\",\"name\":\"Regalexia\",\"description\":\"\",\"publisher\":{\"@id\":\"https:\\\/\\\/regalexia.com\\\/#organization\"},\"potentialAction\":[{\"@type\":\"SearchAction\",\"target\":{\"@type\":\"EntryPoint\",\"urlTemplate\":\"https:\\\/\\\/regalexia.com\\\/?s={search_term_string}\"},\"query-input\":{\"@type\":\"PropertyValueSpecification\",\"valueRequired\":true,\"valueName\":\"search_term_string\"}}],\"inLanguage\":\"ca\"},{\"@type\":\"Organization\",\"@id\":\"https:\\\/\\\/regalexia.com\\\/#organization\",\"name\":\"Regalexia\",\"url\":\"https:\\\/\\\/regalexia.com\\\/\",\"logo\":{\"@type\":\"ImageObject\",\"inLanguage\":\"ca\",\"@id\":\"https:\\\/\\\/regalexia.com\\\/#\\\/schema\\\/logo\\\/image\\\/\",\"url\":\"https:\\\/\\\/regalexia.com\\\/wp-content\\\/uploads\\\/2024\\\/05\\\/logo_webp.webp\",\"contentUrl\":\"https:\\\/\\\/regalexia.com\\\/wp-content\\\/uploads\\\/2024\\\/05\\\/logo_webp.webp\",\"width\":338,\"height\":90,\"caption\":\"Regalexia\"},\"image\":{\"@id\":\"https:\\\/\\\/regalexia.com\\\/#\\\/schema\\\/logo\\\/image\\\/\"},\"sameAs\":[\"https:\\\/\\\/www.facebook.com\\\/regalexia\",\"https:\\\/\\\/www.instagram.com\\\/regalexia\\\/\",\"https:\\\/\\\/www.youtube.com\\\/@RegalexiaRegalaIlusiones\"]}]}<\/script>\n<!-- \/ Yoast SEO plugin. -->","yoast_head_json":{"title":"F\u00fatbol Golf - Regalexia","robots":{"index":"index","follow":"follow","max-snippet":"max-snippet:-1","max-image-preview":"max-image-preview:large","max-video-preview":"max-video-preview:-1"},"canonical":"https:\/\/regalexia.com\/ca\/experiencias\/futbol-golf\/","og_locale":"ca_ES","og_type":"article","og_title":"F\u00fatbol Golf - Regalexia","og_description":"Combina la diversi\u00f3n del futbol con el desaf\u00edo del golf con el nuevo y emocionante deporte \"F\u00fatbol Golf\", la cual es una actividad recreativa que puede ser disfrutada por personas de todas las edades y niveles de habilidad. El juego consiste en golpear una pelota en varios hoyos en un campo utilizando diferentes equipos, como palos, pelotas y otros art\u00edculos. Disfruta de esta gran experiencia en la localidad de Santa Susanna. &nbsp;","og_url":"https:\/\/regalexia.com\/ca\/experiencias\/futbol-golf\/","og_site_name":"Regalexia","article_publisher":"https:\/\/www.facebook.com\/regalexia","article_modified_time":"2024-07-18T17:13:16+00:00","og_image":[{"width":1024,"height":768,"url":"https:\/\/regalexia.com\/wp-content\/uploads\/2023\/03\/Futbol-Golf-B.webp","type":"image\/webp"}],"twitter_card":"summary_large_image","twitter_misc":{"Temps estimat de lectura":"1 minut"},"schema":{"@context":"https:\/\/schema.org","@graph":[{"@type":"WebPage","@id":"https:\/\/regalexia.com\/experiencias\/futbol-golf\/","url":"https:\/\/regalexia.com\/experiencias\/futbol-golf\/","name":"F\u00fatbol Golf - Regalexia","isPartOf":{"@id":"https:\/\/regalexia.com\/#website"},"primaryImageOfPage":{"@id":"https:\/\/regalexia.com\/experiencias\/futbol-golf\/#primaryimage"},"image":{"@id":"https:\/\/regalexia.com\/experiencias\/futbol-golf\/#primaryimage"},"thumbnailUrl":"https:\/\/regalexia.com\/wp-content\/uploads\/2023\/03\/Futbol-Golf-B.webp","datePublished":"2023-03-23T03:44:13+00:00","dateModified":"2024-07-18T17:13:16+00:00","breadcrumb":{"@id":"https:\/\/regalexia.com\/experiencias\/futbol-golf\/#breadcrumb"},"inLanguage":"ca","potentialAction":[{"@type":"ReadAction","target":["https:\/\/regalexia.com\/experiencias\/futbol-golf\/"]}]},{"@type":"ImageObject","inLanguage":"ca","@id":"https:\/\/regalexia.com\/experiencias\/futbol-golf\/#primaryimage","url":"https:\/\/regalexia.com\/wp-content\/uploads\/2023\/03\/Futbol-Golf-B.webp","contentUrl":"https:\/\/regalexia.com\/wp-content\/uploads\/2023\/03\/Futbol-Golf-B.webp","width":1024,"height":768,"caption":"Imagen de una ni\u00f1a observa con expectaci\u00f3n, lista para presenciar el emocionante momento en el que la pelota de f\u00fatbol que ha chutado se introduce en un agujero de golf. Su rostro refleja emoci\u00f3n y anticipaci\u00f3n mientras sigue con la mirada el recorrido de la pelota. Es un momento que captura la fusi\u00f3n \u00fanica entre el f\u00fatbol y el golf, ofreciendo una experiencia emocionante y divertida para todas las edades. Correspondiente a la categor\u00eda de deportista y experiencias originales para ni\u00f1os en Barcelona - Regalexia."},{"@type":"BreadcrumbList","@id":"https:\/\/regalexia.com\/experiencias\/futbol-golf\/#breadcrumb","itemListElement":[{"@type":"ListItem","position":1,"name":"Inicio","item":"https:\/\/regalexia.com\/"},{"@type":"ListItem","position":2,"name":"Experiencias","item":"https:\/\/regalexia.com\/experiencias\/"},{"@type":"ListItem","position":3,"name":"F\u00fatbol Golf"}]},{"@type":"WebSite","@id":"https:\/\/regalexia.com\/#website","url":"https:\/\/regalexia.com\/","name":"Regalexia","description":"","publisher":{"@id":"https:\/\/regalexia.com\/#organization"},"potentialAction":[{"@type":"SearchAction","target":{"@type":"EntryPoint","urlTemplate":"https:\/\/regalexia.com\/?s={search_term_string}"},"query-input":{"@type":"PropertyValueSpecification","valueRequired":true,"valueName":"search_term_string"}}],"inLanguage":"ca"},{"@type":"Organization","@id":"https:\/\/regalexia.com\/#organization","name":"Regalexia","url":"https:\/\/regalexia.com\/","logo":{"@type":"ImageObject","inLanguage":"ca","@id":"https:\/\/regalexia.com\/#\/schema\/logo\/image\/","url":"https:\/\/regalexia.com\/wp-content\/uploads\/2024\/05\/logo_webp.webp","contentUrl":"https:\/\/regalexia.com\/wp-content\/uploads\/2024\/05\/logo_webp.webp","width":338,"height":90,"caption":"Regalexia"},"image":{"@id":"https:\/\/regalexia.com\/#\/schema\/logo\/image\/"},"sameAs":["https:\/\/www.facebook.com\/regalexia","https:\/\/www.instagram.com\/regalexia\/","https:\/\/www.youtube.com\/@RegalexiaRegalaIlusiones"]}]}},"_links":{"self":[{"href":"https:\/\/regalexia.com\/ca\/wp-json\/wp\/v2\/product\/419","targetHints":{"allow":["GET"]}}],"collection":[{"href":"https:\/\/regalexia.com\/ca\/wp-json\/wp\/v2\/product"}],"about":[{"href":"https:\/\/regalexia.com\/ca\/wp-json\/wp\/v2\/types\/product"}],"replies":[{"embeddable":true,"href":"https:\/\/regalexia.com\/ca\/wp-json\/wp\/v2\/comments?post=419"}],"wp:featuredmedia":[{"embeddable":true,"href":"https:\/\/regalexia.com\/ca\/wp-json\/wp\/v2\/media\/8598"}],"wp:attachment":[{"href":"https:\/\/regalexia.com\/ca\/wp-json\/wp\/v2\/media?parent=419"}],"wp:term":[{"taxonomy":"product_brand","embeddable":true,"href":"https:\/\/regalexia.com\/ca\/wp-json\/wp\/v2\/product_brand?post=419"},{"taxonomy":"product_cat","embeddable":true,"href":"https:\/\/regalexia.com\/ca\/wp-json\/wp\/v2\/product_cat?post=419"},{"taxonomy":"product_tag","embeddable":true,"href":"https:\/\/regalexia.com\/ca\/wp-json\/wp\/v2\/product_tag?post=419"}],"curies":[{"name":"wp","href":"https:\/\/api.w.org\/{rel}","templated":true}]}}