 {"id":420,"date":"2023-03-23T04:51:17","date_gmt":"2023-03-23T03:51:17","guid":{"rendered":"https:\/\/regalexia.com\/store\/producto\/canoa-polinesica-vaa\/"},"modified":"2024-07-08T21:37:41","modified_gmt":"2024-07-08T19:37:41","slug":"canoa-polinesica-vaa","status":"publish","type":"product","link":"https:\/\/regalexia.com\/ca\/experiencias\/canoa-polinesica-vaa\/","title":{"rendered":"Canoa Polin\u00e9sica"},"content":{"rendered":"<p>\u00a1La canoa Polin\u00e9sica Va\u00b4a es una experiencia como ninguna otra!<\/p>\n\n\n\n<p>Ya sea que est\u00e9s buscando un d\u00eda relajante en el agua o un remo aventurero, con esta fascinante experiencia de Canoa Polin\u00e9sica t\u00fa y tu familia podr\u00e9is:<\/p>\n\n\n\n<ul class=\"wp-block-list\">\n<li>Reducir el nivel de estr\u00e9s y aumentar vuestro nivel de concentraci\u00f3n.<\/li>\n\n\n\n<li>Disfrutar del aqu\u00ed y el ahora y aprender a mantener las emociones negativas bajo control<\/li>\n\n\n\n<li>Hacer un deporte que ayuda a mejorar la coordinaci\u00f3n de vuestro cuerpo y movimientos.<\/li>\n\n\n\n<li>Fortalecer los lazos familiares.<\/li>\n<\/ul>\n\n\n\n<p>Disfruta, junto con tus hijos, de esta gran aventura mientras viajan en el tiempo y descubren su rica historia.\u00a0<\/p>\n\n\n\n<p>Esta actividad se asegura de crear recuerdos duraderos en todos ustedes mientras disfrutan de esta experiencia \u00fanica.<\/p>\n\n\n\n<blockquote class=\"wp-block-quote is-layout-flow wp-block-quote-is-layout-flow\">\n<p><strong>\u00abSi hay magia en este planeta, est\u00e1 contenida en el agua\u00bb<\/strong><\/p>\n<cite>Loren Eiselen<\/cite><\/blockquote>\n\n\n\n<p>\u00a1Nos vemos en el agua!<\/p>","protected":false},"excerpt":{"rendered":"<p>Explora, con un remo aventurero y en un bote tradicional, hermosas vistas durante esta fascinante experiencia.<\/p>\n<p>Disfruta de esta gran experiencia en la localidad de Badalona.<\/p>","protected":false},"featured_media":8314,"comment_status":"open","ping_status":"closed","template":"","meta":{"id_video":[],"enlace_video":[],"enlace_captura":[],"invitacion_anexada":[],"pedido_anexado":[]},"product_brand":[],"product_cat":[46],"product_tag":[],"class_list":{"0":"post-420","1":"product","2":"type-product","3":"status-publish","4":"has-post-thumbnail","6":"product_cat-deportista","8":"first","9":"outofstock","10":"shipping-taxable","11":"product-type-simple"},"exclude_global_add_ons":[],"addons":[],"yoast_head":"<!-- This site is optimized with the Yoast SEO plugin v27.3 - https:\/\/yoast.com\/product\/yoast-seo-wordpress\/ -->\n<title>Canoa Polin\u00e9sica - Regalexia<\/title>\n<meta name=\"robots\" content=\"index, follow, max-snippet:-1, max-image-preview:large, max-video-preview:-1\" \/>\n<link rel=\"canonical\" href=\"https:\/\/regalexia.com\/ca\/experiencias\/canoa-polinesica-vaa\/\" \/>\n<meta property=\"og:locale\" content=\"ca_ES\" \/>\n<meta property=\"og:type\" content=\"article\" \/>\n<meta property=\"og:title\" content=\"Canoa Polin\u00e9sica - Regalexia\" \/>\n<meta property=\"og:description\" content=\"Explora, con un remo aventurero y en un bote tradicional, hermosas vistas durante esta fascinante experiencia. Disfruta de esta gran experiencia en la localidad de Badalona.\" \/>\n<meta property=\"og:url\" content=\"https:\/\/regalexia.com\/ca\/experiencias\/canoa-polinesica-vaa\/\" \/>\n<meta property=\"og:site_name\" content=\"Regalexia\" \/>\n<meta property=\"article:publisher\" content=\"https:\/\/www.facebook.com\/regalexia\" \/>\n<meta property=\"article:modified_time\" content=\"2024-07-08T19:37:41+00:00\" \/>\n<meta property=\"og:image\" content=\"https:\/\/regalexia.com\/wp-content\/uploads\/2023\/03\/Canoa-Polinesiuca-Va_a-A.webp\" \/>\n\t<meta property=\"og:image:width\" content=\"1024\" \/>\n\t<meta property=\"og:image:height\" content=\"768\" \/>\n\t<meta property=\"og:image:type\" content=\"image\/webp\" \/>\n<meta name=\"twitter:card\" content=\"summary_large_image\" \/>\n<meta name=\"twitter:label1\" content=\"Temps estimat de lectura\" \/>\n\t<meta name=\"twitter:data1\" content=\"1 minut\" \/>\n<script type=\"application\/ld+json\" class=\"yoast-schema-graph\">{\"@context\":\"https:\\\/\\\/schema.org\",\"@graph\":[{\"@type\":\"WebPage\",\"@id\":\"https:\\\/\\\/regalexia.com\\\/experiencias\\\/canoa-polinesica-vaa\\\/\",\"url\":\"https:\\\/\\\/regalexia.com\\\/experiencias\\\/canoa-polinesica-vaa\\\/\",\"name\":\"Canoa Polin\u00e9sica - Regalexia\",\"isPartOf\":{\"@id\":\"https:\\\/\\\/regalexia.com\\\/#website\"},\"primaryImageOfPage\":{\"@id\":\"https:\\\/\\\/regalexia.com\\\/experiencias\\\/canoa-polinesica-vaa\\\/#primaryimage\"},\"image\":{\"@id\":\"https:\\\/\\\/regalexia.com\\\/experiencias\\\/canoa-polinesica-vaa\\\/#primaryimage\"},\"thumbnailUrl\":\"https:\\\/\\\/regalexia.com\\\/wp-content\\\/uploads\\\/2023\\\/03\\\/Canoa-Polinesiuca-Va_a-A.webp\",\"datePublished\":\"2023-03-23T03:51:17+00:00\",\"dateModified\":\"2024-07-08T19:37:41+00:00\",\"breadcrumb\":{\"@id\":\"https:\\\/\\\/regalexia.com\\\/experiencias\\\/canoa-polinesica-vaa\\\/#breadcrumb\"},\"inLanguage\":\"ca\",\"potentialAction\":[{\"@type\":\"ReadAction\",\"target\":[\"https:\\\/\\\/regalexia.com\\\/experiencias\\\/canoa-polinesica-vaa\\\/\"]}]},{\"@type\":\"ImageObject\",\"inLanguage\":\"ca\",\"@id\":\"https:\\\/\\\/regalexia.com\\\/experiencias\\\/canoa-polinesica-vaa\\\/#primaryimage\",\"url\":\"https:\\\/\\\/regalexia.com\\\/wp-content\\\/uploads\\\/2023\\\/03\\\/Canoa-Polinesiuca-Va_a-A.webp\",\"contentUrl\":\"https:\\\/\\\/regalexia.com\\\/wp-content\\\/uploads\\\/2023\\\/03\\\/Canoa-Polinesiuca-Va_a-A.webp\",\"width\":1024,\"height\":768,\"caption\":\"Imagen de dos ni\u00f1os remando con entusiasmo en su bote tradicional, navegando por aguas tranquilas y disfrutando de la aventura. Sus rostros reflejan la emoci\u00f3n y el placer de estar al aire libre, rodeados de naturaleza y belleza. Este tipo de actividad ofrece una experiencia \u00fanica, permitiendo a las familias disfrutar juntas de unas hermosas vistas y momentos de conexi\u00f3n. Es una oportunidad perfecta para combinar diversi\u00f3n, ejercicio y exploraci\u00f3n en un solo d\u00eda. Correspondiente a la categor\u00eda de deportista y experiencias originales para ni\u00f1os en Barcelona - Regalexia.\"},{\"@type\":\"BreadcrumbList\",\"@id\":\"https:\\\/\\\/regalexia.com\\\/experiencias\\\/canoa-polinesica-vaa\\\/#breadcrumb\",\"itemListElement\":[{\"@type\":\"ListItem\",\"position\":1,\"name\":\"Inicio\",\"item\":\"https:\\\/\\\/regalexia.com\\\/\"},{\"@type\":\"ListItem\",\"position\":2,\"name\":\"Experiencias\",\"item\":\"https:\\\/\\\/regalexia.com\\\/experiencias\\\/\"},{\"@type\":\"ListItem\",\"position\":3,\"name\":\"Canoa Polin\u00e9sica\"}]},{\"@type\":\"WebSite\",\"@id\":\"https:\\\/\\\/regalexia.com\\\/#website\",\"url\":\"https:\\\/\\\/regalexia.com\\\/\",\"name\":\"Regalexia\",\"description\":\"\",\"publisher\":{\"@id\":\"https:\\\/\\\/regalexia.com\\\/#organization\"},\"potentialAction\":[{\"@type\":\"SearchAction\",\"target\":{\"@type\":\"EntryPoint\",\"urlTemplate\":\"https:\\\/\\\/regalexia.com\\\/?s={search_term_string}\"},\"query-input\":{\"@type\":\"PropertyValueSpecification\",\"valueRequired\":true,\"valueName\":\"search_term_string\"}}],\"inLanguage\":\"ca\"},{\"@type\":\"Organization\",\"@id\":\"https:\\\/\\\/regalexia.com\\\/#organization\",\"name\":\"Regalexia\",\"url\":\"https:\\\/\\\/regalexia.com\\\/\",\"logo\":{\"@type\":\"ImageObject\",\"inLanguage\":\"ca\",\"@id\":\"https:\\\/\\\/regalexia.com\\\/#\\\/schema\\\/logo\\\/image\\\/\",\"url\":\"https:\\\/\\\/regalexia.com\\\/wp-content\\\/uploads\\\/2024\\\/05\\\/logo_webp.webp\",\"contentUrl\":\"https:\\\/\\\/regalexia.com\\\/wp-content\\\/uploads\\\/2024\\\/05\\\/logo_webp.webp\",\"width\":338,\"height\":90,\"caption\":\"Regalexia\"},\"image\":{\"@id\":\"https:\\\/\\\/regalexia.com\\\/#\\\/schema\\\/logo\\\/image\\\/\"},\"sameAs\":[\"https:\\\/\\\/www.facebook.com\\\/regalexia\",\"https:\\\/\\\/www.instagram.com\\\/regalexia\\\/\",\"https:\\\/\\\/www.youtube.com\\\/@RegalexiaRegalaIlusiones\"]}]}<\/script>\n<!-- \/ Yoast SEO plugin. -->","yoast_head_json":{"title":"Canoa Polin\u00e9sica - Regalexia","robots":{"index":"index","follow":"follow","max-snippet":"max-snippet:-1","max-image-preview":"max-image-preview:large","max-video-preview":"max-video-preview:-1"},"canonical":"https:\/\/regalexia.com\/ca\/experiencias\/canoa-polinesica-vaa\/","og_locale":"ca_ES","og_type":"article","og_title":"Canoa Polin\u00e9sica - Regalexia","og_description":"Explora, con un remo aventurero y en un bote tradicional, hermosas vistas durante esta fascinante experiencia. Disfruta de esta gran experiencia en la localidad de Badalona.","og_url":"https:\/\/regalexia.com\/ca\/experiencias\/canoa-polinesica-vaa\/","og_site_name":"Regalexia","article_publisher":"https:\/\/www.facebook.com\/regalexia","article_modified_time":"2024-07-08T19:37:41+00:00","og_image":[{"width":1024,"height":768,"url":"https:\/\/regalexia.com\/wp-content\/uploads\/2023\/03\/Canoa-Polinesiuca-Va_a-A.webp","type":"image\/webp"}],"twitter_card":"summary_large_image","twitter_misc":{"Temps estimat de lectura":"1 minut"},"schema":{"@context":"https:\/\/schema.org","@graph":[{"@type":"WebPage","@id":"https:\/\/regalexia.com\/experiencias\/canoa-polinesica-vaa\/","url":"https:\/\/regalexia.com\/experiencias\/canoa-polinesica-vaa\/","name":"Canoa Polin\u00e9sica - Regalexia","isPartOf":{"@id":"https:\/\/regalexia.com\/#website"},"primaryImageOfPage":{"@id":"https:\/\/regalexia.com\/experiencias\/canoa-polinesica-vaa\/#primaryimage"},"image":{"@id":"https:\/\/regalexia.com\/experiencias\/canoa-polinesica-vaa\/#primaryimage"},"thumbnailUrl":"https:\/\/regalexia.com\/wp-content\/uploads\/2023\/03\/Canoa-Polinesiuca-Va_a-A.webp","datePublished":"2023-03-23T03:51:17+00:00","dateModified":"2024-07-08T19:37:41+00:00","breadcrumb":{"@id":"https:\/\/regalexia.com\/experiencias\/canoa-polinesica-vaa\/#breadcrumb"},"inLanguage":"ca","potentialAction":[{"@type":"ReadAction","target":["https:\/\/regalexia.com\/experiencias\/canoa-polinesica-vaa\/"]}]},{"@type":"ImageObject","inLanguage":"ca","@id":"https:\/\/regalexia.com\/experiencias\/canoa-polinesica-vaa\/#primaryimage","url":"https:\/\/regalexia.com\/wp-content\/uploads\/2023\/03\/Canoa-Polinesiuca-Va_a-A.webp","contentUrl":"https:\/\/regalexia.com\/wp-content\/uploads\/2023\/03\/Canoa-Polinesiuca-Va_a-A.webp","width":1024,"height":768,"caption":"Imagen de dos ni\u00f1os remando con entusiasmo en su bote tradicional, navegando por aguas tranquilas y disfrutando de la aventura. Sus rostros reflejan la emoci\u00f3n y el placer de estar al aire libre, rodeados de naturaleza y belleza. Este tipo de actividad ofrece una experiencia \u00fanica, permitiendo a las familias disfrutar juntas de unas hermosas vistas y momentos de conexi\u00f3n. Es una oportunidad perfecta para combinar diversi\u00f3n, ejercicio y exploraci\u00f3n en un solo d\u00eda. Correspondiente a la categor\u00eda de deportista y experiencias originales para ni\u00f1os en Barcelona - Regalexia."},{"@type":"BreadcrumbList","@id":"https:\/\/regalexia.com\/experiencias\/canoa-polinesica-vaa\/#breadcrumb","itemListElement":[{"@type":"ListItem","position":1,"name":"Inicio","item":"https:\/\/regalexia.com\/"},{"@type":"ListItem","position":2,"name":"Experiencias","item":"https:\/\/regalexia.com\/experiencias\/"},{"@type":"ListItem","position":3,"name":"Canoa Polin\u00e9sica"}]},{"@type":"WebSite","@id":"https:\/\/regalexia.com\/#website","url":"https:\/\/regalexia.com\/","name":"Regalexia","description":"","publisher":{"@id":"https:\/\/regalexia.com\/#organization"},"potentialAction":[{"@type":"SearchAction","target":{"@type":"EntryPoint","urlTemplate":"https:\/\/regalexia.com\/?s={search_term_string}"},"query-input":{"@type":"PropertyValueSpecification","valueRequired":true,"valueName":"search_term_string"}}],"inLanguage":"ca"},{"@type":"Organization","@id":"https:\/\/regalexia.com\/#organization","name":"Regalexia","url":"https:\/\/regalexia.com\/","logo":{"@type":"ImageObject","inLanguage":"ca","@id":"https:\/\/regalexia.com\/#\/schema\/logo\/image\/","url":"https:\/\/regalexia.com\/wp-content\/uploads\/2024\/05\/logo_webp.webp","contentUrl":"https:\/\/regalexia.com\/wp-content\/uploads\/2024\/05\/logo_webp.webp","width":338,"height":90,"caption":"Regalexia"},"image":{"@id":"https:\/\/regalexia.com\/#\/schema\/logo\/image\/"},"sameAs":["https:\/\/www.facebook.com\/regalexia","https:\/\/www.instagram.com\/regalexia\/","https:\/\/www.youtube.com\/@RegalexiaRegalaIlusiones"]}]}},"_links":{"self":[{"href":"https:\/\/regalexia.com\/ca\/wp-json\/wp\/v2\/product\/420","targetHints":{"allow":["GET"]}}],"collection":[{"href":"https:\/\/regalexia.com\/ca\/wp-json\/wp\/v2\/product"}],"about":[{"href":"https:\/\/regalexia.com\/ca\/wp-json\/wp\/v2\/types\/product"}],"replies":[{"embeddable":true,"href":"https:\/\/regalexia.com\/ca\/wp-json\/wp\/v2\/comments?post=420"}],"wp:featuredmedia":[{"embeddable":true,"href":"https:\/\/regalexia.com\/ca\/wp-json\/wp\/v2\/media\/8314"}],"wp:attachment":[{"href":"https:\/\/regalexia.com\/ca\/wp-json\/wp\/v2\/media?parent=420"}],"wp:term":[{"taxonomy":"product_brand","embeddable":true,"href":"https:\/\/regalexia.com\/ca\/wp-json\/wp\/v2\/product_brand?post=420"},{"taxonomy":"product_cat","embeddable":true,"href":"https:\/\/regalexia.com\/ca\/wp-json\/wp\/v2\/product_cat?post=420"},{"taxonomy":"product_tag","embeddable":true,"href":"https:\/\/regalexia.com\/ca\/wp-json\/wp\/v2\/product_tag?post=420"}],"curies":[{"name":"wp","href":"https:\/\/api.w.org\/{rel}","templated":true}]}}