 {"id":421,"date":"2023-03-23T13:07:31","date_gmt":"2023-03-23T12:07:31","guid":{"rendered":"https:\/\/regalexia.com\/store\/producto\/fiestas-tematicas\/"},"modified":"2024-07-10T07:42:52","modified_gmt":"2024-07-10T05:42:52","slug":"taller-de-los-olores","status":"publish","type":"product","link":"https:\/\/regalexia.com\/ca\/experiencias\/taller-de-los-olores\/","title":{"rendered":"Taller de los olores"},"content":{"rendered":"<p>\u00a1El taller de los olores son la manera perfecta de conectar con tus ni\u00f1os en cualquier ocasi\u00f3n!<\/p>\n\n\n\n<p>Estos bellos recuerdos se crean con cada elemento de la decoraci\u00f3n y actividades que dan vida a los temas.<\/p>\n\n\n\n<p>Con esta rica experiencia podr\u00e1s brindarles:<\/p>\n\n\n\n<ul class=\"wp-block-list\">\n<li>Un mejor conocimiento de tu personalidad y gustos a trav\u00e9s de los detalles<\/li>\n\n\n\n<li>Una libertad total en la creatividad.<\/li>\n\n\n\n<li>La alegria de disfrutar una decoraci\u00f3n \u00fanica<\/li>\n<\/ul>\n\n\n\n<p>Con \u00e9stas actividades creas un evento que deja huella para toda su vida.<\/p>\n\n\n\n<blockquote class=\"wp-block-quote is-layout-flow wp-block-quote-is-layout-flow\">\n<p><strong>\u00abLo \u00fanico importante para hacer en una fiesta, es divertirse\u00bb<\/strong><\/p>\n<cite>Ina Garten<\/cite><\/blockquote>\n\n\n\n<p>\u00a1Celebra los momentos especiales de la vida en familia en una experiencia tem\u00e1tica inolvidable!<\/p>","protected":false},"excerpt":{"rendered":"<p>Disfruta de las inolvidables actividades tem\u00e1ticas inspiradas en la naturaleza y combina el poder de la aromaterapia, las infusiones en las diferentes estaciones del a\u00f1o. \u00a1Vivir\u00e1s una grandiosa experiencia personal!<\/p>\n<p>Disfruta de esta gran experiencia en la localidad de Santa Eul\u00e0lia de Ron\u00e7ana.<\/p>\n<p>&nbsp;<\/p>","protected":false},"featured_media":8378,"comment_status":"open","ping_status":"closed","template":"","meta":{"id_video":[],"enlace_video":[],"enlace_captura":[],"invitacion_anexada":[],"pedido_anexado":[]},"product_brand":[],"product_cat":[45],"product_tag":[],"class_list":{"0":"post-421","1":"product","2":"type-product","3":"status-publish","4":"has-post-thumbnail","6":"product_cat-explorador","8":"first","9":"outofstock","10":"shipping-taxable","11":"product-type-simple"},"exclude_global_add_ons":[],"addons":[],"yoast_head":"<!-- This site is optimized with the Yoast SEO plugin v27.3 - https:\/\/yoast.com\/product\/yoast-seo-wordpress\/ -->\n<title>Taller de los olores - Regalexia<\/title>\n<meta name=\"robots\" content=\"index, follow, max-snippet:-1, max-image-preview:large, max-video-preview:-1\" \/>\n<link rel=\"canonical\" href=\"https:\/\/regalexia.com\/ca\/experiencias\/taller-de-los-olores\/\" \/>\n<meta property=\"og:locale\" content=\"ca_ES\" \/>\n<meta property=\"og:type\" content=\"article\" \/>\n<meta property=\"og:title\" content=\"Taller de los olores - Regalexia\" \/>\n<meta property=\"og:description\" content=\"Disfruta de las inolvidables actividades tem\u00e1ticas inspiradas en la naturaleza y combina el poder de la aromaterapia, las infusiones en las diferentes estaciones del a\u00f1o. \u00a1Vivir\u00e1s una grandiosa experiencia personal! Disfruta de esta gran experiencia en la localidad de Santa Eul\u00e0lia de Ron\u00e7ana. &nbsp;\" \/>\n<meta property=\"og:url\" content=\"https:\/\/regalexia.com\/ca\/experiencias\/taller-de-los-olores\/\" \/>\n<meta property=\"og:site_name\" content=\"Regalexia\" \/>\n<meta property=\"article:publisher\" content=\"https:\/\/www.facebook.com\/regalexia\" \/>\n<meta property=\"article:modified_time\" content=\"2024-07-10T05:42:52+00:00\" \/>\n<meta property=\"og:image\" content=\"https:\/\/regalexia.com\/wp-content\/uploads\/2023\/03\/Taller-de-los-olores-B.webp\" \/>\n\t<meta property=\"og:image:width\" content=\"1024\" \/>\n\t<meta property=\"og:image:height\" content=\"768\" \/>\n\t<meta property=\"og:image:type\" content=\"image\/webp\" \/>\n<meta name=\"twitter:card\" content=\"summary_large_image\" \/>\n<meta name=\"twitter:label1\" content=\"Temps estimat de lectura\" \/>\n\t<meta name=\"twitter:data1\" content=\"1 minut\" \/>\n<script type=\"application\/ld+json\" class=\"yoast-schema-graph\">{\"@context\":\"https:\\\/\\\/schema.org\",\"@graph\":[{\"@type\":\"WebPage\",\"@id\":\"https:\\\/\\\/regalexia.com\\\/experiencias\\\/taller-de-los-olores\\\/\",\"url\":\"https:\\\/\\\/regalexia.com\\\/experiencias\\\/taller-de-los-olores\\\/\",\"name\":\"Taller de los olores - Regalexia\",\"isPartOf\":{\"@id\":\"https:\\\/\\\/regalexia.com\\\/#website\"},\"primaryImageOfPage\":{\"@id\":\"https:\\\/\\\/regalexia.com\\\/experiencias\\\/taller-de-los-olores\\\/#primaryimage\"},\"image\":{\"@id\":\"https:\\\/\\\/regalexia.com\\\/experiencias\\\/taller-de-los-olores\\\/#primaryimage\"},\"thumbnailUrl\":\"https:\\\/\\\/regalexia.com\\\/wp-content\\\/uploads\\\/2023\\\/03\\\/Taller-de-los-olores-B.webp\",\"datePublished\":\"2023-03-23T12:07:31+00:00\",\"dateModified\":\"2024-07-10T05:42:52+00:00\",\"breadcrumb\":{\"@id\":\"https:\\\/\\\/regalexia.com\\\/experiencias\\\/taller-de-los-olores\\\/#breadcrumb\"},\"inLanguage\":\"ca\",\"potentialAction\":[{\"@type\":\"ReadAction\",\"target\":[\"https:\\\/\\\/regalexia.com\\\/experiencias\\\/taller-de-los-olores\\\/\"]}]},{\"@type\":\"ImageObject\",\"inLanguage\":\"ca\",\"@id\":\"https:\\\/\\\/regalexia.com\\\/experiencias\\\/taller-de-los-olores\\\/#primaryimage\",\"url\":\"https:\\\/\\\/regalexia.com\\\/wp-content\\\/uploads\\\/2023\\\/03\\\/Taller-de-los-olores-B.webp\",\"contentUrl\":\"https:\\\/\\\/regalexia.com\\\/wp-content\\\/uploads\\\/2023\\\/03\\\/Taller-de-los-olores-B.webp\",\"width\":1024,\"height\":768,\"caption\":\"Imagen de una ni\u00f1a con un capazo recoge flores amarillas, disfrutando del taller de olores. En esta actividad educativa y sensorial, los ni\u00f1os descubrir\u00e1n la magia de las fragancias naturales mientras exploran la naturaleza y aprenden sobre las plantas arom\u00e1ticas. Correspondiente a la categor\u00eda de explorador y experiencias originales para ni\u00f1os en Barcelona - Regalexia.\"},{\"@type\":\"BreadcrumbList\",\"@id\":\"https:\\\/\\\/regalexia.com\\\/experiencias\\\/taller-de-los-olores\\\/#breadcrumb\",\"itemListElement\":[{\"@type\":\"ListItem\",\"position\":1,\"name\":\"Inicio\",\"item\":\"https:\\\/\\\/regalexia.com\\\/\"},{\"@type\":\"ListItem\",\"position\":2,\"name\":\"Experiencias\",\"item\":\"https:\\\/\\\/regalexia.com\\\/experiencias\\\/\"},{\"@type\":\"ListItem\",\"position\":3,\"name\":\"Taller de los olores\"}]},{\"@type\":\"WebSite\",\"@id\":\"https:\\\/\\\/regalexia.com\\\/#website\",\"url\":\"https:\\\/\\\/regalexia.com\\\/\",\"name\":\"Regalexia\",\"description\":\"\",\"publisher\":{\"@id\":\"https:\\\/\\\/regalexia.com\\\/#organization\"},\"potentialAction\":[{\"@type\":\"SearchAction\",\"target\":{\"@type\":\"EntryPoint\",\"urlTemplate\":\"https:\\\/\\\/regalexia.com\\\/?s={search_term_string}\"},\"query-input\":{\"@type\":\"PropertyValueSpecification\",\"valueRequired\":true,\"valueName\":\"search_term_string\"}}],\"inLanguage\":\"ca\"},{\"@type\":\"Organization\",\"@id\":\"https:\\\/\\\/regalexia.com\\\/#organization\",\"name\":\"Regalexia\",\"url\":\"https:\\\/\\\/regalexia.com\\\/\",\"logo\":{\"@type\":\"ImageObject\",\"inLanguage\":\"ca\",\"@id\":\"https:\\\/\\\/regalexia.com\\\/#\\\/schema\\\/logo\\\/image\\\/\",\"url\":\"https:\\\/\\\/regalexia.com\\\/wp-content\\\/uploads\\\/2024\\\/05\\\/logo_webp.webp\",\"contentUrl\":\"https:\\\/\\\/regalexia.com\\\/wp-content\\\/uploads\\\/2024\\\/05\\\/logo_webp.webp\",\"width\":338,\"height\":90,\"caption\":\"Regalexia\"},\"image\":{\"@id\":\"https:\\\/\\\/regalexia.com\\\/#\\\/schema\\\/logo\\\/image\\\/\"},\"sameAs\":[\"https:\\\/\\\/www.facebook.com\\\/regalexia\",\"https:\\\/\\\/www.instagram.com\\\/regalexia\\\/\",\"https:\\\/\\\/www.youtube.com\\\/@RegalexiaRegalaIlusiones\"]}]}<\/script>\n<!-- \/ Yoast SEO plugin. -->","yoast_head_json":{"title":"Taller de los olores - Regalexia","robots":{"index":"index","follow":"follow","max-snippet":"max-snippet:-1","max-image-preview":"max-image-preview:large","max-video-preview":"max-video-preview:-1"},"canonical":"https:\/\/regalexia.com\/ca\/experiencias\/taller-de-los-olores\/","og_locale":"ca_ES","og_type":"article","og_title":"Taller de los olores - Regalexia","og_description":"Disfruta de las inolvidables actividades tem\u00e1ticas inspiradas en la naturaleza y combina el poder de la aromaterapia, las infusiones en las diferentes estaciones del a\u00f1o. \u00a1Vivir\u00e1s una grandiosa experiencia personal! Disfruta de esta gran experiencia en la localidad de Santa Eul\u00e0lia de Ron\u00e7ana. &nbsp;","og_url":"https:\/\/regalexia.com\/ca\/experiencias\/taller-de-los-olores\/","og_site_name":"Regalexia","article_publisher":"https:\/\/www.facebook.com\/regalexia","article_modified_time":"2024-07-10T05:42:52+00:00","og_image":[{"width":1024,"height":768,"url":"https:\/\/regalexia.com\/wp-content\/uploads\/2023\/03\/Taller-de-los-olores-B.webp","type":"image\/webp"}],"twitter_card":"summary_large_image","twitter_misc":{"Temps estimat de lectura":"1 minut"},"schema":{"@context":"https:\/\/schema.org","@graph":[{"@type":"WebPage","@id":"https:\/\/regalexia.com\/experiencias\/taller-de-los-olores\/","url":"https:\/\/regalexia.com\/experiencias\/taller-de-los-olores\/","name":"Taller de los olores - Regalexia","isPartOf":{"@id":"https:\/\/regalexia.com\/#website"},"primaryImageOfPage":{"@id":"https:\/\/regalexia.com\/experiencias\/taller-de-los-olores\/#primaryimage"},"image":{"@id":"https:\/\/regalexia.com\/experiencias\/taller-de-los-olores\/#primaryimage"},"thumbnailUrl":"https:\/\/regalexia.com\/wp-content\/uploads\/2023\/03\/Taller-de-los-olores-B.webp","datePublished":"2023-03-23T12:07:31+00:00","dateModified":"2024-07-10T05:42:52+00:00","breadcrumb":{"@id":"https:\/\/regalexia.com\/experiencias\/taller-de-los-olores\/#breadcrumb"},"inLanguage":"ca","potentialAction":[{"@type":"ReadAction","target":["https:\/\/regalexia.com\/experiencias\/taller-de-los-olores\/"]}]},{"@type":"ImageObject","inLanguage":"ca","@id":"https:\/\/regalexia.com\/experiencias\/taller-de-los-olores\/#primaryimage","url":"https:\/\/regalexia.com\/wp-content\/uploads\/2023\/03\/Taller-de-los-olores-B.webp","contentUrl":"https:\/\/regalexia.com\/wp-content\/uploads\/2023\/03\/Taller-de-los-olores-B.webp","width":1024,"height":768,"caption":"Imagen de una ni\u00f1a con un capazo recoge flores amarillas, disfrutando del taller de olores. En esta actividad educativa y sensorial, los ni\u00f1os descubrir\u00e1n la magia de las fragancias naturales mientras exploran la naturaleza y aprenden sobre las plantas arom\u00e1ticas. Correspondiente a la categor\u00eda de explorador y experiencias originales para ni\u00f1os en Barcelona - Regalexia."},{"@type":"BreadcrumbList","@id":"https:\/\/regalexia.com\/experiencias\/taller-de-los-olores\/#breadcrumb","itemListElement":[{"@type":"ListItem","position":1,"name":"Inicio","item":"https:\/\/regalexia.com\/"},{"@type":"ListItem","position":2,"name":"Experiencias","item":"https:\/\/regalexia.com\/experiencias\/"},{"@type":"ListItem","position":3,"name":"Taller de los olores"}]},{"@type":"WebSite","@id":"https:\/\/regalexia.com\/#website","url":"https:\/\/regalexia.com\/","name":"Regalexia","description":"","publisher":{"@id":"https:\/\/regalexia.com\/#organization"},"potentialAction":[{"@type":"SearchAction","target":{"@type":"EntryPoint","urlTemplate":"https:\/\/regalexia.com\/?s={search_term_string}"},"query-input":{"@type":"PropertyValueSpecification","valueRequired":true,"valueName":"search_term_string"}}],"inLanguage":"ca"},{"@type":"Organization","@id":"https:\/\/regalexia.com\/#organization","name":"Regalexia","url":"https:\/\/regalexia.com\/","logo":{"@type":"ImageObject","inLanguage":"ca","@id":"https:\/\/regalexia.com\/#\/schema\/logo\/image\/","url":"https:\/\/regalexia.com\/wp-content\/uploads\/2024\/05\/logo_webp.webp","contentUrl":"https:\/\/regalexia.com\/wp-content\/uploads\/2024\/05\/logo_webp.webp","width":338,"height":90,"caption":"Regalexia"},"image":{"@id":"https:\/\/regalexia.com\/#\/schema\/logo\/image\/"},"sameAs":["https:\/\/www.facebook.com\/regalexia","https:\/\/www.instagram.com\/regalexia\/","https:\/\/www.youtube.com\/@RegalexiaRegalaIlusiones"]}]}},"_links":{"self":[{"href":"https:\/\/regalexia.com\/ca\/wp-json\/wp\/v2\/product\/421","targetHints":{"allow":["GET"]}}],"collection":[{"href":"https:\/\/regalexia.com\/ca\/wp-json\/wp\/v2\/product"}],"about":[{"href":"https:\/\/regalexia.com\/ca\/wp-json\/wp\/v2\/types\/product"}],"replies":[{"embeddable":true,"href":"https:\/\/regalexia.com\/ca\/wp-json\/wp\/v2\/comments?post=421"}],"wp:featuredmedia":[{"embeddable":true,"href":"https:\/\/regalexia.com\/ca\/wp-json\/wp\/v2\/media\/8378"}],"wp:attachment":[{"href":"https:\/\/regalexia.com\/ca\/wp-json\/wp\/v2\/media?parent=421"}],"wp:term":[{"taxonomy":"product_brand","embeddable":true,"href":"https:\/\/regalexia.com\/ca\/wp-json\/wp\/v2\/product_brand?post=421"},{"taxonomy":"product_cat","embeddable":true,"href":"https:\/\/regalexia.com\/ca\/wp-json\/wp\/v2\/product_cat?post=421"},{"taxonomy":"product_tag","embeddable":true,"href":"https:\/\/regalexia.com\/ca\/wp-json\/wp\/v2\/product_tag?post=421"}],"curies":[{"name":"wp","href":"https:\/\/api.w.org\/{rel}","templated":true}]}}