 {"id":423,"date":"2023-03-23T13:40:26","date_gmt":"2023-03-23T12:40:26","guid":{"rendered":"https:\/\/regalexia.com\/store\/producto\/ruta-en-bicicleta-electrica-al-observatorio-de-pujalt\/"},"modified":"2025-06-26T20:20:34","modified_gmt":"2025-06-26T18:20:34","slug":"ruta-en-bicicleta-electrica","status":"publish","type":"product","link":"https:\/\/regalexia.com\/ca\/experiencias\/ruta-en-bicicleta-electrica\/","title":{"rendered":"Ruta en bicicleta el\u00e9ctrica"},"content":{"rendered":"<h1 class=\"wp-block-heading\">Ruta en bicicleta el\u00e9ctrica. \u00a1Buscas que tus ni\u00f1os exploren nuevas rutas?<\/h1>\n\n\n\n<p>Conocer el mundo en una bicicleta el\u00e9ctrica es una aventura como ninguna otra. Les das la oportunidad de experimentar la cultura y el paisaje de un lugar de una manera que no se puede hacer con ninguna otra forma de transporte.<\/p>\n\n\n\n<p>Es una experiencia que sin duda tu hijo agradece, ya que tambi\u00e9n les ayuda a:<\/p>\n\n\n\n<ul class=\"wp-block-list\">\n<li>Reducir la ansiedad<\/li>\n\n\n\n<li>Aliviar el aburrimiento<\/li>\n\n\n\n<li>Descubrir nuevas emociones<\/li>\n\n\n\n<li>Equilibrar su mente<\/li>\n<\/ul>\n\n\n\n<h2 class=\"wp-block-heading\">Vive una experiencia \u00fanica en Pujalt<\/h2>\n\n\n\n<p>Ya sea que est\u00e9s buscando dar un paseo tranquilo o un viaje aventurero, las bicicletas el\u00e9ctricas ofrecen una excelente manera de explorar el mundo mientras ayudan a reducir nuestro impacto en el planeta.<\/p>\n\n\n\n<blockquote class=\"wp-block-quote is-layout-flow wp-block-quote-is-layout-flow\">\n<p><strong>\u00abLa bicicleta es un veh\u00edculo curioso. Su pasajero es su motor\u00bb<\/strong><\/p>\n<cite>John Howard<\/cite><\/blockquote>\n\n\n\n<p>Tr\u00e1elos a experimentar la tranquilidad mientras recorren un camino que les acerca a ellos mismos, a su entorno y a nuestro planeta.<\/p>","protected":false},"excerpt":{"rendered":"<p><span style=\"font-weight: 400;\">\u00a1Vivid una aventura astron\u00f3mica con vuestros hijos! Pedalead en bicicleta a trav\u00e9s de la naturaleza mientras os dirig\u00eds al planetario y conservatorio astron\u00f3mico de Pujalt. Aqu\u00ed descubrir\u00e9is los misterios del universo en un recorrido emocionante y educativo. Esta experiencia \u00fanica est\u00e1 dise\u00f1ada para 2 ni\u00f1os y 2 adultos, garantiz\u00e1ndoos una gran aventura en familia. Venid a crear recuerdos inolvidables en Calaf. \u00a1Reservad ahora y despertad su amor por la ciencia y la naturaleza!<\/span><\/p>","protected":false},"featured_media":8368,"comment_status":"open","ping_status":"closed","template":"","meta":{"id_video":[],"enlace_video":[],"enlace_captura":[],"invitacion_anexada":[],"pedido_anexado":[]},"product_brand":[],"product_cat":[45],"product_tag":[],"class_list":{"0":"post-423","1":"product","2":"type-product","3":"status-publish","4":"has-post-thumbnail","6":"product_cat-explorador","8":"first","9":"instock","10":"sold-individually","11":"shipping-taxable","12":"purchasable","13":"product-type-simple"},"exclude_global_add_ons":[],"addons":[],"yoast_head":"<!-- This site is optimized with the Yoast SEO plugin v27.3 - https:\/\/yoast.com\/product\/yoast-seo-wordpress\/ -->\n<title>Ruta en bicicleta el\u00e9ctrica - Regalexia Ruta en bicicleta el\u00e9ctrica<\/title>\n<meta name=\"description\" content=\"Ruta en bicicleta el\u00e9ctrica en Calaf. Pedalea hacia el conocimiento y vive una experiencia \u00fanica en Pujalt, dise\u00f1ada para 2 ni\u00f1os y 2 adultos. Reserva en www.regalexia.com\" \/>\n<meta name=\"robots\" content=\"index, follow, max-snippet:-1, max-image-preview:large, max-video-preview:-1\" \/>\n<link rel=\"canonical\" href=\"https:\/\/regalexia.com\/ca\/experiencias\/ruta-en-bicicleta-electrica\/\" \/>\n<meta property=\"og:locale\" content=\"ca_ES\" \/>\n<meta property=\"og:type\" content=\"article\" \/>\n<meta property=\"og:title\" content=\"Ruta en bicicleta el\u00e9ctrica - Regalexia Ruta en bicicleta el\u00e9ctrica\" \/>\n<meta property=\"og:description\" content=\"Ruta en bicicleta el\u00e9ctrica en Calaf. Pedalea hacia el conocimiento y vive una experiencia \u00fanica en Pujalt, dise\u00f1ada para 2 ni\u00f1os y 2 adultos. Reserva en www.regalexia.com\" \/>\n<meta property=\"og:url\" content=\"https:\/\/regalexia.com\/ca\/experiencias\/ruta-en-bicicleta-electrica\/\" \/>\n<meta property=\"og:site_name\" content=\"Regalexia\" \/>\n<meta property=\"article:publisher\" content=\"https:\/\/www.facebook.com\/regalexia\" \/>\n<meta property=\"article:modified_time\" content=\"2025-06-26T18:20:34+00:00\" \/>\n<meta property=\"og:image\" content=\"https:\/\/regalexia.com\/wp-content\/uploads\/2023\/03\/Ruta-en-bicicleta-electrica-al-observatorio-de-Pujalt-A.webp\" \/>\n\t<meta property=\"og:image:width\" content=\"1024\" \/>\n\t<meta property=\"og:image:height\" content=\"768\" \/>\n\t<meta property=\"og:image:type\" content=\"image\/webp\" \/>\n<meta name=\"twitter:card\" content=\"summary_large_image\" \/>\n<meta name=\"twitter:label1\" content=\"Temps estimat de lectura\" \/>\n\t<meta name=\"twitter:data1\" content=\"1 minut\" \/>\n<script type=\"application\/ld+json\" class=\"yoast-schema-graph\">{\"@context\":\"https:\\\/\\\/schema.org\",\"@graph\":[{\"@type\":\"WebPage\",\"@id\":\"https:\\\/\\\/regalexia.com\\\/experiencias\\\/ruta-en-bicicleta-electrica\\\/\",\"url\":\"https:\\\/\\\/regalexia.com\\\/experiencias\\\/ruta-en-bicicleta-electrica\\\/\",\"name\":\"Ruta en bicicleta el\u00e9ctrica - Regalexia Ruta en bicicleta el\u00e9ctrica\",\"isPartOf\":{\"@id\":\"https:\\\/\\\/regalexia.com\\\/#website\"},\"primaryImageOfPage\":{\"@id\":\"https:\\\/\\\/regalexia.com\\\/experiencias\\\/ruta-en-bicicleta-electrica\\\/#primaryimage\"},\"image\":{\"@id\":\"https:\\\/\\\/regalexia.com\\\/experiencias\\\/ruta-en-bicicleta-electrica\\\/#primaryimage\"},\"thumbnailUrl\":\"https:\\\/\\\/regalexia.com\\\/wp-content\\\/uploads\\\/2023\\\/03\\\/Ruta-en-bicicleta-electrica-al-observatorio-de-Pujalt-A.webp\",\"datePublished\":\"2023-03-23T12:40:26+00:00\",\"dateModified\":\"2025-06-26T18:20:34+00:00\",\"description\":\"Ruta en bicicleta el\u00e9ctrica en Calaf. Pedalea hacia el conocimiento y vive una experiencia \u00fanica en Pujalt, dise\u00f1ada para 2 ni\u00f1os y 2 adultos. Reserva en www.regalexia.com\",\"breadcrumb\":{\"@id\":\"https:\\\/\\\/regalexia.com\\\/experiencias\\\/ruta-en-bicicleta-electrica\\\/#breadcrumb\"},\"inLanguage\":\"ca\",\"potentialAction\":[{\"@type\":\"ReadAction\",\"target\":[\"https:\\\/\\\/regalexia.com\\\/experiencias\\\/ruta-en-bicicleta-electrica\\\/\"]}]},{\"@type\":\"ImageObject\",\"inLanguage\":\"ca\",\"@id\":\"https:\\\/\\\/regalexia.com\\\/experiencias\\\/ruta-en-bicicleta-electrica\\\/#primaryimage\",\"url\":\"https:\\\/\\\/regalexia.com\\\/wp-content\\\/uploads\\\/2023\\\/03\\\/Ruta-en-bicicleta-electrica-al-observatorio-de-Pujalt-A.webp\",\"contentUrl\":\"https:\\\/\\\/regalexia.com\\\/wp-content\\\/uploads\\\/2023\\\/03\\\/Ruta-en-bicicleta-electrica-al-observatorio-de-Pujalt-A.webp\",\"width\":1024,\"height\":768,\"caption\":\"Imagen de una madre y su hija observan un precioso atardecer junto a una bicicleta, prepar\u00e1ndose para una preciosa aventura. Pedalead a trav\u00e9s de la naturaleza hasta el planetario y conservatorio astron\u00f3mico de Pujalt, donde descubrir\u00e9is los misterios del universo en un recorrido emocionante y educativo. Correspondiente a la categor\u00eda de explorador y experiencias originales para ni\u00f1os en Barcelona - Regalexia.\"},{\"@type\":\"BreadcrumbList\",\"@id\":\"https:\\\/\\\/regalexia.com\\\/experiencias\\\/ruta-en-bicicleta-electrica\\\/#breadcrumb\",\"itemListElement\":[{\"@type\":\"ListItem\",\"position\":1,\"name\":\"Inicio\",\"item\":\"https:\\\/\\\/regalexia.com\\\/\"},{\"@type\":\"ListItem\",\"position\":2,\"name\":\"Experiencias\",\"item\":\"https:\\\/\\\/regalexia.com\\\/experiencias\\\/\"},{\"@type\":\"ListItem\",\"position\":3,\"name\":\"Ruta en bicicleta el\u00e9ctrica\"}]},{\"@type\":\"WebSite\",\"@id\":\"https:\\\/\\\/regalexia.com\\\/#website\",\"url\":\"https:\\\/\\\/regalexia.com\\\/\",\"name\":\"Regalexia\",\"description\":\"\",\"publisher\":{\"@id\":\"https:\\\/\\\/regalexia.com\\\/#organization\"},\"potentialAction\":[{\"@type\":\"SearchAction\",\"target\":{\"@type\":\"EntryPoint\",\"urlTemplate\":\"https:\\\/\\\/regalexia.com\\\/?s={search_term_string}\"},\"query-input\":{\"@type\":\"PropertyValueSpecification\",\"valueRequired\":true,\"valueName\":\"search_term_string\"}}],\"inLanguage\":\"ca\"},{\"@type\":\"Organization\",\"@id\":\"https:\\\/\\\/regalexia.com\\\/#organization\",\"name\":\"Regalexia\",\"url\":\"https:\\\/\\\/regalexia.com\\\/\",\"logo\":{\"@type\":\"ImageObject\",\"inLanguage\":\"ca\",\"@id\":\"https:\\\/\\\/regalexia.com\\\/#\\\/schema\\\/logo\\\/image\\\/\",\"url\":\"https:\\\/\\\/regalexia.com\\\/wp-content\\\/uploads\\\/2024\\\/05\\\/logo_webp.webp\",\"contentUrl\":\"https:\\\/\\\/regalexia.com\\\/wp-content\\\/uploads\\\/2024\\\/05\\\/logo_webp.webp\",\"width\":338,\"height\":90,\"caption\":\"Regalexia\"},\"image\":{\"@id\":\"https:\\\/\\\/regalexia.com\\\/#\\\/schema\\\/logo\\\/image\\\/\"},\"sameAs\":[\"https:\\\/\\\/www.facebook.com\\\/regalexia\",\"https:\\\/\\\/www.instagram.com\\\/regalexia\\\/\",\"https:\\\/\\\/www.youtube.com\\\/@RegalexiaRegalaIlusiones\"]}]}<\/script>\n<!-- \/ Yoast SEO plugin. -->","yoast_head_json":{"title":"Ruta en bicicleta el\u00e9ctrica - Regalexia Ruta en bicicleta el\u00e9ctrica","description":"Ruta en bicicleta el\u00e9ctrica en Calaf. Pedalea hacia el conocimiento y vive una experiencia \u00fanica en Pujalt, dise\u00f1ada para 2 ni\u00f1os y 2 adultos. Reserva en www.regalexia.com","robots":{"index":"index","follow":"follow","max-snippet":"max-snippet:-1","max-image-preview":"max-image-preview:large","max-video-preview":"max-video-preview:-1"},"canonical":"https:\/\/regalexia.com\/ca\/experiencias\/ruta-en-bicicleta-electrica\/","og_locale":"ca_ES","og_type":"article","og_title":"Ruta en bicicleta el\u00e9ctrica - Regalexia Ruta en bicicleta el\u00e9ctrica","og_description":"Ruta en bicicleta el\u00e9ctrica en Calaf. Pedalea hacia el conocimiento y vive una experiencia \u00fanica en Pujalt, dise\u00f1ada para 2 ni\u00f1os y 2 adultos. Reserva en www.regalexia.com","og_url":"https:\/\/regalexia.com\/ca\/experiencias\/ruta-en-bicicleta-electrica\/","og_site_name":"Regalexia","article_publisher":"https:\/\/www.facebook.com\/regalexia","article_modified_time":"2025-06-26T18:20:34+00:00","og_image":[{"width":1024,"height":768,"url":"https:\/\/regalexia.com\/wp-content\/uploads\/2023\/03\/Ruta-en-bicicleta-electrica-al-observatorio-de-Pujalt-A.webp","type":"image\/webp"}],"twitter_card":"summary_large_image","twitter_misc":{"Temps estimat de lectura":"1 minut"},"schema":{"@context":"https:\/\/schema.org","@graph":[{"@type":"WebPage","@id":"https:\/\/regalexia.com\/experiencias\/ruta-en-bicicleta-electrica\/","url":"https:\/\/regalexia.com\/experiencias\/ruta-en-bicicleta-electrica\/","name":"Ruta en bicicleta el\u00e9ctrica - Regalexia Ruta en bicicleta el\u00e9ctrica","isPartOf":{"@id":"https:\/\/regalexia.com\/#website"},"primaryImageOfPage":{"@id":"https:\/\/regalexia.com\/experiencias\/ruta-en-bicicleta-electrica\/#primaryimage"},"image":{"@id":"https:\/\/regalexia.com\/experiencias\/ruta-en-bicicleta-electrica\/#primaryimage"},"thumbnailUrl":"https:\/\/regalexia.com\/wp-content\/uploads\/2023\/03\/Ruta-en-bicicleta-electrica-al-observatorio-de-Pujalt-A.webp","datePublished":"2023-03-23T12:40:26+00:00","dateModified":"2025-06-26T18:20:34+00:00","description":"Ruta en bicicleta el\u00e9ctrica en Calaf. Pedalea hacia el conocimiento y vive una experiencia \u00fanica en Pujalt, dise\u00f1ada para 2 ni\u00f1os y 2 adultos. Reserva en www.regalexia.com","breadcrumb":{"@id":"https:\/\/regalexia.com\/experiencias\/ruta-en-bicicleta-electrica\/#breadcrumb"},"inLanguage":"ca","potentialAction":[{"@type":"ReadAction","target":["https:\/\/regalexia.com\/experiencias\/ruta-en-bicicleta-electrica\/"]}]},{"@type":"ImageObject","inLanguage":"ca","@id":"https:\/\/regalexia.com\/experiencias\/ruta-en-bicicleta-electrica\/#primaryimage","url":"https:\/\/regalexia.com\/wp-content\/uploads\/2023\/03\/Ruta-en-bicicleta-electrica-al-observatorio-de-Pujalt-A.webp","contentUrl":"https:\/\/regalexia.com\/wp-content\/uploads\/2023\/03\/Ruta-en-bicicleta-electrica-al-observatorio-de-Pujalt-A.webp","width":1024,"height":768,"caption":"Imagen de una madre y su hija observan un precioso atardecer junto a una bicicleta, prepar\u00e1ndose para una preciosa aventura. Pedalead a trav\u00e9s de la naturaleza hasta el planetario y conservatorio astron\u00f3mico de Pujalt, donde descubrir\u00e9is los misterios del universo en un recorrido emocionante y educativo. Correspondiente a la categor\u00eda de explorador y experiencias originales para ni\u00f1os en Barcelona - Regalexia."},{"@type":"BreadcrumbList","@id":"https:\/\/regalexia.com\/experiencias\/ruta-en-bicicleta-electrica\/#breadcrumb","itemListElement":[{"@type":"ListItem","position":1,"name":"Inicio","item":"https:\/\/regalexia.com\/"},{"@type":"ListItem","position":2,"name":"Experiencias","item":"https:\/\/regalexia.com\/experiencias\/"},{"@type":"ListItem","position":3,"name":"Ruta en bicicleta el\u00e9ctrica"}]},{"@type":"WebSite","@id":"https:\/\/regalexia.com\/#website","url":"https:\/\/regalexia.com\/","name":"Regalexia","description":"","publisher":{"@id":"https:\/\/regalexia.com\/#organization"},"potentialAction":[{"@type":"SearchAction","target":{"@type":"EntryPoint","urlTemplate":"https:\/\/regalexia.com\/?s={search_term_string}"},"query-input":{"@type":"PropertyValueSpecification","valueRequired":true,"valueName":"search_term_string"}}],"inLanguage":"ca"},{"@type":"Organization","@id":"https:\/\/regalexia.com\/#organization","name":"Regalexia","url":"https:\/\/regalexia.com\/","logo":{"@type":"ImageObject","inLanguage":"ca","@id":"https:\/\/regalexia.com\/#\/schema\/logo\/image\/","url":"https:\/\/regalexia.com\/wp-content\/uploads\/2024\/05\/logo_webp.webp","contentUrl":"https:\/\/regalexia.com\/wp-content\/uploads\/2024\/05\/logo_webp.webp","width":338,"height":90,"caption":"Regalexia"},"image":{"@id":"https:\/\/regalexia.com\/#\/schema\/logo\/image\/"},"sameAs":["https:\/\/www.facebook.com\/regalexia","https:\/\/www.instagram.com\/regalexia\/","https:\/\/www.youtube.com\/@RegalexiaRegalaIlusiones"]}]}},"_links":{"self":[{"href":"https:\/\/regalexia.com\/ca\/wp-json\/wp\/v2\/product\/423","targetHints":{"allow":["GET"]}}],"collection":[{"href":"https:\/\/regalexia.com\/ca\/wp-json\/wp\/v2\/product"}],"about":[{"href":"https:\/\/regalexia.com\/ca\/wp-json\/wp\/v2\/types\/product"}],"replies":[{"embeddable":true,"href":"https:\/\/regalexia.com\/ca\/wp-json\/wp\/v2\/comments?post=423"}],"wp:featuredmedia":[{"embeddable":true,"href":"https:\/\/regalexia.com\/ca\/wp-json\/wp\/v2\/media\/8368"}],"wp:attachment":[{"href":"https:\/\/regalexia.com\/ca\/wp-json\/wp\/v2\/media?parent=423"}],"wp:term":[{"taxonomy":"product_brand","embeddable":true,"href":"https:\/\/regalexia.com\/ca\/wp-json\/wp\/v2\/product_brand?post=423"},{"taxonomy":"product_cat","embeddable":true,"href":"https:\/\/regalexia.com\/ca\/wp-json\/wp\/v2\/product_cat?post=423"},{"taxonomy":"product_tag","embeddable":true,"href":"https:\/\/regalexia.com\/ca\/wp-json\/wp\/v2\/product_tag?post=423"}],"curies":[{"name":"wp","href":"https:\/\/api.w.org\/{rel}","templated":true}]}}