 {"id":424,"date":"2023-03-23T13:45:37","date_gmt":"2023-03-23T12:45:37","guid":{"rendered":"https:\/\/regalexia.com\/store\/producto\/manipula-y-juega-con-los-titeres\/"},"modified":"2025-10-29T11:36:28","modified_gmt":"2025-10-29T10:36:28","slug":"manipula-y-juega-con-los-titeres","status":"publish","type":"product","link":"https:\/\/regalexia.com\/ca\/experiencias\/manipula-y-juega-con-los-titeres\/","title":{"rendered":"Manipula y juega con los t\u00edteres"},"content":{"rendered":"<p>\u00bfAlguna vez has querido que tus ni\u00f1os exploren el mundo m\u00e1gico de los t\u00edteres?&nbsp;<\/p>\n\n\n\n<p>Este museo ofrece incre\u00edbles actividades educativas para ellos, como espect\u00e1culos de t\u00edteres, talleres de fabricaci\u00f3n de t\u00edteres y juegos interactivos.<\/p>\n\n\n\n<p>Los objetivos de esta actividad son:<\/p>\n\n\n\n<ul class=\"wp-block-list\">\n<li>Favorecer el pensamiento cr\u00edtico viendo, a trav\u00e9s de los t\u00edteres, los valores y costumbres de diferentes autores, sociedades y momentos hist\u00f3ricos.<\/li>\n\n\n\n<li>Conectar diferentes \u00e1reas o materias estimulando el aprendizaje transversal.<\/li>\n\n\n\n<li>Potenciar el deseo de aprender.<\/li>\n\n\n\n<li>Fomenta la creatividad.<\/li>\n\n\n\n<li>Ense\u00f1a a mirar.<\/li>\n<\/ul>\n\n\n\n<p>Jugar con marionetas es como entrar en otro mundo lleno de magia, uno en el que tu hija o hijo pueden divertirse mientras aprenden algo nuevo en el camino, ya sea jugando un juego o simplemente mir\u00e1ndolos dentro del museo.<\/p>\n\n\n\n<blockquote class=\"wp-block-quote is-layout-flow wp-block-quote-is-layout-flow\">\n<p><strong>\u00abEn la escala de los c\u00f3smico s\u00f3lo lo fant\u00e1stico tiene posibilidades de ser verdadero\u00bb<\/strong><\/p>\n<cite>Theilard de Chardin<\/cite><\/blockquote>\n\n\n\n<p>\u00a1El juego de t\u00edteres les brinda una experiencia muy entretenida y educativa!<\/p>","protected":false},"excerpt":{"rendered":"<p>Aprende historias de diferentes culturas con la ayuda de los t\u00edteres, los cuales han existido durante siglos, explora tu creatividad y expresa tus emociones de una manera especial.<\/p>\n<p>Disfruta de esta gran experiencia en la localidad de Can Falguera.<\/p>\n<p>&nbsp;<\/p>\n<p>De la m\u00e0 de la Teia i el Miquel fareu un itinerari per les sales del museu on descobrireu moltes hist\u00f2ries de titelles antics i actuals que han actuat per tot el m\u00f3n. Tindreu l\u2019oportunitat de ser titellaires per un dia en el nostre espai l\u00fadic: \u201cManipula i juga amb els titelles\u201d, i despr\u00e9s veureu un espectacle que us acostar\u00e0 al m\u00f3n dels titellaires. Visitar el museu \u00e9s una font d\u2019aprenentatges que crea una nova manera de relacionar-se amb la fam\u00edlia i els amics, estimulant la imaginaci\u00f3 i la creativitat.<\/p>","protected":false},"featured_media":8446,"comment_status":"open","ping_status":"closed","template":"","meta":{"id_video":[],"enlace_video":[],"enlace_captura":[],"invitacion_anexada":[],"pedido_anexado":[]},"product_brand":[],"product_cat":[48],"product_tag":[],"class_list":{"0":"post-424","1":"product","2":"type-product","3":"status-publish","4":"has-post-thumbnail","6":"product_cat-creativo","8":"first","9":"instock","10":"sold-individually","11":"shipping-taxable","12":"purchasable","13":"product-type-simple"},"exclude_global_add_ons":[],"addons":[],"yoast_head":"<!-- This site is optimized with the Yoast SEO plugin v27.3 - https:\/\/yoast.com\/product\/yoast-seo-wordpress\/ -->\n<title>Manipula y juega con los t\u00edteres - Regalexia<\/title>\n<meta name=\"description\" content=\"Desde 9.9\u20ac, podr\u00e9is pasar una ma\u00f1ana familiar donde descubrir\u00e9is muchas historias de t\u00edteres que han actuado por todo el mundo. Tendr\u00e9is la oportunidad de ser titiriteros por un d\u00eda y despu\u00e9s ver\u00e9is un espect\u00e1culo que os acercar\u00e1 al mundo de los titiriteros.\" \/>\n<meta name=\"robots\" content=\"index, follow, max-snippet:-1, max-image-preview:large, max-video-preview:-1\" \/>\n<link rel=\"canonical\" href=\"https:\/\/regalexia.com\/ca\/experiencias\/manipula-y-juega-con-los-titeres\/\" \/>\n<meta property=\"og:locale\" content=\"ca_ES\" \/>\n<meta property=\"og:type\" content=\"article\" \/>\n<meta property=\"og:title\" content=\"Manipula y juega con los t\u00edteres - Regalexia\" \/>\n<meta property=\"og:description\" content=\"Desde 9.9\u20ac, podr\u00e9is pasar una ma\u00f1ana familiar donde descubrir\u00e9is muchas historias de t\u00edteres que han actuado por todo el mundo. Tendr\u00e9is la oportunidad de ser titiriteros por un d\u00eda y despu\u00e9s ver\u00e9is un espect\u00e1culo que os acercar\u00e1 al mundo de los titiriteros.\" \/>\n<meta property=\"og:url\" content=\"https:\/\/regalexia.com\/ca\/experiencias\/manipula-y-juega-con-los-titeres\/\" \/>\n<meta property=\"og:site_name\" content=\"Regalexia\" \/>\n<meta property=\"article:publisher\" content=\"https:\/\/www.facebook.com\/regalexia\" \/>\n<meta property=\"article:modified_time\" content=\"2025-10-29T10:36:28+00:00\" \/>\n<meta property=\"og:image\" content=\"https:\/\/regalexia.com\/wp-content\/uploads\/2023\/03\/manipula-y-juega-con-los-titeres-d.webp\" \/>\n\t<meta property=\"og:image:width\" content=\"1024\" \/>\n\t<meta property=\"og:image:height\" content=\"768\" \/>\n\t<meta property=\"og:image:type\" content=\"image\/webp\" \/>\n<meta name=\"twitter:card\" content=\"summary_large_image\" \/>\n<meta name=\"twitter:label1\" content=\"Temps estimat de lectura\" \/>\n\t<meta name=\"twitter:data1\" content=\"1 minut\" \/>\n<script type=\"application\/ld+json\" class=\"yoast-schema-graph\">{\"@context\":\"https:\\\/\\\/schema.org\",\"@graph\":[{\"@type\":\"WebPage\",\"@id\":\"https:\\\/\\\/regalexia.com\\\/experiencias\\\/manipula-y-juega-con-los-titeres\\\/\",\"url\":\"https:\\\/\\\/regalexia.com\\\/experiencias\\\/manipula-y-juega-con-los-titeres\\\/\",\"name\":\"Manipula y juega con los t\u00edteres - Regalexia\",\"isPartOf\":{\"@id\":\"https:\\\/\\\/regalexia.com\\\/#website\"},\"primaryImageOfPage\":{\"@id\":\"https:\\\/\\\/regalexia.com\\\/experiencias\\\/manipula-y-juega-con-los-titeres\\\/#primaryimage\"},\"image\":{\"@id\":\"https:\\\/\\\/regalexia.com\\\/experiencias\\\/manipula-y-juega-con-los-titeres\\\/#primaryimage\"},\"thumbnailUrl\":\"https:\\\/\\\/regalexia.com\\\/wp-content\\\/uploads\\\/2023\\\/03\\\/manipula-y-juega-con-los-titeres-d.webp\",\"datePublished\":\"2023-03-23T12:45:37+00:00\",\"dateModified\":\"2025-10-29T10:36:28+00:00\",\"description\":\"Desde 9.9\u20ac, podr\u00e9is pasar una ma\u00f1ana familiar donde descubrir\u00e9is muchas historias de t\u00edteres que han actuado por todo el mundo. Tendr\u00e9is la oportunidad de ser titiriteros por un d\u00eda y despu\u00e9s ver\u00e9is un espect\u00e1culo que os acercar\u00e1 al mundo de los titiriteros.\",\"breadcrumb\":{\"@id\":\"https:\\\/\\\/regalexia.com\\\/experiencias\\\/manipula-y-juega-con-los-titeres\\\/#breadcrumb\"},\"inLanguage\":\"ca\",\"potentialAction\":[{\"@type\":\"ReadAction\",\"target\":[\"https:\\\/\\\/regalexia.com\\\/experiencias\\\/manipula-y-juega-con-los-titeres\\\/\"]}]},{\"@type\":\"ImageObject\",\"inLanguage\":\"ca\",\"@id\":\"https:\\\/\\\/regalexia.com\\\/experiencias\\\/manipula-y-juega-con-los-titeres\\\/#primaryimage\",\"url\":\"https:\\\/\\\/regalexia.com\\\/wp-content\\\/uploads\\\/2023\\\/03\\\/manipula-y-juega-con-los-titeres-d.webp\",\"contentUrl\":\"https:\\\/\\\/regalexia.com\\\/wp-content\\\/uploads\\\/2023\\\/03\\\/manipula-y-juega-con-los-titeres-d.webp\",\"width\":1024,\"height\":768,\"caption\":\"En la imagen, un grupo de ni\u00f1os se encuentra reunido frente a una puerta de madera, completamente absortos en una encantadora funci\u00f3n de t\u00edteres. Del otro lado de la puerta, asoma un colorido t\u00edtere con cara azul y cabello rizado, vestido con un traje llamativo y alegre. Correspondiente a la categor\u00eda de creativo en experiencias para regalar a ni\u00f1os en Barcelona - Regalexia\"},{\"@type\":\"BreadcrumbList\",\"@id\":\"https:\\\/\\\/regalexia.com\\\/experiencias\\\/manipula-y-juega-con-los-titeres\\\/#breadcrumb\",\"itemListElement\":[{\"@type\":\"ListItem\",\"position\":1,\"name\":\"Inicio\",\"item\":\"https:\\\/\\\/regalexia.com\\\/\"},{\"@type\":\"ListItem\",\"position\":2,\"name\":\"Experiencias\",\"item\":\"https:\\\/\\\/regalexia.com\\\/experiencias\\\/\"},{\"@type\":\"ListItem\",\"position\":3,\"name\":\"Manipula y juega con los t\u00edteres\"}]},{\"@type\":\"WebSite\",\"@id\":\"https:\\\/\\\/regalexia.com\\\/#website\",\"url\":\"https:\\\/\\\/regalexia.com\\\/\",\"name\":\"Regalexia\",\"description\":\"\",\"publisher\":{\"@id\":\"https:\\\/\\\/regalexia.com\\\/#organization\"},\"potentialAction\":[{\"@type\":\"SearchAction\",\"target\":{\"@type\":\"EntryPoint\",\"urlTemplate\":\"https:\\\/\\\/regalexia.com\\\/?s={search_term_string}\"},\"query-input\":{\"@type\":\"PropertyValueSpecification\",\"valueRequired\":true,\"valueName\":\"search_term_string\"}}],\"inLanguage\":\"ca\"},{\"@type\":\"Organization\",\"@id\":\"https:\\\/\\\/regalexia.com\\\/#organization\",\"name\":\"Regalexia\",\"url\":\"https:\\\/\\\/regalexia.com\\\/\",\"logo\":{\"@type\":\"ImageObject\",\"inLanguage\":\"ca\",\"@id\":\"https:\\\/\\\/regalexia.com\\\/#\\\/schema\\\/logo\\\/image\\\/\",\"url\":\"https:\\\/\\\/regalexia.com\\\/wp-content\\\/uploads\\\/2024\\\/05\\\/logo_webp.webp\",\"contentUrl\":\"https:\\\/\\\/regalexia.com\\\/wp-content\\\/uploads\\\/2024\\\/05\\\/logo_webp.webp\",\"width\":338,\"height\":90,\"caption\":\"Regalexia\"},\"image\":{\"@id\":\"https:\\\/\\\/regalexia.com\\\/#\\\/schema\\\/logo\\\/image\\\/\"},\"sameAs\":[\"https:\\\/\\\/www.facebook.com\\\/regalexia\",\"https:\\\/\\\/www.instagram.com\\\/regalexia\\\/\",\"https:\\\/\\\/www.youtube.com\\\/@RegalexiaRegalaIlusiones\"]}]}<\/script>\n<!-- \/ Yoast SEO plugin. -->","yoast_head_json":{"title":"Manipula y juega con los t\u00edteres - Regalexia","description":"Desde 9.9\u20ac, podr\u00e9is pasar una ma\u00f1ana familiar donde descubrir\u00e9is muchas historias de t\u00edteres que han actuado por todo el mundo. Tendr\u00e9is la oportunidad de ser titiriteros por un d\u00eda y despu\u00e9s ver\u00e9is un espect\u00e1culo que os acercar\u00e1 al mundo de los titiriteros.","robots":{"index":"index","follow":"follow","max-snippet":"max-snippet:-1","max-image-preview":"max-image-preview:large","max-video-preview":"max-video-preview:-1"},"canonical":"https:\/\/regalexia.com\/ca\/experiencias\/manipula-y-juega-con-los-titeres\/","og_locale":"ca_ES","og_type":"article","og_title":"Manipula y juega con los t\u00edteres - Regalexia","og_description":"Desde 9.9\u20ac, podr\u00e9is pasar una ma\u00f1ana familiar donde descubrir\u00e9is muchas historias de t\u00edteres que han actuado por todo el mundo. Tendr\u00e9is la oportunidad de ser titiriteros por un d\u00eda y despu\u00e9s ver\u00e9is un espect\u00e1culo que os acercar\u00e1 al mundo de los titiriteros.","og_url":"https:\/\/regalexia.com\/ca\/experiencias\/manipula-y-juega-con-los-titeres\/","og_site_name":"Regalexia","article_publisher":"https:\/\/www.facebook.com\/regalexia","article_modified_time":"2025-10-29T10:36:28+00:00","og_image":[{"width":1024,"height":768,"url":"https:\/\/regalexia.com\/wp-content\/uploads\/2023\/03\/manipula-y-juega-con-los-titeres-d.webp","type":"image\/webp"}],"twitter_card":"summary_large_image","twitter_misc":{"Temps estimat de lectura":"1 minut"},"schema":{"@context":"https:\/\/schema.org","@graph":[{"@type":"WebPage","@id":"https:\/\/regalexia.com\/experiencias\/manipula-y-juega-con-los-titeres\/","url":"https:\/\/regalexia.com\/experiencias\/manipula-y-juega-con-los-titeres\/","name":"Manipula y juega con los t\u00edteres - Regalexia","isPartOf":{"@id":"https:\/\/regalexia.com\/#website"},"primaryImageOfPage":{"@id":"https:\/\/regalexia.com\/experiencias\/manipula-y-juega-con-los-titeres\/#primaryimage"},"image":{"@id":"https:\/\/regalexia.com\/experiencias\/manipula-y-juega-con-los-titeres\/#primaryimage"},"thumbnailUrl":"https:\/\/regalexia.com\/wp-content\/uploads\/2023\/03\/manipula-y-juega-con-los-titeres-d.webp","datePublished":"2023-03-23T12:45:37+00:00","dateModified":"2025-10-29T10:36:28+00:00","description":"Desde 9.9\u20ac, podr\u00e9is pasar una ma\u00f1ana familiar donde descubrir\u00e9is muchas historias de t\u00edteres que han actuado por todo el mundo. Tendr\u00e9is la oportunidad de ser titiriteros por un d\u00eda y despu\u00e9s ver\u00e9is un espect\u00e1culo que os acercar\u00e1 al mundo de los titiriteros.","breadcrumb":{"@id":"https:\/\/regalexia.com\/experiencias\/manipula-y-juega-con-los-titeres\/#breadcrumb"},"inLanguage":"ca","potentialAction":[{"@type":"ReadAction","target":["https:\/\/regalexia.com\/experiencias\/manipula-y-juega-con-los-titeres\/"]}]},{"@type":"ImageObject","inLanguage":"ca","@id":"https:\/\/regalexia.com\/experiencias\/manipula-y-juega-con-los-titeres\/#primaryimage","url":"https:\/\/regalexia.com\/wp-content\/uploads\/2023\/03\/manipula-y-juega-con-los-titeres-d.webp","contentUrl":"https:\/\/regalexia.com\/wp-content\/uploads\/2023\/03\/manipula-y-juega-con-los-titeres-d.webp","width":1024,"height":768,"caption":"En la imagen, un grupo de ni\u00f1os se encuentra reunido frente a una puerta de madera, completamente absortos en una encantadora funci\u00f3n de t\u00edteres. Del otro lado de la puerta, asoma un colorido t\u00edtere con cara azul y cabello rizado, vestido con un traje llamativo y alegre. Correspondiente a la categor\u00eda de creativo en experiencias para regalar a ni\u00f1os en Barcelona - Regalexia"},{"@type":"BreadcrumbList","@id":"https:\/\/regalexia.com\/experiencias\/manipula-y-juega-con-los-titeres\/#breadcrumb","itemListElement":[{"@type":"ListItem","position":1,"name":"Inicio","item":"https:\/\/regalexia.com\/"},{"@type":"ListItem","position":2,"name":"Experiencias","item":"https:\/\/regalexia.com\/experiencias\/"},{"@type":"ListItem","position":3,"name":"Manipula y juega con los t\u00edteres"}]},{"@type":"WebSite","@id":"https:\/\/regalexia.com\/#website","url":"https:\/\/regalexia.com\/","name":"Regalexia","description":"","publisher":{"@id":"https:\/\/regalexia.com\/#organization"},"potentialAction":[{"@type":"SearchAction","target":{"@type":"EntryPoint","urlTemplate":"https:\/\/regalexia.com\/?s={search_term_string}"},"query-input":{"@type":"PropertyValueSpecification","valueRequired":true,"valueName":"search_term_string"}}],"inLanguage":"ca"},{"@type":"Organization","@id":"https:\/\/regalexia.com\/#organization","name":"Regalexia","url":"https:\/\/regalexia.com\/","logo":{"@type":"ImageObject","inLanguage":"ca","@id":"https:\/\/regalexia.com\/#\/schema\/logo\/image\/","url":"https:\/\/regalexia.com\/wp-content\/uploads\/2024\/05\/logo_webp.webp","contentUrl":"https:\/\/regalexia.com\/wp-content\/uploads\/2024\/05\/logo_webp.webp","width":338,"height":90,"caption":"Regalexia"},"image":{"@id":"https:\/\/regalexia.com\/#\/schema\/logo\/image\/"},"sameAs":["https:\/\/www.facebook.com\/regalexia","https:\/\/www.instagram.com\/regalexia\/","https:\/\/www.youtube.com\/@RegalexiaRegalaIlusiones"]}]}},"_links":{"self":[{"href":"https:\/\/regalexia.com\/ca\/wp-json\/wp\/v2\/product\/424","targetHints":{"allow":["GET"]}}],"collection":[{"href":"https:\/\/regalexia.com\/ca\/wp-json\/wp\/v2\/product"}],"about":[{"href":"https:\/\/regalexia.com\/ca\/wp-json\/wp\/v2\/types\/product"}],"replies":[{"embeddable":true,"href":"https:\/\/regalexia.com\/ca\/wp-json\/wp\/v2\/comments?post=424"}],"wp:featuredmedia":[{"embeddable":true,"href":"https:\/\/regalexia.com\/ca\/wp-json\/wp\/v2\/media\/8446"}],"wp:attachment":[{"href":"https:\/\/regalexia.com\/ca\/wp-json\/wp\/v2\/media?parent=424"}],"wp:term":[{"taxonomy":"product_brand","embeddable":true,"href":"https:\/\/regalexia.com\/ca\/wp-json\/wp\/v2\/product_brand?post=424"},{"taxonomy":"product_cat","embeddable":true,"href":"https:\/\/regalexia.com\/ca\/wp-json\/wp\/v2\/product_cat?post=424"},{"taxonomy":"product_tag","embeddable":true,"href":"https:\/\/regalexia.com\/ca\/wp-json\/wp\/v2\/product_tag?post=424"}],"curies":[{"name":"wp","href":"https:\/\/api.w.org\/{rel}","templated":true}]}}