 {"id":425,"date":"2023-03-23T13:54:15","date_gmt":"2023-03-23T12:54:15","guid":{"rendered":"https:\/\/regalexia.com\/store\/producto\/escape-room-bosque-mutante\/"},"modified":"2025-11-28T14:14:15","modified_gmt":"2025-11-28T13:14:15","slug":"escape-room-bosque-mutante","status":"publish","type":"product","link":"https:\/\/regalexia.com\/ca\/experiencias\/escape-room-bosque-mutante\/","title":{"rendered":"Escape Room &#8211; Bosque mutante"},"content":{"rendered":"<h1 class=\"wp-block-heading\">Escape Room &#8211; Bosque mutante pone a prueba las habilidades de tus ni\u00f1as y ni\u00f1os a trav\u00e9s de un juego muy divertido. <\/h1>\n\n\n\n<p>\u00bfEst\u00e1s listo para llevarlos a la aventura definitiva? Prep\u00e1ralos para enfrentarse al Bosque Mutante, una experiencia en una sala de Escape room que les har\u00e1 descubrir sus l\u00edmites<\/p>\n\n\n\n<h2 class=\"wp-block-heading\">\u00bfPor qu\u00e9 hacer Escape Room?<\/h2>\n\n\n\n<ul class=\"wp-block-list\">\n<li>Ejercita la mente.<\/li>\n\n\n\n<li>Colaboran en equipo.<\/li>\n\n\n\n<li>Crea lazos sociales.<\/li>\n\n\n\n<li>Mejora la atenci\u00f3n.<\/li>\n\n\n\n<li>Les ayuda a trabajar bajo presi\u00f3n de manera eficiente.<\/li>\n\n\n\n<li>Obtienen conocimientos.<\/li>\n<\/ul>\n\n\n\n<p>Los equipos de ni\u00f1os tienen que trabajar juntos para resolver acertijos, encontrar sorpresas y superar obst\u00e1culos desafiantes en el juego, todo mientras corren contrarreloj. Tra\u00e9los a que sientan la adrenalina mientras emprenden una audaz b\u00fasqueda de supervivencia y prep\u00e1ralos para una experiencia emocionante y divertida que nunca olvidar\u00e1n.<\/p>\n\n\n\n<blockquote class=\"wp-block-quote is-layout-flow wp-block-quote-is-layout-flow\">\n<p><strong>\u00abLos juegos son la forma m\u00e1s elevada de investigaci\u00f3n\u00bb<\/strong><\/p>\n<cite>Albert Einstein<\/cite><\/blockquote>\n\n\n\n<p>\u00a1Es el momento de ayudarlos a conocer lo valiente que son!<\/p>","protected":false},"excerpt":{"rendered":"<p>Pon a prueba las habilidades de tus ni\u00f1as y ni\u00f1os a trav\u00e9s de un juego muy divertido llamado Escape Room &#8211; Bosque mutante, en el que resuelven problemas en un misterioso bosque mutante con un equipo de compa\u00f1eros y en donde tienen que explorar valientemente el \u00e1rea y resolver acertijos en el camino.<\/p>\n<p>Disfruta de esta gran experiencia en la localidad de Barcelona. (Barrio de Gr\u00e0cia)<\/p>\n<p>&nbsp;<\/p>\n<p><strong>Reservaci\u00f3n sujeta a confirmaci\u00f3n<\/strong><\/p>","protected":false},"featured_media":8359,"comment_status":"open","ping_status":"closed","template":"","meta":{"id_video":[],"enlace_video":[],"enlace_captura":[],"invitacion_anexada":[],"pedido_anexado":[]},"product_brand":[],"product_cat":[45],"product_tag":[],"class_list":{"0":"post-425","1":"product","2":"type-product","3":"status-publish","4":"has-post-thumbnail","6":"product_cat-explorador","8":"first","9":"instock","10":"shipping-taxable","11":"purchasable","12":"product-type-simple"},"exclude_global_add_ons":[],"addons":[],"yoast_head":"<!-- This site is optimized with the Yoast SEO plugin v27.3 - https:\/\/yoast.com\/product\/yoast-seo-wordpress\/ -->\n<title>Escape Room - Bosque mutante - Regalexia<\/title>\n<meta name=\"description\" content=\"Escape Room - Bosque mutante en Barcelona, ven y experimenta la emoci\u00f3n. \u00a1Aventura fant\u00e1stica y acertijos ingeniosos! Reservaciones en www.regalexia.com.\" \/>\n<meta name=\"robots\" content=\"index, follow, max-snippet:-1, max-image-preview:large, max-video-preview:-1\" \/>\n<link rel=\"canonical\" href=\"https:\/\/regalexia.com\/ca\/experiencias\/escape-room-bosque-mutante\/\" \/>\n<meta property=\"og:locale\" content=\"ca_ES\" \/>\n<meta property=\"og:type\" content=\"article\" \/>\n<meta property=\"og:title\" content=\"Escape Room - Bosque mutante - Regalexia\" \/>\n<meta property=\"og:description\" content=\"Escape Room - Bosque mutante en Barcelona, ven y experimenta la emoci\u00f3n. \u00a1Aventura fant\u00e1stica y acertijos ingeniosos! Reservaciones en www.regalexia.com.\" \/>\n<meta property=\"og:url\" content=\"https:\/\/regalexia.com\/ca\/experiencias\/escape-room-bosque-mutante\/\" \/>\n<meta property=\"og:site_name\" content=\"Regalexia\" \/>\n<meta property=\"article:publisher\" content=\"https:\/\/www.facebook.com\/regalexia\" \/>\n<meta property=\"article:modified_time\" content=\"2025-11-28T13:14:15+00:00\" \/>\n<meta property=\"og:image\" content=\"https:\/\/regalexia.com\/wp-content\/uploads\/2023\/03\/Escape-Room-Bosque-Mutante-C.webp\" \/>\n\t<meta property=\"og:image:width\" content=\"1024\" \/>\n\t<meta property=\"og:image:height\" content=\"768\" \/>\n\t<meta property=\"og:image:type\" content=\"image\/webp\" \/>\n<meta name=\"twitter:card\" content=\"summary_large_image\" \/>\n<meta name=\"twitter:label1\" content=\"Temps estimat de lectura\" \/>\n\t<meta name=\"twitter:data1\" content=\"1 minut\" \/>\n<script type=\"application\/ld+json\" class=\"yoast-schema-graph\">{\"@context\":\"https:\\\/\\\/schema.org\",\"@graph\":[{\"@type\":\"WebPage\",\"@id\":\"https:\\\/\\\/regalexia.com\\\/experiencias\\\/escape-room-bosque-mutante\\\/\",\"url\":\"https:\\\/\\\/regalexia.com\\\/experiencias\\\/escape-room-bosque-mutante\\\/\",\"name\":\"Escape Room - Bosque mutante - Regalexia\",\"isPartOf\":{\"@id\":\"https:\\\/\\\/regalexia.com\\\/#website\"},\"primaryImageOfPage\":{\"@id\":\"https:\\\/\\\/regalexia.com\\\/experiencias\\\/escape-room-bosque-mutante\\\/#primaryimage\"},\"image\":{\"@id\":\"https:\\\/\\\/regalexia.com\\\/experiencias\\\/escape-room-bosque-mutante\\\/#primaryimage\"},\"thumbnailUrl\":\"https:\\\/\\\/regalexia.com\\\/wp-content\\\/uploads\\\/2023\\\/03\\\/Escape-Room-Bosque-Mutante-C.webp\",\"datePublished\":\"2023-03-23T12:54:15+00:00\",\"dateModified\":\"2025-11-28T13:14:15+00:00\",\"description\":\"Escape Room - Bosque mutante en Barcelona, ven y experimenta la emoci\u00f3n. \u00a1Aventura fant\u00e1stica y acertijos ingeniosos! Reservaciones en www.regalexia.com.\",\"breadcrumb\":{\"@id\":\"https:\\\/\\\/regalexia.com\\\/experiencias\\\/escape-room-bosque-mutante\\\/#breadcrumb\"},\"inLanguage\":\"ca\",\"potentialAction\":[{\"@type\":\"ReadAction\",\"target\":[\"https:\\\/\\\/regalexia.com\\\/experiencias\\\/escape-room-bosque-mutante\\\/\"]}]},{\"@type\":\"ImageObject\",\"inLanguage\":\"ca\",\"@id\":\"https:\\\/\\\/regalexia.com\\\/experiencias\\\/escape-room-bosque-mutante\\\/#primaryimage\",\"url\":\"https:\\\/\\\/regalexia.com\\\/wp-content\\\/uploads\\\/2023\\\/03\\\/Escape-Room-Bosque-Mutante-C.webp\",\"contentUrl\":\"https:\\\/\\\/regalexia.com\\\/wp-content\\\/uploads\\\/2023\\\/03\\\/Escape-Room-Bosque-Mutante-C.webp\",\"width\":1024,\"height\":768,\"caption\":\"Imagen de una habitaci\u00f3n envuelta en una misteriosa luz verde, con paredes adornadas con hojas verdes que evocan un bosque mutante. Desaf\u00eda las habilidades de tus hijos con un emocionante juego de Escape Room, lleno de diversi\u00f3n y enigmas por resolver. Ad\u00e9ntrate en esta experiencia \u00fanica que combina aventura y aprendizaje. Correspondiente a la categor\u00eda de explorador y experiencias originales para ni\u00f1os en Barcelona - Regalexia\"},{\"@type\":\"BreadcrumbList\",\"@id\":\"https:\\\/\\\/regalexia.com\\\/experiencias\\\/escape-room-bosque-mutante\\\/#breadcrumb\",\"itemListElement\":[{\"@type\":\"ListItem\",\"position\":1,\"name\":\"Inicio\",\"item\":\"https:\\\/\\\/regalexia.com\\\/\"},{\"@type\":\"ListItem\",\"position\":2,\"name\":\"Experiencias\",\"item\":\"https:\\\/\\\/regalexia.com\\\/experiencias\\\/\"},{\"@type\":\"ListItem\",\"position\":3,\"name\":\"Escape Room &#8211; Bosque mutante\"}]},{\"@type\":\"WebSite\",\"@id\":\"https:\\\/\\\/regalexia.com\\\/#website\",\"url\":\"https:\\\/\\\/regalexia.com\\\/\",\"name\":\"Regalexia\",\"description\":\"\",\"publisher\":{\"@id\":\"https:\\\/\\\/regalexia.com\\\/#organization\"},\"potentialAction\":[{\"@type\":\"SearchAction\",\"target\":{\"@type\":\"EntryPoint\",\"urlTemplate\":\"https:\\\/\\\/regalexia.com\\\/?s={search_term_string}\"},\"query-input\":{\"@type\":\"PropertyValueSpecification\",\"valueRequired\":true,\"valueName\":\"search_term_string\"}}],\"inLanguage\":\"ca\"},{\"@type\":\"Organization\",\"@id\":\"https:\\\/\\\/regalexia.com\\\/#organization\",\"name\":\"Regalexia\",\"url\":\"https:\\\/\\\/regalexia.com\\\/\",\"logo\":{\"@type\":\"ImageObject\",\"inLanguage\":\"ca\",\"@id\":\"https:\\\/\\\/regalexia.com\\\/#\\\/schema\\\/logo\\\/image\\\/\",\"url\":\"https:\\\/\\\/regalexia.com\\\/wp-content\\\/uploads\\\/2024\\\/05\\\/logo_webp.webp\",\"contentUrl\":\"https:\\\/\\\/regalexia.com\\\/wp-content\\\/uploads\\\/2024\\\/05\\\/logo_webp.webp\",\"width\":338,\"height\":90,\"caption\":\"Regalexia\"},\"image\":{\"@id\":\"https:\\\/\\\/regalexia.com\\\/#\\\/schema\\\/logo\\\/image\\\/\"},\"sameAs\":[\"https:\\\/\\\/www.facebook.com\\\/regalexia\",\"https:\\\/\\\/www.instagram.com\\\/regalexia\\\/\",\"https:\\\/\\\/www.youtube.com\\\/@RegalexiaRegalaIlusiones\"]}]}<\/script>\n<!-- \/ Yoast SEO plugin. -->","yoast_head_json":{"title":"Escape Room - Bosque mutante - Regalexia","description":"Escape Room - Bosque mutante en Barcelona, ven y experimenta la emoci\u00f3n. \u00a1Aventura fant\u00e1stica y acertijos ingeniosos! Reservaciones en www.regalexia.com.","robots":{"index":"index","follow":"follow","max-snippet":"max-snippet:-1","max-image-preview":"max-image-preview:large","max-video-preview":"max-video-preview:-1"},"canonical":"https:\/\/regalexia.com\/ca\/experiencias\/escape-room-bosque-mutante\/","og_locale":"ca_ES","og_type":"article","og_title":"Escape Room - Bosque mutante - Regalexia","og_description":"Escape Room - Bosque mutante en Barcelona, ven y experimenta la emoci\u00f3n. \u00a1Aventura fant\u00e1stica y acertijos ingeniosos! Reservaciones en www.regalexia.com.","og_url":"https:\/\/regalexia.com\/ca\/experiencias\/escape-room-bosque-mutante\/","og_site_name":"Regalexia","article_publisher":"https:\/\/www.facebook.com\/regalexia","article_modified_time":"2025-11-28T13:14:15+00:00","og_image":[{"width":1024,"height":768,"url":"https:\/\/regalexia.com\/wp-content\/uploads\/2023\/03\/Escape-Room-Bosque-Mutante-C.webp","type":"image\/webp"}],"twitter_card":"summary_large_image","twitter_misc":{"Temps estimat de lectura":"1 minut"},"schema":{"@context":"https:\/\/schema.org","@graph":[{"@type":"WebPage","@id":"https:\/\/regalexia.com\/experiencias\/escape-room-bosque-mutante\/","url":"https:\/\/regalexia.com\/experiencias\/escape-room-bosque-mutante\/","name":"Escape Room - Bosque mutante - Regalexia","isPartOf":{"@id":"https:\/\/regalexia.com\/#website"},"primaryImageOfPage":{"@id":"https:\/\/regalexia.com\/experiencias\/escape-room-bosque-mutante\/#primaryimage"},"image":{"@id":"https:\/\/regalexia.com\/experiencias\/escape-room-bosque-mutante\/#primaryimage"},"thumbnailUrl":"https:\/\/regalexia.com\/wp-content\/uploads\/2023\/03\/Escape-Room-Bosque-Mutante-C.webp","datePublished":"2023-03-23T12:54:15+00:00","dateModified":"2025-11-28T13:14:15+00:00","description":"Escape Room - Bosque mutante en Barcelona, ven y experimenta la emoci\u00f3n. \u00a1Aventura fant\u00e1stica y acertijos ingeniosos! Reservaciones en www.regalexia.com.","breadcrumb":{"@id":"https:\/\/regalexia.com\/experiencias\/escape-room-bosque-mutante\/#breadcrumb"},"inLanguage":"ca","potentialAction":[{"@type":"ReadAction","target":["https:\/\/regalexia.com\/experiencias\/escape-room-bosque-mutante\/"]}]},{"@type":"ImageObject","inLanguage":"ca","@id":"https:\/\/regalexia.com\/experiencias\/escape-room-bosque-mutante\/#primaryimage","url":"https:\/\/regalexia.com\/wp-content\/uploads\/2023\/03\/Escape-Room-Bosque-Mutante-C.webp","contentUrl":"https:\/\/regalexia.com\/wp-content\/uploads\/2023\/03\/Escape-Room-Bosque-Mutante-C.webp","width":1024,"height":768,"caption":"Imagen de una habitaci\u00f3n envuelta en una misteriosa luz verde, con paredes adornadas con hojas verdes que evocan un bosque mutante. Desaf\u00eda las habilidades de tus hijos con un emocionante juego de Escape Room, lleno de diversi\u00f3n y enigmas por resolver. Ad\u00e9ntrate en esta experiencia \u00fanica que combina aventura y aprendizaje. Correspondiente a la categor\u00eda de explorador y experiencias originales para ni\u00f1os en Barcelona - Regalexia"},{"@type":"BreadcrumbList","@id":"https:\/\/regalexia.com\/experiencias\/escape-room-bosque-mutante\/#breadcrumb","itemListElement":[{"@type":"ListItem","position":1,"name":"Inicio","item":"https:\/\/regalexia.com\/"},{"@type":"ListItem","position":2,"name":"Experiencias","item":"https:\/\/regalexia.com\/experiencias\/"},{"@type":"ListItem","position":3,"name":"Escape Room &#8211; Bosque mutante"}]},{"@type":"WebSite","@id":"https:\/\/regalexia.com\/#website","url":"https:\/\/regalexia.com\/","name":"Regalexia","description":"","publisher":{"@id":"https:\/\/regalexia.com\/#organization"},"potentialAction":[{"@type":"SearchAction","target":{"@type":"EntryPoint","urlTemplate":"https:\/\/regalexia.com\/?s={search_term_string}"},"query-input":{"@type":"PropertyValueSpecification","valueRequired":true,"valueName":"search_term_string"}}],"inLanguage":"ca"},{"@type":"Organization","@id":"https:\/\/regalexia.com\/#organization","name":"Regalexia","url":"https:\/\/regalexia.com\/","logo":{"@type":"ImageObject","inLanguage":"ca","@id":"https:\/\/regalexia.com\/#\/schema\/logo\/image\/","url":"https:\/\/regalexia.com\/wp-content\/uploads\/2024\/05\/logo_webp.webp","contentUrl":"https:\/\/regalexia.com\/wp-content\/uploads\/2024\/05\/logo_webp.webp","width":338,"height":90,"caption":"Regalexia"},"image":{"@id":"https:\/\/regalexia.com\/#\/schema\/logo\/image\/"},"sameAs":["https:\/\/www.facebook.com\/regalexia","https:\/\/www.instagram.com\/regalexia\/","https:\/\/www.youtube.com\/@RegalexiaRegalaIlusiones"]}]}},"_links":{"self":[{"href":"https:\/\/regalexia.com\/ca\/wp-json\/wp\/v2\/product\/425","targetHints":{"allow":["GET"]}}],"collection":[{"href":"https:\/\/regalexia.com\/ca\/wp-json\/wp\/v2\/product"}],"about":[{"href":"https:\/\/regalexia.com\/ca\/wp-json\/wp\/v2\/types\/product"}],"replies":[{"embeddable":true,"href":"https:\/\/regalexia.com\/ca\/wp-json\/wp\/v2\/comments?post=425"}],"wp:featuredmedia":[{"embeddable":true,"href":"https:\/\/regalexia.com\/ca\/wp-json\/wp\/v2\/media\/8359"}],"wp:attachment":[{"href":"https:\/\/regalexia.com\/ca\/wp-json\/wp\/v2\/media?parent=425"}],"wp:term":[{"taxonomy":"product_brand","embeddable":true,"href":"https:\/\/regalexia.com\/ca\/wp-json\/wp\/v2\/product_brand?post=425"},{"taxonomy":"product_cat","embeddable":true,"href":"https:\/\/regalexia.com\/ca\/wp-json\/wp\/v2\/product_cat?post=425"},{"taxonomy":"product_tag","embeddable":true,"href":"https:\/\/regalexia.com\/ca\/wp-json\/wp\/v2\/product_tag?post=425"}],"curies":[{"name":"wp","href":"https:\/\/api.w.org\/{rel}","templated":true}]}}