 {"id":5163,"date":"2023-11-14T20:23:20","date_gmt":"2023-11-14T19:23:20","guid":{"rendered":"https:\/\/regalexia.com\/?post_type=product&#038;p=5163"},"modified":"2024-02-29T18:29:27","modified_gmt":"2024-02-29T17:29:27","slug":"pickleball-indoor-abuelos","status":"publish","type":"product","link":"https:\/\/regalexia.com\/ca\/experiencias\/pickleball-indoor-abuelos\/","title":{"rendered":"Pickleball Indoor"},"content":{"rendered":"<p>\u00a1Ven con tus hijos y sus abuelos a disfrutar de esta emocionante actividad!<\/p>\n\n\n\n<p>Empezamos la experiencia con una sencilla explicaci\u00f3n del Pickleball y despu\u00e9s disfrutan de un&nbsp; torneo organizado por nosotros.<\/p>\n\n\n\n<p>\u00bfPor qu\u00e9 jugar Pickleball?<\/p>\n\n\n\n<ul class=\"wp-block-list\">\n<li>F\u00e1cil de aprender<\/li>\n\n\n\n<li>Para todos los p\u00fablicos<\/li>\n\n\n\n<li>Competitivo y retador<\/li>\n\n\n\n<li>Ejercita tu mente y cuerpo<\/li>\n<\/ul>\n\n\n\n<p>Este din\u00e1mico deporte no solo proporciona ejercicio f\u00edsico, sino que tambi\u00e9n ayuda a mejorar las habilidades t\u00e9cnicas, como la coordinaci\u00f3n ojo-mano y el pensamiento estrat\u00e9gico.<\/p>\n\n\n\n<blockquote class=\"wp-block-quote is-layout-flow wp-block-quote-is-layout-flow\">\n<p><strong>\u00abLo que hace excepcional a la especie humana, es que estamos dise\u00f1ados para jugar durante toda la vida\u00bb<\/strong><\/p>\n<cite>Stuart Brown<\/cite><\/blockquote>\n\n\n\n<p>\u00a1Venid y disfrutad con el pickleball! Es una opci\u00f3n incre\u00edble.<\/p>","protected":false},"excerpt":{"rendered":"<p><span style=\"font-weight: 400\">Compartir una partida de raquetas con los abuelos es posible gracias al Pickleball, ya que se trata de un deporte que no requiere mucha fuerza ni velocidad, sino m\u00e1s bien coordinaci\u00f3n y estrategia. Perfecto para mantenerse activo y sano. Estamos seguros que la diversi\u00f3n y el sentido de logro compartido durante el juego generar\u00e1n una experiencia memorable entre los abuelos y los nietos. No es necesario traer nada m\u00e1s que ropa c\u00f3moda y las ganas de pasarlo muy bien. El equipo de Vila Pickleball os explicar\u00e1 las reglas antes de iniciar la partida y os prestar\u00e1 todo el equipo necesario para disfrutar de ese momento. \u00a1A crear recuerdos inolvidables llenos de vida y diversi\u00f3n! <\/span><\/p>","protected":false},"featured_media":5444,"comment_status":"open","ping_status":"closed","template":"","meta":{"id_video":[],"enlace_video":[],"enlace_captura":[],"invitacion_anexada":[],"pedido_anexado":[]},"product_brand":[],"product_cat":[89],"product_tag":[],"class_list":{"0":"post-5163","1":"product","2":"type-product","3":"status-publish","4":"has-post-thumbnail","6":"product_cat-regalos-abuelos","8":"first","9":"instock","10":"shipping-taxable","11":"purchasable","12":"product-type-simple"},"exclude_global_add_ons":[],"addons":[],"yoast_head":"<!-- This site is optimized with the Yoast SEO plugin v27.5 - https:\/\/yoast.com\/product\/yoast-seo-wordpress\/ -->\n<title>Pickleball Indoor - Regalexia<\/title>\n<meta name=\"robots\" content=\"noindex, nofollow\" \/>\n<meta property=\"og:locale\" content=\"ca_ES\" \/>\n<meta property=\"og:type\" content=\"article\" \/>\n<meta property=\"og:title\" content=\"Pickleball Indoor - Regalexia\" \/>\n<meta property=\"og:description\" content=\"Compartir una partida de raquetas con los abuelos es posible gracias al Pickleball, ya que se trata de un deporte que no requiere mucha fuerza ni velocidad, sino m\u00e1s bien coordinaci\u00f3n y estrategia. Perfecto para mantenerse activo y sano. Estamos seguros que la diversi\u00f3n y el sentido de logro compartido durante el juego generar\u00e1n una experiencia memorable entre los abuelos y los nietos. No es necesario traer nada m\u00e1s que ropa c\u00f3moda y las ganas de pasarlo muy bien. El equipo de Vila Pickleball os explicar\u00e1 las reglas antes de iniciar la partida y os prestar\u00e1 todo el equipo necesario para disfrutar de ese momento. \u00a1A crear recuerdos inolvidables llenos de vida y diversi\u00f3n!\" \/>\n<meta property=\"og:url\" content=\"https:\/\/regalexia.com\/ca\/experiencias\/pickleball-indoor-abuelos\/\" \/>\n<meta property=\"og:site_name\" content=\"Regalexia\" \/>\n<meta property=\"article:publisher\" content=\"https:\/\/www.facebook.com\/regalexia\" \/>\n<meta property=\"article:modified_time\" content=\"2024-02-29T17:29:27+00:00\" \/>\n<meta property=\"og:image\" content=\"https:\/\/regalexia.com\/wp-content\/uploads\/2023\/11\/Pickleball_I.webp\" \/>\n\t<meta property=\"og:image:width\" content=\"1024\" \/>\n\t<meta property=\"og:image:height\" content=\"768\" \/>\n\t<meta property=\"og:image:type\" content=\"image\/webp\" \/>\n<meta name=\"twitter:card\" content=\"summary_large_image\" \/>\n<meta name=\"twitter:label1\" content=\"Temps estimat de lectura\" \/>\n\t<meta name=\"twitter:data1\" content=\"1 minut\" \/>\n<script type=\"application\/ld+json\" class=\"yoast-schema-graph\">{\"@context\":\"https:\\\/\\\/schema.org\",\"@graph\":[{\"@type\":\"WebPage\",\"@id\":\"https:\\\/\\\/regalexia.com\\\/experiencias\\\/pickleball-indoor-abuelos\\\/\",\"url\":\"https:\\\/\\\/regalexia.com\\\/experiencias\\\/pickleball-indoor-abuelos\\\/\",\"name\":\"Pickleball Indoor - Regalexia\",\"isPartOf\":{\"@id\":\"https:\\\/\\\/regalexia.com\\\/#website\"},\"primaryImageOfPage\":{\"@id\":\"https:\\\/\\\/regalexia.com\\\/experiencias\\\/pickleball-indoor-abuelos\\\/#primaryimage\"},\"image\":{\"@id\":\"https:\\\/\\\/regalexia.com\\\/experiencias\\\/pickleball-indoor-abuelos\\\/#primaryimage\"},\"thumbnailUrl\":\"https:\\\/\\\/regalexia.com\\\/wp-content\\\/uploads\\\/2023\\\/11\\\/Pickleball_I.webp\",\"datePublished\":\"2023-11-14T19:23:20+00:00\",\"dateModified\":\"2024-02-29T17:29:27+00:00\",\"breadcrumb\":{\"@id\":\"https:\\\/\\\/regalexia.com\\\/experiencias\\\/pickleball-indoor-abuelos\\\/#breadcrumb\"},\"inLanguage\":\"ca\",\"potentialAction\":[{\"@type\":\"ReadAction\",\"target\":[\"https:\\\/\\\/regalexia.com\\\/experiencias\\\/pickleball-indoor-abuelos\\\/\"]}]},{\"@type\":\"ImageObject\",\"inLanguage\":\"ca\",\"@id\":\"https:\\\/\\\/regalexia.com\\\/experiencias\\\/pickleball-indoor-abuelos\\\/#primaryimage\",\"url\":\"https:\\\/\\\/regalexia.com\\\/wp-content\\\/uploads\\\/2023\\\/11\\\/Pickleball_I.webp\",\"contentUrl\":\"https:\\\/\\\/regalexia.com\\\/wp-content\\\/uploads\\\/2023\\\/11\\\/Pickleball_I.webp\",\"width\":1024,\"height\":768,\"caption\":\"Pickleball Indoor\"},{\"@type\":\"BreadcrumbList\",\"@id\":\"https:\\\/\\\/regalexia.com\\\/experiencias\\\/pickleball-indoor-abuelos\\\/#breadcrumb\",\"itemListElement\":[{\"@type\":\"ListItem\",\"position\":1,\"name\":\"Inicio\",\"item\":\"https:\\\/\\\/regalexia.com\\\/\"},{\"@type\":\"ListItem\",\"position\":2,\"name\":\"Experiencias\",\"item\":\"https:\\\/\\\/regalexia.com\\\/experiencias\\\/\"},{\"@type\":\"ListItem\",\"position\":3,\"name\":\"Pickleball Indoor\"}]},{\"@type\":\"WebSite\",\"@id\":\"https:\\\/\\\/regalexia.com\\\/#website\",\"url\":\"https:\\\/\\\/regalexia.com\\\/\",\"name\":\"Regalexia\",\"description\":\"\",\"publisher\":{\"@id\":\"https:\\\/\\\/regalexia.com\\\/#organization\"},\"potentialAction\":[{\"@type\":\"SearchAction\",\"target\":{\"@type\":\"EntryPoint\",\"urlTemplate\":\"https:\\\/\\\/regalexia.com\\\/?s={search_term_string}\"},\"query-input\":{\"@type\":\"PropertyValueSpecification\",\"valueRequired\":true,\"valueName\":\"search_term_string\"}}],\"inLanguage\":\"ca\"},{\"@type\":\"Organization\",\"@id\":\"https:\\\/\\\/regalexia.com\\\/#organization\",\"name\":\"Regalexia\",\"url\":\"https:\\\/\\\/regalexia.com\\\/\",\"logo\":{\"@type\":\"ImageObject\",\"inLanguage\":\"ca\",\"@id\":\"https:\\\/\\\/regalexia.com\\\/#\\\/schema\\\/logo\\\/image\\\/\",\"url\":\"https:\\\/\\\/regalexia.com\\\/wp-content\\\/uploads\\\/2024\\\/05\\\/logo_webp.webp\",\"contentUrl\":\"https:\\\/\\\/regalexia.com\\\/wp-content\\\/uploads\\\/2024\\\/05\\\/logo_webp.webp\",\"width\":338,\"height\":90,\"caption\":\"Regalexia\"},\"image\":{\"@id\":\"https:\\\/\\\/regalexia.com\\\/#\\\/schema\\\/logo\\\/image\\\/\"},\"sameAs\":[\"https:\\\/\\\/www.facebook.com\\\/regalexia\",\"https:\\\/\\\/www.instagram.com\\\/regalexia\\\/\",\"https:\\\/\\\/www.youtube.com\\\/@RegalexiaRegalaIlusiones\"]}]}<\/script>\n<!-- \/ Yoast SEO plugin. -->","yoast_head_json":{"title":"Pickleball Indoor - Regalexia","robots":{"index":"noindex","follow":"nofollow"},"og_locale":"ca_ES","og_type":"article","og_title":"Pickleball Indoor - Regalexia","og_description":"Compartir una partida de raquetas con los abuelos es posible gracias al Pickleball, ya que se trata de un deporte que no requiere mucha fuerza ni velocidad, sino m\u00e1s bien coordinaci\u00f3n y estrategia. Perfecto para mantenerse activo y sano. Estamos seguros que la diversi\u00f3n y el sentido de logro compartido durante el juego generar\u00e1n una experiencia memorable entre los abuelos y los nietos. No es necesario traer nada m\u00e1s que ropa c\u00f3moda y las ganas de pasarlo muy bien. El equipo de Vila Pickleball os explicar\u00e1 las reglas antes de iniciar la partida y os prestar\u00e1 todo el equipo necesario para disfrutar de ese momento. \u00a1A crear recuerdos inolvidables llenos de vida y diversi\u00f3n!","og_url":"https:\/\/regalexia.com\/ca\/experiencias\/pickleball-indoor-abuelos\/","og_site_name":"Regalexia","article_publisher":"https:\/\/www.facebook.com\/regalexia","article_modified_time":"2024-02-29T17:29:27+00:00","og_image":[{"width":1024,"height":768,"url":"https:\/\/regalexia.com\/wp-content\/uploads\/2023\/11\/Pickleball_I.webp","type":"image\/webp"}],"twitter_card":"summary_large_image","twitter_misc":{"Temps estimat de lectura":"1 minut"},"schema":{"@context":"https:\/\/schema.org","@graph":[{"@type":"WebPage","@id":"https:\/\/regalexia.com\/experiencias\/pickleball-indoor-abuelos\/","url":"https:\/\/regalexia.com\/experiencias\/pickleball-indoor-abuelos\/","name":"Pickleball Indoor - Regalexia","isPartOf":{"@id":"https:\/\/regalexia.com\/#website"},"primaryImageOfPage":{"@id":"https:\/\/regalexia.com\/experiencias\/pickleball-indoor-abuelos\/#primaryimage"},"image":{"@id":"https:\/\/regalexia.com\/experiencias\/pickleball-indoor-abuelos\/#primaryimage"},"thumbnailUrl":"https:\/\/regalexia.com\/wp-content\/uploads\/2023\/11\/Pickleball_I.webp","datePublished":"2023-11-14T19:23:20+00:00","dateModified":"2024-02-29T17:29:27+00:00","breadcrumb":{"@id":"https:\/\/regalexia.com\/experiencias\/pickleball-indoor-abuelos\/#breadcrumb"},"inLanguage":"ca","potentialAction":[{"@type":"ReadAction","target":["https:\/\/regalexia.com\/experiencias\/pickleball-indoor-abuelos\/"]}]},{"@type":"ImageObject","inLanguage":"ca","@id":"https:\/\/regalexia.com\/experiencias\/pickleball-indoor-abuelos\/#primaryimage","url":"https:\/\/regalexia.com\/wp-content\/uploads\/2023\/11\/Pickleball_I.webp","contentUrl":"https:\/\/regalexia.com\/wp-content\/uploads\/2023\/11\/Pickleball_I.webp","width":1024,"height":768,"caption":"Pickleball Indoor"},{"@type":"BreadcrumbList","@id":"https:\/\/regalexia.com\/experiencias\/pickleball-indoor-abuelos\/#breadcrumb","itemListElement":[{"@type":"ListItem","position":1,"name":"Inicio","item":"https:\/\/regalexia.com\/"},{"@type":"ListItem","position":2,"name":"Experiencias","item":"https:\/\/regalexia.com\/experiencias\/"},{"@type":"ListItem","position":3,"name":"Pickleball Indoor"}]},{"@type":"WebSite","@id":"https:\/\/regalexia.com\/#website","url":"https:\/\/regalexia.com\/","name":"Regalexia","description":"","publisher":{"@id":"https:\/\/regalexia.com\/#organization"},"potentialAction":[{"@type":"SearchAction","target":{"@type":"EntryPoint","urlTemplate":"https:\/\/regalexia.com\/?s={search_term_string}"},"query-input":{"@type":"PropertyValueSpecification","valueRequired":true,"valueName":"search_term_string"}}],"inLanguage":"ca"},{"@type":"Organization","@id":"https:\/\/regalexia.com\/#organization","name":"Regalexia","url":"https:\/\/regalexia.com\/","logo":{"@type":"ImageObject","inLanguage":"ca","@id":"https:\/\/regalexia.com\/#\/schema\/logo\/image\/","url":"https:\/\/regalexia.com\/wp-content\/uploads\/2024\/05\/logo_webp.webp","contentUrl":"https:\/\/regalexia.com\/wp-content\/uploads\/2024\/05\/logo_webp.webp","width":338,"height":90,"caption":"Regalexia"},"image":{"@id":"https:\/\/regalexia.com\/#\/schema\/logo\/image\/"},"sameAs":["https:\/\/www.facebook.com\/regalexia","https:\/\/www.instagram.com\/regalexia\/","https:\/\/www.youtube.com\/@RegalexiaRegalaIlusiones"]}]}},"_links":{"self":[{"href":"https:\/\/regalexia.com\/ca\/wp-json\/wp\/v2\/product\/5163","targetHints":{"allow":["GET"]}}],"collection":[{"href":"https:\/\/regalexia.com\/ca\/wp-json\/wp\/v2\/product"}],"about":[{"href":"https:\/\/regalexia.com\/ca\/wp-json\/wp\/v2\/types\/product"}],"replies":[{"embeddable":true,"href":"https:\/\/regalexia.com\/ca\/wp-json\/wp\/v2\/comments?post=5163"}],"wp:featuredmedia":[{"embeddable":true,"href":"https:\/\/regalexia.com\/ca\/wp-json\/wp\/v2\/media\/5444"}],"wp:attachment":[{"href":"https:\/\/regalexia.com\/ca\/wp-json\/wp\/v2\/media?parent=5163"}],"wp:term":[{"taxonomy":"product_brand","embeddable":true,"href":"https:\/\/regalexia.com\/ca\/wp-json\/wp\/v2\/product_brand?post=5163"},{"taxonomy":"product_cat","embeddable":true,"href":"https:\/\/regalexia.com\/ca\/wp-json\/wp\/v2\/product_cat?post=5163"},{"taxonomy":"product_tag","embeddable":true,"href":"https:\/\/regalexia.com\/ca\/wp-json\/wp\/v2\/product_tag?post=5163"}],"curies":[{"name":"wp","href":"https:\/\/api.w.org\/{rel}","templated":true}]}}