 {"id":5165,"date":"2023-11-14T20:25:20","date_gmt":"2023-11-14T19:25:20","guid":{"rendered":"https:\/\/regalexia.com\/?post_type=product&#038;p=5165"},"modified":"2024-01-31T15:01:17","modified_gmt":"2024-01-31T14:01:17","slug":"taller-de-papiroflexia-abuelos","status":"publish","type":"product","link":"https:\/\/regalexia.com\/ca\/experiencias\/taller-de-papiroflexia-abuelos\/","title":{"rendered":"Taller de Papiroflexia"},"content":{"rendered":"<h2 class=\"wp-block-heading\">El taller de papiroflexia es un regalo muy original y una excelente herramienta para que los abuelos y los ni\u00f1os puedan conectar con sus emociones y desarrollar diversas habilidades.<\/h2>\n\n\n\n<h3 class=\"wp-block-heading\">\u00bfQu\u00e9 es el origami para ni\u00f1os? <strong> <\/strong><\/h3>\n\n\n\n<p>La papiroflexia u origami es una actividad creativa que consiste en crear una figura de papel, siguiendo un orden de pasos en el plegado del papel hasta conseguir la figura deseada.<\/p>\n\n\n\n<p>Obsequiar un taller de papiroflexia es ayudarles a que en un entorno l\u00fadico desarrollen y refuercen su:<\/p>\n\n\n\n<ul class=\"wp-block-list\">\n<li>Concentraci\u00f3n, atenci\u00f3n y memoria.<\/li>\n\n\n\n<li>Su destreza manual y su inteligencia l\u00f3gico-matem\u00e1tica.<\/li>\n\n\n\n<li>La paciencia y la constancia.<\/li>\n\n\n\n<li>La imaginaci\u00f3n y la expresi\u00f3n art\u00edstica.<\/li>\n<\/ul>\n\n\n\n<p>Pero una de las razones para hacer el taller de papiroflexia de la mano de Silvia Maestro es porque ella trabaja con los abuelos y ni\u00f1os para que puedan conectar tambi\u00e9n \u00abcon la emoci\u00f3n, la alegr\u00eda, el buen humor, el respeto y el amor\u00bb<\/p>\n\n\n\n<p>Disfrutad de un rato de creatividad y buen humor, donde podr\u00e1n desconectarse de las pantallas y crear sus propias figuras: serpientes, tortugas, b\u00fahos, gambas, ballenas\u2026 y tambi\u00e9n estrellas, corazones, aviones, peonzas o spinners, brujas, flores\u2026 \u00a1Todo lo que se les ocurra!<\/p>\n\n\n\n<blockquote class=\"wp-block-quote is-layout-flow wp-block-quote-is-layout-flow\">\n<p><strong>\u00abCuando las manos est\u00e1n ocupadas, el coraz\u00f3n est\u00e1 en paz\u00bb<\/strong><\/p>\n<cite>Akira Yoshizawa<\/cite><\/blockquote>\n\n\n\n<p>\u00bfHas probado ya el resultado de regalar experiencias en lugar de cosas materiales a los abuelos?<\/p>","protected":false},"excerpt":{"rendered":"<p><span style=\"font-weight: 400\">Este taller de papiroflexia es un perfecto regalo para que los abuelos y nietos experimenten un momento de paz, tranquilidad y creatividad. Una actividad perfecta para desconectar de las pantallas. Al mismo tiempo que aprender\u00e1n a crear diferentes figuras de papel, desarrollar\u00e1n su psicomotricidad fina y su orientaci\u00f3n espacial en un ambiente muy relajado. Sin darse cuenta, pondr\u00e1n a prueba su paciencia, se har\u00e1n conscientes de sus propias emociones y tendr\u00e1n que trabajar en equipo para lograr un objetivo en com\u00fan.<\/span><\/p>\n<p><span style=\"font-weight: 400\">Regalar este taller, es regalar tranquilidad, escucha activa, empat\u00eda al poder expresar y reconocer las emociones propias y de los otros. Y todo esto a trav\u00e9s de unas sencillas figuras de papel que ser\u00e1 el recuerdo de ese momento tan especial que vivieron juntos. Este taller se puede realizar en el propio domicilio o en un sitio a concretar con el proveedor y requiere un m\u00ednimo de 4 personas para llevarse a cabo. <br \/><\/span><\/p>","protected":false},"featured_media":5432,"comment_status":"open","ping_status":"closed","template":"","meta":{"id_video":[],"enlace_video":[],"enlace_captura":[],"invitacion_anexada":[],"pedido_anexado":[]},"product_brand":[],"product_cat":[89],"product_tag":[],"class_list":{"0":"post-5165","1":"product","2":"type-product","3":"status-publish","4":"has-post-thumbnail","6":"product_cat-regalos-abuelos","8":"first","9":"instock","10":"shipping-taxable","11":"purchasable","12":"product-type-simple"},"exclude_global_add_ons":[],"addons":[],"yoast_head":"<!-- This site is optimized with the Yoast SEO plugin v27.5 - https:\/\/yoast.com\/product\/yoast-seo-wordpress\/ -->\n<title>Taller de Papiroflexia - Regalexia<\/title>\n<meta name=\"description\" content=\"\u00a1Alegr\u00eda y felicidad garantizadas! con el fascinante Taller de Papiroflexia y la magia del origami.\ud83c\udf81 Estimula la creatividad y las emociones de tus peque\u00f1os y conecta con ellos mientras crean figuras asombrosas y \u00fanicas. \ud83d\udc49\ufe0f \u00bfC\u00f3mo lo hacemos? Acompa\u00f1anos\" \/>\n<meta name=\"robots\" content=\"noindex, nofollow\" \/>\n<meta property=\"og:locale\" content=\"ca_ES\" \/>\n<meta property=\"og:type\" content=\"article\" \/>\n<meta property=\"og:title\" content=\"Taller de Papiroflexia - Regalexia\" \/>\n<meta property=\"og:description\" content=\"\u00a1Alegr\u00eda y felicidad garantizadas! con el fascinante Taller de Papiroflexia y la magia del origami.\ud83c\udf81 Estimula la creatividad y las emociones de tus peque\u00f1os y conecta con ellos mientras crean figuras asombrosas y \u00fanicas. \ud83d\udc49\ufe0f \u00bfC\u00f3mo lo hacemos? Acompa\u00f1anos\" \/>\n<meta property=\"og:url\" content=\"https:\/\/regalexia.com\/ca\/experiencias\/taller-de-papiroflexia-abuelos\/\" \/>\n<meta property=\"og:site_name\" content=\"Regalexia\" \/>\n<meta property=\"article:publisher\" content=\"https:\/\/www.facebook.com\/regalexia\" \/>\n<meta property=\"article:modified_time\" content=\"2024-01-31T14:01:17+00:00\" \/>\n<meta property=\"og:image\" content=\"https:\/\/regalexia.com\/wp-content\/uploads\/2023\/11\/Taller-papiroflexia_I.webp\" \/>\n\t<meta property=\"og:image:width\" content=\"1024\" \/>\n\t<meta property=\"og:image:height\" content=\"768\" \/>\n\t<meta property=\"og:image:type\" content=\"image\/webp\" \/>\n<meta name=\"twitter:card\" content=\"summary_large_image\" \/>\n<meta name=\"twitter:label1\" content=\"Temps estimat de lectura\" \/>\n\t<meta name=\"twitter:data1\" content=\"2 minuts\" \/>\n<script type=\"application\/ld+json\" class=\"yoast-schema-graph\">{\"@context\":\"https:\\\/\\\/schema.org\",\"@graph\":[{\"@type\":\"WebPage\",\"@id\":\"https:\\\/\\\/regalexia.com\\\/experiencias\\\/taller-de-papiroflexia-abuelos\\\/\",\"url\":\"https:\\\/\\\/regalexia.com\\\/experiencias\\\/taller-de-papiroflexia-abuelos\\\/\",\"name\":\"Taller de Papiroflexia - Regalexia\",\"isPartOf\":{\"@id\":\"https:\\\/\\\/regalexia.com\\\/#website\"},\"primaryImageOfPage\":{\"@id\":\"https:\\\/\\\/regalexia.com\\\/experiencias\\\/taller-de-papiroflexia-abuelos\\\/#primaryimage\"},\"image\":{\"@id\":\"https:\\\/\\\/regalexia.com\\\/experiencias\\\/taller-de-papiroflexia-abuelos\\\/#primaryimage\"},\"thumbnailUrl\":\"https:\\\/\\\/regalexia.com\\\/wp-content\\\/uploads\\\/2023\\\/11\\\/Taller-papiroflexia_I.webp\",\"datePublished\":\"2023-11-14T19:25:20+00:00\",\"dateModified\":\"2024-01-31T14:01:17+00:00\",\"description\":\"\u00a1Alegr\u00eda y felicidad garantizadas! con el fascinante Taller de Papiroflexia y la magia del origami.\ud83c\udf81 Estimula la creatividad y las emociones de tus peque\u00f1os y conecta con ellos mientras crean figuras asombrosas y \u00fanicas. \ud83d\udc49\ufe0f \u00bfC\u00f3mo lo hacemos? Acompa\u00f1anos\",\"breadcrumb\":{\"@id\":\"https:\\\/\\\/regalexia.com\\\/experiencias\\\/taller-de-papiroflexia-abuelos\\\/#breadcrumb\"},\"inLanguage\":\"ca\",\"potentialAction\":[{\"@type\":\"ReadAction\",\"target\":[\"https:\\\/\\\/regalexia.com\\\/experiencias\\\/taller-de-papiroflexia-abuelos\\\/\"]}]},{\"@type\":\"ImageObject\",\"inLanguage\":\"ca\",\"@id\":\"https:\\\/\\\/regalexia.com\\\/experiencias\\\/taller-de-papiroflexia-abuelos\\\/#primaryimage\",\"url\":\"https:\\\/\\\/regalexia.com\\\/wp-content\\\/uploads\\\/2023\\\/11\\\/Taller-papiroflexia_I.webp\",\"contentUrl\":\"https:\\\/\\\/regalexia.com\\\/wp-content\\\/uploads\\\/2023\\\/11\\\/Taller-papiroflexia_I.webp\",\"width\":1024,\"height\":768,\"caption\":\"Taller de Papiroflexia para ni\u00f1os\"},{\"@type\":\"BreadcrumbList\",\"@id\":\"https:\\\/\\\/regalexia.com\\\/experiencias\\\/taller-de-papiroflexia-abuelos\\\/#breadcrumb\",\"itemListElement\":[{\"@type\":\"ListItem\",\"position\":1,\"name\":\"Inicio\",\"item\":\"https:\\\/\\\/regalexia.com\\\/\"},{\"@type\":\"ListItem\",\"position\":2,\"name\":\"Experiencias\",\"item\":\"https:\\\/\\\/regalexia.com\\\/experiencias\\\/\"},{\"@type\":\"ListItem\",\"position\":3,\"name\":\"Taller de Papiroflexia\"}]},{\"@type\":\"WebSite\",\"@id\":\"https:\\\/\\\/regalexia.com\\\/#website\",\"url\":\"https:\\\/\\\/regalexia.com\\\/\",\"name\":\"Regalexia\",\"description\":\"\",\"publisher\":{\"@id\":\"https:\\\/\\\/regalexia.com\\\/#organization\"},\"potentialAction\":[{\"@type\":\"SearchAction\",\"target\":{\"@type\":\"EntryPoint\",\"urlTemplate\":\"https:\\\/\\\/regalexia.com\\\/?s={search_term_string}\"},\"query-input\":{\"@type\":\"PropertyValueSpecification\",\"valueRequired\":true,\"valueName\":\"search_term_string\"}}],\"inLanguage\":\"ca\"},{\"@type\":\"Organization\",\"@id\":\"https:\\\/\\\/regalexia.com\\\/#organization\",\"name\":\"Regalexia\",\"url\":\"https:\\\/\\\/regalexia.com\\\/\",\"logo\":{\"@type\":\"ImageObject\",\"inLanguage\":\"ca\",\"@id\":\"https:\\\/\\\/regalexia.com\\\/#\\\/schema\\\/logo\\\/image\\\/\",\"url\":\"https:\\\/\\\/regalexia.com\\\/wp-content\\\/uploads\\\/2024\\\/05\\\/logo_webp.webp\",\"contentUrl\":\"https:\\\/\\\/regalexia.com\\\/wp-content\\\/uploads\\\/2024\\\/05\\\/logo_webp.webp\",\"width\":338,\"height\":90,\"caption\":\"Regalexia\"},\"image\":{\"@id\":\"https:\\\/\\\/regalexia.com\\\/#\\\/schema\\\/logo\\\/image\\\/\"},\"sameAs\":[\"https:\\\/\\\/www.facebook.com\\\/regalexia\",\"https:\\\/\\\/www.instagram.com\\\/regalexia\\\/\",\"https:\\\/\\\/www.youtube.com\\\/@RegalexiaRegalaIlusiones\"]}]}<\/script>\n<!-- \/ Yoast SEO plugin. -->","yoast_head_json":{"title":"Taller de Papiroflexia - Regalexia","description":"\u00a1Alegr\u00eda y felicidad garantizadas! con el fascinante Taller de Papiroflexia y la magia del origami.\ud83c\udf81 Estimula la creatividad y las emociones de tus peque\u00f1os y conecta con ellos mientras crean figuras asombrosas y \u00fanicas. \ud83d\udc49\ufe0f \u00bfC\u00f3mo lo hacemos? Acompa\u00f1anos","robots":{"index":"noindex","follow":"nofollow"},"og_locale":"ca_ES","og_type":"article","og_title":"Taller de Papiroflexia - Regalexia","og_description":"\u00a1Alegr\u00eda y felicidad garantizadas! con el fascinante Taller de Papiroflexia y la magia del origami.\ud83c\udf81 Estimula la creatividad y las emociones de tus peque\u00f1os y conecta con ellos mientras crean figuras asombrosas y \u00fanicas. \ud83d\udc49\ufe0f \u00bfC\u00f3mo lo hacemos? Acompa\u00f1anos","og_url":"https:\/\/regalexia.com\/ca\/experiencias\/taller-de-papiroflexia-abuelos\/","og_site_name":"Regalexia","article_publisher":"https:\/\/www.facebook.com\/regalexia","article_modified_time":"2024-01-31T14:01:17+00:00","og_image":[{"width":1024,"height":768,"url":"https:\/\/regalexia.com\/wp-content\/uploads\/2023\/11\/Taller-papiroflexia_I.webp","type":"image\/webp"}],"twitter_card":"summary_large_image","twitter_misc":{"Temps estimat de lectura":"2 minuts"},"schema":{"@context":"https:\/\/schema.org","@graph":[{"@type":"WebPage","@id":"https:\/\/regalexia.com\/experiencias\/taller-de-papiroflexia-abuelos\/","url":"https:\/\/regalexia.com\/experiencias\/taller-de-papiroflexia-abuelos\/","name":"Taller de Papiroflexia - Regalexia","isPartOf":{"@id":"https:\/\/regalexia.com\/#website"},"primaryImageOfPage":{"@id":"https:\/\/regalexia.com\/experiencias\/taller-de-papiroflexia-abuelos\/#primaryimage"},"image":{"@id":"https:\/\/regalexia.com\/experiencias\/taller-de-papiroflexia-abuelos\/#primaryimage"},"thumbnailUrl":"https:\/\/regalexia.com\/wp-content\/uploads\/2023\/11\/Taller-papiroflexia_I.webp","datePublished":"2023-11-14T19:25:20+00:00","dateModified":"2024-01-31T14:01:17+00:00","description":"\u00a1Alegr\u00eda y felicidad garantizadas! con el fascinante Taller de Papiroflexia y la magia del origami.\ud83c\udf81 Estimula la creatividad y las emociones de tus peque\u00f1os y conecta con ellos mientras crean figuras asombrosas y \u00fanicas. \ud83d\udc49\ufe0f \u00bfC\u00f3mo lo hacemos? Acompa\u00f1anos","breadcrumb":{"@id":"https:\/\/regalexia.com\/experiencias\/taller-de-papiroflexia-abuelos\/#breadcrumb"},"inLanguage":"ca","potentialAction":[{"@type":"ReadAction","target":["https:\/\/regalexia.com\/experiencias\/taller-de-papiroflexia-abuelos\/"]}]},{"@type":"ImageObject","inLanguage":"ca","@id":"https:\/\/regalexia.com\/experiencias\/taller-de-papiroflexia-abuelos\/#primaryimage","url":"https:\/\/regalexia.com\/wp-content\/uploads\/2023\/11\/Taller-papiroflexia_I.webp","contentUrl":"https:\/\/regalexia.com\/wp-content\/uploads\/2023\/11\/Taller-papiroflexia_I.webp","width":1024,"height":768,"caption":"Taller de Papiroflexia para ni\u00f1os"},{"@type":"BreadcrumbList","@id":"https:\/\/regalexia.com\/experiencias\/taller-de-papiroflexia-abuelos\/#breadcrumb","itemListElement":[{"@type":"ListItem","position":1,"name":"Inicio","item":"https:\/\/regalexia.com\/"},{"@type":"ListItem","position":2,"name":"Experiencias","item":"https:\/\/regalexia.com\/experiencias\/"},{"@type":"ListItem","position":3,"name":"Taller de Papiroflexia"}]},{"@type":"WebSite","@id":"https:\/\/regalexia.com\/#website","url":"https:\/\/regalexia.com\/","name":"Regalexia","description":"","publisher":{"@id":"https:\/\/regalexia.com\/#organization"},"potentialAction":[{"@type":"SearchAction","target":{"@type":"EntryPoint","urlTemplate":"https:\/\/regalexia.com\/?s={search_term_string}"},"query-input":{"@type":"PropertyValueSpecification","valueRequired":true,"valueName":"search_term_string"}}],"inLanguage":"ca"},{"@type":"Organization","@id":"https:\/\/regalexia.com\/#organization","name":"Regalexia","url":"https:\/\/regalexia.com\/","logo":{"@type":"ImageObject","inLanguage":"ca","@id":"https:\/\/regalexia.com\/#\/schema\/logo\/image\/","url":"https:\/\/regalexia.com\/wp-content\/uploads\/2024\/05\/logo_webp.webp","contentUrl":"https:\/\/regalexia.com\/wp-content\/uploads\/2024\/05\/logo_webp.webp","width":338,"height":90,"caption":"Regalexia"},"image":{"@id":"https:\/\/regalexia.com\/#\/schema\/logo\/image\/"},"sameAs":["https:\/\/www.facebook.com\/regalexia","https:\/\/www.instagram.com\/regalexia\/","https:\/\/www.youtube.com\/@RegalexiaRegalaIlusiones"]}]}},"_links":{"self":[{"href":"https:\/\/regalexia.com\/ca\/wp-json\/wp\/v2\/product\/5165","targetHints":{"allow":["GET"]}}],"collection":[{"href":"https:\/\/regalexia.com\/ca\/wp-json\/wp\/v2\/product"}],"about":[{"href":"https:\/\/regalexia.com\/ca\/wp-json\/wp\/v2\/types\/product"}],"replies":[{"embeddable":true,"href":"https:\/\/regalexia.com\/ca\/wp-json\/wp\/v2\/comments?post=5165"}],"wp:featuredmedia":[{"embeddable":true,"href":"https:\/\/regalexia.com\/ca\/wp-json\/wp\/v2\/media\/5432"}],"wp:attachment":[{"href":"https:\/\/regalexia.com\/ca\/wp-json\/wp\/v2\/media?parent=5165"}],"wp:term":[{"taxonomy":"product_brand","embeddable":true,"href":"https:\/\/regalexia.com\/ca\/wp-json\/wp\/v2\/product_brand?post=5165"},{"taxonomy":"product_cat","embeddable":true,"href":"https:\/\/regalexia.com\/ca\/wp-json\/wp\/v2\/product_cat?post=5165"},{"taxonomy":"product_tag","embeddable":true,"href":"https:\/\/regalexia.com\/ca\/wp-json\/wp\/v2\/product_tag?post=5165"}],"curies":[{"name":"wp","href":"https:\/\/api.w.org\/{rel}","templated":true}]}}