 {"id":5166,"date":"2023-11-14T20:25:53","date_gmt":"2023-11-14T19:25:53","guid":{"rendered":"https:\/\/regalexia.com\/?post_type=product&#038;p=5166"},"modified":"2024-01-31T15:01:11","modified_gmt":"2024-01-31T14:01:11","slug":"taller-de-velas-de-cera-abuelos","status":"publish","type":"product","link":"https:\/\/regalexia.com\/ca\/experiencias\/taller-de-velas-de-cera-abuelos\/","title":{"rendered":"Taller de velas de cera"},"content":{"rendered":"<p>\u00bfAlguna vez has querido aprender a hacer velas de cera?&nbsp;<\/p>\n\n\n\n<p>Durante el taller, los ni\u00f1os exploran junto con sus abuelos diferentes formas y aromas de velas de cera, experimentando un momento divertido al hacer sus propias velas mientras se mantienen seguros en un entorno supervisado.<\/p>\n\n\n\n<p>Les ense\u00f1amos los conceptos b\u00e1sicos y a experimentar los diferentes aromas, formas y colores de las velas de cera.<\/p>\n\n\n\n<ul class=\"wp-block-list\">\n<li>Permite explorar a fondo los sentidos.<\/li>\n\n\n\n<li>La creatividad de tu hijo se expande.<\/li>\n\n\n\n<li>Crea lazos sociales.<\/li>\n<\/ul>\n\n\n\n<p>No solo es una excelente manera para que los ni\u00f1os y abuelos aprendan sobre este arte, sino que tambi\u00e9n les brinda muchos beneficios, como mejorar su creatividad e inteligencia emocional.<\/p>\n\n\n\n<blockquote class=\"wp-block-quote is-layout-flow wp-block-quote-is-layout-flow\">\n<p><strong>\u00abLa creatividad es la inteligencia divirti\u00e9ndose\u00bb<\/strong><\/p>\n<cite>An\u00f3nimo<\/cite><\/blockquote>\n\n\n\n<p>Con el Taller de velas de cera ellos obtienen una experiencia pr\u00e1ctica, \u00fanica y muy divertida.<\/p>","protected":false},"excerpt":{"rendered":"<p><span style=\"font-weight: 400\"> No te imaginas lo que participar en un taller de velas puede brindar a la relaci\u00f3n de los abuelos y los nietos. Los abuelos podr\u00e1n aportar esa paciencia y concentraci\u00f3n que requiere la elaboraci\u00f3n de una vela. Ser\u00e1 un momento en que la edad no tendr\u00e1 importancia, sino la creatividad que se ponga para crear algo especial. El cuidado y cari\u00f1o con el que Rossana dirige el taller, hace que sea un entorno tan relajado y m\u00e1gico que los abuelos y los ni\u00f1os no se dar\u00e1n cuenta pero se encontrar\u00e1n que al mismo tiempo que est\u00e1n haciendo la vela, est\u00e1n \u201chablando de sus cosas\u201d y conectando de una manera muy especial. \u00bfEl resultado? Una vela \u00fanica que engloba recuerdos, an\u00e9cdotas y sue\u00f1os y que iluminar\u00e1 durante un buen rato la vida de los que la hicieron. Este taller se realiza en L\u2019Hospitalet y se requiere un m\u00ednimo de 4 personas para hacerlo. <\/span><\/p>","protected":false},"featured_media":5420,"comment_status":"open","ping_status":"closed","template":"","meta":{"id_video":[],"enlace_video":[],"enlace_captura":[],"invitacion_anexada":[],"pedido_anexado":[]},"product_brand":[],"product_cat":[89],"product_tag":[],"class_list":{"0":"post-5166","1":"product","2":"type-product","3":"status-publish","4":"has-post-thumbnail","6":"product_cat-regalos-abuelos","8":"first","9":"instock","10":"shipping-taxable","11":"purchasable","12":"product-type-simple"},"exclude_global_add_ons":[],"addons":[],"yoast_head":"<!-- This site is optimized with the Yoast SEO plugin v27.5 - https:\/\/yoast.com\/product\/yoast-seo-wordpress\/ -->\n<title>Taller de velas de cera - Regalexia<\/title>\n<meta name=\"robots\" content=\"noindex, nofollow\" \/>\n<meta property=\"og:locale\" content=\"ca_ES\" \/>\n<meta property=\"og:type\" content=\"article\" \/>\n<meta property=\"og:title\" content=\"Taller de velas de cera - Regalexia\" \/>\n<meta property=\"og:description\" content=\"No te imaginas lo que participar en un taller de velas puede brindar a la relaci\u00f3n de los abuelos y los nietos. Los abuelos podr\u00e1n aportar esa paciencia y concentraci\u00f3n que requiere la elaboraci\u00f3n de una vela. Ser\u00e1 un momento en que la edad no tendr\u00e1 importancia, sino la creatividad que se ponga para crear algo especial. El cuidado y cari\u00f1o con el que Rossana dirige el taller, hace que sea un entorno tan relajado y m\u00e1gico que los abuelos y los ni\u00f1os no se dar\u00e1n cuenta pero se encontrar\u00e1n que al mismo tiempo que est\u00e1n haciendo la vela, est\u00e1n \u201chablando de sus cosas\u201d y conectando de una manera muy especial. \u00bfEl resultado? Una vela \u00fanica que engloba recuerdos, an\u00e9cdotas y sue\u00f1os y que iluminar\u00e1 durante un buen rato la vida de los que la hicieron. Este taller se realiza en L\u2019Hospitalet y se requiere un m\u00ednimo de 4 personas para hacerlo.\" \/>\n<meta property=\"og:url\" content=\"https:\/\/regalexia.com\/ca\/experiencias\/taller-de-velas-de-cera-abuelos\/\" \/>\n<meta property=\"og:site_name\" content=\"Regalexia\" \/>\n<meta property=\"article:publisher\" content=\"https:\/\/www.facebook.com\/regalexia\" \/>\n<meta property=\"article:modified_time\" content=\"2024-01-31T14:01:11+00:00\" \/>\n<meta property=\"og:image\" content=\"https:\/\/regalexia.com\/wp-content\/uploads\/2023\/11\/Taller_velas_cera_I.webp\" \/>\n\t<meta property=\"og:image:width\" content=\"1024\" \/>\n\t<meta property=\"og:image:height\" content=\"768\" \/>\n\t<meta property=\"og:image:type\" content=\"image\/webp\" \/>\n<meta name=\"twitter:card\" content=\"summary_large_image\" \/>\n<meta name=\"twitter:label1\" content=\"Temps estimat de lectura\" \/>\n\t<meta name=\"twitter:data1\" content=\"1 minut\" \/>\n<script type=\"application\/ld+json\" class=\"yoast-schema-graph\">{\"@context\":\"https:\\\/\\\/schema.org\",\"@graph\":[{\"@type\":\"WebPage\",\"@id\":\"https:\\\/\\\/regalexia.com\\\/experiencias\\\/taller-de-velas-de-cera-abuelos\\\/\",\"url\":\"https:\\\/\\\/regalexia.com\\\/experiencias\\\/taller-de-velas-de-cera-abuelos\\\/\",\"name\":\"Taller de velas de cera - Regalexia\",\"isPartOf\":{\"@id\":\"https:\\\/\\\/regalexia.com\\\/#website\"},\"primaryImageOfPage\":{\"@id\":\"https:\\\/\\\/regalexia.com\\\/experiencias\\\/taller-de-velas-de-cera-abuelos\\\/#primaryimage\"},\"image\":{\"@id\":\"https:\\\/\\\/regalexia.com\\\/experiencias\\\/taller-de-velas-de-cera-abuelos\\\/#primaryimage\"},\"thumbnailUrl\":\"https:\\\/\\\/regalexia.com\\\/wp-content\\\/uploads\\\/2023\\\/11\\\/Taller_velas_cera_I.webp\",\"datePublished\":\"2023-11-14T19:25:53+00:00\",\"dateModified\":\"2024-01-31T14:01:11+00:00\",\"breadcrumb\":{\"@id\":\"https:\\\/\\\/regalexia.com\\\/experiencias\\\/taller-de-velas-de-cera-abuelos\\\/#breadcrumb\"},\"inLanguage\":\"ca\",\"potentialAction\":[{\"@type\":\"ReadAction\",\"target\":[\"https:\\\/\\\/regalexia.com\\\/experiencias\\\/taller-de-velas-de-cera-abuelos\\\/\"]}]},{\"@type\":\"ImageObject\",\"inLanguage\":\"ca\",\"@id\":\"https:\\\/\\\/regalexia.com\\\/experiencias\\\/taller-de-velas-de-cera-abuelos\\\/#primaryimage\",\"url\":\"https:\\\/\\\/regalexia.com\\\/wp-content\\\/uploads\\\/2023\\\/11\\\/Taller_velas_cera_I.webp\",\"contentUrl\":\"https:\\\/\\\/regalexia.com\\\/wp-content\\\/uploads\\\/2023\\\/11\\\/Taller_velas_cera_I.webp\",\"width\":1024,\"height\":768,\"caption\":\"Taller de velas de cera\"},{\"@type\":\"BreadcrumbList\",\"@id\":\"https:\\\/\\\/regalexia.com\\\/experiencias\\\/taller-de-velas-de-cera-abuelos\\\/#breadcrumb\",\"itemListElement\":[{\"@type\":\"ListItem\",\"position\":1,\"name\":\"Inicio\",\"item\":\"https:\\\/\\\/regalexia.com\\\/\"},{\"@type\":\"ListItem\",\"position\":2,\"name\":\"Experiencias\",\"item\":\"https:\\\/\\\/regalexia.com\\\/experiencias\\\/\"},{\"@type\":\"ListItem\",\"position\":3,\"name\":\"Taller de velas de cera\"}]},{\"@type\":\"WebSite\",\"@id\":\"https:\\\/\\\/regalexia.com\\\/#website\",\"url\":\"https:\\\/\\\/regalexia.com\\\/\",\"name\":\"Regalexia\",\"description\":\"\",\"publisher\":{\"@id\":\"https:\\\/\\\/regalexia.com\\\/#organization\"},\"potentialAction\":[{\"@type\":\"SearchAction\",\"target\":{\"@type\":\"EntryPoint\",\"urlTemplate\":\"https:\\\/\\\/regalexia.com\\\/?s={search_term_string}\"},\"query-input\":{\"@type\":\"PropertyValueSpecification\",\"valueRequired\":true,\"valueName\":\"search_term_string\"}}],\"inLanguage\":\"ca\"},{\"@type\":\"Organization\",\"@id\":\"https:\\\/\\\/regalexia.com\\\/#organization\",\"name\":\"Regalexia\",\"url\":\"https:\\\/\\\/regalexia.com\\\/\",\"logo\":{\"@type\":\"ImageObject\",\"inLanguage\":\"ca\",\"@id\":\"https:\\\/\\\/regalexia.com\\\/#\\\/schema\\\/logo\\\/image\\\/\",\"url\":\"https:\\\/\\\/regalexia.com\\\/wp-content\\\/uploads\\\/2024\\\/05\\\/logo_webp.webp\",\"contentUrl\":\"https:\\\/\\\/regalexia.com\\\/wp-content\\\/uploads\\\/2024\\\/05\\\/logo_webp.webp\",\"width\":338,\"height\":90,\"caption\":\"Regalexia\"},\"image\":{\"@id\":\"https:\\\/\\\/regalexia.com\\\/#\\\/schema\\\/logo\\\/image\\\/\"},\"sameAs\":[\"https:\\\/\\\/www.facebook.com\\\/regalexia\",\"https:\\\/\\\/www.instagram.com\\\/regalexia\\\/\",\"https:\\\/\\\/www.youtube.com\\\/@RegalexiaRegalaIlusiones\"]}]}<\/script>\n<!-- \/ Yoast SEO plugin. -->","yoast_head_json":{"title":"Taller de velas de cera - Regalexia","robots":{"index":"noindex","follow":"nofollow"},"og_locale":"ca_ES","og_type":"article","og_title":"Taller de velas de cera - Regalexia","og_description":"No te imaginas lo que participar en un taller de velas puede brindar a la relaci\u00f3n de los abuelos y los nietos. Los abuelos podr\u00e1n aportar esa paciencia y concentraci\u00f3n que requiere la elaboraci\u00f3n de una vela. Ser\u00e1 un momento en que la edad no tendr\u00e1 importancia, sino la creatividad que se ponga para crear algo especial. El cuidado y cari\u00f1o con el que Rossana dirige el taller, hace que sea un entorno tan relajado y m\u00e1gico que los abuelos y los ni\u00f1os no se dar\u00e1n cuenta pero se encontrar\u00e1n que al mismo tiempo que est\u00e1n haciendo la vela, est\u00e1n \u201chablando de sus cosas\u201d y conectando de una manera muy especial. \u00bfEl resultado? Una vela \u00fanica que engloba recuerdos, an\u00e9cdotas y sue\u00f1os y que iluminar\u00e1 durante un buen rato la vida de los que la hicieron. Este taller se realiza en L\u2019Hospitalet y se requiere un m\u00ednimo de 4 personas para hacerlo.","og_url":"https:\/\/regalexia.com\/ca\/experiencias\/taller-de-velas-de-cera-abuelos\/","og_site_name":"Regalexia","article_publisher":"https:\/\/www.facebook.com\/regalexia","article_modified_time":"2024-01-31T14:01:11+00:00","og_image":[{"width":1024,"height":768,"url":"https:\/\/regalexia.com\/wp-content\/uploads\/2023\/11\/Taller_velas_cera_I.webp","type":"image\/webp"}],"twitter_card":"summary_large_image","twitter_misc":{"Temps estimat de lectura":"1 minut"},"schema":{"@context":"https:\/\/schema.org","@graph":[{"@type":"WebPage","@id":"https:\/\/regalexia.com\/experiencias\/taller-de-velas-de-cera-abuelos\/","url":"https:\/\/regalexia.com\/experiencias\/taller-de-velas-de-cera-abuelos\/","name":"Taller de velas de cera - Regalexia","isPartOf":{"@id":"https:\/\/regalexia.com\/#website"},"primaryImageOfPage":{"@id":"https:\/\/regalexia.com\/experiencias\/taller-de-velas-de-cera-abuelos\/#primaryimage"},"image":{"@id":"https:\/\/regalexia.com\/experiencias\/taller-de-velas-de-cera-abuelos\/#primaryimage"},"thumbnailUrl":"https:\/\/regalexia.com\/wp-content\/uploads\/2023\/11\/Taller_velas_cera_I.webp","datePublished":"2023-11-14T19:25:53+00:00","dateModified":"2024-01-31T14:01:11+00:00","breadcrumb":{"@id":"https:\/\/regalexia.com\/experiencias\/taller-de-velas-de-cera-abuelos\/#breadcrumb"},"inLanguage":"ca","potentialAction":[{"@type":"ReadAction","target":["https:\/\/regalexia.com\/experiencias\/taller-de-velas-de-cera-abuelos\/"]}]},{"@type":"ImageObject","inLanguage":"ca","@id":"https:\/\/regalexia.com\/experiencias\/taller-de-velas-de-cera-abuelos\/#primaryimage","url":"https:\/\/regalexia.com\/wp-content\/uploads\/2023\/11\/Taller_velas_cera_I.webp","contentUrl":"https:\/\/regalexia.com\/wp-content\/uploads\/2023\/11\/Taller_velas_cera_I.webp","width":1024,"height":768,"caption":"Taller de velas de cera"},{"@type":"BreadcrumbList","@id":"https:\/\/regalexia.com\/experiencias\/taller-de-velas-de-cera-abuelos\/#breadcrumb","itemListElement":[{"@type":"ListItem","position":1,"name":"Inicio","item":"https:\/\/regalexia.com\/"},{"@type":"ListItem","position":2,"name":"Experiencias","item":"https:\/\/regalexia.com\/experiencias\/"},{"@type":"ListItem","position":3,"name":"Taller de velas de cera"}]},{"@type":"WebSite","@id":"https:\/\/regalexia.com\/#website","url":"https:\/\/regalexia.com\/","name":"Regalexia","description":"","publisher":{"@id":"https:\/\/regalexia.com\/#organization"},"potentialAction":[{"@type":"SearchAction","target":{"@type":"EntryPoint","urlTemplate":"https:\/\/regalexia.com\/?s={search_term_string}"},"query-input":{"@type":"PropertyValueSpecification","valueRequired":true,"valueName":"search_term_string"}}],"inLanguage":"ca"},{"@type":"Organization","@id":"https:\/\/regalexia.com\/#organization","name":"Regalexia","url":"https:\/\/regalexia.com\/","logo":{"@type":"ImageObject","inLanguage":"ca","@id":"https:\/\/regalexia.com\/#\/schema\/logo\/image\/","url":"https:\/\/regalexia.com\/wp-content\/uploads\/2024\/05\/logo_webp.webp","contentUrl":"https:\/\/regalexia.com\/wp-content\/uploads\/2024\/05\/logo_webp.webp","width":338,"height":90,"caption":"Regalexia"},"image":{"@id":"https:\/\/regalexia.com\/#\/schema\/logo\/image\/"},"sameAs":["https:\/\/www.facebook.com\/regalexia","https:\/\/www.instagram.com\/regalexia\/","https:\/\/www.youtube.com\/@RegalexiaRegalaIlusiones"]}]}},"_links":{"self":[{"href":"https:\/\/regalexia.com\/ca\/wp-json\/wp\/v2\/product\/5166","targetHints":{"allow":["GET"]}}],"collection":[{"href":"https:\/\/regalexia.com\/ca\/wp-json\/wp\/v2\/product"}],"about":[{"href":"https:\/\/regalexia.com\/ca\/wp-json\/wp\/v2\/types\/product"}],"replies":[{"embeddable":true,"href":"https:\/\/regalexia.com\/ca\/wp-json\/wp\/v2\/comments?post=5166"}],"wp:featuredmedia":[{"embeddable":true,"href":"https:\/\/regalexia.com\/ca\/wp-json\/wp\/v2\/media\/5420"}],"wp:attachment":[{"href":"https:\/\/regalexia.com\/ca\/wp-json\/wp\/v2\/media?parent=5166"}],"wp:term":[{"taxonomy":"product_brand","embeddable":true,"href":"https:\/\/regalexia.com\/ca\/wp-json\/wp\/v2\/product_brand?post=5166"},{"taxonomy":"product_cat","embeddable":true,"href":"https:\/\/regalexia.com\/ca\/wp-json\/wp\/v2\/product_cat?post=5166"},{"taxonomy":"product_tag","embeddable":true,"href":"https:\/\/regalexia.com\/ca\/wp-json\/wp\/v2\/product_tag?post=5166"}],"curies":[{"name":"wp","href":"https:\/\/api.w.org\/{rel}","templated":true}]}}