 {"id":5170,"date":"2023-11-14T20:28:11","date_gmt":"2023-11-14T19:28:11","guid":{"rendered":"https:\/\/regalexia.com\/?post_type=product&#038;p=5170"},"modified":"2024-01-31T15:00:41","modified_gmt":"2024-01-31T14:00:41","slug":"taller-de-ceramica-abuelos","status":"publish","type":"product","link":"https:\/\/regalexia.com\/ca\/experiencias\/taller-de-ceramica-abuelos\/","title":{"rendered":"Taller de Cer\u00e1mica"},"content":{"rendered":"<h2 class=\"wp-block-heading\">\u00a1Despertad la creatividad de vuestros hijos al lado de sus abuelos en esta  emocionante actividad y brindadles una experiencia \u00fanica llena de arte y diversi\u00f3n.<\/h2>\n\n\n\n<p>En esta apasionante experiencia los abuelos y sus peque\u00f1os nietos se sumergir\u00e1n en el maravilloso mundo de la cer\u00e1mica, explorando t\u00e9cnicas art\u00edsticas que estimulan su concentraci\u00f3n y flexibilidad mental. En este taller, tienen la oportunidad de crear su propia obra maestra en cer\u00e1mica, dejando volar libremente su imaginaci\u00f3n y expresando su lado creativo de una manera \u00fanica.<\/p>\n\n\n\n<p>Dise\u00f1ada para que ellos se diviertan mientras aprenden, y lo mejor de todo es que no se necesita experiencia previa. Al finalizar el taller, todas las piezas creadas ser\u00e1n cuidadosamente secadas y horneadas para que vuestros hijos puedan llevarse a casa un recuerdo tangible de su d\u00eda de arte.<\/p>\n\n\n\n<p>Tambi\u00e9n ofrecemos opciones familiares y grupales para que disfrut\u00e9is juntos de esta intensa experiencia creativa. Pod\u00e9is elegir entre paquetes para 2 ni\u00f1os y 2 adultos o configurar vuestro grupo seg\u00fan vuestras preferencias.<\/p>\n\n\n\n<p>Los talleres se llevan a cabo los s\u00e1bados y entre semana, con horarios flexibles que se adaptan a vuestra agenda. \u00a1Regaladles la alegr\u00eda de la creatividad hoy mismo y cread recuerdos inolvidables para vuestros peque\u00f1os artistas!<\/p>\n\n\n\n<blockquote class=\"wp-block-quote is-layout-flow wp-block-quote-is-layout-flow\">\n<p><strong>\u00abLa creatividad es contagiosa. !P\u00e1sadla!\u00bb<\/strong><\/p>\n<cite>Albert Einstein<\/cite><\/blockquote>","protected":false},"excerpt":{"rendered":"<p>\u00a1Bienvenidos al mundo m\u00e1gico de la cer\u00e1mica! La cer\u00e1mica requiere una mezcla de paciencia y habilidad que hacen que se vayan creando conexiones profundas pero sutiles entre los abuelos y los nietos. Adem\u00e1s, trabajar con arcilla despierta los sentidos. Esta conexi\u00f3n sensorial a\u00f1ade un elemento especial a su d\u00eda juntos donde los lazos familiares se moldean con cada giro y cada toque. \u00bfEl resultado final? Una \u201cobra maestra\u201d cargada de risas, cari\u00f1o y mucho amor. Si est\u00e1s buscando una actividad divertida y original para compartir con tus abuelos, te proponemos que pruebes este taller de cer\u00e1mica.<\/p>\n<p><strong>El taller dura 2 horas y el precio incluye un ni\u00f1o + adulto<\/strong><\/p>","protected":false},"featured_media":5462,"comment_status":"open","ping_status":"closed","template":"","meta":{"id_video":[],"enlace_video":[],"enlace_captura":[],"invitacion_anexada":[],"pedido_anexado":[]},"product_brand":[],"product_cat":[89],"product_tag":[],"class_list":{"0":"post-5170","1":"product","2":"type-product","3":"status-publish","4":"has-post-thumbnail","6":"product_cat-regalos-abuelos","8":"first","9":"instock","10":"shipping-taxable","11":"purchasable","12":"product-type-simple"},"exclude_global_add_ons":[],"addons":[],"yoast_head":"<!-- This site is optimized with the Yoast SEO plugin v27.5 - https:\/\/yoast.com\/product\/yoast-seo-wordpress\/ -->\n<title>Taller de Cer\u00e1mica - Regalexia<\/title>\n<meta name=\"description\" content=\"Taller de Cer\u00e1mica en familia: Crea, divi\u00e9rtete y lleva a casa recuerdos \u00fanicos. \u00a1Regala momentos inolvidables!\" \/>\n<meta name=\"robots\" content=\"noindex, nofollow\" \/>\n<meta property=\"og:locale\" content=\"ca_ES\" \/>\n<meta property=\"og:type\" content=\"article\" \/>\n<meta property=\"og:title\" content=\"Taller de Cer\u00e1mica - Regalexia\" \/>\n<meta property=\"og:description\" content=\"Taller de Cer\u00e1mica en familia: Crea, divi\u00e9rtete y lleva a casa recuerdos \u00fanicos. \u00a1Regala momentos inolvidables!\" \/>\n<meta property=\"og:url\" content=\"https:\/\/regalexia.com\/ca\/experiencias\/taller-de-ceramica-abuelos\/\" \/>\n<meta property=\"og:site_name\" content=\"Regalexia\" \/>\n<meta property=\"article:publisher\" content=\"https:\/\/www.facebook.com\/regalexia\" \/>\n<meta property=\"article:modified_time\" content=\"2024-01-31T14:00:41+00:00\" \/>\n<meta property=\"og:image\" content=\"https:\/\/regalexia.com\/wp-content\/uploads\/2023\/11\/Taller-ceramica_I.webp\" \/>\n\t<meta property=\"og:image:width\" content=\"1024\" \/>\n\t<meta property=\"og:image:height\" content=\"768\" \/>\n\t<meta property=\"og:image:type\" content=\"image\/webp\" \/>\n<meta name=\"twitter:card\" content=\"summary_large_image\" \/>\n<meta name=\"twitter:label1\" content=\"Temps estimat de lectura\" \/>\n\t<meta name=\"twitter:data1\" content=\"2 minuts\" \/>\n<script type=\"application\/ld+json\" class=\"yoast-schema-graph\">{\"@context\":\"https:\\\/\\\/schema.org\",\"@graph\":[{\"@type\":\"WebPage\",\"@id\":\"https:\\\/\\\/regalexia.com\\\/experiencias\\\/taller-de-ceramica-abuelos\\\/\",\"url\":\"https:\\\/\\\/regalexia.com\\\/experiencias\\\/taller-de-ceramica-abuelos\\\/\",\"name\":\"Taller de Cer\u00e1mica - Regalexia\",\"isPartOf\":{\"@id\":\"https:\\\/\\\/regalexia.com\\\/#website\"},\"primaryImageOfPage\":{\"@id\":\"https:\\\/\\\/regalexia.com\\\/experiencias\\\/taller-de-ceramica-abuelos\\\/#primaryimage\"},\"image\":{\"@id\":\"https:\\\/\\\/regalexia.com\\\/experiencias\\\/taller-de-ceramica-abuelos\\\/#primaryimage\"},\"thumbnailUrl\":\"https:\\\/\\\/regalexia.com\\\/wp-content\\\/uploads\\\/2023\\\/11\\\/Taller-ceramica_I.webp\",\"datePublished\":\"2023-11-14T19:28:11+00:00\",\"dateModified\":\"2024-01-31T14:00:41+00:00\",\"description\":\"Taller de Cer\u00e1mica en familia: Crea, divi\u00e9rtete y lleva a casa recuerdos \u00fanicos. \u00a1Regala momentos inolvidables!\",\"breadcrumb\":{\"@id\":\"https:\\\/\\\/regalexia.com\\\/experiencias\\\/taller-de-ceramica-abuelos\\\/#breadcrumb\"},\"inLanguage\":\"ca\",\"potentialAction\":[{\"@type\":\"ReadAction\",\"target\":[\"https:\\\/\\\/regalexia.com\\\/experiencias\\\/taller-de-ceramica-abuelos\\\/\"]}]},{\"@type\":\"ImageObject\",\"inLanguage\":\"ca\",\"@id\":\"https:\\\/\\\/regalexia.com\\\/experiencias\\\/taller-de-ceramica-abuelos\\\/#primaryimage\",\"url\":\"https:\\\/\\\/regalexia.com\\\/wp-content\\\/uploads\\\/2023\\\/11\\\/Taller-ceramica_I.webp\",\"contentUrl\":\"https:\\\/\\\/regalexia.com\\\/wp-content\\\/uploads\\\/2023\\\/11\\\/Taller-ceramica_I.webp\",\"width\":1024,\"height\":768,\"caption\":\"Taller de Cer\u00e1mica\"},{\"@type\":\"BreadcrumbList\",\"@id\":\"https:\\\/\\\/regalexia.com\\\/experiencias\\\/taller-de-ceramica-abuelos\\\/#breadcrumb\",\"itemListElement\":[{\"@type\":\"ListItem\",\"position\":1,\"name\":\"Inicio\",\"item\":\"https:\\\/\\\/regalexia.com\\\/\"},{\"@type\":\"ListItem\",\"position\":2,\"name\":\"Experiencias\",\"item\":\"https:\\\/\\\/regalexia.com\\\/experiencias\\\/\"},{\"@type\":\"ListItem\",\"position\":3,\"name\":\"Taller de Cer\u00e1mica\"}]},{\"@type\":\"WebSite\",\"@id\":\"https:\\\/\\\/regalexia.com\\\/#website\",\"url\":\"https:\\\/\\\/regalexia.com\\\/\",\"name\":\"Regalexia\",\"description\":\"\",\"publisher\":{\"@id\":\"https:\\\/\\\/regalexia.com\\\/#organization\"},\"potentialAction\":[{\"@type\":\"SearchAction\",\"target\":{\"@type\":\"EntryPoint\",\"urlTemplate\":\"https:\\\/\\\/regalexia.com\\\/?s={search_term_string}\"},\"query-input\":{\"@type\":\"PropertyValueSpecification\",\"valueRequired\":true,\"valueName\":\"search_term_string\"}}],\"inLanguage\":\"ca\"},{\"@type\":\"Organization\",\"@id\":\"https:\\\/\\\/regalexia.com\\\/#organization\",\"name\":\"Regalexia\",\"url\":\"https:\\\/\\\/regalexia.com\\\/\",\"logo\":{\"@type\":\"ImageObject\",\"inLanguage\":\"ca\",\"@id\":\"https:\\\/\\\/regalexia.com\\\/#\\\/schema\\\/logo\\\/image\\\/\",\"url\":\"https:\\\/\\\/regalexia.com\\\/wp-content\\\/uploads\\\/2024\\\/05\\\/logo_webp.webp\",\"contentUrl\":\"https:\\\/\\\/regalexia.com\\\/wp-content\\\/uploads\\\/2024\\\/05\\\/logo_webp.webp\",\"width\":338,\"height\":90,\"caption\":\"Regalexia\"},\"image\":{\"@id\":\"https:\\\/\\\/regalexia.com\\\/#\\\/schema\\\/logo\\\/image\\\/\"},\"sameAs\":[\"https:\\\/\\\/www.facebook.com\\\/regalexia\",\"https:\\\/\\\/www.instagram.com\\\/regalexia\\\/\",\"https:\\\/\\\/www.youtube.com\\\/@RegalexiaRegalaIlusiones\"]}]}<\/script>\n<!-- \/ Yoast SEO plugin. -->","yoast_head_json":{"title":"Taller de Cer\u00e1mica - Regalexia","description":"Taller de Cer\u00e1mica en familia: Crea, divi\u00e9rtete y lleva a casa recuerdos \u00fanicos. \u00a1Regala momentos inolvidables!","robots":{"index":"noindex","follow":"nofollow"},"og_locale":"ca_ES","og_type":"article","og_title":"Taller de Cer\u00e1mica - Regalexia","og_description":"Taller de Cer\u00e1mica en familia: Crea, divi\u00e9rtete y lleva a casa recuerdos \u00fanicos. \u00a1Regala momentos inolvidables!","og_url":"https:\/\/regalexia.com\/ca\/experiencias\/taller-de-ceramica-abuelos\/","og_site_name":"Regalexia","article_publisher":"https:\/\/www.facebook.com\/regalexia","article_modified_time":"2024-01-31T14:00:41+00:00","og_image":[{"width":1024,"height":768,"url":"https:\/\/regalexia.com\/wp-content\/uploads\/2023\/11\/Taller-ceramica_I.webp","type":"image\/webp"}],"twitter_card":"summary_large_image","twitter_misc":{"Temps estimat de lectura":"2 minuts"},"schema":{"@context":"https:\/\/schema.org","@graph":[{"@type":"WebPage","@id":"https:\/\/regalexia.com\/experiencias\/taller-de-ceramica-abuelos\/","url":"https:\/\/regalexia.com\/experiencias\/taller-de-ceramica-abuelos\/","name":"Taller de Cer\u00e1mica - Regalexia","isPartOf":{"@id":"https:\/\/regalexia.com\/#website"},"primaryImageOfPage":{"@id":"https:\/\/regalexia.com\/experiencias\/taller-de-ceramica-abuelos\/#primaryimage"},"image":{"@id":"https:\/\/regalexia.com\/experiencias\/taller-de-ceramica-abuelos\/#primaryimage"},"thumbnailUrl":"https:\/\/regalexia.com\/wp-content\/uploads\/2023\/11\/Taller-ceramica_I.webp","datePublished":"2023-11-14T19:28:11+00:00","dateModified":"2024-01-31T14:00:41+00:00","description":"Taller de Cer\u00e1mica en familia: Crea, divi\u00e9rtete y lleva a casa recuerdos \u00fanicos. \u00a1Regala momentos inolvidables!","breadcrumb":{"@id":"https:\/\/regalexia.com\/experiencias\/taller-de-ceramica-abuelos\/#breadcrumb"},"inLanguage":"ca","potentialAction":[{"@type":"ReadAction","target":["https:\/\/regalexia.com\/experiencias\/taller-de-ceramica-abuelos\/"]}]},{"@type":"ImageObject","inLanguage":"ca","@id":"https:\/\/regalexia.com\/experiencias\/taller-de-ceramica-abuelos\/#primaryimage","url":"https:\/\/regalexia.com\/wp-content\/uploads\/2023\/11\/Taller-ceramica_I.webp","contentUrl":"https:\/\/regalexia.com\/wp-content\/uploads\/2023\/11\/Taller-ceramica_I.webp","width":1024,"height":768,"caption":"Taller de Cer\u00e1mica"},{"@type":"BreadcrumbList","@id":"https:\/\/regalexia.com\/experiencias\/taller-de-ceramica-abuelos\/#breadcrumb","itemListElement":[{"@type":"ListItem","position":1,"name":"Inicio","item":"https:\/\/regalexia.com\/"},{"@type":"ListItem","position":2,"name":"Experiencias","item":"https:\/\/regalexia.com\/experiencias\/"},{"@type":"ListItem","position":3,"name":"Taller de Cer\u00e1mica"}]},{"@type":"WebSite","@id":"https:\/\/regalexia.com\/#website","url":"https:\/\/regalexia.com\/","name":"Regalexia","description":"","publisher":{"@id":"https:\/\/regalexia.com\/#organization"},"potentialAction":[{"@type":"SearchAction","target":{"@type":"EntryPoint","urlTemplate":"https:\/\/regalexia.com\/?s={search_term_string}"},"query-input":{"@type":"PropertyValueSpecification","valueRequired":true,"valueName":"search_term_string"}}],"inLanguage":"ca"},{"@type":"Organization","@id":"https:\/\/regalexia.com\/#organization","name":"Regalexia","url":"https:\/\/regalexia.com\/","logo":{"@type":"ImageObject","inLanguage":"ca","@id":"https:\/\/regalexia.com\/#\/schema\/logo\/image\/","url":"https:\/\/regalexia.com\/wp-content\/uploads\/2024\/05\/logo_webp.webp","contentUrl":"https:\/\/regalexia.com\/wp-content\/uploads\/2024\/05\/logo_webp.webp","width":338,"height":90,"caption":"Regalexia"},"image":{"@id":"https:\/\/regalexia.com\/#\/schema\/logo\/image\/"},"sameAs":["https:\/\/www.facebook.com\/regalexia","https:\/\/www.instagram.com\/regalexia\/","https:\/\/www.youtube.com\/@RegalexiaRegalaIlusiones"]}]}},"_links":{"self":[{"href":"https:\/\/regalexia.com\/ca\/wp-json\/wp\/v2\/product\/5170","targetHints":{"allow":["GET"]}}],"collection":[{"href":"https:\/\/regalexia.com\/ca\/wp-json\/wp\/v2\/product"}],"about":[{"href":"https:\/\/regalexia.com\/ca\/wp-json\/wp\/v2\/types\/product"}],"replies":[{"embeddable":true,"href":"https:\/\/regalexia.com\/ca\/wp-json\/wp\/v2\/comments?post=5170"}],"wp:featuredmedia":[{"embeddable":true,"href":"https:\/\/regalexia.com\/ca\/wp-json\/wp\/v2\/media\/5462"}],"wp:attachment":[{"href":"https:\/\/regalexia.com\/ca\/wp-json\/wp\/v2\/media?parent=5170"}],"wp:term":[{"taxonomy":"product_brand","embeddable":true,"href":"https:\/\/regalexia.com\/ca\/wp-json\/wp\/v2\/product_brand?post=5170"},{"taxonomy":"product_cat","embeddable":true,"href":"https:\/\/regalexia.com\/ca\/wp-json\/wp\/v2\/product_cat?post=5170"},{"taxonomy":"product_tag","embeddable":true,"href":"https:\/\/regalexia.com\/ca\/wp-json\/wp\/v2\/product_tag?post=5170"}],"curies":[{"name":"wp","href":"https:\/\/api.w.org\/{rel}","templated":true}]}}