 {"id":52,"date":"2023-01-20T02:18:32","date_gmt":"2023-01-20T01:18:32","guid":{"rendered":"https:\/\/regalexia.com\/store\/producto\/aventura-en-quads\/"},"modified":"2025-06-26T19:06:15","modified_gmt":"2025-06-26T17:06:15","slug":"aventura-en-quads","status":"publish","type":"product","link":"https:\/\/regalexia.com\/ca\/experiencias\/aventura-en-quads\/","title":{"rendered":"Aventura en Quads"},"content":{"rendered":"<h2 class=\"wp-block-heading\">Aventura en Quads es una emocionante experiencia terrestre dise\u00f1ada para la excursi\u00f3n de caminos<\/h2>\n\n\n\n<p>Esta emocionante aventura en Quads es una incre\u00edble experiencia en familia que combina aventura y magn\u00edficos paisajes. Cuando vengas a descubrir el Alt Bergued\u00e0 encuentras rutas pensadas y dise\u00f1adas para regalarte una vivencia inolvidable.<\/p>\n\n\n\n<ul class=\"wp-block-list\">\n<li>\u00a1Un gu\u00eda profesional te acompa\u00f1a durante todo el viaje en las actividades de Aventura en Quads!<\/li>\n\n\n\n<li>Los ni\u00f1os deben ir siempre acompa\u00f1ados de un adulto. Los menores de 18 a\u00f1os no pueden conducir el quad. OBLIGATORIO CARNET DE CONDUCIR.<\/li>\n\n\n\n<li>Los adultos con carn\u00e9 de conducir B1 tienen que ser mayores de 21 a\u00f1os.<\/li>\n\n\n\n<li>Incluye: alquiler del quad, casco de seguridad, seguro reglamentario y gu\u00eda.<\/li>\n<\/ul>\n\n\n\n<p>Disfruta con nosotros de una aventura atrevida en rutas con espectaculares paisajes y panoramas de la naturaleza. Se incluye un monitor para indicar la ruta a seguir. \u00c9l os ense\u00f1a y ayuda a manejar los quads. Adem\u00e1s, elegir\u00e1s entre rutas para principiantes, nivel medio o avanzado, conociendo incre\u00edbles lugares del Pre-Pirineo catal\u00e1n.<\/p>\n\n\n\n<blockquote class=\"wp-block-quote is-layout-flow wp-block-quote-is-layout-flow\">\n<p><strong>\u00abLa aventura, la gran aventura, es contemplar c\u00f3mo aparece una cosa desconocida cada d\u00eda delante de tus ojos\u00bb<\/strong><\/p>\n<cite>Henrry Cartier-Bresson<\/cite><\/blockquote>\n\n\n\n<p>\u00a1Si te gusta la aventura y la acci\u00f3n,&nbsp;ven y sube a un Quad!<\/p>","protected":false},"excerpt":{"rendered":"<p><span style=\"font-weight: 400\">\u00a1Preparad a vuestros hijos para una aventura en Quads que jam\u00e1s olvidar\u00e1n! Emocionantes rutas les llevar\u00e1n a explorar paisajes impresionantes en Sant Juli\u00e0 de Cerdanyola. Sentir\u00e1n la adrenalina y la emoci\u00f3n mientras recorren terrenos desafiantes.\u00a0<\/span><\/p>\n<p><span style=\"font-weight: 400\">Esta es la experiencia perfecta para regalar alegr\u00eda a vuestros hijos y crear recuerdos especiales en familia. \u00bfEst\u00e1is listos para obsequiarles acci\u00f3n? Un\u00edos a esta oferta irresistible y descubrid la emoci\u00f3n de vivir una aventura en Quads con Regalexia. \u00a1No esper\u00e9is m\u00e1s, reservad ahora y emocionaos juntos!<\/span><\/p>","protected":false},"featured_media":8370,"comment_status":"open","ping_status":"closed","template":"","meta":{"id_video":[],"enlace_video":[],"enlace_captura":[],"invitacion_anexada":[],"pedido_anexado":[]},"product_brand":[],"product_cat":[45],"product_tag":[],"class_list":{"0":"post-52","1":"product","2":"type-product","3":"status-publish","4":"has-post-thumbnail","6":"product_cat-explorador","8":"first","9":"instock","10":"shipping-taxable","11":"purchasable","12":"product-type-simple"},"exclude_global_add_ons":[],"addons":[],"yoast_head":"<!-- This site is optimized with the Yoast SEO plugin v27.3 - https:\/\/yoast.com\/product\/yoast-seo-wordpress\/ -->\n<title>Aventura en Quads - Regalexia<\/title>\n<meta name=\"robots\" content=\"index, follow, max-snippet:-1, max-image-preview:large, max-video-preview:-1\" \/>\n<link rel=\"canonical\" href=\"https:\/\/regalexia.com\/ca\/experiencias\/aventura-en-quads\/\" \/>\n<meta property=\"og:locale\" content=\"ca_ES\" \/>\n<meta property=\"og:type\" content=\"article\" \/>\n<meta property=\"og:title\" content=\"Aventura en Quads - Regalexia\" \/>\n<meta property=\"og:description\" content=\"\u00a1Preparad a vuestros hijos para una aventura en Quads que jam\u00e1s olvidar\u00e1n! Emocionantes rutas les llevar\u00e1n a explorar paisajes impresionantes en Sant Juli\u00e0 de Cerdanyola. Sentir\u00e1n la adrenalina y la emoci\u00f3n mientras recorren terrenos desafiantes.\u00a0 Esta es la experiencia perfecta para regalar alegr\u00eda a vuestros hijos y crear recuerdos especiales en familia. \u00bfEst\u00e1is listos para obsequiarles acci\u00f3n? Un\u00edos a esta oferta irresistible y descubrid la emoci\u00f3n de vivir una aventura en Quads con Regalexia. \u00a1No esper\u00e9is m\u00e1s, reservad ahora y emocionaos juntos!\" \/>\n<meta property=\"og:url\" content=\"https:\/\/regalexia.com\/ca\/experiencias\/aventura-en-quads\/\" \/>\n<meta property=\"og:site_name\" content=\"Regalexia\" \/>\n<meta property=\"article:publisher\" content=\"https:\/\/www.facebook.com\/regalexia\" \/>\n<meta property=\"article:modified_time\" content=\"2025-06-26T17:06:15+00:00\" \/>\n<meta property=\"og:image\" content=\"https:\/\/regalexia.com\/wp-content\/uploads\/2023\/01\/Aventura-en-Quads-B.webp\" \/>\n\t<meta property=\"og:image:width\" content=\"1024\" \/>\n\t<meta property=\"og:image:height\" content=\"768\" \/>\n\t<meta property=\"og:image:type\" content=\"image\/webp\" \/>\n<meta name=\"twitter:card\" content=\"summary_large_image\" \/>\n<meta name=\"twitter:label1\" content=\"Temps estimat de lectura\" \/>\n\t<meta name=\"twitter:data1\" content=\"2 minuts\" \/>\n<script type=\"application\/ld+json\" class=\"yoast-schema-graph\">{\"@context\":\"https:\\\/\\\/schema.org\",\"@graph\":[{\"@type\":\"WebPage\",\"@id\":\"https:\\\/\\\/regalexia.com\\\/experiencias\\\/aventura-en-quads\\\/\",\"url\":\"https:\\\/\\\/regalexia.com\\\/experiencias\\\/aventura-en-quads\\\/\",\"name\":\"Aventura en Quads - Regalexia\",\"isPartOf\":{\"@id\":\"https:\\\/\\\/regalexia.com\\\/#website\"},\"primaryImageOfPage\":{\"@id\":\"https:\\\/\\\/regalexia.com\\\/experiencias\\\/aventura-en-quads\\\/#primaryimage\"},\"image\":{\"@id\":\"https:\\\/\\\/regalexia.com\\\/experiencias\\\/aventura-en-quads\\\/#primaryimage\"},\"thumbnailUrl\":\"https:\\\/\\\/regalexia.com\\\/wp-content\\\/uploads\\\/2023\\\/01\\\/Aventura-en-Quads-B.webp\",\"datePublished\":\"2023-01-20T01:18:32+00:00\",\"dateModified\":\"2025-06-26T17:06:15+00:00\",\"breadcrumb\":{\"@id\":\"https:\\\/\\\/regalexia.com\\\/experiencias\\\/aventura-en-quads\\\/#breadcrumb\"},\"inLanguage\":\"ca\",\"potentialAction\":[{\"@type\":\"ReadAction\",\"target\":[\"https:\\\/\\\/regalexia.com\\\/experiencias\\\/aventura-en-quads\\\/\"]}]},{\"@type\":\"ImageObject\",\"inLanguage\":\"ca\",\"@id\":\"https:\\\/\\\/regalexia.com\\\/experiencias\\\/aventura-en-quads\\\/#primaryimage\",\"url\":\"https:\\\/\\\/regalexia.com\\\/wp-content\\\/uploads\\\/2023\\\/01\\\/Aventura-en-Quads-B.webp\",\"contentUrl\":\"https:\\\/\\\/regalexia.com\\\/wp-content\\\/uploads\\\/2023\\\/01\\\/Aventura-en-Quads-B.webp\",\"width\":1024,\"height\":768,\"caption\":\"Imagen de un padre y su hijo, con sonrisas radiantes y miradas llenas de emoci\u00f3n, disfrutando de un emocionante paseo en quad. En cada curva y cada salto, est\u00e1n creando recuerdos especiales y compartiendo momentos inolvidables en familia. Esta aventura no solo ofrece la oportunidad de explorar paisajes impresionantes, sino que tambi\u00e9n permite sentir la adrenalina mientras recorren terrenos desafiantes juntos. Correspondiente a la categor\u00eda de explorador y experiencias originales para ni\u00f1os en Barcelona - Regalexia.\"},{\"@type\":\"BreadcrumbList\",\"@id\":\"https:\\\/\\\/regalexia.com\\\/experiencias\\\/aventura-en-quads\\\/#breadcrumb\",\"itemListElement\":[{\"@type\":\"ListItem\",\"position\":1,\"name\":\"Inicio\",\"item\":\"https:\\\/\\\/regalexia.com\\\/\"},{\"@type\":\"ListItem\",\"position\":2,\"name\":\"Experiencias\",\"item\":\"https:\\\/\\\/regalexia.com\\\/experiencias\\\/\"},{\"@type\":\"ListItem\",\"position\":3,\"name\":\"Aventura en Quads\"}]},{\"@type\":\"WebSite\",\"@id\":\"https:\\\/\\\/regalexia.com\\\/#website\",\"url\":\"https:\\\/\\\/regalexia.com\\\/\",\"name\":\"Regalexia\",\"description\":\"\",\"publisher\":{\"@id\":\"https:\\\/\\\/regalexia.com\\\/#organization\"},\"potentialAction\":[{\"@type\":\"SearchAction\",\"target\":{\"@type\":\"EntryPoint\",\"urlTemplate\":\"https:\\\/\\\/regalexia.com\\\/?s={search_term_string}\"},\"query-input\":{\"@type\":\"PropertyValueSpecification\",\"valueRequired\":true,\"valueName\":\"search_term_string\"}}],\"inLanguage\":\"ca\"},{\"@type\":\"Organization\",\"@id\":\"https:\\\/\\\/regalexia.com\\\/#organization\",\"name\":\"Regalexia\",\"url\":\"https:\\\/\\\/regalexia.com\\\/\",\"logo\":{\"@type\":\"ImageObject\",\"inLanguage\":\"ca\",\"@id\":\"https:\\\/\\\/regalexia.com\\\/#\\\/schema\\\/logo\\\/image\\\/\",\"url\":\"https:\\\/\\\/regalexia.com\\\/wp-content\\\/uploads\\\/2024\\\/05\\\/logo_webp.webp\",\"contentUrl\":\"https:\\\/\\\/regalexia.com\\\/wp-content\\\/uploads\\\/2024\\\/05\\\/logo_webp.webp\",\"width\":338,\"height\":90,\"caption\":\"Regalexia\"},\"image\":{\"@id\":\"https:\\\/\\\/regalexia.com\\\/#\\\/schema\\\/logo\\\/image\\\/\"},\"sameAs\":[\"https:\\\/\\\/www.facebook.com\\\/regalexia\",\"https:\\\/\\\/www.instagram.com\\\/regalexia\\\/\",\"https:\\\/\\\/www.youtube.com\\\/@RegalexiaRegalaIlusiones\"]}]}<\/script>\n<!-- \/ Yoast SEO plugin. -->","yoast_head_json":{"title":"Aventura en Quads - Regalexia","robots":{"index":"index","follow":"follow","max-snippet":"max-snippet:-1","max-image-preview":"max-image-preview:large","max-video-preview":"max-video-preview:-1"},"canonical":"https:\/\/regalexia.com\/ca\/experiencias\/aventura-en-quads\/","og_locale":"ca_ES","og_type":"article","og_title":"Aventura en Quads - Regalexia","og_description":"\u00a1Preparad a vuestros hijos para una aventura en Quads que jam\u00e1s olvidar\u00e1n! Emocionantes rutas les llevar\u00e1n a explorar paisajes impresionantes en Sant Juli\u00e0 de Cerdanyola. Sentir\u00e1n la adrenalina y la emoci\u00f3n mientras recorren terrenos desafiantes.\u00a0 Esta es la experiencia perfecta para regalar alegr\u00eda a vuestros hijos y crear recuerdos especiales en familia. \u00bfEst\u00e1is listos para obsequiarles acci\u00f3n? Un\u00edos a esta oferta irresistible y descubrid la emoci\u00f3n de vivir una aventura en Quads con Regalexia. \u00a1No esper\u00e9is m\u00e1s, reservad ahora y emocionaos juntos!","og_url":"https:\/\/regalexia.com\/ca\/experiencias\/aventura-en-quads\/","og_site_name":"Regalexia","article_publisher":"https:\/\/www.facebook.com\/regalexia","article_modified_time":"2025-06-26T17:06:15+00:00","og_image":[{"width":1024,"height":768,"url":"https:\/\/regalexia.com\/wp-content\/uploads\/2023\/01\/Aventura-en-Quads-B.webp","type":"image\/webp"}],"twitter_card":"summary_large_image","twitter_misc":{"Temps estimat de lectura":"2 minuts"},"schema":{"@context":"https:\/\/schema.org","@graph":[{"@type":"WebPage","@id":"https:\/\/regalexia.com\/experiencias\/aventura-en-quads\/","url":"https:\/\/regalexia.com\/experiencias\/aventura-en-quads\/","name":"Aventura en Quads - Regalexia","isPartOf":{"@id":"https:\/\/regalexia.com\/#website"},"primaryImageOfPage":{"@id":"https:\/\/regalexia.com\/experiencias\/aventura-en-quads\/#primaryimage"},"image":{"@id":"https:\/\/regalexia.com\/experiencias\/aventura-en-quads\/#primaryimage"},"thumbnailUrl":"https:\/\/regalexia.com\/wp-content\/uploads\/2023\/01\/Aventura-en-Quads-B.webp","datePublished":"2023-01-20T01:18:32+00:00","dateModified":"2025-06-26T17:06:15+00:00","breadcrumb":{"@id":"https:\/\/regalexia.com\/experiencias\/aventura-en-quads\/#breadcrumb"},"inLanguage":"ca","potentialAction":[{"@type":"ReadAction","target":["https:\/\/regalexia.com\/experiencias\/aventura-en-quads\/"]}]},{"@type":"ImageObject","inLanguage":"ca","@id":"https:\/\/regalexia.com\/experiencias\/aventura-en-quads\/#primaryimage","url":"https:\/\/regalexia.com\/wp-content\/uploads\/2023\/01\/Aventura-en-Quads-B.webp","contentUrl":"https:\/\/regalexia.com\/wp-content\/uploads\/2023\/01\/Aventura-en-Quads-B.webp","width":1024,"height":768,"caption":"Imagen de un padre y su hijo, con sonrisas radiantes y miradas llenas de emoci\u00f3n, disfrutando de un emocionante paseo en quad. En cada curva y cada salto, est\u00e1n creando recuerdos especiales y compartiendo momentos inolvidables en familia. Esta aventura no solo ofrece la oportunidad de explorar paisajes impresionantes, sino que tambi\u00e9n permite sentir la adrenalina mientras recorren terrenos desafiantes juntos. Correspondiente a la categor\u00eda de explorador y experiencias originales para ni\u00f1os en Barcelona - Regalexia."},{"@type":"BreadcrumbList","@id":"https:\/\/regalexia.com\/experiencias\/aventura-en-quads\/#breadcrumb","itemListElement":[{"@type":"ListItem","position":1,"name":"Inicio","item":"https:\/\/regalexia.com\/"},{"@type":"ListItem","position":2,"name":"Experiencias","item":"https:\/\/regalexia.com\/experiencias\/"},{"@type":"ListItem","position":3,"name":"Aventura en Quads"}]},{"@type":"WebSite","@id":"https:\/\/regalexia.com\/#website","url":"https:\/\/regalexia.com\/","name":"Regalexia","description":"","publisher":{"@id":"https:\/\/regalexia.com\/#organization"},"potentialAction":[{"@type":"SearchAction","target":{"@type":"EntryPoint","urlTemplate":"https:\/\/regalexia.com\/?s={search_term_string}"},"query-input":{"@type":"PropertyValueSpecification","valueRequired":true,"valueName":"search_term_string"}}],"inLanguage":"ca"},{"@type":"Organization","@id":"https:\/\/regalexia.com\/#organization","name":"Regalexia","url":"https:\/\/regalexia.com\/","logo":{"@type":"ImageObject","inLanguage":"ca","@id":"https:\/\/regalexia.com\/#\/schema\/logo\/image\/","url":"https:\/\/regalexia.com\/wp-content\/uploads\/2024\/05\/logo_webp.webp","contentUrl":"https:\/\/regalexia.com\/wp-content\/uploads\/2024\/05\/logo_webp.webp","width":338,"height":90,"caption":"Regalexia"},"image":{"@id":"https:\/\/regalexia.com\/#\/schema\/logo\/image\/"},"sameAs":["https:\/\/www.facebook.com\/regalexia","https:\/\/www.instagram.com\/regalexia\/","https:\/\/www.youtube.com\/@RegalexiaRegalaIlusiones"]}]}},"_links":{"self":[{"href":"https:\/\/regalexia.com\/ca\/wp-json\/wp\/v2\/product\/52","targetHints":{"allow":["GET"]}}],"collection":[{"href":"https:\/\/regalexia.com\/ca\/wp-json\/wp\/v2\/product"}],"about":[{"href":"https:\/\/regalexia.com\/ca\/wp-json\/wp\/v2\/types\/product"}],"replies":[{"embeddable":true,"href":"https:\/\/regalexia.com\/ca\/wp-json\/wp\/v2\/comments?post=52"}],"wp:featuredmedia":[{"embeddable":true,"href":"https:\/\/regalexia.com\/ca\/wp-json\/wp\/v2\/media\/8370"}],"wp:attachment":[{"href":"https:\/\/regalexia.com\/ca\/wp-json\/wp\/v2\/media?parent=52"}],"wp:term":[{"taxonomy":"product_brand","embeddable":true,"href":"https:\/\/regalexia.com\/ca\/wp-json\/wp\/v2\/product_brand?post=52"},{"taxonomy":"product_cat","embeddable":true,"href":"https:\/\/regalexia.com\/ca\/wp-json\/wp\/v2\/product_cat?post=52"},{"taxonomy":"product_tag","embeddable":true,"href":"https:\/\/regalexia.com\/ca\/wp-json\/wp\/v2\/product_tag?post=52"}],"curies":[{"name":"wp","href":"https:\/\/api.w.org\/{rel}","templated":true}]}}