 {"id":5863,"date":"2023-12-05T14:07:41","date_gmt":"2023-12-05T13:07:41","guid":{"rendered":"https:\/\/regalexia.com\/?post_type=product&#038;p=5863"},"modified":"2024-01-31T15:00:06","modified_gmt":"2024-01-31T14:00:06","slug":"visita-inmersiva","status":"publish","type":"product","link":"https:\/\/regalexia.com\/ca\/experiencias\/visita-inmersiva\/","title":{"rendered":"Visita inmersiva"},"content":{"rendered":"<h2 class=\"wp-block-heading\">\u00a1Aventura Art\u00edstica: Chagall, El Color de los Sue\u00f1os!.<\/h2>\n\n\n\n<p>Sum\u00e9rgete en un viaje \u00fanico con tu familia explorando la exposici\u00f3n de Marc Chagall: El Color de los Sue\u00f1os. Con m\u00e1s de 150 obras, descubre 25 joyas nunca antes vistas en Espa\u00f1a, que recorren 7 fascinantes secciones.<\/p>\n\n\n\n<p>Marc Chagall, un artista inigualable, pinta un universo personal a trav\u00e9s de colores intensos y personajes cautivadores. En esta experiencia, guiada por Emili, artista local apasionado, el arte cobra vida de manera din\u00e1mica y divertida.<\/p>\n\n\n\n<p>Haz que tus hijos y abuelos se sumerjan en la historia del arte, interactuando y explorando cada rinc\u00f3n del tiempo y la creatividad. \u00a1Reg\u00e1lales momentos de felicidad y aprendizaje!<\/p>\n\n\n\n<p>No pierdas la oportunidad de regalarles a tus hijos momentos de felicidad y aprendizaje junto con sus abuelos. \u00a1Haz de esta experiencia un regalo inolvidable para ellos! \u00a1El arte cobra vida con Regalexia!<\/p>\n\n\n\n<blockquote class=\"wp-block-quote is-layout-flow wp-block-quote-is-layout-flow\">\n<p><strong>\u00abLa creatividad es contagiosa. !P\u00e1sadla!\u00bb<\/strong><\/p>\n<cite>Albert Einstein<\/cite><\/blockquote>","protected":false},"excerpt":{"rendered":"<p>\u00a1Explora el Arte con Regalexia!<\/p>\n<p>Descubre la exposici\u00f3n de Marc Chagall: El color de los sue\u00f1os en una visita inmersiva. Influenciado por corrientes como el cubismo y el surrealismo, tu familia vivir\u00e1 un emocionante recorrido por el siglo XX.<\/p>\n<p>Deja que Emili, nuestro apasionado gu\u00eda local, te sumerja en la historia del arte de forma din\u00e1mica. \u00a1Interact\u00faa, disfruta y sum\u00e9rgete en el tiempo y la creatividad!<\/p>\n<p>Regala hoy grandes momentos a tus hijos con sus abuelos para explorar el arte de manera \u00fanica.<\/p>","protected":false},"featured_media":5864,"comment_status":"open","ping_status":"closed","template":"","meta":{"id_video":[],"enlace_video":[],"enlace_captura":[],"invitacion_anexada":[],"pedido_anexado":[]},"product_brand":[],"product_cat":[89],"product_tag":[],"class_list":{"0":"post-5863","1":"product","2":"type-product","3":"status-publish","4":"has-post-thumbnail","6":"product_cat-regalos-abuelos","8":"first","9":"instock","10":"shipping-taxable","11":"purchasable","12":"product-type-simple"},"exclude_global_add_ons":[],"addons":[],"yoast_head":"<!-- This site is optimized with the Yoast SEO plugin v27.5 - https:\/\/yoast.com\/product\/yoast-seo-wordpress\/ -->\n<title>Visita inmersiva - Regalexia<\/title>\n<meta name=\"description\" content=\"\u00a1Abuelo e nietos, la magia de Chagall os espera! Sum\u00e9rjanse en el arte y descubran obras \u00fanicas. Crea momentos especiales y celebra una Navidad 2023 inolvidable.\" \/>\n<meta name=\"robots\" content=\"noindex, nofollow\" \/>\n<meta property=\"og:locale\" content=\"ca_ES\" \/>\n<meta property=\"og:type\" content=\"article\" \/>\n<meta property=\"og:title\" content=\"Visita inmersiva - Regalexia\" \/>\n<meta property=\"og:description\" content=\"\u00a1Abuelo e nietos, la magia de Chagall os espera! Sum\u00e9rjanse en el arte y descubran obras \u00fanicas. Crea momentos especiales y celebra una Navidad 2023 inolvidable.\" \/>\n<meta property=\"og:url\" content=\"https:\/\/regalexia.com\/ca\/experiencias\/visita-inmersiva\/\" \/>\n<meta property=\"og:site_name\" content=\"Regalexia\" \/>\n<meta property=\"article:publisher\" content=\"https:\/\/www.facebook.com\/regalexia\" \/>\n<meta property=\"article:modified_time\" content=\"2024-01-31T14:00:06+00:00\" \/>\n<meta property=\"og:image\" content=\"https:\/\/regalexia.com\/wp-content\/uploads\/2023\/12\/Visita_Inmersiva_A.webp\" \/>\n\t<meta property=\"og:image:width\" content=\"1024\" \/>\n\t<meta property=\"og:image:height\" content=\"768\" \/>\n\t<meta property=\"og:image:type\" content=\"image\/webp\" \/>\n<meta name=\"twitter:card\" content=\"summary_large_image\" \/>\n<meta name=\"twitter:label1\" content=\"Temps estimat de lectura\" \/>\n\t<meta name=\"twitter:data1\" content=\"1 minut\" \/>\n<script type=\"application\/ld+json\" class=\"yoast-schema-graph\">{\"@context\":\"https:\\\/\\\/schema.org\",\"@graph\":[{\"@type\":\"WebPage\",\"@id\":\"https:\\\/\\\/regalexia.com\\\/experiencias\\\/visita-inmersiva\\\/\",\"url\":\"https:\\\/\\\/regalexia.com\\\/experiencias\\\/visita-inmersiva\\\/\",\"name\":\"Visita inmersiva - Regalexia\",\"isPartOf\":{\"@id\":\"https:\\\/\\\/regalexia.com\\\/#website\"},\"primaryImageOfPage\":{\"@id\":\"https:\\\/\\\/regalexia.com\\\/experiencias\\\/visita-inmersiva\\\/#primaryimage\"},\"image\":{\"@id\":\"https:\\\/\\\/regalexia.com\\\/experiencias\\\/visita-inmersiva\\\/#primaryimage\"},\"thumbnailUrl\":\"https:\\\/\\\/regalexia.com\\\/wp-content\\\/uploads\\\/2023\\\/12\\\/Visita_Inmersiva_A.webp\",\"datePublished\":\"2023-12-05T13:07:41+00:00\",\"dateModified\":\"2024-01-31T14:00:06+00:00\",\"description\":\"\u00a1Abuelo e nietos, la magia de Chagall os espera! Sum\u00e9rjanse en el arte y descubran obras \u00fanicas. Crea momentos especiales y celebra una Navidad 2023 inolvidable.\",\"breadcrumb\":{\"@id\":\"https:\\\/\\\/regalexia.com\\\/experiencias\\\/visita-inmersiva\\\/#breadcrumb\"},\"inLanguage\":\"ca\",\"potentialAction\":[{\"@type\":\"ReadAction\",\"target\":[\"https:\\\/\\\/regalexia.com\\\/experiencias\\\/visita-inmersiva\\\/\"]}]},{\"@type\":\"ImageObject\",\"inLanguage\":\"ca\",\"@id\":\"https:\\\/\\\/regalexia.com\\\/experiencias\\\/visita-inmersiva\\\/#primaryimage\",\"url\":\"https:\\\/\\\/regalexia.com\\\/wp-content\\\/uploads\\\/2023\\\/12\\\/Visita_Inmersiva_A.webp\",\"contentUrl\":\"https:\\\/\\\/regalexia.com\\\/wp-content\\\/uploads\\\/2023\\\/12\\\/Visita_Inmersiva_A.webp\",\"width\":1024,\"height\":768,\"caption\":\"Visita inmersiva\"},{\"@type\":\"BreadcrumbList\",\"@id\":\"https:\\\/\\\/regalexia.com\\\/experiencias\\\/visita-inmersiva\\\/#breadcrumb\",\"itemListElement\":[{\"@type\":\"ListItem\",\"position\":1,\"name\":\"Inicio\",\"item\":\"https:\\\/\\\/regalexia.com\\\/\"},{\"@type\":\"ListItem\",\"position\":2,\"name\":\"Experiencias\",\"item\":\"https:\\\/\\\/regalexia.com\\\/experiencias\\\/\"},{\"@type\":\"ListItem\",\"position\":3,\"name\":\"Visita inmersiva\"}]},{\"@type\":\"WebSite\",\"@id\":\"https:\\\/\\\/regalexia.com\\\/#website\",\"url\":\"https:\\\/\\\/regalexia.com\\\/\",\"name\":\"Regalexia\",\"description\":\"\",\"publisher\":{\"@id\":\"https:\\\/\\\/regalexia.com\\\/#organization\"},\"potentialAction\":[{\"@type\":\"SearchAction\",\"target\":{\"@type\":\"EntryPoint\",\"urlTemplate\":\"https:\\\/\\\/regalexia.com\\\/?s={search_term_string}\"},\"query-input\":{\"@type\":\"PropertyValueSpecification\",\"valueRequired\":true,\"valueName\":\"search_term_string\"}}],\"inLanguage\":\"ca\"},{\"@type\":\"Organization\",\"@id\":\"https:\\\/\\\/regalexia.com\\\/#organization\",\"name\":\"Regalexia\",\"url\":\"https:\\\/\\\/regalexia.com\\\/\",\"logo\":{\"@type\":\"ImageObject\",\"inLanguage\":\"ca\",\"@id\":\"https:\\\/\\\/regalexia.com\\\/#\\\/schema\\\/logo\\\/image\\\/\",\"url\":\"https:\\\/\\\/regalexia.com\\\/wp-content\\\/uploads\\\/2024\\\/05\\\/logo_webp.webp\",\"contentUrl\":\"https:\\\/\\\/regalexia.com\\\/wp-content\\\/uploads\\\/2024\\\/05\\\/logo_webp.webp\",\"width\":338,\"height\":90,\"caption\":\"Regalexia\"},\"image\":{\"@id\":\"https:\\\/\\\/regalexia.com\\\/#\\\/schema\\\/logo\\\/image\\\/\"},\"sameAs\":[\"https:\\\/\\\/www.facebook.com\\\/regalexia\",\"https:\\\/\\\/www.instagram.com\\\/regalexia\\\/\",\"https:\\\/\\\/www.youtube.com\\\/@RegalexiaRegalaIlusiones\"]}]}<\/script>\n<!-- \/ Yoast SEO plugin. -->","yoast_head_json":{"title":"Visita inmersiva - Regalexia","description":"\u00a1Abuelo e nietos, la magia de Chagall os espera! Sum\u00e9rjanse en el arte y descubran obras \u00fanicas. Crea momentos especiales y celebra una Navidad 2023 inolvidable.","robots":{"index":"noindex","follow":"nofollow"},"og_locale":"ca_ES","og_type":"article","og_title":"Visita inmersiva - Regalexia","og_description":"\u00a1Abuelo e nietos, la magia de Chagall os espera! Sum\u00e9rjanse en el arte y descubran obras \u00fanicas. Crea momentos especiales y celebra una Navidad 2023 inolvidable.","og_url":"https:\/\/regalexia.com\/ca\/experiencias\/visita-inmersiva\/","og_site_name":"Regalexia","article_publisher":"https:\/\/www.facebook.com\/regalexia","article_modified_time":"2024-01-31T14:00:06+00:00","og_image":[{"width":1024,"height":768,"url":"https:\/\/regalexia.com\/wp-content\/uploads\/2023\/12\/Visita_Inmersiva_A.webp","type":"image\/webp"}],"twitter_card":"summary_large_image","twitter_misc":{"Temps estimat de lectura":"1 minut"},"schema":{"@context":"https:\/\/schema.org","@graph":[{"@type":"WebPage","@id":"https:\/\/regalexia.com\/experiencias\/visita-inmersiva\/","url":"https:\/\/regalexia.com\/experiencias\/visita-inmersiva\/","name":"Visita inmersiva - Regalexia","isPartOf":{"@id":"https:\/\/regalexia.com\/#website"},"primaryImageOfPage":{"@id":"https:\/\/regalexia.com\/experiencias\/visita-inmersiva\/#primaryimage"},"image":{"@id":"https:\/\/regalexia.com\/experiencias\/visita-inmersiva\/#primaryimage"},"thumbnailUrl":"https:\/\/regalexia.com\/wp-content\/uploads\/2023\/12\/Visita_Inmersiva_A.webp","datePublished":"2023-12-05T13:07:41+00:00","dateModified":"2024-01-31T14:00:06+00:00","description":"\u00a1Abuelo e nietos, la magia de Chagall os espera! Sum\u00e9rjanse en el arte y descubran obras \u00fanicas. Crea momentos especiales y celebra una Navidad 2023 inolvidable.","breadcrumb":{"@id":"https:\/\/regalexia.com\/experiencias\/visita-inmersiva\/#breadcrumb"},"inLanguage":"ca","potentialAction":[{"@type":"ReadAction","target":["https:\/\/regalexia.com\/experiencias\/visita-inmersiva\/"]}]},{"@type":"ImageObject","inLanguage":"ca","@id":"https:\/\/regalexia.com\/experiencias\/visita-inmersiva\/#primaryimage","url":"https:\/\/regalexia.com\/wp-content\/uploads\/2023\/12\/Visita_Inmersiva_A.webp","contentUrl":"https:\/\/regalexia.com\/wp-content\/uploads\/2023\/12\/Visita_Inmersiva_A.webp","width":1024,"height":768,"caption":"Visita inmersiva"},{"@type":"BreadcrumbList","@id":"https:\/\/regalexia.com\/experiencias\/visita-inmersiva\/#breadcrumb","itemListElement":[{"@type":"ListItem","position":1,"name":"Inicio","item":"https:\/\/regalexia.com\/"},{"@type":"ListItem","position":2,"name":"Experiencias","item":"https:\/\/regalexia.com\/experiencias\/"},{"@type":"ListItem","position":3,"name":"Visita inmersiva"}]},{"@type":"WebSite","@id":"https:\/\/regalexia.com\/#website","url":"https:\/\/regalexia.com\/","name":"Regalexia","description":"","publisher":{"@id":"https:\/\/regalexia.com\/#organization"},"potentialAction":[{"@type":"SearchAction","target":{"@type":"EntryPoint","urlTemplate":"https:\/\/regalexia.com\/?s={search_term_string}"},"query-input":{"@type":"PropertyValueSpecification","valueRequired":true,"valueName":"search_term_string"}}],"inLanguage":"ca"},{"@type":"Organization","@id":"https:\/\/regalexia.com\/#organization","name":"Regalexia","url":"https:\/\/regalexia.com\/","logo":{"@type":"ImageObject","inLanguage":"ca","@id":"https:\/\/regalexia.com\/#\/schema\/logo\/image\/","url":"https:\/\/regalexia.com\/wp-content\/uploads\/2024\/05\/logo_webp.webp","contentUrl":"https:\/\/regalexia.com\/wp-content\/uploads\/2024\/05\/logo_webp.webp","width":338,"height":90,"caption":"Regalexia"},"image":{"@id":"https:\/\/regalexia.com\/#\/schema\/logo\/image\/"},"sameAs":["https:\/\/www.facebook.com\/regalexia","https:\/\/www.instagram.com\/regalexia\/","https:\/\/www.youtube.com\/@RegalexiaRegalaIlusiones"]}]}},"_links":{"self":[{"href":"https:\/\/regalexia.com\/ca\/wp-json\/wp\/v2\/product\/5863","targetHints":{"allow":["GET"]}}],"collection":[{"href":"https:\/\/regalexia.com\/ca\/wp-json\/wp\/v2\/product"}],"about":[{"href":"https:\/\/regalexia.com\/ca\/wp-json\/wp\/v2\/types\/product"}],"replies":[{"embeddable":true,"href":"https:\/\/regalexia.com\/ca\/wp-json\/wp\/v2\/comments?post=5863"}],"wp:featuredmedia":[{"embeddable":true,"href":"https:\/\/regalexia.com\/ca\/wp-json\/wp\/v2\/media\/5864"}],"wp:attachment":[{"href":"https:\/\/regalexia.com\/ca\/wp-json\/wp\/v2\/media?parent=5863"}],"wp:term":[{"taxonomy":"product_brand","embeddable":true,"href":"https:\/\/regalexia.com\/ca\/wp-json\/wp\/v2\/product_brand?post=5863"},{"taxonomy":"product_cat","embeddable":true,"href":"https:\/\/regalexia.com\/ca\/wp-json\/wp\/v2\/product_cat?post=5863"},{"taxonomy":"product_tag","embeddable":true,"href":"https:\/\/regalexia.com\/ca\/wp-json\/wp\/v2\/product_tag?post=5863"}],"curies":[{"name":"wp","href":"https:\/\/api.w.org\/{rel}","templated":true}]}}