 {"id":6121,"date":"2024-01-24T12:16:42","date_gmt":"2024-01-24T11:16:42","guid":{"rendered":"https:\/\/regalexia.com\/?post_type=product&#038;p=6121"},"modified":"2025-11-28T14:13:20","modified_gmt":"2025-11-28T13:13:20","slug":"escape-room-el-proyecto-de-la-bruja","status":"publish","type":"product","link":"https:\/\/regalexia.com\/ca\/experiencias\/escape-room-el-proyecto-de-la-bruja\/","title":{"rendered":"Escape Room &#8211; El proyecto de la Bruja"},"content":{"rendered":"<p>\u00a1Desata la aventura m\u00e1gica para tus peque\u00f1os h\u00e9roes!<\/p>\n\n\n\n<p>En \u00abEl Proyecto de la Bruja\u00bb, tus ni\u00f1os se sumergir\u00e1n en una emocionante odisea para ayudar a la bruja a resucitar a sus hermanas. Con desafiantes acertijos y la oscuridad de Trasmoz como escenario, este tipo de Hall Escape les brinda la oportunidad de mostrar su valent\u00eda y habilidades.<\/p>\n\n\n\n<p>Cada paso en esta experiencia es un paso hacia lo extraordinario, un viaje que los sumerge en lo desconocido, en lo inexplicable. \u00a1No es solo una actividad, es un regalo de felicidad! Despierta la magia en sus corazones ahora y haz que este momento sea inolvidable.<\/p>\n\n\n\n<p>Cada momento es una chispa de emoci\u00f3n, una oportunidad para enfrentarse a lo desconocido y descubrir lo inexplicable.<\/p>\n\n\n\n<h2 class=\"wp-block-heading\">Escape Room &#8211; Enciende la Magia en tus hijos. <\/h2>\n\n\n\n<p>Si buscas una experiencia \u00fanica y emocionante no busques m\u00e1s all\u00e1 de nuestro escape room en Barcelona. Con una emocionante misi\u00f3n de magia, un ambiente inmersivo y un equipo amigable y profesional, estamos seguros de que los ni\u00f1os pasar\u00e1n un tiempo inolvidable.<\/p>\n\n\n\n<blockquote class=\"wp-block-quote is-layout-flow wp-block-quote-is-layout-flow\">\n<p><strong>\u00ab<\/strong>Las aventuras son para los aventureros<strong>\u00ab<\/strong><\/p>\n<cite>Benjamin Disraeli<\/cite><\/blockquote>","protected":false},"excerpt":{"rendered":"<p>En esta aventura m\u00e1gica tus peque\u00f1os vivir\u00e1n una experiencia llamada \u00abEl Proyecto de la Bruja\u00bb. En esta emocionante actividad tipo Hall Escape tus ni\u00f1os deber\u00e1n impedir que la bruja resucite a sus cinco hermanas desaparecidas, para ello tendr\u00e1n que descifrar acertijos desafiantes y trabajar en la oscuridad se cierne sobre el pueblo de Trasmoz.<\/p>\n<p>Los peques requieren de toda su valent\u00eda y poder para lograr su objetivo y deben estar preparados para enfrentarse a lo desconocido, a lo inexplicable, a lo que est\u00e1 m\u00e1s all\u00e1 de su comprensi\u00f3n.<\/p>\n<p>\u00a1No es solo una experiencia, es un viaje a lo extraordinario! Despierta la magia en sus corazones ahora. \u00a1Hazlos felices con esta experiencia \u00fanica! Disponible en Barcelona. \u00a1Compra la magia ahora!<\/p>\n<p>Disfruta de esta gran experiencia en el \u00e1rea de Hostafrancs en Barcelona.\u00a0<\/p>\n<p>&nbsp;<\/p>\n<p><strong>Reservaci\u00f3n sujeta a confirmaci\u00f3n<\/strong><\/p>","protected":false},"featured_media":8287,"comment_status":"open","ping_status":"closed","template":"","meta":{"id_video":[],"enlace_video":[],"enlace_captura":[],"invitacion_anexada":[],"pedido_anexado":[]},"product_brand":[],"product_cat":[45],"product_tag":[],"class_list":{"0":"post-6121","1":"product","2":"type-product","3":"status-publish","4":"has-post-thumbnail","6":"product_cat-explorador","8":"first","9":"instock","10":"shipping-taxable","11":"purchasable","12":"product-type-simple"},"exclude_global_add_ons":[],"addons":[],"yoast_head":"<!-- This site is optimized with the Yoast SEO plugin v27.3 - https:\/\/yoast.com\/product\/yoast-seo-wordpress\/ -->\n<title>Escape Room - El proyecto de la Bruja - Regalexia<\/title>\n<meta name=\"description\" content=\"\u00a1Sum\u00e9rgete en la magia de &quot;El Proyecto de la Bruja&quot;! Escape Room emocionante para ni\u00f1os en Barcelona. Desaf\u00edos, misterios y diversi\u00f3n. \u00a1Compra la magia ahora!\" \/>\n<meta name=\"robots\" content=\"index, follow, max-snippet:-1, max-image-preview:large, max-video-preview:-1\" \/>\n<link rel=\"canonical\" href=\"https:\/\/regalexia.com\/ca\/experiencias\/escape-room-el-proyecto-de-la-bruja\/\" \/>\n<meta property=\"og:locale\" content=\"ca_ES\" \/>\n<meta property=\"og:type\" content=\"article\" \/>\n<meta property=\"og:title\" content=\"Escape Room - El proyecto de la Bruja - Regalexia\" \/>\n<meta property=\"og:description\" content=\"\u00a1Sum\u00e9rgete en la magia de &quot;El Proyecto de la Bruja&quot;! Escape Room emocionante para ni\u00f1os en Barcelona. Desaf\u00edos, misterios y diversi\u00f3n. \u00a1Compra la magia ahora!\" \/>\n<meta property=\"og:url\" content=\"https:\/\/regalexia.com\/ca\/experiencias\/escape-room-el-proyecto-de-la-bruja\/\" \/>\n<meta property=\"og:site_name\" content=\"Regalexia\" \/>\n<meta property=\"article:publisher\" content=\"https:\/\/www.facebook.com\/regalexia\" \/>\n<meta property=\"article:modified_time\" content=\"2025-11-28T13:13:20+00:00\" \/>\n<meta property=\"og:image\" content=\"https:\/\/regalexia.com\/wp-content\/uploads\/2024\/01\/proyecto-de-la-bruja-b.webp\" \/>\n\t<meta property=\"og:image:width\" content=\"1024\" \/>\n\t<meta property=\"og:image:height\" content=\"768\" \/>\n\t<meta property=\"og:image:type\" content=\"image\/webp\" \/>\n<meta name=\"twitter:card\" content=\"summary_large_image\" \/>\n<meta name=\"twitter:label1\" content=\"Temps estimat de lectura\" \/>\n\t<meta name=\"twitter:data1\" content=\"1 minut\" \/>\n<script type=\"application\/ld+json\" class=\"yoast-schema-graph\">{\"@context\":\"https:\\\/\\\/schema.org\",\"@graph\":[{\"@type\":\"WebPage\",\"@id\":\"https:\\\/\\\/regalexia.com\\\/experiencias\\\/escape-room-el-proyecto-de-la-bruja\\\/\",\"url\":\"https:\\\/\\\/regalexia.com\\\/experiencias\\\/escape-room-el-proyecto-de-la-bruja\\\/\",\"name\":\"Escape Room - El proyecto de la Bruja - Regalexia\",\"isPartOf\":{\"@id\":\"https:\\\/\\\/regalexia.com\\\/#website\"},\"primaryImageOfPage\":{\"@id\":\"https:\\\/\\\/regalexia.com\\\/experiencias\\\/escape-room-el-proyecto-de-la-bruja\\\/#primaryimage\"},\"image\":{\"@id\":\"https:\\\/\\\/regalexia.com\\\/experiencias\\\/escape-room-el-proyecto-de-la-bruja\\\/#primaryimage\"},\"thumbnailUrl\":\"https:\\\/\\\/regalexia.com\\\/wp-content\\\/uploads\\\/2024\\\/01\\\/proyecto-de-la-bruja-b.webp\",\"datePublished\":\"2024-01-24T11:16:42+00:00\",\"dateModified\":\"2025-11-28T13:13:20+00:00\",\"description\":\"\u00a1Sum\u00e9rgete en la magia de \\\"El Proyecto de la Bruja\\\"! Escape Room emocionante para ni\u00f1os en Barcelona. Desaf\u00edos, misterios y diversi\u00f3n. \u00a1Compra la magia ahora!\",\"breadcrumb\":{\"@id\":\"https:\\\/\\\/regalexia.com\\\/experiencias\\\/escape-room-el-proyecto-de-la-bruja\\\/#breadcrumb\"},\"inLanguage\":\"ca\",\"potentialAction\":[{\"@type\":\"ReadAction\",\"target\":[\"https:\\\/\\\/regalexia.com\\\/experiencias\\\/escape-room-el-proyecto-de-la-bruja\\\/\"]}]},{\"@type\":\"ImageObject\",\"inLanguage\":\"ca\",\"@id\":\"https:\\\/\\\/regalexia.com\\\/experiencias\\\/escape-room-el-proyecto-de-la-bruja\\\/#primaryimage\",\"url\":\"https:\\\/\\\/regalexia.com\\\/wp-content\\\/uploads\\\/2024\\\/01\\\/proyecto-de-la-bruja-b.webp\",\"contentUrl\":\"https:\\\/\\\/regalexia.com\\\/wp-content\\\/uploads\\\/2024\\\/01\\\/proyecto-de-la-bruja-b.webp\",\"width\":1024,\"height\":768,\"caption\":\"Imagen de dos brujas frente a sus pociones, preparadas para desatar el caos en \\\"El Proyecto de la Bruja\\\". En esta actividad emocionante tipo Hall Escape en Barcelona, tus hijos deber\u00e1n impedir que la bruja resucite a sus hermanas desaparecidas. Deber\u00e1n descifrar acertijos desafiantes y enfrentarse a lo desconocido en el pueblo de Trasmoz. Una experiencia que despierta la magia en sus corazones y los lleva a lo extraordinario. Correspondiente a la categor\u00eda de explorador y experiencias originales para ni\u00f1os en Barcelona - Regalexia\"},{\"@type\":\"BreadcrumbList\",\"@id\":\"https:\\\/\\\/regalexia.com\\\/experiencias\\\/escape-room-el-proyecto-de-la-bruja\\\/#breadcrumb\",\"itemListElement\":[{\"@type\":\"ListItem\",\"position\":1,\"name\":\"Inicio\",\"item\":\"https:\\\/\\\/regalexia.com\\\/\"},{\"@type\":\"ListItem\",\"position\":2,\"name\":\"Experiencias\",\"item\":\"https:\\\/\\\/regalexia.com\\\/experiencias\\\/\"},{\"@type\":\"ListItem\",\"position\":3,\"name\":\"Escape Room &#8211; El proyecto de la Bruja\"}]},{\"@type\":\"WebSite\",\"@id\":\"https:\\\/\\\/regalexia.com\\\/#website\",\"url\":\"https:\\\/\\\/regalexia.com\\\/\",\"name\":\"Regalexia\",\"description\":\"\",\"publisher\":{\"@id\":\"https:\\\/\\\/regalexia.com\\\/#organization\"},\"potentialAction\":[{\"@type\":\"SearchAction\",\"target\":{\"@type\":\"EntryPoint\",\"urlTemplate\":\"https:\\\/\\\/regalexia.com\\\/?s={search_term_string}\"},\"query-input\":{\"@type\":\"PropertyValueSpecification\",\"valueRequired\":true,\"valueName\":\"search_term_string\"}}],\"inLanguage\":\"ca\"},{\"@type\":\"Organization\",\"@id\":\"https:\\\/\\\/regalexia.com\\\/#organization\",\"name\":\"Regalexia\",\"url\":\"https:\\\/\\\/regalexia.com\\\/\",\"logo\":{\"@type\":\"ImageObject\",\"inLanguage\":\"ca\",\"@id\":\"https:\\\/\\\/regalexia.com\\\/#\\\/schema\\\/logo\\\/image\\\/\",\"url\":\"https:\\\/\\\/regalexia.com\\\/wp-content\\\/uploads\\\/2024\\\/05\\\/logo_webp.webp\",\"contentUrl\":\"https:\\\/\\\/regalexia.com\\\/wp-content\\\/uploads\\\/2024\\\/05\\\/logo_webp.webp\",\"width\":338,\"height\":90,\"caption\":\"Regalexia\"},\"image\":{\"@id\":\"https:\\\/\\\/regalexia.com\\\/#\\\/schema\\\/logo\\\/image\\\/\"},\"sameAs\":[\"https:\\\/\\\/www.facebook.com\\\/regalexia\",\"https:\\\/\\\/www.instagram.com\\\/regalexia\\\/\",\"https:\\\/\\\/www.youtube.com\\\/@RegalexiaRegalaIlusiones\"]}]}<\/script>\n<!-- \/ Yoast SEO plugin. -->","yoast_head_json":{"title":"Escape Room - El proyecto de la Bruja - Regalexia","description":"\u00a1Sum\u00e9rgete en la magia de \"El Proyecto de la Bruja\"! Escape Room emocionante para ni\u00f1os en Barcelona. Desaf\u00edos, misterios y diversi\u00f3n. \u00a1Compra la magia ahora!","robots":{"index":"index","follow":"follow","max-snippet":"max-snippet:-1","max-image-preview":"max-image-preview:large","max-video-preview":"max-video-preview:-1"},"canonical":"https:\/\/regalexia.com\/ca\/experiencias\/escape-room-el-proyecto-de-la-bruja\/","og_locale":"ca_ES","og_type":"article","og_title":"Escape Room - El proyecto de la Bruja - Regalexia","og_description":"\u00a1Sum\u00e9rgete en la magia de \"El Proyecto de la Bruja\"! Escape Room emocionante para ni\u00f1os en Barcelona. Desaf\u00edos, misterios y diversi\u00f3n. \u00a1Compra la magia ahora!","og_url":"https:\/\/regalexia.com\/ca\/experiencias\/escape-room-el-proyecto-de-la-bruja\/","og_site_name":"Regalexia","article_publisher":"https:\/\/www.facebook.com\/regalexia","article_modified_time":"2025-11-28T13:13:20+00:00","og_image":[{"width":1024,"height":768,"url":"https:\/\/regalexia.com\/wp-content\/uploads\/2024\/01\/proyecto-de-la-bruja-b.webp","type":"image\/webp"}],"twitter_card":"summary_large_image","twitter_misc":{"Temps estimat de lectura":"1 minut"},"schema":{"@context":"https:\/\/schema.org","@graph":[{"@type":"WebPage","@id":"https:\/\/regalexia.com\/experiencias\/escape-room-el-proyecto-de-la-bruja\/","url":"https:\/\/regalexia.com\/experiencias\/escape-room-el-proyecto-de-la-bruja\/","name":"Escape Room - El proyecto de la Bruja - Regalexia","isPartOf":{"@id":"https:\/\/regalexia.com\/#website"},"primaryImageOfPage":{"@id":"https:\/\/regalexia.com\/experiencias\/escape-room-el-proyecto-de-la-bruja\/#primaryimage"},"image":{"@id":"https:\/\/regalexia.com\/experiencias\/escape-room-el-proyecto-de-la-bruja\/#primaryimage"},"thumbnailUrl":"https:\/\/regalexia.com\/wp-content\/uploads\/2024\/01\/proyecto-de-la-bruja-b.webp","datePublished":"2024-01-24T11:16:42+00:00","dateModified":"2025-11-28T13:13:20+00:00","description":"\u00a1Sum\u00e9rgete en la magia de \"El Proyecto de la Bruja\"! Escape Room emocionante para ni\u00f1os en Barcelona. Desaf\u00edos, misterios y diversi\u00f3n. \u00a1Compra la magia ahora!","breadcrumb":{"@id":"https:\/\/regalexia.com\/experiencias\/escape-room-el-proyecto-de-la-bruja\/#breadcrumb"},"inLanguage":"ca","potentialAction":[{"@type":"ReadAction","target":["https:\/\/regalexia.com\/experiencias\/escape-room-el-proyecto-de-la-bruja\/"]}]},{"@type":"ImageObject","inLanguage":"ca","@id":"https:\/\/regalexia.com\/experiencias\/escape-room-el-proyecto-de-la-bruja\/#primaryimage","url":"https:\/\/regalexia.com\/wp-content\/uploads\/2024\/01\/proyecto-de-la-bruja-b.webp","contentUrl":"https:\/\/regalexia.com\/wp-content\/uploads\/2024\/01\/proyecto-de-la-bruja-b.webp","width":1024,"height":768,"caption":"Imagen de dos brujas frente a sus pociones, preparadas para desatar el caos en \"El Proyecto de la Bruja\". En esta actividad emocionante tipo Hall Escape en Barcelona, tus hijos deber\u00e1n impedir que la bruja resucite a sus hermanas desaparecidas. Deber\u00e1n descifrar acertijos desafiantes y enfrentarse a lo desconocido en el pueblo de Trasmoz. Una experiencia que despierta la magia en sus corazones y los lleva a lo extraordinario. Correspondiente a la categor\u00eda de explorador y experiencias originales para ni\u00f1os en Barcelona - Regalexia"},{"@type":"BreadcrumbList","@id":"https:\/\/regalexia.com\/experiencias\/escape-room-el-proyecto-de-la-bruja\/#breadcrumb","itemListElement":[{"@type":"ListItem","position":1,"name":"Inicio","item":"https:\/\/regalexia.com\/"},{"@type":"ListItem","position":2,"name":"Experiencias","item":"https:\/\/regalexia.com\/experiencias\/"},{"@type":"ListItem","position":3,"name":"Escape Room &#8211; El proyecto de la Bruja"}]},{"@type":"WebSite","@id":"https:\/\/regalexia.com\/#website","url":"https:\/\/regalexia.com\/","name":"Regalexia","description":"","publisher":{"@id":"https:\/\/regalexia.com\/#organization"},"potentialAction":[{"@type":"SearchAction","target":{"@type":"EntryPoint","urlTemplate":"https:\/\/regalexia.com\/?s={search_term_string}"},"query-input":{"@type":"PropertyValueSpecification","valueRequired":true,"valueName":"search_term_string"}}],"inLanguage":"ca"},{"@type":"Organization","@id":"https:\/\/regalexia.com\/#organization","name":"Regalexia","url":"https:\/\/regalexia.com\/","logo":{"@type":"ImageObject","inLanguage":"ca","@id":"https:\/\/regalexia.com\/#\/schema\/logo\/image\/","url":"https:\/\/regalexia.com\/wp-content\/uploads\/2024\/05\/logo_webp.webp","contentUrl":"https:\/\/regalexia.com\/wp-content\/uploads\/2024\/05\/logo_webp.webp","width":338,"height":90,"caption":"Regalexia"},"image":{"@id":"https:\/\/regalexia.com\/#\/schema\/logo\/image\/"},"sameAs":["https:\/\/www.facebook.com\/regalexia","https:\/\/www.instagram.com\/regalexia\/","https:\/\/www.youtube.com\/@RegalexiaRegalaIlusiones"]}]}},"_links":{"self":[{"href":"https:\/\/regalexia.com\/ca\/wp-json\/wp\/v2\/product\/6121","targetHints":{"allow":["GET"]}}],"collection":[{"href":"https:\/\/regalexia.com\/ca\/wp-json\/wp\/v2\/product"}],"about":[{"href":"https:\/\/regalexia.com\/ca\/wp-json\/wp\/v2\/types\/product"}],"replies":[{"embeddable":true,"href":"https:\/\/regalexia.com\/ca\/wp-json\/wp\/v2\/comments?post=6121"}],"wp:featuredmedia":[{"embeddable":true,"href":"https:\/\/regalexia.com\/ca\/wp-json\/wp\/v2\/media\/8287"}],"wp:attachment":[{"href":"https:\/\/regalexia.com\/ca\/wp-json\/wp\/v2\/media?parent=6121"}],"wp:term":[{"taxonomy":"product_brand","embeddable":true,"href":"https:\/\/regalexia.com\/ca\/wp-json\/wp\/v2\/product_brand?post=6121"},{"taxonomy":"product_cat","embeddable":true,"href":"https:\/\/regalexia.com\/ca\/wp-json\/wp\/v2\/product_cat?post=6121"},{"taxonomy":"product_tag","embeddable":true,"href":"https:\/\/regalexia.com\/ca\/wp-json\/wp\/v2\/product_tag?post=6121"}],"curies":[{"name":"wp","href":"https:\/\/api.w.org\/{rel}","templated":true}]}}