 {"id":6326,"date":"2024-02-15T18:11:41","date_gmt":"2024-02-15T17:11:41","guid":{"rendered":"https:\/\/regalexia.com\/?post_type=product&#038;p=6326"},"modified":"2025-10-28T17:24:35","modified_gmt":"2025-10-28T16:24:35","slug":"taller-espectaculo-rolacirc","status":"publish","type":"product","link":"https:\/\/regalexia.com\/ca\/experiencias\/taller-espectaculo-rolacirc\/","title":{"rendered":"Taller\/Espect\u00e1culo de circo"},"content":{"rendered":"<h2 class=\"wp-block-heading\">\u00a1Un d\u00eda en el campo lleno de circo y naturaleza!<\/h2>\n\n\n\n<p>Pasa un d\u00eda en familia, rodeado de naturaleza, disfrutando de un espect\u00e1culo de circo y aprendiendo diferentes acrobacias como un artista profesional: trapecio, maroma de equilibrios, zancos de mano y de pie, hula-hops gigantes, carretes de equilibrio, monociclos y rodetes, saltimbanquis, minitrampolines y malabares de todo tipos (di\u00e1bolos, bolos, platos chinos, palos del infierno, alfombras voladoras\u2026).<\/p>\n\n\n\n<p>Los m\u00e1s peque\u00f1os podr\u00e1n disfrutar de las caravanas de maquillaje, de camerino, instrumentos musicales.<\/p>\n\n\n\n<p>11:00 a 14:00 Espect\u00e1culo y Taller<br>14:00 Comida (puedes traer tu picnic, o comprar la comida en el Bar-Vagoneta. Hay mesas cubiertas)<br>15:00 Hora del caf\u00e9 para los padres \ud83d\ude00<br>Mientras tanto los peques har\u00e1n una visita al \u00e1rea de plantas arom\u00e1ticas y realizar\u00e1n un taller.<br>16:30 Fin de la actividad<br>El recinto cuenta con lugar para aparcar, lavabos y espacio cubierto en caso de lluvia.<\/p>\n\n\n\n<p>Esta actividad se lleva a cabo en Copons (Alta Anoia), provincia de Barcelona.<\/p>\n\n\n\n<blockquote class=\"wp-block-quote is-layout-flow wp-block-quote-is-layout-flow\">\n<p>\u00ab<strong>Mant\u00e9n el circo dentro de ti, sigue adelante, no te tomes nada demasiado en serio, todo saldr\u00e1 bien al final<\/strong>\u00ab<\/p>\n<cite>David Niven.<\/cite><\/blockquote>\n\n\n\n<p>\u00a1Sum\u00e9rgete en un d\u00eda m\u00e1gico en el campo con circo y naturaleza! D\u00e9janos llevarte a un d\u00eda lleno de alegr\u00eda y diversi\u00f3n en familia<\/p>","protected":false},"excerpt":{"rendered":"<p>\u00a1Sum\u00e9rgete en un d\u00eda m\u00e1gico en el campo con circo y naturaleza!<\/p>\n<p>D\u00e9janos llevarte a un d\u00eda lleno de alegr\u00eda y diversi\u00f3n en familia con el espect\u00e1culo de Rolacirc. Dise\u00f1ado para crear momentos inolvidables, este taller\/espect\u00e1culo combina la emoci\u00f3n del circo con la belleza de la naturaleza.<\/p>\n<p>En el Circo en las Feixes de Tot Circ, disfrutar\u00e1s de un d\u00eda completo de entretenimiento circense. Desde talleres de trapecio y equilibrios hasta malabares y acrobacias, este lugar tiene todo para que tu familia se divierta al m\u00e1ximo. Adem\u00e1s, los m\u00e1s peque\u00f1os pueden disfrutar de divertidos maquillajes tem\u00e1ticos.<\/p>\n<p>No esperes m\u00e1s para regalarle a tus hijos la experiencia de un d\u00eda inolvidable. \u00a1Compra ahora y hazles felices como nunca!<\/p>","protected":false},"featured_media":8050,"comment_status":"open","ping_status":"closed","template":"","meta":{"id_video":[],"enlace_video":[],"enlace_captura":[],"invitacion_anexada":[],"pedido_anexado":[]},"product_brand":[],"product_cat":[48],"product_tag":[],"class_list":{"0":"post-6326","1":"product","2":"type-product","3":"status-publish","4":"has-post-thumbnail","6":"product_cat-creativo","8":"first","9":"instock","10":"sold-individually","11":"shipping-taxable","12":"purchasable","13":"product-type-simple"},"exclude_global_add_ons":[],"addons":[],"yoast_head":"<!-- This site is optimized with the Yoast SEO plugin v27.3 - https:\/\/yoast.com\/product\/yoast-seo-wordpress\/ -->\n<title>Taller de circo y malabares - Regalexia<\/title>\n<meta name=\"description\" content=\"Desde 10\u20ac | Calaf. Pasa un d\u00eda en familia, rodeado de naturaleza, disfrutando de un espect\u00e1culo de circo y aprendiendo diferentes acrobacias.\" \/>\n<meta name=\"robots\" content=\"index, follow, max-snippet:-1, max-image-preview:large, max-video-preview:-1\" \/>\n<link rel=\"canonical\" href=\"https:\/\/regalexia.com\/ca\/experiencias\/taller-espectaculo-rolacirc\/\" \/>\n<meta property=\"og:locale\" content=\"ca_ES\" \/>\n<meta property=\"og:type\" content=\"article\" \/>\n<meta property=\"og:title\" content=\"Taller de circo y malabares - Regalexia\" \/>\n<meta property=\"og:description\" content=\"Desde 10\u20ac | Calaf. Pasa un d\u00eda en familia, rodeado de naturaleza, disfrutando de un espect\u00e1culo de circo y aprendiendo diferentes acrobacias.\" \/>\n<meta property=\"og:url\" content=\"https:\/\/regalexia.com\/ca\/experiencias\/taller-espectaculo-rolacirc\/\" \/>\n<meta property=\"og:site_name\" content=\"Regalexia\" \/>\n<meta property=\"article:publisher\" content=\"https:\/\/www.facebook.com\/regalexia\" \/>\n<meta property=\"article:modified_time\" content=\"2025-10-28T16:24:35+00:00\" \/>\n<meta property=\"og:image\" content=\"https:\/\/regalexia.com\/wp-content\/uploads\/2024\/02\/Rolacirc-B-1.webp\" \/>\n\t<meta property=\"og:image:width\" content=\"1024\" \/>\n\t<meta property=\"og:image:height\" content=\"768\" \/>\n\t<meta property=\"og:image:type\" content=\"image\/webp\" \/>\n<meta name=\"twitter:card\" content=\"summary_large_image\" \/>\n<meta name=\"twitter:label1\" content=\"Temps estimat de lectura\" \/>\n\t<meta name=\"twitter:data1\" content=\"2 minuts\" \/>\n<script type=\"application\/ld+json\" class=\"yoast-schema-graph\">{\"@context\":\"https:\\\/\\\/schema.org\",\"@graph\":[{\"@type\":\"WebPage\",\"@id\":\"https:\\\/\\\/regalexia.com\\\/experiencias\\\/taller-espectaculo-rolacirc\\\/\",\"url\":\"https:\\\/\\\/regalexia.com\\\/experiencias\\\/taller-espectaculo-rolacirc\\\/\",\"name\":\"Taller de circo y malabares - Regalexia\",\"isPartOf\":{\"@id\":\"https:\\\/\\\/regalexia.com\\\/#website\"},\"primaryImageOfPage\":{\"@id\":\"https:\\\/\\\/regalexia.com\\\/experiencias\\\/taller-espectaculo-rolacirc\\\/#primaryimage\"},\"image\":{\"@id\":\"https:\\\/\\\/regalexia.com\\\/experiencias\\\/taller-espectaculo-rolacirc\\\/#primaryimage\"},\"thumbnailUrl\":\"https:\\\/\\\/regalexia.com\\\/wp-content\\\/uploads\\\/2024\\\/02\\\/Rolacirc-B-1.webp\",\"datePublished\":\"2024-02-15T17:11:41+00:00\",\"dateModified\":\"2025-10-28T16:24:35+00:00\",\"description\":\"Desde 10\u20ac | Calaf. Pasa un d\u00eda en familia, rodeado de naturaleza, disfrutando de un espect\u00e1culo de circo y aprendiendo diferentes acrobacias.\",\"breadcrumb\":{\"@id\":\"https:\\\/\\\/regalexia.com\\\/experiencias\\\/taller-espectaculo-rolacirc\\\/#breadcrumb\"},\"inLanguage\":\"ca\",\"potentialAction\":[{\"@type\":\"ReadAction\",\"target\":[\"https:\\\/\\\/regalexia.com\\\/experiencias\\\/taller-espectaculo-rolacirc\\\/\"]}]},{\"@type\":\"ImageObject\",\"inLanguage\":\"ca\",\"@id\":\"https:\\\/\\\/regalexia.com\\\/experiencias\\\/taller-espectaculo-rolacirc\\\/#primaryimage\",\"url\":\"https:\\\/\\\/regalexia.com\\\/wp-content\\\/uploads\\\/2024\\\/02\\\/Rolacirc-B-1.webp\",\"contentUrl\":\"https:\\\/\\\/regalexia.com\\\/wp-content\\\/uploads\\\/2024\\\/02\\\/Rolacirc-B-1.webp\",\"width\":1024,\"height\":768,\"caption\":\"Imagen de un payaso con un colorido atuendo, una gran nariz roja y un expresivo maquillaje, est\u00e1 interactuando alegremente con una ni\u00f1a vestida de rojo. La expresi\u00f3n del payaso y la mirada atenta de la ni\u00f1a reflejan un momento lleno de magia y conexi\u00f3n, donde la creatividad y el entretenimiento se fusionan en una experiencia inolvidable. Este tipo de actividades fomentan la imaginaci\u00f3n y el desarrollo emocional de los m\u00e1s peque\u00f1os, creando recuerdos que perduran. Correspondiente a la categor\u00eda de talleres creativos y experiencias para regalar a ni\u00f1os en Barcelona - Regalexia.\"},{\"@type\":\"BreadcrumbList\",\"@id\":\"https:\\\/\\\/regalexia.com\\\/experiencias\\\/taller-espectaculo-rolacirc\\\/#breadcrumb\",\"itemListElement\":[{\"@type\":\"ListItem\",\"position\":1,\"name\":\"Inicio\",\"item\":\"https:\\\/\\\/regalexia.com\\\/\"},{\"@type\":\"ListItem\",\"position\":2,\"name\":\"Experiencias\",\"item\":\"https:\\\/\\\/regalexia.com\\\/experiencias\\\/\"},{\"@type\":\"ListItem\",\"position\":3,\"name\":\"Taller\\\/Espect\u00e1culo de circo\"}]},{\"@type\":\"WebSite\",\"@id\":\"https:\\\/\\\/regalexia.com\\\/#website\",\"url\":\"https:\\\/\\\/regalexia.com\\\/\",\"name\":\"Regalexia\",\"description\":\"\",\"publisher\":{\"@id\":\"https:\\\/\\\/regalexia.com\\\/#organization\"},\"potentialAction\":[{\"@type\":\"SearchAction\",\"target\":{\"@type\":\"EntryPoint\",\"urlTemplate\":\"https:\\\/\\\/regalexia.com\\\/?s={search_term_string}\"},\"query-input\":{\"@type\":\"PropertyValueSpecification\",\"valueRequired\":true,\"valueName\":\"search_term_string\"}}],\"inLanguage\":\"ca\"},{\"@type\":\"Organization\",\"@id\":\"https:\\\/\\\/regalexia.com\\\/#organization\",\"name\":\"Regalexia\",\"url\":\"https:\\\/\\\/regalexia.com\\\/\",\"logo\":{\"@type\":\"ImageObject\",\"inLanguage\":\"ca\",\"@id\":\"https:\\\/\\\/regalexia.com\\\/#\\\/schema\\\/logo\\\/image\\\/\",\"url\":\"https:\\\/\\\/regalexia.com\\\/wp-content\\\/uploads\\\/2024\\\/05\\\/logo_webp.webp\",\"contentUrl\":\"https:\\\/\\\/regalexia.com\\\/wp-content\\\/uploads\\\/2024\\\/05\\\/logo_webp.webp\",\"width\":338,\"height\":90,\"caption\":\"Regalexia\"},\"image\":{\"@id\":\"https:\\\/\\\/regalexia.com\\\/#\\\/schema\\\/logo\\\/image\\\/\"},\"sameAs\":[\"https:\\\/\\\/www.facebook.com\\\/regalexia\",\"https:\\\/\\\/www.instagram.com\\\/regalexia\\\/\",\"https:\\\/\\\/www.youtube.com\\\/@RegalexiaRegalaIlusiones\"]}]}<\/script>\n<!-- \/ Yoast SEO plugin. -->","yoast_head_json":{"title":"Taller de circo y malabares - Regalexia","description":"Desde 10\u20ac | Calaf. Pasa un d\u00eda en familia, rodeado de naturaleza, disfrutando de un espect\u00e1culo de circo y aprendiendo diferentes acrobacias.","robots":{"index":"index","follow":"follow","max-snippet":"max-snippet:-1","max-image-preview":"max-image-preview:large","max-video-preview":"max-video-preview:-1"},"canonical":"https:\/\/regalexia.com\/ca\/experiencias\/taller-espectaculo-rolacirc\/","og_locale":"ca_ES","og_type":"article","og_title":"Taller de circo y malabares - Regalexia","og_description":"Desde 10\u20ac | Calaf. Pasa un d\u00eda en familia, rodeado de naturaleza, disfrutando de un espect\u00e1culo de circo y aprendiendo diferentes acrobacias.","og_url":"https:\/\/regalexia.com\/ca\/experiencias\/taller-espectaculo-rolacirc\/","og_site_name":"Regalexia","article_publisher":"https:\/\/www.facebook.com\/regalexia","article_modified_time":"2025-10-28T16:24:35+00:00","og_image":[{"width":1024,"height":768,"url":"https:\/\/regalexia.com\/wp-content\/uploads\/2024\/02\/Rolacirc-B-1.webp","type":"image\/webp"}],"twitter_card":"summary_large_image","twitter_misc":{"Temps estimat de lectura":"2 minuts"},"schema":{"@context":"https:\/\/schema.org","@graph":[{"@type":"WebPage","@id":"https:\/\/regalexia.com\/experiencias\/taller-espectaculo-rolacirc\/","url":"https:\/\/regalexia.com\/experiencias\/taller-espectaculo-rolacirc\/","name":"Taller de circo y malabares - Regalexia","isPartOf":{"@id":"https:\/\/regalexia.com\/#website"},"primaryImageOfPage":{"@id":"https:\/\/regalexia.com\/experiencias\/taller-espectaculo-rolacirc\/#primaryimage"},"image":{"@id":"https:\/\/regalexia.com\/experiencias\/taller-espectaculo-rolacirc\/#primaryimage"},"thumbnailUrl":"https:\/\/regalexia.com\/wp-content\/uploads\/2024\/02\/Rolacirc-B-1.webp","datePublished":"2024-02-15T17:11:41+00:00","dateModified":"2025-10-28T16:24:35+00:00","description":"Desde 10\u20ac | Calaf. Pasa un d\u00eda en familia, rodeado de naturaleza, disfrutando de un espect\u00e1culo de circo y aprendiendo diferentes acrobacias.","breadcrumb":{"@id":"https:\/\/regalexia.com\/experiencias\/taller-espectaculo-rolacirc\/#breadcrumb"},"inLanguage":"ca","potentialAction":[{"@type":"ReadAction","target":["https:\/\/regalexia.com\/experiencias\/taller-espectaculo-rolacirc\/"]}]},{"@type":"ImageObject","inLanguage":"ca","@id":"https:\/\/regalexia.com\/experiencias\/taller-espectaculo-rolacirc\/#primaryimage","url":"https:\/\/regalexia.com\/wp-content\/uploads\/2024\/02\/Rolacirc-B-1.webp","contentUrl":"https:\/\/regalexia.com\/wp-content\/uploads\/2024\/02\/Rolacirc-B-1.webp","width":1024,"height":768,"caption":"Imagen de un payaso con un colorido atuendo, una gran nariz roja y un expresivo maquillaje, est\u00e1 interactuando alegremente con una ni\u00f1a vestida de rojo. La expresi\u00f3n del payaso y la mirada atenta de la ni\u00f1a reflejan un momento lleno de magia y conexi\u00f3n, donde la creatividad y el entretenimiento se fusionan en una experiencia inolvidable. Este tipo de actividades fomentan la imaginaci\u00f3n y el desarrollo emocional de los m\u00e1s peque\u00f1os, creando recuerdos que perduran. Correspondiente a la categor\u00eda de talleres creativos y experiencias para regalar a ni\u00f1os en Barcelona - Regalexia."},{"@type":"BreadcrumbList","@id":"https:\/\/regalexia.com\/experiencias\/taller-espectaculo-rolacirc\/#breadcrumb","itemListElement":[{"@type":"ListItem","position":1,"name":"Inicio","item":"https:\/\/regalexia.com\/"},{"@type":"ListItem","position":2,"name":"Experiencias","item":"https:\/\/regalexia.com\/experiencias\/"},{"@type":"ListItem","position":3,"name":"Taller\/Espect\u00e1culo de circo"}]},{"@type":"WebSite","@id":"https:\/\/regalexia.com\/#website","url":"https:\/\/regalexia.com\/","name":"Regalexia","description":"","publisher":{"@id":"https:\/\/regalexia.com\/#organization"},"potentialAction":[{"@type":"SearchAction","target":{"@type":"EntryPoint","urlTemplate":"https:\/\/regalexia.com\/?s={search_term_string}"},"query-input":{"@type":"PropertyValueSpecification","valueRequired":true,"valueName":"search_term_string"}}],"inLanguage":"ca"},{"@type":"Organization","@id":"https:\/\/regalexia.com\/#organization","name":"Regalexia","url":"https:\/\/regalexia.com\/","logo":{"@type":"ImageObject","inLanguage":"ca","@id":"https:\/\/regalexia.com\/#\/schema\/logo\/image\/","url":"https:\/\/regalexia.com\/wp-content\/uploads\/2024\/05\/logo_webp.webp","contentUrl":"https:\/\/regalexia.com\/wp-content\/uploads\/2024\/05\/logo_webp.webp","width":338,"height":90,"caption":"Regalexia"},"image":{"@id":"https:\/\/regalexia.com\/#\/schema\/logo\/image\/"},"sameAs":["https:\/\/www.facebook.com\/regalexia","https:\/\/www.instagram.com\/regalexia\/","https:\/\/www.youtube.com\/@RegalexiaRegalaIlusiones"]}]}},"_links":{"self":[{"href":"https:\/\/regalexia.com\/ca\/wp-json\/wp\/v2\/product\/6326","targetHints":{"allow":["GET"]}}],"collection":[{"href":"https:\/\/regalexia.com\/ca\/wp-json\/wp\/v2\/product"}],"about":[{"href":"https:\/\/regalexia.com\/ca\/wp-json\/wp\/v2\/types\/product"}],"replies":[{"embeddable":true,"href":"https:\/\/regalexia.com\/ca\/wp-json\/wp\/v2\/comments?post=6326"}],"wp:featuredmedia":[{"embeddable":true,"href":"https:\/\/regalexia.com\/ca\/wp-json\/wp\/v2\/media\/8050"}],"wp:attachment":[{"href":"https:\/\/regalexia.com\/ca\/wp-json\/wp\/v2\/media?parent=6326"}],"wp:term":[{"taxonomy":"product_brand","embeddable":true,"href":"https:\/\/regalexia.com\/ca\/wp-json\/wp\/v2\/product_brand?post=6326"},{"taxonomy":"product_cat","embeddable":true,"href":"https:\/\/regalexia.com\/ca\/wp-json\/wp\/v2\/product_cat?post=6326"},{"taxonomy":"product_tag","embeddable":true,"href":"https:\/\/regalexia.com\/ca\/wp-json\/wp\/v2\/product_tag?post=6326"}],"curies":[{"name":"wp","href":"https:\/\/api.w.org\/{rel}","templated":true}]}}