 {"id":6381,"date":"2024-02-20T16:52:03","date_gmt":"2024-02-20T15:52:03","guid":{"rendered":"https:\/\/regalexia.com\/?post_type=product&#038;p=6381"},"modified":"2025-07-31T15:32:34","modified_gmt":"2025-07-31T13:32:34","slug":"pinta-cuadros-con-neon-fiesta","status":"publish","type":"product","link":"https:\/\/regalexia.com\/ca\/experiencias\/pinta-cuadros-con-neon-fiesta\/","title":{"rendered":"Pinta cuadros con ne\u00f3n"},"content":{"rendered":"<h2 class=\"wp-block-heading\">\u00bfEst\u00e1s buscando una salida creativa para que tus hijos se expresen?<\/h2>\n\n\n\n<p>Tra\u00e9los a aprender todas las t\u00e9cnicas de pintura en colores ne\u00f3n y fluorescentes. <\/p>\n\n\n\n<p>Carmen Guzm\u00e1n es una maestra especializada en Bellas Artes que ha creado este valioso taller para garanizar 1:30 horas de diversi\u00f3n en familia. En las aulas utilizamos el mismo material que utilizan los estudios profesionales y todos nuestros profesores son artistas en activo que aportan al alumno una visi\u00f3n real de la industria.<\/p>\n\n\n\n<p>En Taller de dibujo somos entusiastas del arte contempor\u00e1neo y la educaci\u00f3n creativa. Creemos que los todos los ni\u00f1os son artistas y crean obras de arte capaces de transformar el mundo.<\/p>\n\n\n\n<p>En este taller introducimos a tus hijos en el mundo del arte y al mismo tiempo les damos la oportunidad de explorar su lado creativo.<\/p>\n\n\n\n<p>Adem\u00e1s, tiene muchos beneficios que pueden ayudarlos a desarrollar sus habilidades art\u00edsticas en el futuro:<\/p>\n\n\n\n<ul class=\"wp-block-list\">\n<li>Expresi\u00f3n de los sentimientos que son dif\u00edciles de verbalizar.<\/li>\n\n\n\n<li>Un artist@ expert@ os guia durante el taller y participa con vosotros.<\/li>\n\n\n\n<li>Desarrollo de habilidades de afrontamiento saludables.<\/li>\n\n\n\n<li>Exploraci\u00f3n de la imaginaci\u00f3n y la creatividad.<\/li>\n\n\n\n<li>Mejorar la autoestima y la confianza.<\/li>\n\n\n\n<li>Identificaci\u00f3n y aclaraci\u00f3n de las preocupaciones.<\/li>\n\n\n\n<li>A todos los ni\u00f1@s les encantan las actividades pl\u00e1sticas, porque disfrutan, se evaden y son ellos mismos.<\/li>\n\n\n\n<li>Trabajan la psicomotricidad y la ejecuci\u00f3n del trazo, habilidades que ser\u00e1n muy importantes que dependen de la coordinaci\u00f3n ojo-mano.<\/li>\n\n\n\n<li>A todos estos beneficios de la pintura, le sumamos la estimulaci\u00f3n visual mediante la diferenciaci\u00f3n de luz y oscuridad y la percepci\u00f3n de colores en la oscuridad usando pinturas fluorescentes.<\/li>\n<\/ul>\n\n\n\n<p>Regala esta experiencia y rodeado de colores, t\u00e9cnicas y pinceles ense\u00f1emosles una nueva perspectiva de los problemas y de todo lo que los rodea.<\/p>\n\n\n\n<p>Incluye: \u201cpiscolabis\u201d para amenizar y disfrutar. Si existe alg\u00fan tipo de intolerancia o alergia se debe avisar.<\/p>\n\n\n\n<blockquote class=\"wp-block-quote is-layout-flow wp-block-quote-is-layout-flow\">\n<p>\u00abA veces hay que estropear un poquito el cuadro para poder terminarlo\u00bb<\/p>\n<cite> Eug\u00e8ne Delacroix<\/cite><\/blockquote>\n\n\n\n<p>T\u00fa pon la diversi\u00f3n y nosotros ponemos todo lo necesario para que puedas crear tu obra maestra y llev\u00e1rtela a casa<\/p>","protected":false},"excerpt":{"rendered":"<p>\u00a1Transforma la fiesta de tu hijo en una explosi\u00f3n de colores y creatividad! En nuestro taller de dibujo con pintura ne\u00f3n y fluorescente, tus peque\u00f1os artistas descubrir\u00e1n un mundo nuevo de posibilidades. Con la gu\u00eda experta de Carmen Guzm\u00e1n y nuestro equipo de artistas profesionales, tus hijos disfrutar\u00e1n de 2.5 horas de diversi\u00f3n garantizada. Adem\u00e1s, con pica-pica incluido, la fiesta ser\u00e1 un \u00e9xito total. \u00a1Deja volar su imaginaci\u00f3n y crea recuerdos inolvidables en su d\u00eda especial!<\/p>\n<p>Pode\u00eds llevar vuestra bebida y vuestro pastel y poder disponer de la sala para repartir los regalos.<\/p>","protected":false},"featured_media":8537,"comment_status":"open","ping_status":"closed","template":"","meta":{"id_video":[],"enlace_video":[],"enlace_captura":[],"invitacion_anexada":[],"pedido_anexado":[]},"product_brand":[],"product_cat":[100],"product_tag":[],"class_list":{"0":"post-6381","1":"product","2":"type-product","3":"status-publish","4":"has-post-thumbnail","6":"product_cat-fiestas-originales","8":"first","9":"instock","10":"sold-individually","11":"shipping-taxable","12":"purchasable","13":"product-type-appointment"},"exclude_global_add_ons":false,"addons":[{"name":"Entrada","type":"multiple_choice","position":0,"required":true,"title_format":"label","default":"","description_enable":false,"description":"","placeholder_enable":false,"placeholder":"","display":"select","restrictions_type":"any_text","adjust_price":false,"price":"","price_type":"flat_fee","restrictions":false,"min":"0","max":"0","options":[{"label":"Reservaci\u00f3n de \u20ac50","price":"30","price_type":"quantity_based","image":0,"visibility":true},{"label":"Reservaci\u00f3n de \u20ac100","price":"80","price_type":"quantity_based","image":0,"visibility":true},{"label":"Reservaci\u00f3n de \u20ac150","price":"130","price_type":"quantity_based","image":0,"visibility":true}],"id":1709257844},{"name":"Numero de asistentes","type":"input_multiplier","position":1,"required":true,"title_format":"label","default":"","description_enable":false,"description":"","placeholder_enable":false,"placeholder":"","display":"select","restrictions_type":"any_text","adjust_price":false,"price":"","price_type":"flat_fee","restrictions":false,"min":"0","max":"0","options":[],"id":1709257845}],"yoast_head":"<!-- This site is optimized with the Yoast SEO plugin v27.3 - https:\/\/yoast.com\/product\/yoast-seo-wordpress\/ -->\n<title>Pinta cuadros con ne\u00f3n - Sitios para celebrar fiestas con ni\u00f1os en Barcelona - Regalexia<\/title>\n<meta name=\"description\" content=\"\u00bfSitios para celebrar fiestas con ni\u00f1os en Barcelona? Pinta cuadros de Ne\u00f3n desde 20\u20ac. 2.5 horas de diversi\u00f3n con pintura fluorescente. \u00a1Reserva ahora!&quot;\" \/>\n<meta name=\"robots\" content=\"index, follow, max-snippet:-1, max-image-preview:large, max-video-preview:-1\" \/>\n<link rel=\"canonical\" href=\"https:\/\/regalexia.com\/ca\/experiencias\/pinta-cuadros-con-neon-fiesta\/\" \/>\n<meta property=\"og:locale\" content=\"ca_ES\" \/>\n<meta property=\"og:type\" content=\"article\" \/>\n<meta property=\"og:title\" content=\"Pinta cuadros con ne\u00f3n - Sitios para celebrar fiestas con ni\u00f1os en Barcelona - Regalexia\" \/>\n<meta property=\"og:description\" content=\"\u00bfSitios para celebrar fiestas con ni\u00f1os en Barcelona? Pinta cuadros de Ne\u00f3n desde 20\u20ac. 2.5 horas de diversi\u00f3n con pintura fluorescente. \u00a1Reserva ahora!&quot;\" \/>\n<meta property=\"og:url\" content=\"https:\/\/regalexia.com\/ca\/experiencias\/pinta-cuadros-con-neon-fiesta\/\" \/>\n<meta property=\"og:site_name\" content=\"Regalexia\" \/>\n<meta property=\"article:publisher\" content=\"https:\/\/www.facebook.com\/regalexia\" \/>\n<meta property=\"article:modified_time\" content=\"2025-07-31T13:32:34+00:00\" \/>\n<meta property=\"og:image\" content=\"https:\/\/regalexia.com\/wp-content\/uploads\/2024\/02\/taller-de-pintura-fluorescente-y-neon-B.webp\" \/>\n\t<meta property=\"og:image:width\" content=\"1024\" \/>\n\t<meta property=\"og:image:height\" content=\"768\" \/>\n\t<meta property=\"og:image:type\" content=\"image\/webp\" \/>\n<meta name=\"twitter:card\" content=\"summary_large_image\" \/>\n<meta name=\"twitter:label1\" content=\"Temps estimat de lectura\" \/>\n\t<meta name=\"twitter:data1\" content=\"2 minuts\" \/>\n<script type=\"application\/ld+json\" class=\"yoast-schema-graph\">{\"@context\":\"https:\\\/\\\/schema.org\",\"@graph\":[{\"@type\":\"WebPage\",\"@id\":\"https:\\\/\\\/regalexia.com\\\/experiencias\\\/pinta-cuadros-con-neon-fiesta\\\/\",\"url\":\"https:\\\/\\\/regalexia.com\\\/experiencias\\\/pinta-cuadros-con-neon-fiesta\\\/\",\"name\":\"Pinta cuadros con ne\u00f3n - Sitios para celebrar fiestas con ni\u00f1os en Barcelona - Regalexia\",\"isPartOf\":{\"@id\":\"https:\\\/\\\/regalexia.com\\\/#website\"},\"primaryImageOfPage\":{\"@id\":\"https:\\\/\\\/regalexia.com\\\/experiencias\\\/pinta-cuadros-con-neon-fiesta\\\/#primaryimage\"},\"image\":{\"@id\":\"https:\\\/\\\/regalexia.com\\\/experiencias\\\/pinta-cuadros-con-neon-fiesta\\\/#primaryimage\"},\"thumbnailUrl\":\"https:\\\/\\\/regalexia.com\\\/wp-content\\\/uploads\\\/2024\\\/02\\\/taller-de-pintura-fluorescente-y-neon-B.webp\",\"datePublished\":\"2024-02-20T15:52:03+00:00\",\"dateModified\":\"2025-07-31T13:32:34+00:00\",\"description\":\"\u00bfSitios para celebrar fiestas con ni\u00f1os en Barcelona? Pinta cuadros de Ne\u00f3n desde 20\u20ac. 2.5 horas de diversi\u00f3n con pintura fluorescente. \u00a1Reserva ahora!\\\"\",\"breadcrumb\":{\"@id\":\"https:\\\/\\\/regalexia.com\\\/experiencias\\\/pinta-cuadros-con-neon-fiesta\\\/#breadcrumb\"},\"inLanguage\":\"ca\",\"potentialAction\":[{\"@type\":\"ReadAction\",\"target\":[\"https:\\\/\\\/regalexia.com\\\/experiencias\\\/pinta-cuadros-con-neon-fiesta\\\/\"]}]},{\"@type\":\"ImageObject\",\"inLanguage\":\"ca\",\"@id\":\"https:\\\/\\\/regalexia.com\\\/experiencias\\\/pinta-cuadros-con-neon-fiesta\\\/#primaryimage\",\"url\":\"https:\\\/\\\/regalexia.com\\\/wp-content\\\/uploads\\\/2024\\\/02\\\/taller-de-pintura-fluorescente-y-neon-B.webp\",\"contentUrl\":\"https:\\\/\\\/regalexia.com\\\/wp-content\\\/uploads\\\/2024\\\/02\\\/taller-de-pintura-fluorescente-y-neon-B.webp\",\"width\":1024,\"height\":768,\"caption\":\"En la imagen, se aprecia a una ni\u00f1a radiante de felicidad mientras sostiene orgullosamente su pintura ne\u00f3n. A su lado, un ni\u00f1o peque\u00f1o y una mujer sonriente tambi\u00e9n muestran sus obras de arte, cada una brillando intensamente bajo la luz ultravioleta. Correspondiente a la categor\u00eda de tallesres creativos. Sitios para celebrar fiestas con ni\u00f1os en Barcelona\"},{\"@type\":\"BreadcrumbList\",\"@id\":\"https:\\\/\\\/regalexia.com\\\/experiencias\\\/pinta-cuadros-con-neon-fiesta\\\/#breadcrumb\",\"itemListElement\":[{\"@type\":\"ListItem\",\"position\":1,\"name\":\"Inicio\",\"item\":\"https:\\\/\\\/regalexia.com\\\/\"},{\"@type\":\"ListItem\",\"position\":2,\"name\":\"Experiencias\",\"item\":\"https:\\\/\\\/regalexia.com\\\/experiencias\\\/\"},{\"@type\":\"ListItem\",\"position\":3,\"name\":\"Pinta cuadros con ne\u00f3n\"}]},{\"@type\":\"WebSite\",\"@id\":\"https:\\\/\\\/regalexia.com\\\/#website\",\"url\":\"https:\\\/\\\/regalexia.com\\\/\",\"name\":\"Regalexia\",\"description\":\"\",\"publisher\":{\"@id\":\"https:\\\/\\\/regalexia.com\\\/#organization\"},\"potentialAction\":[{\"@type\":\"SearchAction\",\"target\":{\"@type\":\"EntryPoint\",\"urlTemplate\":\"https:\\\/\\\/regalexia.com\\\/?s={search_term_string}\"},\"query-input\":{\"@type\":\"PropertyValueSpecification\",\"valueRequired\":true,\"valueName\":\"search_term_string\"}}],\"inLanguage\":\"ca\"},{\"@type\":\"Organization\",\"@id\":\"https:\\\/\\\/regalexia.com\\\/#organization\",\"name\":\"Regalexia\",\"url\":\"https:\\\/\\\/regalexia.com\\\/\",\"logo\":{\"@type\":\"ImageObject\",\"inLanguage\":\"ca\",\"@id\":\"https:\\\/\\\/regalexia.com\\\/#\\\/schema\\\/logo\\\/image\\\/\",\"url\":\"https:\\\/\\\/regalexia.com\\\/wp-content\\\/uploads\\\/2024\\\/05\\\/logo_webp.webp\",\"contentUrl\":\"https:\\\/\\\/regalexia.com\\\/wp-content\\\/uploads\\\/2024\\\/05\\\/logo_webp.webp\",\"width\":338,\"height\":90,\"caption\":\"Regalexia\"},\"image\":{\"@id\":\"https:\\\/\\\/regalexia.com\\\/#\\\/schema\\\/logo\\\/image\\\/\"},\"sameAs\":[\"https:\\\/\\\/www.facebook.com\\\/regalexia\",\"https:\\\/\\\/www.instagram.com\\\/regalexia\\\/\",\"https:\\\/\\\/www.youtube.com\\\/@RegalexiaRegalaIlusiones\"]}]}<\/script>\n<!-- \/ Yoast SEO plugin. -->","yoast_head_json":{"title":"Pinta cuadros con ne\u00f3n - Sitios para celebrar fiestas con ni\u00f1os en Barcelona - Regalexia","description":"\u00bfSitios para celebrar fiestas con ni\u00f1os en Barcelona? Pinta cuadros de Ne\u00f3n desde 20\u20ac. 2.5 horas de diversi\u00f3n con pintura fluorescente. \u00a1Reserva ahora!\"","robots":{"index":"index","follow":"follow","max-snippet":"max-snippet:-1","max-image-preview":"max-image-preview:large","max-video-preview":"max-video-preview:-1"},"canonical":"https:\/\/regalexia.com\/ca\/experiencias\/pinta-cuadros-con-neon-fiesta\/","og_locale":"ca_ES","og_type":"article","og_title":"Pinta cuadros con ne\u00f3n - Sitios para celebrar fiestas con ni\u00f1os en Barcelona - Regalexia","og_description":"\u00bfSitios para celebrar fiestas con ni\u00f1os en Barcelona? Pinta cuadros de Ne\u00f3n desde 20\u20ac. 2.5 horas de diversi\u00f3n con pintura fluorescente. \u00a1Reserva ahora!\"","og_url":"https:\/\/regalexia.com\/ca\/experiencias\/pinta-cuadros-con-neon-fiesta\/","og_site_name":"Regalexia","article_publisher":"https:\/\/www.facebook.com\/regalexia","article_modified_time":"2025-07-31T13:32:34+00:00","og_image":[{"width":1024,"height":768,"url":"https:\/\/regalexia.com\/wp-content\/uploads\/2024\/02\/taller-de-pintura-fluorescente-y-neon-B.webp","type":"image\/webp"}],"twitter_card":"summary_large_image","twitter_misc":{"Temps estimat de lectura":"2 minuts"},"schema":{"@context":"https:\/\/schema.org","@graph":[{"@type":"WebPage","@id":"https:\/\/regalexia.com\/experiencias\/pinta-cuadros-con-neon-fiesta\/","url":"https:\/\/regalexia.com\/experiencias\/pinta-cuadros-con-neon-fiesta\/","name":"Pinta cuadros con ne\u00f3n - Sitios para celebrar fiestas con ni\u00f1os en Barcelona - Regalexia","isPartOf":{"@id":"https:\/\/regalexia.com\/#website"},"primaryImageOfPage":{"@id":"https:\/\/regalexia.com\/experiencias\/pinta-cuadros-con-neon-fiesta\/#primaryimage"},"image":{"@id":"https:\/\/regalexia.com\/experiencias\/pinta-cuadros-con-neon-fiesta\/#primaryimage"},"thumbnailUrl":"https:\/\/regalexia.com\/wp-content\/uploads\/2024\/02\/taller-de-pintura-fluorescente-y-neon-B.webp","datePublished":"2024-02-20T15:52:03+00:00","dateModified":"2025-07-31T13:32:34+00:00","description":"\u00bfSitios para celebrar fiestas con ni\u00f1os en Barcelona? Pinta cuadros de Ne\u00f3n desde 20\u20ac. 2.5 horas de diversi\u00f3n con pintura fluorescente. \u00a1Reserva ahora!\"","breadcrumb":{"@id":"https:\/\/regalexia.com\/experiencias\/pinta-cuadros-con-neon-fiesta\/#breadcrumb"},"inLanguage":"ca","potentialAction":[{"@type":"ReadAction","target":["https:\/\/regalexia.com\/experiencias\/pinta-cuadros-con-neon-fiesta\/"]}]},{"@type":"ImageObject","inLanguage":"ca","@id":"https:\/\/regalexia.com\/experiencias\/pinta-cuadros-con-neon-fiesta\/#primaryimage","url":"https:\/\/regalexia.com\/wp-content\/uploads\/2024\/02\/taller-de-pintura-fluorescente-y-neon-B.webp","contentUrl":"https:\/\/regalexia.com\/wp-content\/uploads\/2024\/02\/taller-de-pintura-fluorescente-y-neon-B.webp","width":1024,"height":768,"caption":"En la imagen, se aprecia a una ni\u00f1a radiante de felicidad mientras sostiene orgullosamente su pintura ne\u00f3n. A su lado, un ni\u00f1o peque\u00f1o y una mujer sonriente tambi\u00e9n muestran sus obras de arte, cada una brillando intensamente bajo la luz ultravioleta. Correspondiente a la categor\u00eda de tallesres creativos. Sitios para celebrar fiestas con ni\u00f1os en Barcelona"},{"@type":"BreadcrumbList","@id":"https:\/\/regalexia.com\/experiencias\/pinta-cuadros-con-neon-fiesta\/#breadcrumb","itemListElement":[{"@type":"ListItem","position":1,"name":"Inicio","item":"https:\/\/regalexia.com\/"},{"@type":"ListItem","position":2,"name":"Experiencias","item":"https:\/\/regalexia.com\/experiencias\/"},{"@type":"ListItem","position":3,"name":"Pinta cuadros con ne\u00f3n"}]},{"@type":"WebSite","@id":"https:\/\/regalexia.com\/#website","url":"https:\/\/regalexia.com\/","name":"Regalexia","description":"","publisher":{"@id":"https:\/\/regalexia.com\/#organization"},"potentialAction":[{"@type":"SearchAction","target":{"@type":"EntryPoint","urlTemplate":"https:\/\/regalexia.com\/?s={search_term_string}"},"query-input":{"@type":"PropertyValueSpecification","valueRequired":true,"valueName":"search_term_string"}}],"inLanguage":"ca"},{"@type":"Organization","@id":"https:\/\/regalexia.com\/#organization","name":"Regalexia","url":"https:\/\/regalexia.com\/","logo":{"@type":"ImageObject","inLanguage":"ca","@id":"https:\/\/regalexia.com\/#\/schema\/logo\/image\/","url":"https:\/\/regalexia.com\/wp-content\/uploads\/2024\/05\/logo_webp.webp","contentUrl":"https:\/\/regalexia.com\/wp-content\/uploads\/2024\/05\/logo_webp.webp","width":338,"height":90,"caption":"Regalexia"},"image":{"@id":"https:\/\/regalexia.com\/#\/schema\/logo\/image\/"},"sameAs":["https:\/\/www.facebook.com\/regalexia","https:\/\/www.instagram.com\/regalexia\/","https:\/\/www.youtube.com\/@RegalexiaRegalaIlusiones"]}]}},"_links":{"self":[{"href":"https:\/\/regalexia.com\/ca\/wp-json\/wp\/v2\/product\/6381","targetHints":{"allow":["GET"]}}],"collection":[{"href":"https:\/\/regalexia.com\/ca\/wp-json\/wp\/v2\/product"}],"about":[{"href":"https:\/\/regalexia.com\/ca\/wp-json\/wp\/v2\/types\/product"}],"replies":[{"embeddable":true,"href":"https:\/\/regalexia.com\/ca\/wp-json\/wp\/v2\/comments?post=6381"}],"wp:featuredmedia":[{"embeddable":true,"href":"https:\/\/regalexia.com\/ca\/wp-json\/wp\/v2\/media\/8537"}],"wp:attachment":[{"href":"https:\/\/regalexia.com\/ca\/wp-json\/wp\/v2\/media?parent=6381"}],"wp:term":[{"taxonomy":"product_brand","embeddable":true,"href":"https:\/\/regalexia.com\/ca\/wp-json\/wp\/v2\/product_brand?post=6381"},{"taxonomy":"product_cat","embeddable":true,"href":"https:\/\/regalexia.com\/ca\/wp-json\/wp\/v2\/product_cat?post=6381"},{"taxonomy":"product_tag","embeddable":true,"href":"https:\/\/regalexia.com\/ca\/wp-json\/wp\/v2\/product_tag?post=6381"}],"curies":[{"name":"wp","href":"https:\/\/api.w.org\/{rel}","templated":true}]}}