 {"id":6387,"date":"2024-02-20T17:03:47","date_gmt":"2024-02-20T16:03:47","guid":{"rendered":"https:\/\/regalexia.com\/?post_type=product&#038;p=6387"},"modified":"2024-07-26T15:48:37","modified_gmt":"2024-07-26T13:48:37","slug":"taller-espectaculo-de-circo-fiestas","status":"publish","type":"product","link":"https:\/\/regalexia.com\/ca\/experiencias\/taller-espectaculo-de-circo-fiestas\/","title":{"rendered":"Taller\/Espect\u00e1culo de circo"},"content":{"rendered":"<h2 class=\"wp-block-heading\">\u00a1Un d\u00eda en el campo lleno de circo y naturaleza!<\/h2>\n\n\n\n<p>Pasa un d\u00eda en familia, rodeado de naturaleza, disfrutando de un espect\u00e1culo de circo y aprendiendo diferentes acrobacias como un artista profesional: trapecio, maroma de equilibrios, zancos de mano y de pie, hula-hops gigantes, carretes de equilibrio, monociclos y rodetes, saltimbanquis, minitrampolines y malabares de todo tipos (di\u00e1bolos, bolos, platos chinos, palos del infierno, alfombras voladoras\u2026).<\/p>\n\n\n\n<p>Los m\u00e1s peque\u00f1os podr\u00e1n disfrutar de las caravanas de maquillaje, de camerino, instrumentos musicales.<\/p>\n\n\n\n<p>11:00 a 14:00 Espect\u00e1culo y Taller<br>14:00 Comida (puedes traer tu picnic, o comprar la comida en el Bar-Vagoneta. Hay mesas cubiertas)<br>15:00 Hora del caf\u00e9 para los padres \ud83d\ude00<br>Mientras tanto los peques har\u00e1n una visita al \u00e1rea de plantas arom\u00e1ticas y realizar\u00e1n un taller.<br>16:30 Fin de la actividad<br>El recinto cuenta con lugar para aparcar, lavabos y espacio cubierto en caso de lluvia.<\/p>\n\n\n\n<p>Esta actividad se lleva a cabo en Copons (Alta Anoia), provincia de Barcelona.<\/p>\n\n\n\n<blockquote class=\"wp-block-quote is-layout-flow wp-block-quote-is-layout-flow\">\n<p>\u00ab<strong>Mant\u00e9n el circo dentro de ti, sigue adelante, no te tomes nada demasiado en serio, todo saldr\u00e1 bien al final<\/strong>\u00ab<\/p>\n<cite>David Niven.<\/cite><\/blockquote>","protected":false},"excerpt":{"rendered":"<p>D\u00e9janos llevarte a un d\u00eda lleno de alegr\u00eda y diversi\u00f3n en familia con el espect\u00e1culo de Rolacirc. Dise\u00f1ado para crear momentos inolvidables, este taller\/espect\u00e1culo combina la emoci\u00f3n del circo con la belleza de la naturaleza.<\/p>\n<p>En el Circo en las Feixes de Tot Circ, disfrutar\u00e1s de un d\u00eda completo de entretenimiento circense. Desde talleres de trapecio y equilibrios hasta malabares y acrobacias, este lugar tiene todo para que tu hijo festeje una fiesta muy original.<\/p>\n<p>No esperes m\u00e1s para regalarle a tus hijos la experiencia de un d\u00eda inolvidable. \u00a1Compra ahora y hazles felices como nunca en vuestra celebraci\u00f3n!<\/p>","protected":false},"featured_media":8050,"comment_status":"open","ping_status":"closed","template":"","meta":{"id_video":[],"enlace_video":[],"enlace_captura":[],"invitacion_anexada":[],"pedido_anexado":[]},"product_brand":[],"product_cat":[100],"product_tag":[],"class_list":{"0":"post-6387","1":"product","2":"type-product","3":"status-publish","4":"has-post-thumbnail","6":"product_cat-fiestas-originales","8":"first","9":"instock","10":"shipping-taxable","11":"purchasable","12":"product-type-appointment"},"exclude_global_add_ons":false,"addons":[{"name":"Entrada","type":"multiple_choice","position":0,"required":true,"title_format":"label","default":"","description_enable":true,"description":"","placeholder_enable":false,"placeholder":"","display":"select","restrictions_type":"any_text","adjust_price":false,"price":"","price_type":"flat_fee","restrictions":false,"min":"0","max":"0","options":[{"label":"Individual a partir de los 3 a\u00f1os","price":"","price_type":"flat_fee","image":0,"visibility":true}],"id":1716446380}],"yoast_head":"<!-- This site is optimized with the Yoast SEO plugin v27.5 - https:\/\/yoast.com\/product\/yoast-seo-wordpress\/ -->\n<title>Taller\/Espect\u00e1culo de circo- Sitios para celebrar fiestas con ni\u00f1os en Barcelona - Regalexia<\/title>\n<meta name=\"description\" content=\"Disfruta de un d\u00eda m\u00e1gico con actividades circenses y naturaleza \u00bfBuscas sitios para celebrar fiestas con ni\u00f1os en Barcelona? Reserva ahora desde 10\u20ac\" \/>\n<meta name=\"robots\" content=\"index, follow, max-snippet:-1, max-image-preview:large, max-video-preview:-1\" \/>\n<link rel=\"canonical\" href=\"https:\/\/regalexia.com\/ca\/experiencias\/taller-espectaculo-de-circo-fiestas\/\" \/>\n<meta property=\"og:locale\" content=\"ca_ES\" \/>\n<meta property=\"og:type\" content=\"article\" \/>\n<meta property=\"og:title\" content=\"Taller\/Espect\u00e1culo de circo- Sitios para celebrar fiestas con ni\u00f1os en Barcelona - Regalexia\" \/>\n<meta property=\"og:description\" content=\"Disfruta de un d\u00eda m\u00e1gico con actividades circenses y naturaleza \u00bfBuscas sitios para celebrar fiestas con ni\u00f1os en Barcelona? Reserva ahora desde 10\u20ac\" \/>\n<meta property=\"og:url\" content=\"https:\/\/regalexia.com\/ca\/experiencias\/taller-espectaculo-de-circo-fiestas\/\" \/>\n<meta property=\"og:site_name\" content=\"Regalexia\" \/>\n<meta property=\"article:publisher\" content=\"https:\/\/www.facebook.com\/regalexia\" \/>\n<meta property=\"article:modified_time\" content=\"2024-07-26T13:48:37+00:00\" \/>\n<meta property=\"og:image\" content=\"https:\/\/regalexia.com\/wp-content\/uploads\/2024\/02\/Rolacirc-B-1.webp\" \/>\n\t<meta property=\"og:image:width\" content=\"1024\" \/>\n\t<meta property=\"og:image:height\" content=\"768\" \/>\n\t<meta property=\"og:image:type\" content=\"image\/webp\" \/>\n<meta name=\"twitter:card\" content=\"summary_large_image\" \/>\n<meta name=\"twitter:label1\" content=\"Temps estimat de lectura\" \/>\n\t<meta name=\"twitter:data1\" content=\"1 minut\" \/>\n<script type=\"application\/ld+json\" class=\"yoast-schema-graph\">{\"@context\":\"https:\\\/\\\/schema.org\",\"@graph\":[{\"@type\":\"WebPage\",\"@id\":\"https:\\\/\\\/regalexia.com\\\/experiencias\\\/taller-espectaculo-de-circo-fiestas\\\/\",\"url\":\"https:\\\/\\\/regalexia.com\\\/experiencias\\\/taller-espectaculo-de-circo-fiestas\\\/\",\"name\":\"Taller\\\/Espect\u00e1culo de circo- Sitios para celebrar fiestas con ni\u00f1os en Barcelona - Regalexia\",\"isPartOf\":{\"@id\":\"https:\\\/\\\/regalexia.com\\\/#website\"},\"primaryImageOfPage\":{\"@id\":\"https:\\\/\\\/regalexia.com\\\/experiencias\\\/taller-espectaculo-de-circo-fiestas\\\/#primaryimage\"},\"image\":{\"@id\":\"https:\\\/\\\/regalexia.com\\\/experiencias\\\/taller-espectaculo-de-circo-fiestas\\\/#primaryimage\"},\"thumbnailUrl\":\"https:\\\/\\\/regalexia.com\\\/wp-content\\\/uploads\\\/2024\\\/02\\\/Rolacirc-B-1.webp\",\"datePublished\":\"2024-02-20T16:03:47+00:00\",\"dateModified\":\"2024-07-26T13:48:37+00:00\",\"description\":\"Disfruta de un d\u00eda m\u00e1gico con actividades circenses y naturaleza \u00bfBuscas sitios para celebrar fiestas con ni\u00f1os en Barcelona? Reserva ahora desde 10\u20ac\",\"breadcrumb\":{\"@id\":\"https:\\\/\\\/regalexia.com\\\/experiencias\\\/taller-espectaculo-de-circo-fiestas\\\/#breadcrumb\"},\"inLanguage\":\"ca\",\"potentialAction\":[{\"@type\":\"ReadAction\",\"target\":[\"https:\\\/\\\/regalexia.com\\\/experiencias\\\/taller-espectaculo-de-circo-fiestas\\\/\"]}]},{\"@type\":\"ImageObject\",\"inLanguage\":\"ca\",\"@id\":\"https:\\\/\\\/regalexia.com\\\/experiencias\\\/taller-espectaculo-de-circo-fiestas\\\/#primaryimage\",\"url\":\"https:\\\/\\\/regalexia.com\\\/wp-content\\\/uploads\\\/2024\\\/02\\\/Rolacirc-B-1.webp\",\"contentUrl\":\"https:\\\/\\\/regalexia.com\\\/wp-content\\\/uploads\\\/2024\\\/02\\\/Rolacirc-B-1.webp\",\"width\":1024,\"height\":768,\"caption\":\"Imagen de un payaso con un colorido atuendo, una gran nariz roja y un expresivo maquillaje, est\u00e1 interactuando alegremente con una ni\u00f1a vestida de rojo. La expresi\u00f3n del payaso y la mirada atenta de la ni\u00f1a reflejan un momento lleno de magia y conexi\u00f3n, donde la creatividad y el entretenimiento se fusionan en una experiencia inolvidable. Este tipo de actividades fomentan la imaginaci\u00f3n y el desarrollo emocional de los m\u00e1s peque\u00f1os, creando recuerdos que perduran. Correspondiente a la categor\u00eda de talleres creativos y experiencias para regalar a ni\u00f1os en Barcelona - Regalexia.\"},{\"@type\":\"BreadcrumbList\",\"@id\":\"https:\\\/\\\/regalexia.com\\\/experiencias\\\/taller-espectaculo-de-circo-fiestas\\\/#breadcrumb\",\"itemListElement\":[{\"@type\":\"ListItem\",\"position\":1,\"name\":\"Inicio\",\"item\":\"https:\\\/\\\/regalexia.com\\\/\"},{\"@type\":\"ListItem\",\"position\":2,\"name\":\"Experiencias\",\"item\":\"https:\\\/\\\/regalexia.com\\\/experiencias\\\/\"},{\"@type\":\"ListItem\",\"position\":3,\"name\":\"Taller\\\/Espect\u00e1culo de circo\"}]},{\"@type\":\"WebSite\",\"@id\":\"https:\\\/\\\/regalexia.com\\\/#website\",\"url\":\"https:\\\/\\\/regalexia.com\\\/\",\"name\":\"Regalexia\",\"description\":\"\",\"publisher\":{\"@id\":\"https:\\\/\\\/regalexia.com\\\/#organization\"},\"potentialAction\":[{\"@type\":\"SearchAction\",\"target\":{\"@type\":\"EntryPoint\",\"urlTemplate\":\"https:\\\/\\\/regalexia.com\\\/?s={search_term_string}\"},\"query-input\":{\"@type\":\"PropertyValueSpecification\",\"valueRequired\":true,\"valueName\":\"search_term_string\"}}],\"inLanguage\":\"ca\"},{\"@type\":\"Organization\",\"@id\":\"https:\\\/\\\/regalexia.com\\\/#organization\",\"name\":\"Regalexia\",\"url\":\"https:\\\/\\\/regalexia.com\\\/\",\"logo\":{\"@type\":\"ImageObject\",\"inLanguage\":\"ca\",\"@id\":\"https:\\\/\\\/regalexia.com\\\/#\\\/schema\\\/logo\\\/image\\\/\",\"url\":\"https:\\\/\\\/regalexia.com\\\/wp-content\\\/uploads\\\/2024\\\/05\\\/logo_webp.webp\",\"contentUrl\":\"https:\\\/\\\/regalexia.com\\\/wp-content\\\/uploads\\\/2024\\\/05\\\/logo_webp.webp\",\"width\":338,\"height\":90,\"caption\":\"Regalexia\"},\"image\":{\"@id\":\"https:\\\/\\\/regalexia.com\\\/#\\\/schema\\\/logo\\\/image\\\/\"},\"sameAs\":[\"https:\\\/\\\/www.facebook.com\\\/regalexia\",\"https:\\\/\\\/www.instagram.com\\\/regalexia\\\/\",\"https:\\\/\\\/www.youtube.com\\\/@RegalexiaRegalaIlusiones\"]}]}<\/script>\n<!-- \/ Yoast SEO plugin. -->","yoast_head_json":{"title":"Taller\/Espect\u00e1culo de circo- Sitios para celebrar fiestas con ni\u00f1os en Barcelona - Regalexia","description":"Disfruta de un d\u00eda m\u00e1gico con actividades circenses y naturaleza \u00bfBuscas sitios para celebrar fiestas con ni\u00f1os en Barcelona? Reserva ahora desde 10\u20ac","robots":{"index":"index","follow":"follow","max-snippet":"max-snippet:-1","max-image-preview":"max-image-preview:large","max-video-preview":"max-video-preview:-1"},"canonical":"https:\/\/regalexia.com\/ca\/experiencias\/taller-espectaculo-de-circo-fiestas\/","og_locale":"ca_ES","og_type":"article","og_title":"Taller\/Espect\u00e1culo de circo- Sitios para celebrar fiestas con ni\u00f1os en Barcelona - Regalexia","og_description":"Disfruta de un d\u00eda m\u00e1gico con actividades circenses y naturaleza \u00bfBuscas sitios para celebrar fiestas con ni\u00f1os en Barcelona? Reserva ahora desde 10\u20ac","og_url":"https:\/\/regalexia.com\/ca\/experiencias\/taller-espectaculo-de-circo-fiestas\/","og_site_name":"Regalexia","article_publisher":"https:\/\/www.facebook.com\/regalexia","article_modified_time":"2024-07-26T13:48:37+00:00","og_image":[{"width":1024,"height":768,"url":"https:\/\/regalexia.com\/wp-content\/uploads\/2024\/02\/Rolacirc-B-1.webp","type":"image\/webp"}],"twitter_card":"summary_large_image","twitter_misc":{"Temps estimat de lectura":"1 minut"},"schema":{"@context":"https:\/\/schema.org","@graph":[{"@type":"WebPage","@id":"https:\/\/regalexia.com\/experiencias\/taller-espectaculo-de-circo-fiestas\/","url":"https:\/\/regalexia.com\/experiencias\/taller-espectaculo-de-circo-fiestas\/","name":"Taller\/Espect\u00e1culo de circo- Sitios para celebrar fiestas con ni\u00f1os en Barcelona - Regalexia","isPartOf":{"@id":"https:\/\/regalexia.com\/#website"},"primaryImageOfPage":{"@id":"https:\/\/regalexia.com\/experiencias\/taller-espectaculo-de-circo-fiestas\/#primaryimage"},"image":{"@id":"https:\/\/regalexia.com\/experiencias\/taller-espectaculo-de-circo-fiestas\/#primaryimage"},"thumbnailUrl":"https:\/\/regalexia.com\/wp-content\/uploads\/2024\/02\/Rolacirc-B-1.webp","datePublished":"2024-02-20T16:03:47+00:00","dateModified":"2024-07-26T13:48:37+00:00","description":"Disfruta de un d\u00eda m\u00e1gico con actividades circenses y naturaleza \u00bfBuscas sitios para celebrar fiestas con ni\u00f1os en Barcelona? Reserva ahora desde 10\u20ac","breadcrumb":{"@id":"https:\/\/regalexia.com\/experiencias\/taller-espectaculo-de-circo-fiestas\/#breadcrumb"},"inLanguage":"ca","potentialAction":[{"@type":"ReadAction","target":["https:\/\/regalexia.com\/experiencias\/taller-espectaculo-de-circo-fiestas\/"]}]},{"@type":"ImageObject","inLanguage":"ca","@id":"https:\/\/regalexia.com\/experiencias\/taller-espectaculo-de-circo-fiestas\/#primaryimage","url":"https:\/\/regalexia.com\/wp-content\/uploads\/2024\/02\/Rolacirc-B-1.webp","contentUrl":"https:\/\/regalexia.com\/wp-content\/uploads\/2024\/02\/Rolacirc-B-1.webp","width":1024,"height":768,"caption":"Imagen de un payaso con un colorido atuendo, una gran nariz roja y un expresivo maquillaje, est\u00e1 interactuando alegremente con una ni\u00f1a vestida de rojo. La expresi\u00f3n del payaso y la mirada atenta de la ni\u00f1a reflejan un momento lleno de magia y conexi\u00f3n, donde la creatividad y el entretenimiento se fusionan en una experiencia inolvidable. Este tipo de actividades fomentan la imaginaci\u00f3n y el desarrollo emocional de los m\u00e1s peque\u00f1os, creando recuerdos que perduran. Correspondiente a la categor\u00eda de talleres creativos y experiencias para regalar a ni\u00f1os en Barcelona - Regalexia."},{"@type":"BreadcrumbList","@id":"https:\/\/regalexia.com\/experiencias\/taller-espectaculo-de-circo-fiestas\/#breadcrumb","itemListElement":[{"@type":"ListItem","position":1,"name":"Inicio","item":"https:\/\/regalexia.com\/"},{"@type":"ListItem","position":2,"name":"Experiencias","item":"https:\/\/regalexia.com\/experiencias\/"},{"@type":"ListItem","position":3,"name":"Taller\/Espect\u00e1culo de circo"}]},{"@type":"WebSite","@id":"https:\/\/regalexia.com\/#website","url":"https:\/\/regalexia.com\/","name":"Regalexia","description":"","publisher":{"@id":"https:\/\/regalexia.com\/#organization"},"potentialAction":[{"@type":"SearchAction","target":{"@type":"EntryPoint","urlTemplate":"https:\/\/regalexia.com\/?s={search_term_string}"},"query-input":{"@type":"PropertyValueSpecification","valueRequired":true,"valueName":"search_term_string"}}],"inLanguage":"ca"},{"@type":"Organization","@id":"https:\/\/regalexia.com\/#organization","name":"Regalexia","url":"https:\/\/regalexia.com\/","logo":{"@type":"ImageObject","inLanguage":"ca","@id":"https:\/\/regalexia.com\/#\/schema\/logo\/image\/","url":"https:\/\/regalexia.com\/wp-content\/uploads\/2024\/05\/logo_webp.webp","contentUrl":"https:\/\/regalexia.com\/wp-content\/uploads\/2024\/05\/logo_webp.webp","width":338,"height":90,"caption":"Regalexia"},"image":{"@id":"https:\/\/regalexia.com\/#\/schema\/logo\/image\/"},"sameAs":["https:\/\/www.facebook.com\/regalexia","https:\/\/www.instagram.com\/regalexia\/","https:\/\/www.youtube.com\/@RegalexiaRegalaIlusiones"]}]}},"_links":{"self":[{"href":"https:\/\/regalexia.com\/ca\/wp-json\/wp\/v2\/product\/6387","targetHints":{"allow":["GET"]}}],"collection":[{"href":"https:\/\/regalexia.com\/ca\/wp-json\/wp\/v2\/product"}],"about":[{"href":"https:\/\/regalexia.com\/ca\/wp-json\/wp\/v2\/types\/product"}],"replies":[{"embeddable":true,"href":"https:\/\/regalexia.com\/ca\/wp-json\/wp\/v2\/comments?post=6387"}],"wp:featuredmedia":[{"embeddable":true,"href":"https:\/\/regalexia.com\/ca\/wp-json\/wp\/v2\/media\/8050"}],"wp:attachment":[{"href":"https:\/\/regalexia.com\/ca\/wp-json\/wp\/v2\/media?parent=6387"}],"wp:term":[{"taxonomy":"product_brand","embeddable":true,"href":"https:\/\/regalexia.com\/ca\/wp-json\/wp\/v2\/product_brand?post=6387"},{"taxonomy":"product_cat","embeddable":true,"href":"https:\/\/regalexia.com\/ca\/wp-json\/wp\/v2\/product_cat?post=6387"},{"taxonomy":"product_tag","embeddable":true,"href":"https:\/\/regalexia.com\/ca\/wp-json\/wp\/v2\/product_tag?post=6387"}],"curies":[{"name":"wp","href":"https:\/\/api.w.org\/{rel}","templated":true}]}}