 {"id":6388,"date":"2024-02-20T17:05:22","date_gmt":"2024-02-20T16:05:22","guid":{"rendered":"https:\/\/regalexia.com\/?post_type=product&#038;p=6388"},"modified":"2024-07-26T15:51:43","modified_gmt":"2024-07-26T13:51:43","slug":"urban-sketching-fiestas","status":"publish","type":"product","link":"https:\/\/regalexia.com\/ca\/experiencias\/urban-sketching-fiestas\/","title":{"rendered":"Urban Sketching"},"content":{"rendered":"<h1 class=\"wp-block-heading\">\u00bfY si tu hijo deja el m\u00f3vil por un rato y aprende a dibujar Barcelona y los paisajes que ve a trav\u00e9s del l\u00e1piz y el papel?<\/h1>\n\n\n\n<p>Dibujar Barcelona a mano, en pocas palabras, es \u00a1observar y trasladar al papel lo que vemos! Para participar en esta clase de urban sketching, \u00a1no se necesita saber dibujar o pintar! Carol te dar\u00e1 las pautas de c\u00f3mo hacerlo, y te vas a llevar a casa el resultado del cual realmente te vas a sorprender: comienzas a crear tu propio cuaderno de dibujo (sketchbook). <\/p>\n\n\n\n<h2 class=\"wp-block-heading\">Beneficios del Urban Sketching:<\/h2>\n\n\n\n<ul class=\"wp-block-list\">\n<li>Mejora la psicomotricidad<\/li>\n\n\n\n<li>Brinda tranquilidad.<\/li>\n\n\n\n<li>Aumenta la creatividad.<\/li>\n<\/ul>\n\n\n\n<p>No necesitas nada m\u00e1s que las ganas de dejar fluir tu creatividad y poder mirar los paisajes desde otra perspectiva. Todo el material necesario est\u00e1 incluido.<br>Crea y disfruta un gran momento al lado de los tuyos con estas clases y haz de turista para llevarte una foto hecha por tus propias manos.<\/p>\n\n\n\n<blockquote class=\"wp-block-quote is-layout-flow wp-block-quote-is-layout-flow\">\n<p>\u00ab<strong>En aprender a pintar como los pintores del renacimiento tard\u00e9 unos a\u00f1os; pintar como los ni\u00f1os me llev\u00f3 toda la vida<\/strong>\u00ab<\/p>\n<cite>Pablo Picasso<\/cite><\/blockquote>\n\n\n\n<p>\u00bfHas probado ya el resultado de regalar experiencias en lugar de cosas materiales a los ni\u00f1os?<\/p>","protected":false},"excerpt":{"rendered":"<p>\u00a1Transforma tus fiestas familiares liberando la creatividad de vuestros hijos con nuestro emocionante Taller de Urban Sketching! Desde la belleza de Barcelona, inspirad su imaginaci\u00f3n mientras observan paisajes desde nuevas perspectivas. Con un grupo m\u00ednimo de 4 personas, la actividad se adapta exclusivamente a vosotros y vuestros seres queridos, creando un momento especial. <\/p>\n<p>\u00a1Regalad esta experiencia \u00fanica y despertad su pasi\u00f3n por el arte en una ocasi\u00f3n tan especial! Comprad ahora y disfrutad de momentos inolvidables en la hermosa Barcelona. \u00a1No esper\u00e9is m\u00e1s, vivid la aventura con una fiesta llena de creatividad!<\/p>","protected":false},"featured_media":8076,"comment_status":"open","ping_status":"closed","template":"","meta":{"id_video":[],"enlace_video":[],"enlace_captura":[],"invitacion_anexada":[],"pedido_anexado":[]},"product_brand":[],"product_cat":[100],"product_tag":[],"class_list":{"0":"post-6388","1":"product","2":"type-product","3":"status-publish","4":"has-post-thumbnail","6":"product_cat-fiestas-originales","8":"first","9":"instock","10":"shipping-taxable","11":"purchasable","12":"product-type-appointment"},"exclude_global_add_ons":false,"addons":[{"name":"Entrada","type":"multiple_choice","position":0,"required":true,"title_format":"label","default":"","description_enable":false,"description":"","placeholder_enable":false,"placeholder":"","display":"select","restrictions_type":"any_text","adjust_price":false,"price":"","price_type":"flat_fee","restrictions":false,"min":"0","max":"0","options":[{"label":"Entrada adicional","price":"","price_type":"quantity_based","image":0,"visibility":true},{"label":"4 personas","price":"70","price_type":"quantity_based","image":0,"visibility":true}],"id":1708448752}],"yoast_head":"<!-- This site is optimized with the Yoast SEO plugin v27.5 - https:\/\/yoast.com\/product\/yoast-seo-wordpress\/ -->\n<title>Urban Sketching- Sitios para celebrar fiestas con ni\u00f1os en Barcelona - Regalexia<\/title>\n<meta name=\"description\" content=\"Buscas sitios para celebrar fiestas con ni\u00f1os en Barcelona? Urban Sketching en desde 35\u20ac. Libera la creatividad de tus hijos y celebra un cumplea\u00f1os \u00fanico\" \/>\n<meta name=\"robots\" content=\"index, follow, max-snippet:-1, max-image-preview:large, max-video-preview:-1\" \/>\n<link rel=\"canonical\" href=\"https:\/\/regalexia.com\/ca\/experiencias\/urban-sketching-fiestas\/\" \/>\n<meta property=\"og:locale\" content=\"ca_ES\" \/>\n<meta property=\"og:type\" content=\"article\" \/>\n<meta property=\"og:title\" content=\"Urban Sketching- Sitios para celebrar fiestas con ni\u00f1os en Barcelona - Regalexia\" \/>\n<meta property=\"og:description\" content=\"Buscas sitios para celebrar fiestas con ni\u00f1os en Barcelona? Urban Sketching en desde 35\u20ac. Libera la creatividad de tus hijos y celebra un cumplea\u00f1os \u00fanico\" \/>\n<meta property=\"og:url\" content=\"https:\/\/regalexia.com\/ca\/experiencias\/urban-sketching-fiestas\/\" \/>\n<meta property=\"og:site_name\" content=\"Regalexia\" \/>\n<meta property=\"article:publisher\" content=\"https:\/\/www.facebook.com\/regalexia\" \/>\n<meta property=\"article:modified_time\" content=\"2024-07-26T13:51:43+00:00\" \/>\n<meta property=\"og:image\" content=\"https:\/\/regalexia.com\/wp-content\/uploads\/2024\/02\/Urban-Sketching-D.webp\" \/>\n\t<meta property=\"og:image:width\" content=\"1024\" \/>\n\t<meta property=\"og:image:height\" content=\"768\" \/>\n\t<meta property=\"og:image:type\" content=\"image\/webp\" \/>\n<meta name=\"twitter:card\" content=\"summary_large_image\" \/>\n<meta name=\"twitter:label1\" content=\"Temps estimat de lectura\" \/>\n\t<meta name=\"twitter:data1\" content=\"1 minut\" \/>\n<script type=\"application\/ld+json\" class=\"yoast-schema-graph\">{\"@context\":\"https:\\\/\\\/schema.org\",\"@graph\":[{\"@type\":\"WebPage\",\"@id\":\"https:\\\/\\\/regalexia.com\\\/experiencias\\\/urban-sketching-fiestas\\\/\",\"url\":\"https:\\\/\\\/regalexia.com\\\/experiencias\\\/urban-sketching-fiestas\\\/\",\"name\":\"Urban Sketching- Sitios para celebrar fiestas con ni\u00f1os en Barcelona - Regalexia\",\"isPartOf\":{\"@id\":\"https:\\\/\\\/regalexia.com\\\/#website\"},\"primaryImageOfPage\":{\"@id\":\"https:\\\/\\\/regalexia.com\\\/experiencias\\\/urban-sketching-fiestas\\\/#primaryimage\"},\"image\":{\"@id\":\"https:\\\/\\\/regalexia.com\\\/experiencias\\\/urban-sketching-fiestas\\\/#primaryimage\"},\"thumbnailUrl\":\"https:\\\/\\\/regalexia.com\\\/wp-content\\\/uploads\\\/2024\\\/02\\\/Urban-Sketching-D.webp\",\"datePublished\":\"2024-02-20T16:05:22+00:00\",\"dateModified\":\"2024-07-26T13:51:43+00:00\",\"description\":\"Buscas sitios para celebrar fiestas con ni\u00f1os en Barcelona? Urban Sketching en desde 35\u20ac. Libera la creatividad de tus hijos y celebra un cumplea\u00f1os \u00fanico\",\"breadcrumb\":{\"@id\":\"https:\\\/\\\/regalexia.com\\\/experiencias\\\/urban-sketching-fiestas\\\/#breadcrumb\"},\"inLanguage\":\"ca\",\"potentialAction\":[{\"@type\":\"ReadAction\",\"target\":[\"https:\\\/\\\/regalexia.com\\\/experiencias\\\/urban-sketching-fiestas\\\/\"]}]},{\"@type\":\"ImageObject\",\"inLanguage\":\"ca\",\"@id\":\"https:\\\/\\\/regalexia.com\\\/experiencias\\\/urban-sketching-fiestas\\\/#primaryimage\",\"url\":\"https:\\\/\\\/regalexia.com\\\/wp-content\\\/uploads\\\/2024\\\/02\\\/Urban-Sketching-D.webp\",\"contentUrl\":\"https:\\\/\\\/regalexia.com\\\/wp-content\\\/uploads\\\/2024\\\/02\\\/Urban-Sketching-D.webp\",\"width\":1024,\"height\":768,\"caption\":\"Imagen de una ni\u00f1a , con una sonrisa radiante en su rostro, sentada en una mesa frente a una ventana con vista a la majestuosa Sagrada Familia de Barcelona. Sus manos, llenas de colores vibrantes, dan vida a una hoja de papel en blanco. Correspondiente a la categor\u00eda de talleres creativos. Fiestas de cumplea\u00f1os originales para ni\u00f1os en Barcelona - Regalexia.\"},{\"@type\":\"BreadcrumbList\",\"@id\":\"https:\\\/\\\/regalexia.com\\\/experiencias\\\/urban-sketching-fiestas\\\/#breadcrumb\",\"itemListElement\":[{\"@type\":\"ListItem\",\"position\":1,\"name\":\"Inicio\",\"item\":\"https:\\\/\\\/regalexia.com\\\/\"},{\"@type\":\"ListItem\",\"position\":2,\"name\":\"Experiencias\",\"item\":\"https:\\\/\\\/regalexia.com\\\/experiencias\\\/\"},{\"@type\":\"ListItem\",\"position\":3,\"name\":\"Urban Sketching\"}]},{\"@type\":\"WebSite\",\"@id\":\"https:\\\/\\\/regalexia.com\\\/#website\",\"url\":\"https:\\\/\\\/regalexia.com\\\/\",\"name\":\"Regalexia\",\"description\":\"\",\"publisher\":{\"@id\":\"https:\\\/\\\/regalexia.com\\\/#organization\"},\"potentialAction\":[{\"@type\":\"SearchAction\",\"target\":{\"@type\":\"EntryPoint\",\"urlTemplate\":\"https:\\\/\\\/regalexia.com\\\/?s={search_term_string}\"},\"query-input\":{\"@type\":\"PropertyValueSpecification\",\"valueRequired\":true,\"valueName\":\"search_term_string\"}}],\"inLanguage\":\"ca\"},{\"@type\":\"Organization\",\"@id\":\"https:\\\/\\\/regalexia.com\\\/#organization\",\"name\":\"Regalexia\",\"url\":\"https:\\\/\\\/regalexia.com\\\/\",\"logo\":{\"@type\":\"ImageObject\",\"inLanguage\":\"ca\",\"@id\":\"https:\\\/\\\/regalexia.com\\\/#\\\/schema\\\/logo\\\/image\\\/\",\"url\":\"https:\\\/\\\/regalexia.com\\\/wp-content\\\/uploads\\\/2024\\\/05\\\/logo_webp.webp\",\"contentUrl\":\"https:\\\/\\\/regalexia.com\\\/wp-content\\\/uploads\\\/2024\\\/05\\\/logo_webp.webp\",\"width\":338,\"height\":90,\"caption\":\"Regalexia\"},\"image\":{\"@id\":\"https:\\\/\\\/regalexia.com\\\/#\\\/schema\\\/logo\\\/image\\\/\"},\"sameAs\":[\"https:\\\/\\\/www.facebook.com\\\/regalexia\",\"https:\\\/\\\/www.instagram.com\\\/regalexia\\\/\",\"https:\\\/\\\/www.youtube.com\\\/@RegalexiaRegalaIlusiones\"]}]}<\/script>\n<!-- \/ Yoast SEO plugin. -->","yoast_head_json":{"title":"Urban Sketching- Sitios para celebrar fiestas con ni\u00f1os en Barcelona - Regalexia","description":"Buscas sitios para celebrar fiestas con ni\u00f1os en Barcelona? Urban Sketching en desde 35\u20ac. Libera la creatividad de tus hijos y celebra un cumplea\u00f1os \u00fanico","robots":{"index":"index","follow":"follow","max-snippet":"max-snippet:-1","max-image-preview":"max-image-preview:large","max-video-preview":"max-video-preview:-1"},"canonical":"https:\/\/regalexia.com\/ca\/experiencias\/urban-sketching-fiestas\/","og_locale":"ca_ES","og_type":"article","og_title":"Urban Sketching- Sitios para celebrar fiestas con ni\u00f1os en Barcelona - Regalexia","og_description":"Buscas sitios para celebrar fiestas con ni\u00f1os en Barcelona? Urban Sketching en desde 35\u20ac. Libera la creatividad de tus hijos y celebra un cumplea\u00f1os \u00fanico","og_url":"https:\/\/regalexia.com\/ca\/experiencias\/urban-sketching-fiestas\/","og_site_name":"Regalexia","article_publisher":"https:\/\/www.facebook.com\/regalexia","article_modified_time":"2024-07-26T13:51:43+00:00","og_image":[{"width":1024,"height":768,"url":"https:\/\/regalexia.com\/wp-content\/uploads\/2024\/02\/Urban-Sketching-D.webp","type":"image\/webp"}],"twitter_card":"summary_large_image","twitter_misc":{"Temps estimat de lectura":"1 minut"},"schema":{"@context":"https:\/\/schema.org","@graph":[{"@type":"WebPage","@id":"https:\/\/regalexia.com\/experiencias\/urban-sketching-fiestas\/","url":"https:\/\/regalexia.com\/experiencias\/urban-sketching-fiestas\/","name":"Urban Sketching- Sitios para celebrar fiestas con ni\u00f1os en Barcelona - Regalexia","isPartOf":{"@id":"https:\/\/regalexia.com\/#website"},"primaryImageOfPage":{"@id":"https:\/\/regalexia.com\/experiencias\/urban-sketching-fiestas\/#primaryimage"},"image":{"@id":"https:\/\/regalexia.com\/experiencias\/urban-sketching-fiestas\/#primaryimage"},"thumbnailUrl":"https:\/\/regalexia.com\/wp-content\/uploads\/2024\/02\/Urban-Sketching-D.webp","datePublished":"2024-02-20T16:05:22+00:00","dateModified":"2024-07-26T13:51:43+00:00","description":"Buscas sitios para celebrar fiestas con ni\u00f1os en Barcelona? Urban Sketching en desde 35\u20ac. Libera la creatividad de tus hijos y celebra un cumplea\u00f1os \u00fanico","breadcrumb":{"@id":"https:\/\/regalexia.com\/experiencias\/urban-sketching-fiestas\/#breadcrumb"},"inLanguage":"ca","potentialAction":[{"@type":"ReadAction","target":["https:\/\/regalexia.com\/experiencias\/urban-sketching-fiestas\/"]}]},{"@type":"ImageObject","inLanguage":"ca","@id":"https:\/\/regalexia.com\/experiencias\/urban-sketching-fiestas\/#primaryimage","url":"https:\/\/regalexia.com\/wp-content\/uploads\/2024\/02\/Urban-Sketching-D.webp","contentUrl":"https:\/\/regalexia.com\/wp-content\/uploads\/2024\/02\/Urban-Sketching-D.webp","width":1024,"height":768,"caption":"Imagen de una ni\u00f1a , con una sonrisa radiante en su rostro, sentada en una mesa frente a una ventana con vista a la majestuosa Sagrada Familia de Barcelona. Sus manos, llenas de colores vibrantes, dan vida a una hoja de papel en blanco. Correspondiente a la categor\u00eda de talleres creativos. Fiestas de cumplea\u00f1os originales para ni\u00f1os en Barcelona - Regalexia."},{"@type":"BreadcrumbList","@id":"https:\/\/regalexia.com\/experiencias\/urban-sketching-fiestas\/#breadcrumb","itemListElement":[{"@type":"ListItem","position":1,"name":"Inicio","item":"https:\/\/regalexia.com\/"},{"@type":"ListItem","position":2,"name":"Experiencias","item":"https:\/\/regalexia.com\/experiencias\/"},{"@type":"ListItem","position":3,"name":"Urban Sketching"}]},{"@type":"WebSite","@id":"https:\/\/regalexia.com\/#website","url":"https:\/\/regalexia.com\/","name":"Regalexia","description":"","publisher":{"@id":"https:\/\/regalexia.com\/#organization"},"potentialAction":[{"@type":"SearchAction","target":{"@type":"EntryPoint","urlTemplate":"https:\/\/regalexia.com\/?s={search_term_string}"},"query-input":{"@type":"PropertyValueSpecification","valueRequired":true,"valueName":"search_term_string"}}],"inLanguage":"ca"},{"@type":"Organization","@id":"https:\/\/regalexia.com\/#organization","name":"Regalexia","url":"https:\/\/regalexia.com\/","logo":{"@type":"ImageObject","inLanguage":"ca","@id":"https:\/\/regalexia.com\/#\/schema\/logo\/image\/","url":"https:\/\/regalexia.com\/wp-content\/uploads\/2024\/05\/logo_webp.webp","contentUrl":"https:\/\/regalexia.com\/wp-content\/uploads\/2024\/05\/logo_webp.webp","width":338,"height":90,"caption":"Regalexia"},"image":{"@id":"https:\/\/regalexia.com\/#\/schema\/logo\/image\/"},"sameAs":["https:\/\/www.facebook.com\/regalexia","https:\/\/www.instagram.com\/regalexia\/","https:\/\/www.youtube.com\/@RegalexiaRegalaIlusiones"]}]}},"_links":{"self":[{"href":"https:\/\/regalexia.com\/ca\/wp-json\/wp\/v2\/product\/6388","targetHints":{"allow":["GET"]}}],"collection":[{"href":"https:\/\/regalexia.com\/ca\/wp-json\/wp\/v2\/product"}],"about":[{"href":"https:\/\/regalexia.com\/ca\/wp-json\/wp\/v2\/types\/product"}],"replies":[{"embeddable":true,"href":"https:\/\/regalexia.com\/ca\/wp-json\/wp\/v2\/comments?post=6388"}],"wp:featuredmedia":[{"embeddable":true,"href":"https:\/\/regalexia.com\/ca\/wp-json\/wp\/v2\/media\/8076"}],"wp:attachment":[{"href":"https:\/\/regalexia.com\/ca\/wp-json\/wp\/v2\/media?parent=6388"}],"wp:term":[{"taxonomy":"product_brand","embeddable":true,"href":"https:\/\/regalexia.com\/ca\/wp-json\/wp\/v2\/product_brand?post=6388"},{"taxonomy":"product_cat","embeddable":true,"href":"https:\/\/regalexia.com\/ca\/wp-json\/wp\/v2\/product_cat?post=6388"},{"taxonomy":"product_tag","embeddable":true,"href":"https:\/\/regalexia.com\/ca\/wp-json\/wp\/v2\/product_tag?post=6388"}],"curies":[{"name":"wp","href":"https:\/\/api.w.org\/{rel}","templated":true}]}}