 {"id":6395,"date":"2024-02-20T17:46:12","date_gmt":"2024-02-20T16:46:12","guid":{"rendered":"https:\/\/regalexia.com\/?post_type=product&#038;p=6395"},"modified":"2024-07-26T15:53:57","modified_gmt":"2024-07-26T13:53:57","slug":"hollywood-en-miniatura-stop-motion-fiestas","status":"publish","type":"product","link":"https:\/\/regalexia.com\/ca\/experiencias\/hollywood-en-miniatura-stop-motion-fiestas\/","title":{"rendered":"Hollywood en miniatura: Stop Motion"},"content":{"rendered":"<p>Construyendo aventuras: Hollywood en miniatura \u00a1Una experiencia de Stop Motion en familia con LEGO. <\/p>\n\n\n\n<p>\u00a1Bienvenidos a una emocionante jornada de creatividad en familia! En esta actividad, nos sumergimos en el fascinante mundo de la animaci\u00f3n stop motion con LEGO. Cada uno de ustedes ser\u00e1 arquitecto, cineasta y narrador, \u00a1todo en uno! Juntos, construiremos sets impresionantes, daremos vida a nuestros personajes LEGO con movimientos creativos, y capturaremos cada momento para crear una pel\u00edcula \u00fanica.  <\/p>\n\n\n\n<p>Aprovecharemos luces y sombras, a\u00f1adiremos detalles encantadores y, despu\u00e9s de un divertido proceso de edici\u00f3n, tendr\u00e1n en sus manos una obra maestra cinematogr\u00e1fica en miniatura. Pero eso no es todo, tambi\u00e9n podr\u00e9is a\u00f1adir voces y m\u00fasica para realizar la experiencia, y qui\u00e9n sabe, \u00a1quiz\u00e1s alg\u00fan que otro efecto especial sorprendente!<\/p>\n\n\n\n<p>La idea es que se lleven este tesoro a casa y lo compartan con la familia durante las comidas, creando momentos inolvidables para recordar y revivir una y otra vez. \u00a1Preparense para una aventura llena de risas, creatividad y, por supuesto, mucha acci\u00f3n LEGO! \u00a1Que la diversi\u00f3n comience! <\/p>\n\n\n\n<blockquote class=\"wp-block-quote is-layout-flow wp-block-quote-is-layout-flow\">\n<p><strong>\u00abLlegar juntos es el principio. Mantenerse juntos, es el progreso. Trabajar juntos es el \u00e9xito\u00bb<\/strong><\/p>\n<cite>Henry Ford<\/cite><\/blockquote>\n\n\n\n<p>Junto al equipo de El Trencaclosques contar\u00e9is con un\/a experto\/a ingeniero\/a que os ayuda en cada paso de la actividad. \u00bfEst\u00e1is preparados para vivir la experiencia de Hollywood en Miniatura?<\/p>","protected":false},"excerpt":{"rendered":"<p><span style=\"font-weight: 400\">\u00a1Celebra tus fiestas familiares descubriendo Hollywood en Miniatura con tu familia! \u00a1Sum\u00e9rgete en la creatividad y s\u00e9 arquitecto, cineasta y narrador en uno!<\/p>\n<p>Construye sets impresionantes, da vida a personajes LEGO con movimientos creativos y captura cada momento para una pel\u00edcula \u00fanica. A\u00f1ade luces, sombras, detalles encantadores y crea una obra maestra cinematogr\u00e1fica en miniatura. \u00a1No esperes m\u00e1s!<\/p>\n<p>\u00a1Haz de cada encuentro un momento inolvidable compartiendo esta experiencia \u00fanica con tus seres queridos! \u00a1Aventura, risas y acci\u00f3n LEGO te esperan! \u00a1Vive la magia con Regalexia!<\/p>","protected":false},"featured_media":8072,"comment_status":"open","ping_status":"closed","template":"","meta":{"id_video":[],"enlace_video":[],"enlace_captura":[],"invitacion_anexada":[],"pedido_anexado":[]},"product_brand":[],"product_cat":[100],"product_tag":[],"class_list":{"0":"post-6395","1":"product","2":"type-product","3":"status-publish","4":"has-post-thumbnail","6":"product_cat-fiestas-originales","8":"first","9":"instock","10":"shipping-taxable","11":"purchasable","12":"product-type-appointment"},"exclude_global_add_ons":true,"addons":[{"name":"Entrada","type":"multiple_choice","position":0,"required":true,"title_format":"label","default":"","description_enable":false,"description":"","placeholder_enable":false,"placeholder":"","display":"select","restrictions_type":"any_text","adjust_price":false,"price":"","price_type":"flat_fee","restrictions":false,"min":"0","max":"0","options":[{"label":"4 personas","price":"57","price_type":"quantity_based","image":0,"visibility":true},{"label":"Entrada adicional","price":"","price_type":"quantity_based","image":0,"visibility":true}],"id":1708451514}],"yoast_head":"<!-- This site is optimized with the Yoast SEO plugin v27.5 - https:\/\/yoast.com\/product\/yoast-seo-wordpress\/ -->\n<title>Hollywood en miniatura: Stop Motion - Sitios para celebrar fiestas con ni\u00f1os en Barcelona - Regalexia<\/title>\n<meta name=\"description\" content=\"Crea tu pel\u00edcula LEGO. Hollywood en miniatura - Stop Motion. Reserva desde 19\u20ac. Descubre sitios para celebrar fiestas con ni\u00f1os en Barcelona\" \/>\n<meta name=\"robots\" content=\"index, follow, max-snippet:-1, max-image-preview:large, max-video-preview:-1\" \/>\n<link rel=\"canonical\" href=\"https:\/\/regalexia.com\/ca\/experiencias\/hollywood-en-miniatura-stop-motion-fiestas\/\" \/>\n<meta property=\"og:locale\" content=\"ca_ES\" \/>\n<meta property=\"og:type\" content=\"article\" \/>\n<meta property=\"og:title\" content=\"Hollywood en miniatura: Stop Motion - Sitios para celebrar fiestas con ni\u00f1os en Barcelona - Regalexia\" \/>\n<meta property=\"og:description\" content=\"Crea tu pel\u00edcula LEGO. Hollywood en miniatura - Stop Motion. Reserva desde 19\u20ac. Descubre sitios para celebrar fiestas con ni\u00f1os en Barcelona\" \/>\n<meta property=\"og:url\" content=\"https:\/\/regalexia.com\/ca\/experiencias\/hollywood-en-miniatura-stop-motion-fiestas\/\" \/>\n<meta property=\"og:site_name\" content=\"Regalexia\" \/>\n<meta property=\"article:publisher\" content=\"https:\/\/www.facebook.com\/regalexia\" \/>\n<meta property=\"article:modified_time\" content=\"2024-07-26T13:53:57+00:00\" \/>\n<meta property=\"og:image\" content=\"https:\/\/regalexia.com\/wp-content\/uploads\/2024\/02\/Stop-motion-IA.webp\" \/>\n\t<meta property=\"og:image:width\" content=\"1024\" \/>\n\t<meta property=\"og:image:height\" content=\"768\" \/>\n\t<meta property=\"og:image:type\" content=\"image\/webp\" \/>\n<meta name=\"twitter:card\" content=\"summary_large_image\" \/>\n<meta name=\"twitter:label1\" content=\"Temps estimat de lectura\" \/>\n\t<meta name=\"twitter:data1\" content=\"2 minuts\" \/>\n<script type=\"application\/ld+json\" class=\"yoast-schema-graph\">{\"@context\":\"https:\\\/\\\/schema.org\",\"@graph\":[{\"@type\":\"WebPage\",\"@id\":\"https:\\\/\\\/regalexia.com\\\/experiencias\\\/hollywood-en-miniatura-stop-motion-fiestas\\\/\",\"url\":\"https:\\\/\\\/regalexia.com\\\/experiencias\\\/hollywood-en-miniatura-stop-motion-fiestas\\\/\",\"name\":\"Hollywood en miniatura: Stop Motion - Sitios para celebrar fiestas con ni\u00f1os en Barcelona - Regalexia\",\"isPartOf\":{\"@id\":\"https:\\\/\\\/regalexia.com\\\/#website\"},\"primaryImageOfPage\":{\"@id\":\"https:\\\/\\\/regalexia.com\\\/experiencias\\\/hollywood-en-miniatura-stop-motion-fiestas\\\/#primaryimage\"},\"image\":{\"@id\":\"https:\\\/\\\/regalexia.com\\\/experiencias\\\/hollywood-en-miniatura-stop-motion-fiestas\\\/#primaryimage\"},\"thumbnailUrl\":\"https:\\\/\\\/regalexia.com\\\/wp-content\\\/uploads\\\/2024\\\/02\\\/Stop-motion-IA.webp\",\"datePublished\":\"2024-02-20T16:46:12+00:00\",\"dateModified\":\"2024-07-26T13:53:57+00:00\",\"description\":\"Crea tu pel\u00edcula LEGO. Hollywood en miniatura - Stop Motion. Reserva desde 19\u20ac. Descubre sitios para celebrar fiestas con ni\u00f1os en Barcelona\",\"breadcrumb\":{\"@id\":\"https:\\\/\\\/regalexia.com\\\/experiencias\\\/hollywood-en-miniatura-stop-motion-fiestas\\\/#breadcrumb\"},\"inLanguage\":\"ca\",\"potentialAction\":[{\"@type\":\"ReadAction\",\"target\":[\"https:\\\/\\\/regalexia.com\\\/experiencias\\\/hollywood-en-miniatura-stop-motion-fiestas\\\/\"]}]},{\"@type\":\"ImageObject\",\"inLanguage\":\"ca\",\"@id\":\"https:\\\/\\\/regalexia.com\\\/experiencias\\\/hollywood-en-miniatura-stop-motion-fiestas\\\/#primaryimage\",\"url\":\"https:\\\/\\\/regalexia.com\\\/wp-content\\\/uploads\\\/2024\\\/02\\\/Stop-motion-IA.webp\",\"contentUrl\":\"https:\\\/\\\/regalexia.com\\\/wp-content\\\/uploads\\\/2024\\\/02\\\/Stop-motion-IA.webp\",\"width\":1024,\"height\":768,\"caption\":\"Imagen un ni\u00f1o y una ni\u00f1a, sentados frente a una peque\u00f1a mesa Delante de ellos, se encuentra un escenario improvisado hecho de legos. En este peque\u00f1o universo, los personajes cobran vida gracias a la t\u00e9cnica del stop motion. Correspondiente a la categor\u00eda de cient\u00edfico. Fiestas de cumplea\u00f1os originales para ni\u00f1os en Barcelona - Regalexia.\"},{\"@type\":\"BreadcrumbList\",\"@id\":\"https:\\\/\\\/regalexia.com\\\/experiencias\\\/hollywood-en-miniatura-stop-motion-fiestas\\\/#breadcrumb\",\"itemListElement\":[{\"@type\":\"ListItem\",\"position\":1,\"name\":\"Inicio\",\"item\":\"https:\\\/\\\/regalexia.com\\\/\"},{\"@type\":\"ListItem\",\"position\":2,\"name\":\"Experiencias\",\"item\":\"https:\\\/\\\/regalexia.com\\\/experiencias\\\/\"},{\"@type\":\"ListItem\",\"position\":3,\"name\":\"Hollywood en miniatura: Stop Motion\"}]},{\"@type\":\"WebSite\",\"@id\":\"https:\\\/\\\/regalexia.com\\\/#website\",\"url\":\"https:\\\/\\\/regalexia.com\\\/\",\"name\":\"Regalexia\",\"description\":\"\",\"publisher\":{\"@id\":\"https:\\\/\\\/regalexia.com\\\/#organization\"},\"potentialAction\":[{\"@type\":\"SearchAction\",\"target\":{\"@type\":\"EntryPoint\",\"urlTemplate\":\"https:\\\/\\\/regalexia.com\\\/?s={search_term_string}\"},\"query-input\":{\"@type\":\"PropertyValueSpecification\",\"valueRequired\":true,\"valueName\":\"search_term_string\"}}],\"inLanguage\":\"ca\"},{\"@type\":\"Organization\",\"@id\":\"https:\\\/\\\/regalexia.com\\\/#organization\",\"name\":\"Regalexia\",\"url\":\"https:\\\/\\\/regalexia.com\\\/\",\"logo\":{\"@type\":\"ImageObject\",\"inLanguage\":\"ca\",\"@id\":\"https:\\\/\\\/regalexia.com\\\/#\\\/schema\\\/logo\\\/image\\\/\",\"url\":\"https:\\\/\\\/regalexia.com\\\/wp-content\\\/uploads\\\/2024\\\/05\\\/logo_webp.webp\",\"contentUrl\":\"https:\\\/\\\/regalexia.com\\\/wp-content\\\/uploads\\\/2024\\\/05\\\/logo_webp.webp\",\"width\":338,\"height\":90,\"caption\":\"Regalexia\"},\"image\":{\"@id\":\"https:\\\/\\\/regalexia.com\\\/#\\\/schema\\\/logo\\\/image\\\/\"},\"sameAs\":[\"https:\\\/\\\/www.facebook.com\\\/regalexia\",\"https:\\\/\\\/www.instagram.com\\\/regalexia\\\/\",\"https:\\\/\\\/www.youtube.com\\\/@RegalexiaRegalaIlusiones\"]}]}<\/script>\n<!-- \/ Yoast SEO plugin. -->","yoast_head_json":{"title":"Hollywood en miniatura: Stop Motion - Sitios para celebrar fiestas con ni\u00f1os en Barcelona - Regalexia","description":"Crea tu pel\u00edcula LEGO. Hollywood en miniatura - Stop Motion. Reserva desde 19\u20ac. Descubre sitios para celebrar fiestas con ni\u00f1os en Barcelona","robots":{"index":"index","follow":"follow","max-snippet":"max-snippet:-1","max-image-preview":"max-image-preview:large","max-video-preview":"max-video-preview:-1"},"canonical":"https:\/\/regalexia.com\/ca\/experiencias\/hollywood-en-miniatura-stop-motion-fiestas\/","og_locale":"ca_ES","og_type":"article","og_title":"Hollywood en miniatura: Stop Motion - Sitios para celebrar fiestas con ni\u00f1os en Barcelona - Regalexia","og_description":"Crea tu pel\u00edcula LEGO. Hollywood en miniatura - Stop Motion. Reserva desde 19\u20ac. Descubre sitios para celebrar fiestas con ni\u00f1os en Barcelona","og_url":"https:\/\/regalexia.com\/ca\/experiencias\/hollywood-en-miniatura-stop-motion-fiestas\/","og_site_name":"Regalexia","article_publisher":"https:\/\/www.facebook.com\/regalexia","article_modified_time":"2024-07-26T13:53:57+00:00","og_image":[{"width":1024,"height":768,"url":"https:\/\/regalexia.com\/wp-content\/uploads\/2024\/02\/Stop-motion-IA.webp","type":"image\/webp"}],"twitter_card":"summary_large_image","twitter_misc":{"Temps estimat de lectura":"2 minuts"},"schema":{"@context":"https:\/\/schema.org","@graph":[{"@type":"WebPage","@id":"https:\/\/regalexia.com\/experiencias\/hollywood-en-miniatura-stop-motion-fiestas\/","url":"https:\/\/regalexia.com\/experiencias\/hollywood-en-miniatura-stop-motion-fiestas\/","name":"Hollywood en miniatura: Stop Motion - Sitios para celebrar fiestas con ni\u00f1os en Barcelona - Regalexia","isPartOf":{"@id":"https:\/\/regalexia.com\/#website"},"primaryImageOfPage":{"@id":"https:\/\/regalexia.com\/experiencias\/hollywood-en-miniatura-stop-motion-fiestas\/#primaryimage"},"image":{"@id":"https:\/\/regalexia.com\/experiencias\/hollywood-en-miniatura-stop-motion-fiestas\/#primaryimage"},"thumbnailUrl":"https:\/\/regalexia.com\/wp-content\/uploads\/2024\/02\/Stop-motion-IA.webp","datePublished":"2024-02-20T16:46:12+00:00","dateModified":"2024-07-26T13:53:57+00:00","description":"Crea tu pel\u00edcula LEGO. Hollywood en miniatura - Stop Motion. Reserva desde 19\u20ac. Descubre sitios para celebrar fiestas con ni\u00f1os en Barcelona","breadcrumb":{"@id":"https:\/\/regalexia.com\/experiencias\/hollywood-en-miniatura-stop-motion-fiestas\/#breadcrumb"},"inLanguage":"ca","potentialAction":[{"@type":"ReadAction","target":["https:\/\/regalexia.com\/experiencias\/hollywood-en-miniatura-stop-motion-fiestas\/"]}]},{"@type":"ImageObject","inLanguage":"ca","@id":"https:\/\/regalexia.com\/experiencias\/hollywood-en-miniatura-stop-motion-fiestas\/#primaryimage","url":"https:\/\/regalexia.com\/wp-content\/uploads\/2024\/02\/Stop-motion-IA.webp","contentUrl":"https:\/\/regalexia.com\/wp-content\/uploads\/2024\/02\/Stop-motion-IA.webp","width":1024,"height":768,"caption":"Imagen un ni\u00f1o y una ni\u00f1a, sentados frente a una peque\u00f1a mesa Delante de ellos, se encuentra un escenario improvisado hecho de legos. En este peque\u00f1o universo, los personajes cobran vida gracias a la t\u00e9cnica del stop motion. Correspondiente a la categor\u00eda de cient\u00edfico. Fiestas de cumplea\u00f1os originales para ni\u00f1os en Barcelona - Regalexia."},{"@type":"BreadcrumbList","@id":"https:\/\/regalexia.com\/experiencias\/hollywood-en-miniatura-stop-motion-fiestas\/#breadcrumb","itemListElement":[{"@type":"ListItem","position":1,"name":"Inicio","item":"https:\/\/regalexia.com\/"},{"@type":"ListItem","position":2,"name":"Experiencias","item":"https:\/\/regalexia.com\/experiencias\/"},{"@type":"ListItem","position":3,"name":"Hollywood en miniatura: Stop Motion"}]},{"@type":"WebSite","@id":"https:\/\/regalexia.com\/#website","url":"https:\/\/regalexia.com\/","name":"Regalexia","description":"","publisher":{"@id":"https:\/\/regalexia.com\/#organization"},"potentialAction":[{"@type":"SearchAction","target":{"@type":"EntryPoint","urlTemplate":"https:\/\/regalexia.com\/?s={search_term_string}"},"query-input":{"@type":"PropertyValueSpecification","valueRequired":true,"valueName":"search_term_string"}}],"inLanguage":"ca"},{"@type":"Organization","@id":"https:\/\/regalexia.com\/#organization","name":"Regalexia","url":"https:\/\/regalexia.com\/","logo":{"@type":"ImageObject","inLanguage":"ca","@id":"https:\/\/regalexia.com\/#\/schema\/logo\/image\/","url":"https:\/\/regalexia.com\/wp-content\/uploads\/2024\/05\/logo_webp.webp","contentUrl":"https:\/\/regalexia.com\/wp-content\/uploads\/2024\/05\/logo_webp.webp","width":338,"height":90,"caption":"Regalexia"},"image":{"@id":"https:\/\/regalexia.com\/#\/schema\/logo\/image\/"},"sameAs":["https:\/\/www.facebook.com\/regalexia","https:\/\/www.instagram.com\/regalexia\/","https:\/\/www.youtube.com\/@RegalexiaRegalaIlusiones"]}]}},"_links":{"self":[{"href":"https:\/\/regalexia.com\/ca\/wp-json\/wp\/v2\/product\/6395","targetHints":{"allow":["GET"]}}],"collection":[{"href":"https:\/\/regalexia.com\/ca\/wp-json\/wp\/v2\/product"}],"about":[{"href":"https:\/\/regalexia.com\/ca\/wp-json\/wp\/v2\/types\/product"}],"replies":[{"embeddable":true,"href":"https:\/\/regalexia.com\/ca\/wp-json\/wp\/v2\/comments?post=6395"}],"wp:featuredmedia":[{"embeddable":true,"href":"https:\/\/regalexia.com\/ca\/wp-json\/wp\/v2\/media\/8072"}],"wp:attachment":[{"href":"https:\/\/regalexia.com\/ca\/wp-json\/wp\/v2\/media?parent=6395"}],"wp:term":[{"taxonomy":"product_brand","embeddable":true,"href":"https:\/\/regalexia.com\/ca\/wp-json\/wp\/v2\/product_brand?post=6395"},{"taxonomy":"product_cat","embeddable":true,"href":"https:\/\/regalexia.com\/ca\/wp-json\/wp\/v2\/product_cat?post=6395"},{"taxonomy":"product_tag","embeddable":true,"href":"https:\/\/regalexia.com\/ca\/wp-json\/wp\/v2\/product_tag?post=6395"}],"curies":[{"name":"wp","href":"https:\/\/api.w.org\/{rel}","templated":true}]}}