 {"id":6398,"date":"2024-02-20T17:49:51","date_gmt":"2024-02-20T16:49:51","guid":{"rendered":"https:\/\/regalexia.com\/?post_type=product&#038;p=6398"},"modified":"2024-07-26T12:57:36","modified_gmt":"2024-07-26T10:57:36","slug":"pickleball-indoor-fiesta","status":"publish","type":"product","link":"https:\/\/regalexia.com\/ca\/experiencias\/pickleball-indoor-fiesta\/","title":{"rendered":"Pickleball Indoor"},"content":{"rendered":"<h1 class=\"wp-block-heading\">\u00a1Ven con tus hijos y amigos a disfrutar del Pickleball en Sabadell<\/h1>\n\n\n\n<p>Empezamos la experiencia con una sencilla explicaci\u00f3n del Pickleball y despu\u00e9s disfrutan de un&nbsp; torneo organizado por nosotros.<\/p>\n\n\n\n<h2 class=\"wp-block-heading\">\u00bfPor qu\u00e9 jugar Pickleball?<\/h2>\n\n\n\n<ul class=\"wp-block-list\">\n<li>F\u00e1cil de aprender<\/li>\n\n\n\n<li>Para todos los p\u00fablicos<\/li>\n\n\n\n<li>Competitivo y retador<\/li>\n\n\n\n<li>Ejercita tu mente y cuerpo<\/li>\n<\/ul>\n\n\n\n<p>Este din\u00e1mico deporte no solo proporciona ejercicio f\u00edsico, sino que tambi\u00e9n ayuda a mejorar las habilidades t\u00e9cnicas, como la coordinaci\u00f3n ojo-mano y el pensamiento estrat\u00e9gico.<\/p>\n\n\n\n<blockquote class=\"wp-block-quote is-layout-flow wp-block-quote-is-layout-flow\">\n<p><strong>\u00abLo que hace excepcional a la especie humana, es que estamos dise\u00f1ados para jugar durante toda la vida\u00bb<\/strong><\/p>\n<cite>Stuart Brown<\/cite><\/blockquote>\n\n\n\n<p>\u00a1Venid y disfrutad con el pickleball! Es una opci\u00f3n incre\u00edble.<\/p>\n\n\n\n<p><\/p>","protected":false},"excerpt":{"rendered":"<p>Disfruta celebrando ese gran d\u00eda practicando el deporte de moda en USA.<br \/>Empieza tu experiencia con una explicaci\u00f3n de nuestros monitores <br \/>de lo m\u00e1s b\u00e1sico del Pickleball y despu\u00e9s disfruta de un torneo organizado por nosotros con tus amigos. Una vez terminadas las partidas te estar\u00e1 esperando un picoteo<br \/>(Tambi\u00e9n es posible realizar bocadillos dulces y salados) con tu bebida favorita para reponer fuerzas y comentar las mejores jugadas en nuestro bar.<\/p>","protected":false},"featured_media":8009,"comment_status":"open","ping_status":"closed","template":"","meta":{"id_video":[],"enlace_video":[],"enlace_captura":[],"invitacion_anexada":[],"pedido_anexado":[]},"product_brand":[],"product_cat":[100],"product_tag":[],"class_list":{"0":"post-6398","1":"product","2":"type-product","3":"status-publish","4":"has-post-thumbnail","6":"product_cat-fiestas-originales","8":"first","9":"instock","10":"shipping-taxable","11":"purchasable","12":"product-type-appointment"},"exclude_global_add_ons":false,"addons":[{"name":"Entrada","type":"multiple_choice","position":0,"required":true,"title_format":"label","default":"","description_enable":false,"description":"","placeholder_enable":false,"placeholder":"","display":"select","restrictions_type":"any_text","adjust_price":false,"price":"","price_type":"flat_fee","restrictions":false,"min":"0","max":"0","options":[{"label":"Reservaci\u00f3n de \u20ac50","price":"38","price_type":"quantity_based","image":0,"visibility":true},{"label":"Reservaci\u00f3n de \u20ac100","price":"88","price_type":"quantity_based","image":0,"visibility":true},{"label":"Reservaci\u00f3n de \u20ac150","price":"138","price_type":"quantity_based","image":0,"visibility":true}],"id":1709231148}],"yoast_head":"<!-- This site is optimized with the Yoast SEO plugin v27.5 - https:\/\/yoast.com\/product\/yoast-seo-wordpress\/ -->\n<title>Pickleball Indoor - Sitios para celebrar fiestas con ni\u00f1os en Barcelona - Regalexia<\/title>\n<meta name=\"description\" content=\"Vive la experiencia Pickleball Indoor: el deporte de moda en USA y Espa\u00f1a. Aprende y juega con amigos en un torneo divertido, seguido de picoteo y bebidas. \u00a1Compra hoy desde \u20ac12!\" \/>\n<meta name=\"robots\" content=\"index, follow, max-snippet:-1, max-image-preview:large, max-video-preview:-1\" \/>\n<link rel=\"canonical\" href=\"https:\/\/regalexia.com\/ca\/experiencias\/pickleball-indoor-fiesta\/\" \/>\n<meta property=\"og:locale\" content=\"ca_ES\" \/>\n<meta property=\"og:type\" content=\"article\" \/>\n<meta property=\"og:title\" content=\"Pickleball Indoor - Sitios para celebrar fiestas con ni\u00f1os en Barcelona - Regalexia\" \/>\n<meta property=\"og:description\" content=\"Vive la experiencia Pickleball Indoor: el deporte de moda en USA y Espa\u00f1a. Aprende y juega con amigos en un torneo divertido, seguido de picoteo y bebidas. \u00a1Compra hoy desde \u20ac12!\" \/>\n<meta property=\"og:url\" content=\"https:\/\/regalexia.com\/ca\/experiencias\/pickleball-indoor-fiesta\/\" \/>\n<meta property=\"og:site_name\" content=\"Regalexia\" \/>\n<meta property=\"article:publisher\" content=\"https:\/\/www.facebook.com\/regalexia\" \/>\n<meta property=\"article:modified_time\" content=\"2024-07-26T10:57:36+00:00\" \/>\n<meta property=\"og:image\" content=\"https:\/\/regalexia.com\/wp-content\/uploads\/2024\/02\/pickleball-Indoor-c.webp\" \/>\n\t<meta property=\"og:image:width\" content=\"1024\" \/>\n\t<meta property=\"og:image:height\" content=\"768\" \/>\n\t<meta property=\"og:image:type\" content=\"image\/webp\" \/>\n<meta name=\"twitter:card\" content=\"summary_large_image\" \/>\n<meta name=\"twitter:label1\" content=\"Temps estimat de lectura\" \/>\n\t<meta name=\"twitter:data1\" content=\"1 minut\" \/>\n<script type=\"application\/ld+json\" class=\"yoast-schema-graph\">{\"@context\":\"https:\\\/\\\/schema.org\",\"@graph\":[{\"@type\":\"WebPage\",\"@id\":\"https:\\\/\\\/regalexia.com\\\/experiencias\\\/pickleball-indoor-fiesta\\\/\",\"url\":\"https:\\\/\\\/regalexia.com\\\/experiencias\\\/pickleball-indoor-fiesta\\\/\",\"name\":\"Pickleball Indoor - Sitios para celebrar fiestas con ni\u00f1os en Barcelona - Regalexia\",\"isPartOf\":{\"@id\":\"https:\\\/\\\/regalexia.com\\\/#website\"},\"primaryImageOfPage\":{\"@id\":\"https:\\\/\\\/regalexia.com\\\/experiencias\\\/pickleball-indoor-fiesta\\\/#primaryimage\"},\"image\":{\"@id\":\"https:\\\/\\\/regalexia.com\\\/experiencias\\\/pickleball-indoor-fiesta\\\/#primaryimage\"},\"thumbnailUrl\":\"https:\\\/\\\/regalexia.com\\\/wp-content\\\/uploads\\\/2024\\\/02\\\/pickleball-Indoor-c.webp\",\"datePublished\":\"2024-02-20T16:49:51+00:00\",\"dateModified\":\"2024-07-26T10:57:36+00:00\",\"description\":\"Vive la experiencia Pickleball Indoor: el deporte de moda en USA y Espa\u00f1a. Aprende y juega con amigos en un torneo divertido, seguido de picoteo y bebidas. \u00a1Compra hoy desde \u20ac12!\",\"breadcrumb\":{\"@id\":\"https:\\\/\\\/regalexia.com\\\/experiencias\\\/pickleball-indoor-fiesta\\\/#breadcrumb\"},\"inLanguage\":\"ca\",\"potentialAction\":[{\"@type\":\"ReadAction\",\"target\":[\"https:\\\/\\\/regalexia.com\\\/experiencias\\\/pickleball-indoor-fiesta\\\/\"]}]},{\"@type\":\"ImageObject\",\"inLanguage\":\"ca\",\"@id\":\"https:\\\/\\\/regalexia.com\\\/experiencias\\\/pickleball-indoor-fiesta\\\/#primaryimage\",\"url\":\"https:\\\/\\\/regalexia.com\\\/wp-content\\\/uploads\\\/2024\\\/02\\\/pickleball-Indoor-c.webp\",\"contentUrl\":\"https:\\\/\\\/regalexia.com\\\/wp-content\\\/uploads\\\/2024\\\/02\\\/pickleball-Indoor-c.webp\",\"width\":1024,\"height\":768,\"caption\":\"Imagen de una pelota amarilla de Pickleball. En el fondo, una pista de este deporte est\u00e1 llena de participantes practicando, movi\u00e9ndose con agilidad y concentraci\u00f3n mientras disfrutan del juego. La atm\u00f3sfera est\u00e1 llena de energ\u00eda y emoci\u00f3n, con los jugadores compitiendo en un ambiente din\u00e1mico y divertido. Es una instant\u00e1nea que captura la esencia vibrante y animada del Pickleball, donde la competencia y la diversi\u00f3n se entrelazan en una experiencia deportiva emocionante. Correspondiente a la categor\u00eda de deportista y Sitios para celebrar fiestas con ni\u00f1os en Barcelona\"},{\"@type\":\"BreadcrumbList\",\"@id\":\"https:\\\/\\\/regalexia.com\\\/experiencias\\\/pickleball-indoor-fiesta\\\/#breadcrumb\",\"itemListElement\":[{\"@type\":\"ListItem\",\"position\":1,\"name\":\"Inicio\",\"item\":\"https:\\\/\\\/regalexia.com\\\/\"},{\"@type\":\"ListItem\",\"position\":2,\"name\":\"Experiencias\",\"item\":\"https:\\\/\\\/regalexia.com\\\/experiencias\\\/\"},{\"@type\":\"ListItem\",\"position\":3,\"name\":\"Pickleball Indoor\"}]},{\"@type\":\"WebSite\",\"@id\":\"https:\\\/\\\/regalexia.com\\\/#website\",\"url\":\"https:\\\/\\\/regalexia.com\\\/\",\"name\":\"Regalexia\",\"description\":\"\",\"publisher\":{\"@id\":\"https:\\\/\\\/regalexia.com\\\/#organization\"},\"potentialAction\":[{\"@type\":\"SearchAction\",\"target\":{\"@type\":\"EntryPoint\",\"urlTemplate\":\"https:\\\/\\\/regalexia.com\\\/?s={search_term_string}\"},\"query-input\":{\"@type\":\"PropertyValueSpecification\",\"valueRequired\":true,\"valueName\":\"search_term_string\"}}],\"inLanguage\":\"ca\"},{\"@type\":\"Organization\",\"@id\":\"https:\\\/\\\/regalexia.com\\\/#organization\",\"name\":\"Regalexia\",\"url\":\"https:\\\/\\\/regalexia.com\\\/\",\"logo\":{\"@type\":\"ImageObject\",\"inLanguage\":\"ca\",\"@id\":\"https:\\\/\\\/regalexia.com\\\/#\\\/schema\\\/logo\\\/image\\\/\",\"url\":\"https:\\\/\\\/regalexia.com\\\/wp-content\\\/uploads\\\/2024\\\/05\\\/logo_webp.webp\",\"contentUrl\":\"https:\\\/\\\/regalexia.com\\\/wp-content\\\/uploads\\\/2024\\\/05\\\/logo_webp.webp\",\"width\":338,\"height\":90,\"caption\":\"Regalexia\"},\"image\":{\"@id\":\"https:\\\/\\\/regalexia.com\\\/#\\\/schema\\\/logo\\\/image\\\/\"},\"sameAs\":[\"https:\\\/\\\/www.facebook.com\\\/regalexia\",\"https:\\\/\\\/www.instagram.com\\\/regalexia\\\/\",\"https:\\\/\\\/www.youtube.com\\\/@RegalexiaRegalaIlusiones\"]}]}<\/script>\n<!-- \/ Yoast SEO plugin. -->","yoast_head_json":{"title":"Pickleball Indoor - Sitios para celebrar fiestas con ni\u00f1os en Barcelona - Regalexia","description":"Vive la experiencia Pickleball Indoor: el deporte de moda en USA y Espa\u00f1a. Aprende y juega con amigos en un torneo divertido, seguido de picoteo y bebidas. \u00a1Compra hoy desde \u20ac12!","robots":{"index":"index","follow":"follow","max-snippet":"max-snippet:-1","max-image-preview":"max-image-preview:large","max-video-preview":"max-video-preview:-1"},"canonical":"https:\/\/regalexia.com\/ca\/experiencias\/pickleball-indoor-fiesta\/","og_locale":"ca_ES","og_type":"article","og_title":"Pickleball Indoor - Sitios para celebrar fiestas con ni\u00f1os en Barcelona - Regalexia","og_description":"Vive la experiencia Pickleball Indoor: el deporte de moda en USA y Espa\u00f1a. Aprende y juega con amigos en un torneo divertido, seguido de picoteo y bebidas. \u00a1Compra hoy desde \u20ac12!","og_url":"https:\/\/regalexia.com\/ca\/experiencias\/pickleball-indoor-fiesta\/","og_site_name":"Regalexia","article_publisher":"https:\/\/www.facebook.com\/regalexia","article_modified_time":"2024-07-26T10:57:36+00:00","og_image":[{"width":1024,"height":768,"url":"https:\/\/regalexia.com\/wp-content\/uploads\/2024\/02\/pickleball-Indoor-c.webp","type":"image\/webp"}],"twitter_card":"summary_large_image","twitter_misc":{"Temps estimat de lectura":"1 minut"},"schema":{"@context":"https:\/\/schema.org","@graph":[{"@type":"WebPage","@id":"https:\/\/regalexia.com\/experiencias\/pickleball-indoor-fiesta\/","url":"https:\/\/regalexia.com\/experiencias\/pickleball-indoor-fiesta\/","name":"Pickleball Indoor - Sitios para celebrar fiestas con ni\u00f1os en Barcelona - Regalexia","isPartOf":{"@id":"https:\/\/regalexia.com\/#website"},"primaryImageOfPage":{"@id":"https:\/\/regalexia.com\/experiencias\/pickleball-indoor-fiesta\/#primaryimage"},"image":{"@id":"https:\/\/regalexia.com\/experiencias\/pickleball-indoor-fiesta\/#primaryimage"},"thumbnailUrl":"https:\/\/regalexia.com\/wp-content\/uploads\/2024\/02\/pickleball-Indoor-c.webp","datePublished":"2024-02-20T16:49:51+00:00","dateModified":"2024-07-26T10:57:36+00:00","description":"Vive la experiencia Pickleball Indoor: el deporte de moda en USA y Espa\u00f1a. Aprende y juega con amigos en un torneo divertido, seguido de picoteo y bebidas. \u00a1Compra hoy desde \u20ac12!","breadcrumb":{"@id":"https:\/\/regalexia.com\/experiencias\/pickleball-indoor-fiesta\/#breadcrumb"},"inLanguage":"ca","potentialAction":[{"@type":"ReadAction","target":["https:\/\/regalexia.com\/experiencias\/pickleball-indoor-fiesta\/"]}]},{"@type":"ImageObject","inLanguage":"ca","@id":"https:\/\/regalexia.com\/experiencias\/pickleball-indoor-fiesta\/#primaryimage","url":"https:\/\/regalexia.com\/wp-content\/uploads\/2024\/02\/pickleball-Indoor-c.webp","contentUrl":"https:\/\/regalexia.com\/wp-content\/uploads\/2024\/02\/pickleball-Indoor-c.webp","width":1024,"height":768,"caption":"Imagen de una pelota amarilla de Pickleball. En el fondo, una pista de este deporte est\u00e1 llena de participantes practicando, movi\u00e9ndose con agilidad y concentraci\u00f3n mientras disfrutan del juego. La atm\u00f3sfera est\u00e1 llena de energ\u00eda y emoci\u00f3n, con los jugadores compitiendo en un ambiente din\u00e1mico y divertido. Es una instant\u00e1nea que captura la esencia vibrante y animada del Pickleball, donde la competencia y la diversi\u00f3n se entrelazan en una experiencia deportiva emocionante. Correspondiente a la categor\u00eda de deportista y Sitios para celebrar fiestas con ni\u00f1os en Barcelona"},{"@type":"BreadcrumbList","@id":"https:\/\/regalexia.com\/experiencias\/pickleball-indoor-fiesta\/#breadcrumb","itemListElement":[{"@type":"ListItem","position":1,"name":"Inicio","item":"https:\/\/regalexia.com\/"},{"@type":"ListItem","position":2,"name":"Experiencias","item":"https:\/\/regalexia.com\/experiencias\/"},{"@type":"ListItem","position":3,"name":"Pickleball Indoor"}]},{"@type":"WebSite","@id":"https:\/\/regalexia.com\/#website","url":"https:\/\/regalexia.com\/","name":"Regalexia","description":"","publisher":{"@id":"https:\/\/regalexia.com\/#organization"},"potentialAction":[{"@type":"SearchAction","target":{"@type":"EntryPoint","urlTemplate":"https:\/\/regalexia.com\/?s={search_term_string}"},"query-input":{"@type":"PropertyValueSpecification","valueRequired":true,"valueName":"search_term_string"}}],"inLanguage":"ca"},{"@type":"Organization","@id":"https:\/\/regalexia.com\/#organization","name":"Regalexia","url":"https:\/\/regalexia.com\/","logo":{"@type":"ImageObject","inLanguage":"ca","@id":"https:\/\/regalexia.com\/#\/schema\/logo\/image\/","url":"https:\/\/regalexia.com\/wp-content\/uploads\/2024\/05\/logo_webp.webp","contentUrl":"https:\/\/regalexia.com\/wp-content\/uploads\/2024\/05\/logo_webp.webp","width":338,"height":90,"caption":"Regalexia"},"image":{"@id":"https:\/\/regalexia.com\/#\/schema\/logo\/image\/"},"sameAs":["https:\/\/www.facebook.com\/regalexia","https:\/\/www.instagram.com\/regalexia\/","https:\/\/www.youtube.com\/@RegalexiaRegalaIlusiones"]}]}},"_links":{"self":[{"href":"https:\/\/regalexia.com\/ca\/wp-json\/wp\/v2\/product\/6398","targetHints":{"allow":["GET"]}}],"collection":[{"href":"https:\/\/regalexia.com\/ca\/wp-json\/wp\/v2\/product"}],"about":[{"href":"https:\/\/regalexia.com\/ca\/wp-json\/wp\/v2\/types\/product"}],"replies":[{"embeddable":true,"href":"https:\/\/regalexia.com\/ca\/wp-json\/wp\/v2\/comments?post=6398"}],"wp:featuredmedia":[{"embeddable":true,"href":"https:\/\/regalexia.com\/ca\/wp-json\/wp\/v2\/media\/8009"}],"wp:attachment":[{"href":"https:\/\/regalexia.com\/ca\/wp-json\/wp\/v2\/media?parent=6398"}],"wp:term":[{"taxonomy":"product_brand","embeddable":true,"href":"https:\/\/regalexia.com\/ca\/wp-json\/wp\/v2\/product_brand?post=6398"},{"taxonomy":"product_cat","embeddable":true,"href":"https:\/\/regalexia.com\/ca\/wp-json\/wp\/v2\/product_cat?post=6398"},{"taxonomy":"product_tag","embeddable":true,"href":"https:\/\/regalexia.com\/ca\/wp-json\/wp\/v2\/product_tag?post=6398"}],"curies":[{"name":"wp","href":"https:\/\/api.w.org\/{rel}","templated":true}]}}