 {"id":6587,"date":"2024-02-28T19:57:43","date_gmt":"2024-02-28T18:57:43","guid":{"rendered":"https:\/\/regalexia.com\/?post_type=product&#038;p=6587"},"modified":"2024-07-23T13:27:45","modified_gmt":"2024-07-23T11:27:45","slug":"arte-y-movimiento-fiestas","status":"publish","type":"product","link":"https:\/\/regalexia.com\/ca\/experiencias\/arte-y-movimiento-fiestas\/","title":{"rendered":"Arte y Movimiento"},"content":{"rendered":"<h1 class=\"wp-block-heading\">\u00a1Diversi\u00f3n y crecimiento en una sola actividad!<\/h1>\n\n\n\n<p>Los ni\u00f1os a trav\u00e9s del arte pueden liberar su imaginaci\u00f3n, desarrollar la auto expresi\u00f3n y aprender a comunicar sus emociones de manera positiva<\/p>\n\n\n\n<h2 class=\"wp-block-heading\">\u00bfPor qu\u00e9 hacer una fiesta \u00abart\u00edstica\u00bb?<\/h2>\n\n\n\n<ul class=\"wp-block-list\">\n<li>Es una manera l\u00fadica de liberar emociones y liberar estr\u00e9s.<\/li>\n\n\n\n<li>Estos procesos creativos fomentan la confianza en s\u00ed mismos y fortalece la autoestima y crea v\u00ednculos entre los participantes.<\/li>\n\n\n\n<li>Es una actividad muy original y diferente que los ni\u00f1os recuerdan de manera muy especial. <\/li>\n<\/ul>\n\n\n\n<p><\/p>\n\n\n\n<blockquote class=\"wp-block-quote is-layout-flow wp-block-quote-is-layout-flow\">\n<p><strong>\u00abLo que hace excepcional a la especie humana, es que estamos dise\u00f1ados para jugar durante toda la vida\u00bb<\/strong><\/p>\n\n\n\n<p><\/p>\n<cite>Stuart Brown<\/cite><\/blockquote>\n\n\n\n<p><\/p>","protected":false},"excerpt":{"rendered":"<p>Una actividad perfecta para que los ni\u00f1os celebren un cumplea\u00f1os expresando al m\u00e1ximo su creatividad combinando la pintura y el baile. La primera hora la dedicar\u00e1n a pintar un cuadro, con los motivos o tem\u00e1tica que a tu hijo le guste m\u00e1s. La segunda hora, ser\u00e1 para realizar un taller de baile, donde podr\u00e1n aprender una coreograf\u00eda y sacar toda esa energ\u00eda que llevan dentro. La tercer hora, dispondr\u00e9is de la sala (y terraza) para vosotros para que pod\u00e1is partir el pastel y repartir los regalos.<\/p>\n<p>El precio incluye una bebida y un pica-pica (para los participantes que realicen la actividad). Pod\u00e9is traer vuestro pastel, bebida y comida extra<\/p>\n<p>Se necesita un m\u00ednimo de 5 ni\u00f1os para realizar la fiesta.<\/p>\n<p>Esta actividad se realiza en Barcelona cerca del metro Fabra i Puig.<\/p>","protected":false},"featured_media":8126,"comment_status":"open","ping_status":"closed","template":"","meta":{"id_video":[],"enlace_video":[],"enlace_captura":[],"invitacion_anexada":[],"pedido_anexado":[]},"product_brand":[],"product_cat":[100],"product_tag":[],"class_list":{"0":"post-6587","1":"product","2":"type-product","3":"status-publish","4":"has-post-thumbnail","6":"product_cat-fiestas-originales","8":"first","9":"instock","10":"sold-individually","11":"shipping-taxable","12":"purchasable","13":"product-type-appointment"},"exclude_global_add_ons":false,"addons":[{"name":"Tipo de reservaci\u00f3n","type":"multiple_choice","position":0,"required":true,"title_format":"label","default":"","description_enable":false,"description":"","placeholder_enable":false,"placeholder":"","display":"select","restrictions_type":"any_text","adjust_price":false,"price":"","price_type":"flat_fee","restrictions":false,"min":"0","max":"0","options":[{"label":"Reservaci\u00f3n de \u20ac50","price":"25","price_type":"quantity_based","image":0,"visibility":true},{"label":"Reservaci\u00f3n de \u20ac100","price":"75","price_type":"quantity_based","image":0,"visibility":true},{"label":"Reservaci\u00f3n de \u20ac150","price":"125","price_type":"quantity_based","image":0,"visibility":true}],"id":1709391099},{"name":"N\u00famero de asistentes","type":"input_multiplier","position":1,"required":true,"title_format":"label","default":"","description_enable":false,"description":"","placeholder_enable":false,"placeholder":"","display":"select","restrictions_type":"any_text","adjust_price":false,"price":"","price_type":"flat_fee","restrictions":false,"min":"0","max":"0","options":[],"id":1709391100}],"yoast_head":"<!-- This site is optimized with the Yoast SEO plugin v27.5 - https:\/\/yoast.com\/product\/yoast-seo-wordpress\/ -->\n<title>Arte y Movimiento- Sitios para celebrar fiestas con ni\u00f1os en Barcelona - Regalexia<\/title>\n<meta name=\"description\" content=\"\u00bfBuscas sitios para celebrar fiestas con ni\u00f1os en Barcelona? Arte y movimiento desde 50\u20ac. Pintura y baile para un cumplea\u00f1os especial. Reserva desde 35\u20ac\" \/>\n<meta name=\"robots\" content=\"index, follow, max-snippet:-1, max-image-preview:large, max-video-preview:-1\" \/>\n<link rel=\"canonical\" href=\"https:\/\/regalexia.com\/ca\/experiencias\/arte-y-movimiento-fiestas\/\" \/>\n<meta property=\"og:locale\" content=\"ca_ES\" \/>\n<meta property=\"og:type\" content=\"article\" \/>\n<meta property=\"og:title\" content=\"Arte y Movimiento- Sitios para celebrar fiestas con ni\u00f1os en Barcelona - Regalexia\" \/>\n<meta property=\"og:description\" content=\"\u00bfBuscas sitios para celebrar fiestas con ni\u00f1os en Barcelona? Arte y movimiento desde 50\u20ac. Pintura y baile para un cumplea\u00f1os especial. Reserva desde 35\u20ac\" \/>\n<meta property=\"og:url\" content=\"https:\/\/regalexia.com\/ca\/experiencias\/arte-y-movimiento-fiestas\/\" \/>\n<meta property=\"og:site_name\" content=\"Regalexia\" \/>\n<meta property=\"article:publisher\" content=\"https:\/\/www.facebook.com\/regalexia\" \/>\n<meta property=\"article:modified_time\" content=\"2024-07-23T11:27:45+00:00\" \/>\n<meta property=\"og:image\" content=\"https:\/\/regalexia.com\/wp-content\/uploads\/2024\/02\/ArteMovimiento_A-1.webp\" \/>\n\t<meta property=\"og:image:width\" content=\"1024\" \/>\n\t<meta property=\"og:image:height\" content=\"768\" \/>\n\t<meta property=\"og:image:type\" content=\"image\/webp\" \/>\n<meta name=\"twitter:card\" content=\"summary_large_image\" \/>\n<meta name=\"twitter:label1\" content=\"Temps estimat de lectura\" \/>\n\t<meta name=\"twitter:data1\" content=\"1 minut\" \/>\n<script type=\"application\/ld+json\" class=\"yoast-schema-graph\">{\"@context\":\"https:\\\/\\\/schema.org\",\"@graph\":[{\"@type\":\"WebPage\",\"@id\":\"https:\\\/\\\/regalexia.com\\\/experiencias\\\/arte-y-movimiento-fiestas\\\/\",\"url\":\"https:\\\/\\\/regalexia.com\\\/experiencias\\\/arte-y-movimiento-fiestas\\\/\",\"name\":\"Arte y Movimiento- Sitios para celebrar fiestas con ni\u00f1os en Barcelona - Regalexia\",\"isPartOf\":{\"@id\":\"https:\\\/\\\/regalexia.com\\\/#website\"},\"primaryImageOfPage\":{\"@id\":\"https:\\\/\\\/regalexia.com\\\/experiencias\\\/arte-y-movimiento-fiestas\\\/#primaryimage\"},\"image\":{\"@id\":\"https:\\\/\\\/regalexia.com\\\/experiencias\\\/arte-y-movimiento-fiestas\\\/#primaryimage\"},\"thumbnailUrl\":\"https:\\\/\\\/regalexia.com\\\/wp-content\\\/uploads\\\/2024\\\/02\\\/ArteMovimiento_A-1.webp\",\"datePublished\":\"2024-02-28T18:57:43+00:00\",\"dateModified\":\"2024-07-23T11:27:45+00:00\",\"description\":\"\u00bfBuscas sitios para celebrar fiestas con ni\u00f1os en Barcelona? Arte y movimiento desde 50\u20ac. Pintura y baile para un cumplea\u00f1os especial. Reserva desde 35\u20ac\",\"breadcrumb\":{\"@id\":\"https:\\\/\\\/regalexia.com\\\/experiencias\\\/arte-y-movimiento-fiestas\\\/#breadcrumb\"},\"inLanguage\":\"ca\",\"potentialAction\":[{\"@type\":\"ReadAction\",\"target\":[\"https:\\\/\\\/regalexia.com\\\/experiencias\\\/arte-y-movimiento-fiestas\\\/\"]}]},{\"@type\":\"ImageObject\",\"inLanguage\":\"ca\",\"@id\":\"https:\\\/\\\/regalexia.com\\\/experiencias\\\/arte-y-movimiento-fiestas\\\/#primaryimage\",\"url\":\"https:\\\/\\\/regalexia.com\\\/wp-content\\\/uploads\\\/2024\\\/02\\\/ArteMovimiento_A-1.webp\",\"contentUrl\":\"https:\\\/\\\/regalexia.com\\\/wp-content\\\/uploads\\\/2024\\\/02\\\/ArteMovimiento_A-1.webp\",\"width\":1024,\"height\":768,\"caption\":\"Imagen de un espacio m\u00e1gico preparado para una fiesta de cumplea\u00f1os infantil llena de creatividad y diversi\u00f3n. Lienzos en blanco y pinceles listos para que los ni\u00f1os pinten sus sue\u00f1os, inspirados por Frida Kahlo, antes de bailar y celebrar con alegr\u00eda. Correspondiente a la categor\u00eda de talleres creativos. Fiestas de cumplea\u00f1os originales para ni\u00f1os en Barcelona - Regalexia.\"},{\"@type\":\"BreadcrumbList\",\"@id\":\"https:\\\/\\\/regalexia.com\\\/experiencias\\\/arte-y-movimiento-fiestas\\\/#breadcrumb\",\"itemListElement\":[{\"@type\":\"ListItem\",\"position\":1,\"name\":\"Inicio\",\"item\":\"https:\\\/\\\/regalexia.com\\\/\"},{\"@type\":\"ListItem\",\"position\":2,\"name\":\"Experiencias\",\"item\":\"https:\\\/\\\/regalexia.com\\\/experiencias\\\/\"},{\"@type\":\"ListItem\",\"position\":3,\"name\":\"Arte y Movimiento\"}]},{\"@type\":\"WebSite\",\"@id\":\"https:\\\/\\\/regalexia.com\\\/#website\",\"url\":\"https:\\\/\\\/regalexia.com\\\/\",\"name\":\"Regalexia\",\"description\":\"\",\"publisher\":{\"@id\":\"https:\\\/\\\/regalexia.com\\\/#organization\"},\"potentialAction\":[{\"@type\":\"SearchAction\",\"target\":{\"@type\":\"EntryPoint\",\"urlTemplate\":\"https:\\\/\\\/regalexia.com\\\/?s={search_term_string}\"},\"query-input\":{\"@type\":\"PropertyValueSpecification\",\"valueRequired\":true,\"valueName\":\"search_term_string\"}}],\"inLanguage\":\"ca\"},{\"@type\":\"Organization\",\"@id\":\"https:\\\/\\\/regalexia.com\\\/#organization\",\"name\":\"Regalexia\",\"url\":\"https:\\\/\\\/regalexia.com\\\/\",\"logo\":{\"@type\":\"ImageObject\",\"inLanguage\":\"ca\",\"@id\":\"https:\\\/\\\/regalexia.com\\\/#\\\/schema\\\/logo\\\/image\\\/\",\"url\":\"https:\\\/\\\/regalexia.com\\\/wp-content\\\/uploads\\\/2024\\\/05\\\/logo_webp.webp\",\"contentUrl\":\"https:\\\/\\\/regalexia.com\\\/wp-content\\\/uploads\\\/2024\\\/05\\\/logo_webp.webp\",\"width\":338,\"height\":90,\"caption\":\"Regalexia\"},\"image\":{\"@id\":\"https:\\\/\\\/regalexia.com\\\/#\\\/schema\\\/logo\\\/image\\\/\"},\"sameAs\":[\"https:\\\/\\\/www.facebook.com\\\/regalexia\",\"https:\\\/\\\/www.instagram.com\\\/regalexia\\\/\",\"https:\\\/\\\/www.youtube.com\\\/@RegalexiaRegalaIlusiones\"]}]}<\/script>\n<!-- \/ Yoast SEO plugin. -->","yoast_head_json":{"title":"Arte y Movimiento- Sitios para celebrar fiestas con ni\u00f1os en Barcelona - Regalexia","description":"\u00bfBuscas sitios para celebrar fiestas con ni\u00f1os en Barcelona? Arte y movimiento desde 50\u20ac. Pintura y baile para un cumplea\u00f1os especial. Reserva desde 35\u20ac","robots":{"index":"index","follow":"follow","max-snippet":"max-snippet:-1","max-image-preview":"max-image-preview:large","max-video-preview":"max-video-preview:-1"},"canonical":"https:\/\/regalexia.com\/ca\/experiencias\/arte-y-movimiento-fiestas\/","og_locale":"ca_ES","og_type":"article","og_title":"Arte y Movimiento- Sitios para celebrar fiestas con ni\u00f1os en Barcelona - Regalexia","og_description":"\u00bfBuscas sitios para celebrar fiestas con ni\u00f1os en Barcelona? Arte y movimiento desde 50\u20ac. Pintura y baile para un cumplea\u00f1os especial. Reserva desde 35\u20ac","og_url":"https:\/\/regalexia.com\/ca\/experiencias\/arte-y-movimiento-fiestas\/","og_site_name":"Regalexia","article_publisher":"https:\/\/www.facebook.com\/regalexia","article_modified_time":"2024-07-23T11:27:45+00:00","og_image":[{"width":1024,"height":768,"url":"https:\/\/regalexia.com\/wp-content\/uploads\/2024\/02\/ArteMovimiento_A-1.webp","type":"image\/webp"}],"twitter_card":"summary_large_image","twitter_misc":{"Temps estimat de lectura":"1 minut"},"schema":{"@context":"https:\/\/schema.org","@graph":[{"@type":"WebPage","@id":"https:\/\/regalexia.com\/experiencias\/arte-y-movimiento-fiestas\/","url":"https:\/\/regalexia.com\/experiencias\/arte-y-movimiento-fiestas\/","name":"Arte y Movimiento- Sitios para celebrar fiestas con ni\u00f1os en Barcelona - Regalexia","isPartOf":{"@id":"https:\/\/regalexia.com\/#website"},"primaryImageOfPage":{"@id":"https:\/\/regalexia.com\/experiencias\/arte-y-movimiento-fiestas\/#primaryimage"},"image":{"@id":"https:\/\/regalexia.com\/experiencias\/arte-y-movimiento-fiestas\/#primaryimage"},"thumbnailUrl":"https:\/\/regalexia.com\/wp-content\/uploads\/2024\/02\/ArteMovimiento_A-1.webp","datePublished":"2024-02-28T18:57:43+00:00","dateModified":"2024-07-23T11:27:45+00:00","description":"\u00bfBuscas sitios para celebrar fiestas con ni\u00f1os en Barcelona? Arte y movimiento desde 50\u20ac. Pintura y baile para un cumplea\u00f1os especial. Reserva desde 35\u20ac","breadcrumb":{"@id":"https:\/\/regalexia.com\/experiencias\/arte-y-movimiento-fiestas\/#breadcrumb"},"inLanguage":"ca","potentialAction":[{"@type":"ReadAction","target":["https:\/\/regalexia.com\/experiencias\/arte-y-movimiento-fiestas\/"]}]},{"@type":"ImageObject","inLanguage":"ca","@id":"https:\/\/regalexia.com\/experiencias\/arte-y-movimiento-fiestas\/#primaryimage","url":"https:\/\/regalexia.com\/wp-content\/uploads\/2024\/02\/ArteMovimiento_A-1.webp","contentUrl":"https:\/\/regalexia.com\/wp-content\/uploads\/2024\/02\/ArteMovimiento_A-1.webp","width":1024,"height":768,"caption":"Imagen de un espacio m\u00e1gico preparado para una fiesta de cumplea\u00f1os infantil llena de creatividad y diversi\u00f3n. Lienzos en blanco y pinceles listos para que los ni\u00f1os pinten sus sue\u00f1os, inspirados por Frida Kahlo, antes de bailar y celebrar con alegr\u00eda. Correspondiente a la categor\u00eda de talleres creativos. Fiestas de cumplea\u00f1os originales para ni\u00f1os en Barcelona - Regalexia."},{"@type":"BreadcrumbList","@id":"https:\/\/regalexia.com\/experiencias\/arte-y-movimiento-fiestas\/#breadcrumb","itemListElement":[{"@type":"ListItem","position":1,"name":"Inicio","item":"https:\/\/regalexia.com\/"},{"@type":"ListItem","position":2,"name":"Experiencias","item":"https:\/\/regalexia.com\/experiencias\/"},{"@type":"ListItem","position":3,"name":"Arte y Movimiento"}]},{"@type":"WebSite","@id":"https:\/\/regalexia.com\/#website","url":"https:\/\/regalexia.com\/","name":"Regalexia","description":"","publisher":{"@id":"https:\/\/regalexia.com\/#organization"},"potentialAction":[{"@type":"SearchAction","target":{"@type":"EntryPoint","urlTemplate":"https:\/\/regalexia.com\/?s={search_term_string}"},"query-input":{"@type":"PropertyValueSpecification","valueRequired":true,"valueName":"search_term_string"}}],"inLanguage":"ca"},{"@type":"Organization","@id":"https:\/\/regalexia.com\/#organization","name":"Regalexia","url":"https:\/\/regalexia.com\/","logo":{"@type":"ImageObject","inLanguage":"ca","@id":"https:\/\/regalexia.com\/#\/schema\/logo\/image\/","url":"https:\/\/regalexia.com\/wp-content\/uploads\/2024\/05\/logo_webp.webp","contentUrl":"https:\/\/regalexia.com\/wp-content\/uploads\/2024\/05\/logo_webp.webp","width":338,"height":90,"caption":"Regalexia"},"image":{"@id":"https:\/\/regalexia.com\/#\/schema\/logo\/image\/"},"sameAs":["https:\/\/www.facebook.com\/regalexia","https:\/\/www.instagram.com\/regalexia\/","https:\/\/www.youtube.com\/@RegalexiaRegalaIlusiones"]}]}},"_links":{"self":[{"href":"https:\/\/regalexia.com\/ca\/wp-json\/wp\/v2\/product\/6587","targetHints":{"allow":["GET"]}}],"collection":[{"href":"https:\/\/regalexia.com\/ca\/wp-json\/wp\/v2\/product"}],"about":[{"href":"https:\/\/regalexia.com\/ca\/wp-json\/wp\/v2\/types\/product"}],"replies":[{"embeddable":true,"href":"https:\/\/regalexia.com\/ca\/wp-json\/wp\/v2\/comments?post=6587"}],"wp:featuredmedia":[{"embeddable":true,"href":"https:\/\/regalexia.com\/ca\/wp-json\/wp\/v2\/media\/8126"}],"wp:attachment":[{"href":"https:\/\/regalexia.com\/ca\/wp-json\/wp\/v2\/media?parent=6587"}],"wp:term":[{"taxonomy":"product_brand","embeddable":true,"href":"https:\/\/regalexia.com\/ca\/wp-json\/wp\/v2\/product_brand?post=6587"},{"taxonomy":"product_cat","embeddable":true,"href":"https:\/\/regalexia.com\/ca\/wp-json\/wp\/v2\/product_cat?post=6587"},{"taxonomy":"product_tag","embeddable":true,"href":"https:\/\/regalexia.com\/ca\/wp-json\/wp\/v2\/product_tag?post=6587"}],"curies":[{"name":"wp","href":"https:\/\/api.w.org\/{rel}","templated":true}]}}