 {"id":67,"date":"2023-01-20T14:16:48","date_gmt":"2023-01-20T14:16:48","guid":{"rendered":"https:\/\/regalexia.com\/store\/producto\/kinder-pony\/"},"modified":"2025-11-03T11:31:41","modified_gmt":"2025-11-03T10:31:41","slug":"kinder-pony","status":"publish","type":"product","link":"https:\/\/regalexia.com\/ca\/experiencias\/kinder-pony\/","title":{"rendered":"Kinder Pony"},"content":{"rendered":"\n<h2 class=\"wp-block-heading\"><strong>\u00bfQuieres que tu hijo aprenda a montar a caballo y&nbsp; conocer el mundo de la equitaci\u00f3n?<\/strong><\/h2>\n\n\n\n<p>Con esta divertida actividad y con la ayuda de estos nobles y maravillosos ponis, los ni\u00f1os aprenden sobre el cuidado de los caballos, las medidas de seguridad al montarlos y c\u00f3mo manejarlos adecuadamente. Con estos paseos en pony desarrollar fuerza f\u00edsica y coordinaci\u00f3n<\/p>\n\n\n\n<p>He aqu\u00ed algunas actividades que se realizan:<\/p>\n\n\n\n<ul class=\"wp-block-list\">\n<li>Paseo por las instalaciones para conocer las cuadras, los animales y la labor sin \u00e1nimo de lucro de la asociaci\u00f3n.<\/li>\n\n\n\n<li>La actividad consiste en un acercamiento al mundo del caballo por parte de los ni\u00f1os de temprana edad y en conocer a cada uno de los animales recuperados.<\/li>\n\n\n\n<li>Monta y preparaci\u00f3n del caballo bajo la supervisi\u00f3n de un monitor especializado.<\/li>\n\n\n\n<li>Peque\u00f1as nociones de doma.<\/li>\n\n\n\n<li>Picnic [refresco o agua y un bocadillo del d\u00eda]<\/li>\n\n\n\n<li>Entre 3 y 5 fotograf\u00edas digitales de la experiencia.<\/li>\n\n\n\n<li>Los adultos participan como espectadores. Si os apetece, hay una terraza-bar.<\/li>\n\n\n\n<li>Incluye material y seguro de responsabilidad civil.<\/li>\n<\/ul>\n\n\n\n<p>Con la ayuda de los ponys, los ni\u00f1os se sienten motivados a montar a caballo durante per\u00edodos de tiempo m\u00e1s largos.<\/p>\n\n\n\n<blockquote class=\"wp-block-quote is-layout-flow wp-block-quote-is-layout-flow\">\n<p><strong>\u00abEs imposible desperdiciar una hora de vida si est\u00e1s encima de la silla de montar\u00bb<\/strong><\/p>\n<cite>Winston Churchill<\/cite><\/blockquote>\n\n\n\n<p>\u00a1Vivamos juntos estos grandes momentos en compa\u00f1\u00eda de estos incre\u00edbles Ponys!<\/p>\n","protected":false},"excerpt":{"rendered":"<p><span style=\"font-weight: 400\">\u00a1Descubrid el emocionante mundo de la equitaci\u00f3n con vuestros hijos! Nuestra actividad en pony es la oportunidad perfecta para que los ni\u00f1os aprendan a montar y cuidar de estos adorables animales. Con la supervisi\u00f3n de un monitor, podr\u00e1n montar, preparar al caballo y aprender nociones de doma. Disfrutad de un picnic, recibid fotograf\u00edas digitales y contad con todo el material. \u00a1Una experiencia inolvidable en Ruidarenes que desarrollar\u00e1 su fuerza y coordinaci\u00f3n! \u00a1Reservad ahora y vivir\u00e9is momentos \u00fanicos!<\/span><\/p>","protected":false},"featured_media":8362,"comment_status":"open","ping_status":"closed","template":"","meta":{"id_video":[],"enlace_video":[],"enlace_captura":[],"invitacion_anexada":[],"pedido_anexado":[]},"product_brand":[],"product_cat":[45],"product_tag":[],"class_list":{"0":"post-67","1":"product","2":"type-product","3":"status-publish","4":"has-post-thumbnail","6":"product_cat-explorador","8":"first","9":"instock","10":"sold-individually","11":"shipping-taxable","12":"purchasable","13":"product-type-simple"},"exclude_global_add_ons":[],"addons":[],"yoast_head":"<!-- This site is optimized with the Yoast SEO plugin v27.3 - https:\/\/yoast.com\/product\/yoast-seo-wordpress\/ -->\n<title>Kinder Pony - Regalexia<\/title>\n<meta name=\"robots\" content=\"index, follow, max-snippet:-1, max-image-preview:large, max-video-preview:-1\" \/>\n<link rel=\"canonical\" href=\"https:\/\/regalexia.com\/ca\/experiencias\/kinder-pony\/\" \/>\n<meta property=\"og:locale\" content=\"ca_ES\" \/>\n<meta property=\"og:type\" content=\"article\" \/>\n<meta property=\"og:title\" content=\"Kinder Pony - Regalexia\" \/>\n<meta property=\"og:description\" content=\"\u00a1Descubrid el emocionante mundo de la equitaci\u00f3n con vuestros hijos! Nuestra actividad en pony es la oportunidad perfecta para que los ni\u00f1os aprendan a montar y cuidar de estos adorables animales. Con la supervisi\u00f3n de un monitor, podr\u00e1n montar, preparar al caballo y aprender nociones de doma. Disfrutad de un picnic, recibid fotograf\u00edas digitales y contad con todo el material. \u00a1Una experiencia inolvidable en Ruidarenes que desarrollar\u00e1 su fuerza y coordinaci\u00f3n! \u00a1Reservad ahora y vivir\u00e9is momentos \u00fanicos!\" \/>\n<meta property=\"og:url\" content=\"https:\/\/regalexia.com\/ca\/experiencias\/kinder-pony\/\" \/>\n<meta property=\"og:site_name\" content=\"Regalexia\" \/>\n<meta property=\"article:publisher\" content=\"https:\/\/www.facebook.com\/regalexia\" \/>\n<meta property=\"article:modified_time\" content=\"2025-11-03T10:31:41+00:00\" \/>\n<meta property=\"og:image\" content=\"https:\/\/regalexia.com\/wp-content\/uploads\/2023\/01\/Kinder-Pony-C.webp\" \/>\n\t<meta property=\"og:image:width\" content=\"1024\" \/>\n\t<meta property=\"og:image:height\" content=\"768\" \/>\n\t<meta property=\"og:image:type\" content=\"image\/webp\" \/>\n<meta name=\"twitter:card\" content=\"summary_large_image\" \/>\n<meta name=\"twitter:label1\" content=\"Temps estimat de lectura\" \/>\n\t<meta name=\"twitter:data1\" content=\"2 minuts\" \/>\n<script type=\"application\/ld+json\" class=\"yoast-schema-graph\">{\"@context\":\"https:\\\/\\\/schema.org\",\"@graph\":[{\"@type\":\"WebPage\",\"@id\":\"https:\\\/\\\/regalexia.com\\\/experiencias\\\/kinder-pony\\\/\",\"url\":\"https:\\\/\\\/regalexia.com\\\/experiencias\\\/kinder-pony\\\/\",\"name\":\"Kinder Pony - Regalexia\",\"isPartOf\":{\"@id\":\"https:\\\/\\\/regalexia.com\\\/#website\"},\"primaryImageOfPage\":{\"@id\":\"https:\\\/\\\/regalexia.com\\\/experiencias\\\/kinder-pony\\\/#primaryimage\"},\"image\":{\"@id\":\"https:\\\/\\\/regalexia.com\\\/experiencias\\\/kinder-pony\\\/#primaryimage\"},\"thumbnailUrl\":\"https:\\\/\\\/regalexia.com\\\/wp-content\\\/uploads\\\/2023\\\/01\\\/Kinder-Pony-C.webp\",\"datePublished\":\"2023-01-20T14:16:48+00:00\",\"dateModified\":\"2025-11-03T10:31:41+00:00\",\"breadcrumb\":{\"@id\":\"https:\\\/\\\/regalexia.com\\\/experiencias\\\/kinder-pony\\\/#breadcrumb\"},\"inLanguage\":\"ca\",\"potentialAction\":[{\"@type\":\"ReadAction\",\"target\":[\"https:\\\/\\\/regalexia.com\\\/experiencias\\\/kinder-pony\\\/\"]}]},{\"@type\":\"ImageObject\",\"inLanguage\":\"ca\",\"@id\":\"https:\\\/\\\/regalexia.com\\\/experiencias\\\/kinder-pony\\\/#primaryimage\",\"url\":\"https:\\\/\\\/regalexia.com\\\/wp-content\\\/uploads\\\/2023\\\/01\\\/Kinder-Pony-C.webp\",\"contentUrl\":\"https:\\\/\\\/regalexia.com\\\/wp-content\\\/uploads\\\/2023\\\/01\\\/Kinder-Pony-C.webp\",\"width\":1024,\"height\":768,\"caption\":\"Imagen de un ni\u00f1o sonriente se prepara para montar un pony con amor y cuidado, mientras un monitor observa atentamente. Su rostro irradia emoci\u00f3n y ternura mientras se conecta con el adorable animal. Esta escena transmite la emoci\u00f3n y la anticipaci\u00f3n de una aventura en Ruidarenes, donde el ni\u00f1o aprender\u00e1 no solo a montar, sino tambi\u00e9n a cuidar a estos encantadores animales. Correspondiente a la categor\u00eda de explorador y experiencias originales para ni\u00f1os en Barcelona - Regalexia.\"},{\"@type\":\"BreadcrumbList\",\"@id\":\"https:\\\/\\\/regalexia.com\\\/experiencias\\\/kinder-pony\\\/#breadcrumb\",\"itemListElement\":[{\"@type\":\"ListItem\",\"position\":1,\"name\":\"Inicio\",\"item\":\"https:\\\/\\\/regalexia.com\\\/\"},{\"@type\":\"ListItem\",\"position\":2,\"name\":\"Experiencias\",\"item\":\"https:\\\/\\\/regalexia.com\\\/experiencias\\\/\"},{\"@type\":\"ListItem\",\"position\":3,\"name\":\"Kinder Pony\"}]},{\"@type\":\"WebSite\",\"@id\":\"https:\\\/\\\/regalexia.com\\\/#website\",\"url\":\"https:\\\/\\\/regalexia.com\\\/\",\"name\":\"Regalexia\",\"description\":\"\",\"publisher\":{\"@id\":\"https:\\\/\\\/regalexia.com\\\/#organization\"},\"potentialAction\":[{\"@type\":\"SearchAction\",\"target\":{\"@type\":\"EntryPoint\",\"urlTemplate\":\"https:\\\/\\\/regalexia.com\\\/?s={search_term_string}\"},\"query-input\":{\"@type\":\"PropertyValueSpecification\",\"valueRequired\":true,\"valueName\":\"search_term_string\"}}],\"inLanguage\":\"ca\"},{\"@type\":\"Organization\",\"@id\":\"https:\\\/\\\/regalexia.com\\\/#organization\",\"name\":\"Regalexia\",\"url\":\"https:\\\/\\\/regalexia.com\\\/\",\"logo\":{\"@type\":\"ImageObject\",\"inLanguage\":\"ca\",\"@id\":\"https:\\\/\\\/regalexia.com\\\/#\\\/schema\\\/logo\\\/image\\\/\",\"url\":\"https:\\\/\\\/regalexia.com\\\/wp-content\\\/uploads\\\/2024\\\/05\\\/logo_webp.webp\",\"contentUrl\":\"https:\\\/\\\/regalexia.com\\\/wp-content\\\/uploads\\\/2024\\\/05\\\/logo_webp.webp\",\"width\":338,\"height\":90,\"caption\":\"Regalexia\"},\"image\":{\"@id\":\"https:\\\/\\\/regalexia.com\\\/#\\\/schema\\\/logo\\\/image\\\/\"},\"sameAs\":[\"https:\\\/\\\/www.facebook.com\\\/regalexia\",\"https:\\\/\\\/www.instagram.com\\\/regalexia\\\/\",\"https:\\\/\\\/www.youtube.com\\\/@RegalexiaRegalaIlusiones\"]}]}<\/script>\n<!-- \/ Yoast SEO plugin. -->","yoast_head_json":{"title":"Kinder Pony - Regalexia","robots":{"index":"index","follow":"follow","max-snippet":"max-snippet:-1","max-image-preview":"max-image-preview:large","max-video-preview":"max-video-preview:-1"},"canonical":"https:\/\/regalexia.com\/ca\/experiencias\/kinder-pony\/","og_locale":"ca_ES","og_type":"article","og_title":"Kinder Pony - Regalexia","og_description":"\u00a1Descubrid el emocionante mundo de la equitaci\u00f3n con vuestros hijos! Nuestra actividad en pony es la oportunidad perfecta para que los ni\u00f1os aprendan a montar y cuidar de estos adorables animales. Con la supervisi\u00f3n de un monitor, podr\u00e1n montar, preparar al caballo y aprender nociones de doma. Disfrutad de un picnic, recibid fotograf\u00edas digitales y contad con todo el material. \u00a1Una experiencia inolvidable en Ruidarenes que desarrollar\u00e1 su fuerza y coordinaci\u00f3n! \u00a1Reservad ahora y vivir\u00e9is momentos \u00fanicos!","og_url":"https:\/\/regalexia.com\/ca\/experiencias\/kinder-pony\/","og_site_name":"Regalexia","article_publisher":"https:\/\/www.facebook.com\/regalexia","article_modified_time":"2025-11-03T10:31:41+00:00","og_image":[{"width":1024,"height":768,"url":"https:\/\/regalexia.com\/wp-content\/uploads\/2023\/01\/Kinder-Pony-C.webp","type":"image\/webp"}],"twitter_card":"summary_large_image","twitter_misc":{"Temps estimat de lectura":"2 minuts"},"schema":{"@context":"https:\/\/schema.org","@graph":[{"@type":"WebPage","@id":"https:\/\/regalexia.com\/experiencias\/kinder-pony\/","url":"https:\/\/regalexia.com\/experiencias\/kinder-pony\/","name":"Kinder Pony - Regalexia","isPartOf":{"@id":"https:\/\/regalexia.com\/#website"},"primaryImageOfPage":{"@id":"https:\/\/regalexia.com\/experiencias\/kinder-pony\/#primaryimage"},"image":{"@id":"https:\/\/regalexia.com\/experiencias\/kinder-pony\/#primaryimage"},"thumbnailUrl":"https:\/\/regalexia.com\/wp-content\/uploads\/2023\/01\/Kinder-Pony-C.webp","datePublished":"2023-01-20T14:16:48+00:00","dateModified":"2025-11-03T10:31:41+00:00","breadcrumb":{"@id":"https:\/\/regalexia.com\/experiencias\/kinder-pony\/#breadcrumb"},"inLanguage":"ca","potentialAction":[{"@type":"ReadAction","target":["https:\/\/regalexia.com\/experiencias\/kinder-pony\/"]}]},{"@type":"ImageObject","inLanguage":"ca","@id":"https:\/\/regalexia.com\/experiencias\/kinder-pony\/#primaryimage","url":"https:\/\/regalexia.com\/wp-content\/uploads\/2023\/01\/Kinder-Pony-C.webp","contentUrl":"https:\/\/regalexia.com\/wp-content\/uploads\/2023\/01\/Kinder-Pony-C.webp","width":1024,"height":768,"caption":"Imagen de un ni\u00f1o sonriente se prepara para montar un pony con amor y cuidado, mientras un monitor observa atentamente. Su rostro irradia emoci\u00f3n y ternura mientras se conecta con el adorable animal. Esta escena transmite la emoci\u00f3n y la anticipaci\u00f3n de una aventura en Ruidarenes, donde el ni\u00f1o aprender\u00e1 no solo a montar, sino tambi\u00e9n a cuidar a estos encantadores animales. Correspondiente a la categor\u00eda de explorador y experiencias originales para ni\u00f1os en Barcelona - Regalexia."},{"@type":"BreadcrumbList","@id":"https:\/\/regalexia.com\/experiencias\/kinder-pony\/#breadcrumb","itemListElement":[{"@type":"ListItem","position":1,"name":"Inicio","item":"https:\/\/regalexia.com\/"},{"@type":"ListItem","position":2,"name":"Experiencias","item":"https:\/\/regalexia.com\/experiencias\/"},{"@type":"ListItem","position":3,"name":"Kinder Pony"}]},{"@type":"WebSite","@id":"https:\/\/regalexia.com\/#website","url":"https:\/\/regalexia.com\/","name":"Regalexia","description":"","publisher":{"@id":"https:\/\/regalexia.com\/#organization"},"potentialAction":[{"@type":"SearchAction","target":{"@type":"EntryPoint","urlTemplate":"https:\/\/regalexia.com\/?s={search_term_string}"},"query-input":{"@type":"PropertyValueSpecification","valueRequired":true,"valueName":"search_term_string"}}],"inLanguage":"ca"},{"@type":"Organization","@id":"https:\/\/regalexia.com\/#organization","name":"Regalexia","url":"https:\/\/regalexia.com\/","logo":{"@type":"ImageObject","inLanguage":"ca","@id":"https:\/\/regalexia.com\/#\/schema\/logo\/image\/","url":"https:\/\/regalexia.com\/wp-content\/uploads\/2024\/05\/logo_webp.webp","contentUrl":"https:\/\/regalexia.com\/wp-content\/uploads\/2024\/05\/logo_webp.webp","width":338,"height":90,"caption":"Regalexia"},"image":{"@id":"https:\/\/regalexia.com\/#\/schema\/logo\/image\/"},"sameAs":["https:\/\/www.facebook.com\/regalexia","https:\/\/www.instagram.com\/regalexia\/","https:\/\/www.youtube.com\/@RegalexiaRegalaIlusiones"]}]}},"_links":{"self":[{"href":"https:\/\/regalexia.com\/ca\/wp-json\/wp\/v2\/product\/67","targetHints":{"allow":["GET"]}}],"collection":[{"href":"https:\/\/regalexia.com\/ca\/wp-json\/wp\/v2\/product"}],"about":[{"href":"https:\/\/regalexia.com\/ca\/wp-json\/wp\/v2\/types\/product"}],"replies":[{"embeddable":true,"href":"https:\/\/regalexia.com\/ca\/wp-json\/wp\/v2\/comments?post=67"}],"wp:featuredmedia":[{"embeddable":true,"href":"https:\/\/regalexia.com\/ca\/wp-json\/wp\/v2\/media\/8362"}],"wp:attachment":[{"href":"https:\/\/regalexia.com\/ca\/wp-json\/wp\/v2\/media?parent=67"}],"wp:term":[{"taxonomy":"product_brand","embeddable":true,"href":"https:\/\/regalexia.com\/ca\/wp-json\/wp\/v2\/product_brand?post=67"},{"taxonomy":"product_cat","embeddable":true,"href":"https:\/\/regalexia.com\/ca\/wp-json\/wp\/v2\/product_cat?post=67"},{"taxonomy":"product_tag","embeddable":true,"href":"https:\/\/regalexia.com\/ca\/wp-json\/wp\/v2\/product_tag?post=67"}],"curies":[{"name":"wp","href":"https:\/\/api.w.org\/{rel}","templated":true}]}}