 {"id":7139,"date":"2024-03-25T06:02:29","date_gmt":"2024-03-25T05:02:29","guid":{"rendered":"https:\/\/regalexia.com\/?post_type=product&#038;p=7139"},"modified":"2025-10-21T12:55:58","modified_gmt":"2025-10-21T10:55:58","slug":"pinocho-3d","status":"publish","type":"product","link":"https:\/\/regalexia.com\/ca\/experiencias\/pinocho-3d\/","title":{"rendered":"Pinocho 3D"},"content":{"rendered":"<h2 class=\"wp-block-heading\">Una experiencia inmersiva para familias que se podr\u00e1 ver por primera vez en el Estado Espa\u00f1ol<\/h2>\n\n\n\n<p>Del 24 de febrero al 20 de mayo, descubrid esta experiencia inmersiva que se podr\u00e1 ver por primera vez en el Estado Espa\u00f1ol! <\/p>\n\n\n\n<p>Un emotivo, inmersivo y divertido homenaje a la historia, valores y personajes de Las aventuras de Pinocho, uno de los cuentos m\u00e1s universales de todos los tiempos. Las p\u00e1ginas del libro cobran vida en esta exposici\u00f3n en Barcelona para adentraros en las aventuras y emociones de este personaje inolvidable en un recorrido que os har\u00e1 descubrir esbozos inspirados en las primeras ilustraciones, proyecciones multimedia con ambientaci\u00f3n, sonidos e im\u00e1genes, y una espectacular sala inmersiva de 100m2.<\/p>\n\n\n\n<p>Pinocchio, una experiencia art\u00edstica inmersiva es una exposici\u00f3n que permitir\u00e1 a los m\u00e1s peque\u00f1os hacer un apasionante viaje gracias al m\u00e1s entra\u00f1able de los t\u00edteres; y a los adultos, volver por un rato a la infancia para redescubrir y emocionarse de nuevo con este cl\u00e1sico de la literatura italiana y universal que ha conquistado generaciones enteras desde hace m\u00e1s de 140 a\u00f1os.<\/p>\n\n\n\n<p>\u00a1FAMILIAS, COLECCIONISTAS, CURIOSOS Y AMANTES DEL UNIVERSO DE PINOCCHIO!<\/p>\n\n\n\n<p>Producida por Medartec \u2013productora y distribuidora italiana de experiencias multimedia inmersivas especializada en arte y cultura\u2013, la entrada a Pinocchio incluye la visita a todo el Poble Espanyol.<\/p>\n\n\n\n<blockquote class=\"wp-block-quote is-layout-flow wp-block-quote-is-layout-flow\">\n<p>\u201cTodo lo bueno requiere paciencia\u201d.<\/p>\n<cite>Gepetto.<\/cite><\/blockquote>","protected":false},"excerpt":{"rendered":"<p>\u00a1Sum\u00e9rgete en la magia de Pinocho! En Barcelona, se prepara una experiencia cultural \u00fanica y emocionante: una exposici\u00f3n inmersiva sobre el cl\u00e1sico cuento de hadas, Las aventuras de Pinocho.<\/p>\n<p>Por primera vez en Espa\u00f1a, esta muestra llevar\u00e1 a los visitantes a un viaje interactivo a trav\u00e9s de la historia y los valores que han cautivado a generaciones durante d\u00e9cadas. Las p\u00e1ginas del libro cobran vida en esta exposici\u00f3n, adentr\u00e1ndote en las aventuras y emociones de este personaje inolvidable.<\/p>\n<p>Descubre esbozos inspirados en las primeras ilustraciones, proyecciones multimedia, y una espectacular sala inmersiva de 100m2. \u00a1No te pierdas esta oportunidad \u00fanica en el Poble Espanyol!<\/p>\n<p>Compra tus entradas aqu\u00ed:<\/p>\n<p>\u00a0<a href=\"https:\/\/tickets.poble-espanyol.com\/es\/109-web-individual\/7718-poble-espanyol-pinocchio\">https:\/\/tickets.poble-espanyol.com\/es\/109-web-individual\/7718-poble-espanyol-pinocchio<\/a><\/p>","protected":false},"featured_media":7181,"comment_status":"open","ping_status":"closed","template":"","meta":{"id_video":[],"enlace_video":[],"enlace_captura":[],"invitacion_anexada":[],"pedido_anexado":[]},"product_brand":[],"product_cat":[48],"product_tag":[],"class_list":{"0":"post-7139","1":"product","2":"type-product","3":"status-publish","4":"has-post-thumbnail","6":"product_cat-creativo","8":"first","9":"outofstock","10":"shipping-taxable","11":"purchasable","12":"product-type-simple"},"exclude_global_add_ons":[],"addons":[],"yoast_head":"<!-- This site is optimized with the Yoast SEO plugin v27.5 - https:\/\/yoast.com\/product\/yoast-seo-wordpress\/ -->\n<title>Pinocho 3D - Regalexia<\/title>\n<meta name=\"description\" content=\"\u00a1Vive la magia de Pinocho en Barcelona! Exposici\u00f3n inmersiva \u00fanica en el Poble Espanyol. \u00a1No te la pierdas! Compra tus entradas aqu\u00ed.\" \/>\n<meta name=\"robots\" content=\"index, follow, max-snippet:-1, max-image-preview:large, max-video-preview:-1\" \/>\n<link rel=\"canonical\" href=\"https:\/\/regalexia.com\/ca\/experiencias\/pinocho-3d\/\" \/>\n<meta property=\"og:locale\" content=\"ca_ES\" \/>\n<meta property=\"og:type\" content=\"article\" \/>\n<meta property=\"og:title\" content=\"Pinocho 3D - Regalexia\" \/>\n<meta property=\"og:description\" content=\"\u00a1Vive la magia de Pinocho en Barcelona! Exposici\u00f3n inmersiva \u00fanica en el Poble Espanyol. \u00a1No te la pierdas! Compra tus entradas aqu\u00ed.\" \/>\n<meta property=\"og:url\" content=\"https:\/\/regalexia.com\/ca\/experiencias\/pinocho-3d\/\" \/>\n<meta property=\"og:site_name\" content=\"Regalexia\" \/>\n<meta property=\"article:publisher\" content=\"https:\/\/www.facebook.com\/regalexia\" \/>\n<meta property=\"article:modified_time\" content=\"2025-10-21T10:55:58+00:00\" \/>\n<meta property=\"og:image\" content=\"https:\/\/regalexia.com\/wp-content\/uploads\/2024\/03\/Pinocho-3D-E.webp\" \/>\n\t<meta property=\"og:image:width\" content=\"1024\" \/>\n\t<meta property=\"og:image:height\" content=\"768\" \/>\n\t<meta property=\"og:image:type\" content=\"image\/webp\" \/>\n<meta name=\"twitter:card\" content=\"summary_large_image\" \/>\n<meta name=\"twitter:label1\" content=\"Temps estimat de lectura\" \/>\n\t<meta name=\"twitter:data1\" content=\"2 minuts\" \/>\n<script type=\"application\/ld+json\" class=\"yoast-schema-graph\">{\"@context\":\"https:\\\/\\\/schema.org\",\"@graph\":[{\"@type\":\"WebPage\",\"@id\":\"https:\\\/\\\/regalexia.com\\\/experiencias\\\/pinocho-3d\\\/\",\"url\":\"https:\\\/\\\/regalexia.com\\\/experiencias\\\/pinocho-3d\\\/\",\"name\":\"Pinocho 3D - Regalexia\",\"isPartOf\":{\"@id\":\"https:\\\/\\\/regalexia.com\\\/#website\"},\"primaryImageOfPage\":{\"@id\":\"https:\\\/\\\/regalexia.com\\\/experiencias\\\/pinocho-3d\\\/#primaryimage\"},\"image\":{\"@id\":\"https:\\\/\\\/regalexia.com\\\/experiencias\\\/pinocho-3d\\\/#primaryimage\"},\"thumbnailUrl\":\"https:\\\/\\\/regalexia.com\\\/wp-content\\\/uploads\\\/2024\\\/03\\\/Pinocho-3D-E.webp\",\"datePublished\":\"2024-03-25T05:02:29+00:00\",\"dateModified\":\"2025-10-21T10:55:58+00:00\",\"description\":\"\u00a1Vive la magia de Pinocho en Barcelona! Exposici\u00f3n inmersiva \u00fanica en el Poble Espanyol. \u00a1No te la pierdas! Compra tus entradas aqu\u00ed.\",\"breadcrumb\":{\"@id\":\"https:\\\/\\\/regalexia.com\\\/experiencias\\\/pinocho-3d\\\/#breadcrumb\"},\"inLanguage\":\"ca\",\"potentialAction\":[{\"@type\":\"ReadAction\",\"target\":[\"https:\\\/\\\/regalexia.com\\\/experiencias\\\/pinocho-3d\\\/\"]}]},{\"@type\":\"ImageObject\",\"inLanguage\":\"ca\",\"@id\":\"https:\\\/\\\/regalexia.com\\\/experiencias\\\/pinocho-3d\\\/#primaryimage\",\"url\":\"https:\\\/\\\/regalexia.com\\\/wp-content\\\/uploads\\\/2024\\\/03\\\/Pinocho-3D-E.webp\",\"contentUrl\":\"https:\\\/\\\/regalexia.com\\\/wp-content\\\/uploads\\\/2024\\\/03\\\/Pinocho-3D-E.webp\",\"width\":1024,\"height\":768},{\"@type\":\"BreadcrumbList\",\"@id\":\"https:\\\/\\\/regalexia.com\\\/experiencias\\\/pinocho-3d\\\/#breadcrumb\",\"itemListElement\":[{\"@type\":\"ListItem\",\"position\":1,\"name\":\"Inicio\",\"item\":\"https:\\\/\\\/regalexia.com\\\/\"},{\"@type\":\"ListItem\",\"position\":2,\"name\":\"Experiencias\",\"item\":\"https:\\\/\\\/regalexia.com\\\/experiencias\\\/\"},{\"@type\":\"ListItem\",\"position\":3,\"name\":\"Pinocho 3D\"}]},{\"@type\":\"WebSite\",\"@id\":\"https:\\\/\\\/regalexia.com\\\/#website\",\"url\":\"https:\\\/\\\/regalexia.com\\\/\",\"name\":\"Regalexia\",\"description\":\"\",\"publisher\":{\"@id\":\"https:\\\/\\\/regalexia.com\\\/#organization\"},\"potentialAction\":[{\"@type\":\"SearchAction\",\"target\":{\"@type\":\"EntryPoint\",\"urlTemplate\":\"https:\\\/\\\/regalexia.com\\\/?s={search_term_string}\"},\"query-input\":{\"@type\":\"PropertyValueSpecification\",\"valueRequired\":true,\"valueName\":\"search_term_string\"}}],\"inLanguage\":\"ca\"},{\"@type\":\"Organization\",\"@id\":\"https:\\\/\\\/regalexia.com\\\/#organization\",\"name\":\"Regalexia\",\"url\":\"https:\\\/\\\/regalexia.com\\\/\",\"logo\":{\"@type\":\"ImageObject\",\"inLanguage\":\"ca\",\"@id\":\"https:\\\/\\\/regalexia.com\\\/#\\\/schema\\\/logo\\\/image\\\/\",\"url\":\"https:\\\/\\\/regalexia.com\\\/wp-content\\\/uploads\\\/2024\\\/05\\\/logo_webp.webp\",\"contentUrl\":\"https:\\\/\\\/regalexia.com\\\/wp-content\\\/uploads\\\/2024\\\/05\\\/logo_webp.webp\",\"width\":338,\"height\":90,\"caption\":\"Regalexia\"},\"image\":{\"@id\":\"https:\\\/\\\/regalexia.com\\\/#\\\/schema\\\/logo\\\/image\\\/\"},\"sameAs\":[\"https:\\\/\\\/www.facebook.com\\\/regalexia\",\"https:\\\/\\\/www.instagram.com\\\/regalexia\\\/\",\"https:\\\/\\\/www.youtube.com\\\/@RegalexiaRegalaIlusiones\"]}]}<\/script>\n<!-- \/ Yoast SEO plugin. -->","yoast_head_json":{"title":"Pinocho 3D - Regalexia","description":"\u00a1Vive la magia de Pinocho en Barcelona! Exposici\u00f3n inmersiva \u00fanica en el Poble Espanyol. \u00a1No te la pierdas! Compra tus entradas aqu\u00ed.","robots":{"index":"index","follow":"follow","max-snippet":"max-snippet:-1","max-image-preview":"max-image-preview:large","max-video-preview":"max-video-preview:-1"},"canonical":"https:\/\/regalexia.com\/ca\/experiencias\/pinocho-3d\/","og_locale":"ca_ES","og_type":"article","og_title":"Pinocho 3D - Regalexia","og_description":"\u00a1Vive la magia de Pinocho en Barcelona! Exposici\u00f3n inmersiva \u00fanica en el Poble Espanyol. \u00a1No te la pierdas! Compra tus entradas aqu\u00ed.","og_url":"https:\/\/regalexia.com\/ca\/experiencias\/pinocho-3d\/","og_site_name":"Regalexia","article_publisher":"https:\/\/www.facebook.com\/regalexia","article_modified_time":"2025-10-21T10:55:58+00:00","og_image":[{"width":1024,"height":768,"url":"https:\/\/regalexia.com\/wp-content\/uploads\/2024\/03\/Pinocho-3D-E.webp","type":"image\/webp"}],"twitter_card":"summary_large_image","twitter_misc":{"Temps estimat de lectura":"2 minuts"},"schema":{"@context":"https:\/\/schema.org","@graph":[{"@type":"WebPage","@id":"https:\/\/regalexia.com\/experiencias\/pinocho-3d\/","url":"https:\/\/regalexia.com\/experiencias\/pinocho-3d\/","name":"Pinocho 3D - Regalexia","isPartOf":{"@id":"https:\/\/regalexia.com\/#website"},"primaryImageOfPage":{"@id":"https:\/\/regalexia.com\/experiencias\/pinocho-3d\/#primaryimage"},"image":{"@id":"https:\/\/regalexia.com\/experiencias\/pinocho-3d\/#primaryimage"},"thumbnailUrl":"https:\/\/regalexia.com\/wp-content\/uploads\/2024\/03\/Pinocho-3D-E.webp","datePublished":"2024-03-25T05:02:29+00:00","dateModified":"2025-10-21T10:55:58+00:00","description":"\u00a1Vive la magia de Pinocho en Barcelona! Exposici\u00f3n inmersiva \u00fanica en el Poble Espanyol. \u00a1No te la pierdas! Compra tus entradas aqu\u00ed.","breadcrumb":{"@id":"https:\/\/regalexia.com\/experiencias\/pinocho-3d\/#breadcrumb"},"inLanguage":"ca","potentialAction":[{"@type":"ReadAction","target":["https:\/\/regalexia.com\/experiencias\/pinocho-3d\/"]}]},{"@type":"ImageObject","inLanguage":"ca","@id":"https:\/\/regalexia.com\/experiencias\/pinocho-3d\/#primaryimage","url":"https:\/\/regalexia.com\/wp-content\/uploads\/2024\/03\/Pinocho-3D-E.webp","contentUrl":"https:\/\/regalexia.com\/wp-content\/uploads\/2024\/03\/Pinocho-3D-E.webp","width":1024,"height":768},{"@type":"BreadcrumbList","@id":"https:\/\/regalexia.com\/experiencias\/pinocho-3d\/#breadcrumb","itemListElement":[{"@type":"ListItem","position":1,"name":"Inicio","item":"https:\/\/regalexia.com\/"},{"@type":"ListItem","position":2,"name":"Experiencias","item":"https:\/\/regalexia.com\/experiencias\/"},{"@type":"ListItem","position":3,"name":"Pinocho 3D"}]},{"@type":"WebSite","@id":"https:\/\/regalexia.com\/#website","url":"https:\/\/regalexia.com\/","name":"Regalexia","description":"","publisher":{"@id":"https:\/\/regalexia.com\/#organization"},"potentialAction":[{"@type":"SearchAction","target":{"@type":"EntryPoint","urlTemplate":"https:\/\/regalexia.com\/?s={search_term_string}"},"query-input":{"@type":"PropertyValueSpecification","valueRequired":true,"valueName":"search_term_string"}}],"inLanguage":"ca"},{"@type":"Organization","@id":"https:\/\/regalexia.com\/#organization","name":"Regalexia","url":"https:\/\/regalexia.com\/","logo":{"@type":"ImageObject","inLanguage":"ca","@id":"https:\/\/regalexia.com\/#\/schema\/logo\/image\/","url":"https:\/\/regalexia.com\/wp-content\/uploads\/2024\/05\/logo_webp.webp","contentUrl":"https:\/\/regalexia.com\/wp-content\/uploads\/2024\/05\/logo_webp.webp","width":338,"height":90,"caption":"Regalexia"},"image":{"@id":"https:\/\/regalexia.com\/#\/schema\/logo\/image\/"},"sameAs":["https:\/\/www.facebook.com\/regalexia","https:\/\/www.instagram.com\/regalexia\/","https:\/\/www.youtube.com\/@RegalexiaRegalaIlusiones"]}]}},"_links":{"self":[{"href":"https:\/\/regalexia.com\/ca\/wp-json\/wp\/v2\/product\/7139","targetHints":{"allow":["GET"]}}],"collection":[{"href":"https:\/\/regalexia.com\/ca\/wp-json\/wp\/v2\/product"}],"about":[{"href":"https:\/\/regalexia.com\/ca\/wp-json\/wp\/v2\/types\/product"}],"replies":[{"embeddable":true,"href":"https:\/\/regalexia.com\/ca\/wp-json\/wp\/v2\/comments?post=7139"}],"wp:featuredmedia":[{"embeddable":true,"href":"https:\/\/regalexia.com\/ca\/wp-json\/wp\/v2\/media\/7181"}],"wp:attachment":[{"href":"https:\/\/regalexia.com\/ca\/wp-json\/wp\/v2\/media?parent=7139"}],"wp:term":[{"taxonomy":"product_brand","embeddable":true,"href":"https:\/\/regalexia.com\/ca\/wp-json\/wp\/v2\/product_brand?post=7139"},{"taxonomy":"product_cat","embeddable":true,"href":"https:\/\/regalexia.com\/ca\/wp-json\/wp\/v2\/product_cat?post=7139"},{"taxonomy":"product_tag","embeddable":true,"href":"https:\/\/regalexia.com\/ca\/wp-json\/wp\/v2\/product_tag?post=7139"}],"curies":[{"name":"wp","href":"https:\/\/api.w.org\/{rel}","templated":true}]}}