 {"id":7879,"date":"2024-06-11T16:37:25","date_gmt":"2024-06-11T14:37:25","guid":{"rendered":"https:\/\/regalexia.com\/?post_type=product&#038;p=7879"},"modified":"2025-10-21T12:55:55","modified_gmt":"2025-10-21T10:55:55","slug":"orientacion-en-la-montana-fiestas","status":"publish","type":"product","link":"https:\/\/regalexia.com\/ca\/experiencias\/orientacion-en-la-montana-fiestas\/","title":{"rendered":"Orientaci\u00f3n en la monta\u00f1a"},"content":{"rendered":"<p>Una actividad diferente, educativa, retadora para&nbsp; disfrutar los beneficios para la salud f\u00edsica y mental de la exposici\u00f3n a la naturaleza.<\/p>\n\n\n\n<p>Conoce otras familias que tambi\u00e9n buscan compartir tiempo de calidad y experiencias que fortalezcan los lazos entre las personas.<\/p>\n\n\n\n<p>La actividad se realiza en Collserola. El punto de encuentro exacto se compartir\u00e1 v\u00eda correo electr\u00f3nico una vez confirmada vuestra participaci\u00f3n.<\/p>\n\n\n\n<p>Esta actividad no es reembolsable y no aplica la pol\u00edtica de devoluci\u00f3n Regalexia.<\/p>\n\n\n\n<p>En caso de lluvia, la actividad se realizar\u00e1 otro d\u00eda.<\/p>\n\n\n\n<blockquote class=\"wp-block-quote is-layout-flow wp-block-quote-is-layout-flow\">\n<p><cite><strong>\u201c<strong>Cada monta\u00f1a tiene su propia historia y ense\u00f1anzas para ofrecernos. Debemos estar dispuestos a escuchar<\/strong>\u201c<\/strong><\/cite><\/p>\n<cite><strong>Edmund Hillary<\/strong><\/cite><\/blockquote>","protected":false},"excerpt":{"rendered":"<p>Realiza una excursi\u00f3n en familia y con otras familias.<\/p>\n<p>Esta actividad consiste en un paseo por la Sierra de Collserola donde <strong>monitores\u00a0 expertos<\/strong> nos ense\u00f1aran c\u00f3mo <strong>construir una br\u00fajula<\/strong> y c\u00f3mo saber <strong>contar nuestros pasos y la distancias<\/strong> sin ayuda digital.<\/p>\n<p>La actividad tiene una duraci\u00f3n total de 2 horas (explicaci\u00f3n, prueba y entrega de premios). Es necesario que todos los menores de edad vengan acompa\u00f1ados de un adulto.<\/p>\n<p>Se recomienda para ni\u00f1os a partir de 6 a\u00f1os, pero est\u00e1 abierta a todas las edades.<\/p>\n<p>Es importante traer ropa y zapatos c\u00f3modos, protecci\u00f3n para el sol, agua y alg\u00fan snack.<\/p>","protected":false},"featured_media":8363,"comment_status":"open","ping_status":"closed","template":"","meta":{"id_video":[],"enlace_video":[],"enlace_captura":[],"invitacion_anexada":[],"pedido_anexado":[]},"product_brand":[],"product_cat":[45],"product_tag":[],"class_list":{"0":"post-7879","1":"product","2":"type-product","3":"status-publish","4":"has-post-thumbnail","6":"product_cat-explorador","8":"first","9":"instock","10":"sold-individually","11":"shipping-taxable","12":"purchasable","13":"product-type-simple"},"exclude_global_add_ons":[],"addons":[],"yoast_head":"<!-- This site is optimized with the Yoast SEO plugin v27.3 - https:\/\/yoast.com\/product\/yoast-seo-wordpress\/ -->\n<title>Orientaci\u00f3n en la monta\u00f1a - Sitios para celebrar fiestas con ni\u00f1os en Barcelona - Regalexia<\/title>\n<meta name=\"description\" content=\"Explora la monta\u00f1a en familia en la Sierra de Collserola. . \u00a1Descubre sitios para celebrar fiestas con ni\u00f1os en Barcelona desde 4\u20ac\" \/>\n<meta name=\"robots\" content=\"index, follow, max-snippet:-1, max-image-preview:large, max-video-preview:-1\" \/>\n<link rel=\"canonical\" href=\"https:\/\/regalexia.com\/ca\/experiencias\/orientacion-en-la-montana-fiestas\/\" \/>\n<meta property=\"og:locale\" content=\"ca_ES\" \/>\n<meta property=\"og:type\" content=\"article\" \/>\n<meta property=\"og:title\" content=\"Orientaci\u00f3n en la monta\u00f1a - Sitios para celebrar fiestas con ni\u00f1os en Barcelona - Regalexia\" \/>\n<meta property=\"og:description\" content=\"Explora la monta\u00f1a en familia en la Sierra de Collserola. . \u00a1Descubre sitios para celebrar fiestas con ni\u00f1os en Barcelona desde 4\u20ac\" \/>\n<meta property=\"og:url\" content=\"https:\/\/regalexia.com\/ca\/experiencias\/orientacion-en-la-montana-fiestas\/\" \/>\n<meta property=\"og:site_name\" content=\"Regalexia\" \/>\n<meta property=\"article:publisher\" content=\"https:\/\/www.facebook.com\/regalexia\" \/>\n<meta property=\"article:modified_time\" content=\"2025-10-21T10:55:55+00:00\" \/>\n<meta property=\"og:image\" content=\"https:\/\/regalexia.com\/wp-content\/uploads\/2024\/06\/Orientacion-en-la-montana-A-1.webp\" \/>\n\t<meta property=\"og:image:width\" content=\"1024\" \/>\n\t<meta property=\"og:image:height\" content=\"768\" \/>\n\t<meta property=\"og:image:type\" content=\"image\/webp\" \/>\n<meta name=\"twitter:card\" content=\"summary_large_image\" \/>\n<meta name=\"twitter:label1\" content=\"Temps estimat de lectura\" \/>\n\t<meta name=\"twitter:data1\" content=\"1 minut\" \/>\n<script type=\"application\/ld+json\" class=\"yoast-schema-graph\">{\"@context\":\"https:\\\/\\\/schema.org\",\"@graph\":[{\"@type\":\"WebPage\",\"@id\":\"https:\\\/\\\/regalexia.com\\\/experiencias\\\/orientacion-en-la-montana-fiestas\\\/\",\"url\":\"https:\\\/\\\/regalexia.com\\\/experiencias\\\/orientacion-en-la-montana-fiestas\\\/\",\"name\":\"Orientaci\u00f3n en la monta\u00f1a - Sitios para celebrar fiestas con ni\u00f1os en Barcelona - Regalexia\",\"isPartOf\":{\"@id\":\"https:\\\/\\\/regalexia.com\\\/#website\"},\"primaryImageOfPage\":{\"@id\":\"https:\\\/\\\/regalexia.com\\\/experiencias\\\/orientacion-en-la-montana-fiestas\\\/#primaryimage\"},\"image\":{\"@id\":\"https:\\\/\\\/regalexia.com\\\/experiencias\\\/orientacion-en-la-montana-fiestas\\\/#primaryimage\"},\"thumbnailUrl\":\"https:\\\/\\\/regalexia.com\\\/wp-content\\\/uploads\\\/2024\\\/06\\\/Orientacion-en-la-montana-A-1.webp\",\"datePublished\":\"2024-06-11T14:37:25+00:00\",\"dateModified\":\"2025-10-21T10:55:55+00:00\",\"description\":\"Explora la monta\u00f1a en familia en la Sierra de Collserola. . \u00a1Descubre sitios para celebrar fiestas con ni\u00f1os en Barcelona desde 4\u20ac\",\"breadcrumb\":{\"@id\":\"https:\\\/\\\/regalexia.com\\\/experiencias\\\/orientacion-en-la-montana-fiestas\\\/#breadcrumb\"},\"inLanguage\":\"ca\",\"potentialAction\":[{\"@type\":\"ReadAction\",\"target\":[\"https:\\\/\\\/regalexia.com\\\/experiencias\\\/orientacion-en-la-montana-fiestas\\\/\"]}]},{\"@type\":\"ImageObject\",\"inLanguage\":\"ca\",\"@id\":\"https:\\\/\\\/regalexia.com\\\/experiencias\\\/orientacion-en-la-montana-fiestas\\\/#primaryimage\",\"url\":\"https:\\\/\\\/regalexia.com\\\/wp-content\\\/uploads\\\/2024\\\/06\\\/Orientacion-en-la-montana-A-1.webp\",\"contentUrl\":\"https:\\\/\\\/regalexia.com\\\/wp-content\\\/uploads\\\/2024\\\/06\\\/Orientacion-en-la-montana-A-1.webp\",\"width\":1024,\"height\":768,\"caption\":\"Imagen de un ni\u00f1o y una ni\u00f1a observan el camino recorrido junto a su familia en la Sierra de Collserola, irradiando curiosidad y alegr\u00eda. En esta experiencia \u00fanica, los lazos familiares se fortalecen con cada paso dado y cada momento de conexi\u00f3n con la naturaleza. Aprenden a orientarse y medir distancias con monitores expertos, creando recuerdos que perdurar\u00e1n toda la vida. Correspondiente a la categor\u00eda de explorador y experiencias originales para ni\u00f1os en Barcelona - Regalexia.\"},{\"@type\":\"BreadcrumbList\",\"@id\":\"https:\\\/\\\/regalexia.com\\\/experiencias\\\/orientacion-en-la-montana-fiestas\\\/#breadcrumb\",\"itemListElement\":[{\"@type\":\"ListItem\",\"position\":1,\"name\":\"Inicio\",\"item\":\"https:\\\/\\\/regalexia.com\\\/\"},{\"@type\":\"ListItem\",\"position\":2,\"name\":\"Experiencias\",\"item\":\"https:\\\/\\\/regalexia.com\\\/experiencias\\\/\"},{\"@type\":\"ListItem\",\"position\":3,\"name\":\"Orientaci\u00f3n en la monta\u00f1a\"}]},{\"@type\":\"WebSite\",\"@id\":\"https:\\\/\\\/regalexia.com\\\/#website\",\"url\":\"https:\\\/\\\/regalexia.com\\\/\",\"name\":\"Regalexia\",\"description\":\"\",\"publisher\":{\"@id\":\"https:\\\/\\\/regalexia.com\\\/#organization\"},\"potentialAction\":[{\"@type\":\"SearchAction\",\"target\":{\"@type\":\"EntryPoint\",\"urlTemplate\":\"https:\\\/\\\/regalexia.com\\\/?s={search_term_string}\"},\"query-input\":{\"@type\":\"PropertyValueSpecification\",\"valueRequired\":true,\"valueName\":\"search_term_string\"}}],\"inLanguage\":\"ca\"},{\"@type\":\"Organization\",\"@id\":\"https:\\\/\\\/regalexia.com\\\/#organization\",\"name\":\"Regalexia\",\"url\":\"https:\\\/\\\/regalexia.com\\\/\",\"logo\":{\"@type\":\"ImageObject\",\"inLanguage\":\"ca\",\"@id\":\"https:\\\/\\\/regalexia.com\\\/#\\\/schema\\\/logo\\\/image\\\/\",\"url\":\"https:\\\/\\\/regalexia.com\\\/wp-content\\\/uploads\\\/2024\\\/05\\\/logo_webp.webp\",\"contentUrl\":\"https:\\\/\\\/regalexia.com\\\/wp-content\\\/uploads\\\/2024\\\/05\\\/logo_webp.webp\",\"width\":338,\"height\":90,\"caption\":\"Regalexia\"},\"image\":{\"@id\":\"https:\\\/\\\/regalexia.com\\\/#\\\/schema\\\/logo\\\/image\\\/\"},\"sameAs\":[\"https:\\\/\\\/www.facebook.com\\\/regalexia\",\"https:\\\/\\\/www.instagram.com\\\/regalexia\\\/\",\"https:\\\/\\\/www.youtube.com\\\/@RegalexiaRegalaIlusiones\"]}]}<\/script>\n<!-- \/ Yoast SEO plugin. -->","yoast_head_json":{"title":"Orientaci\u00f3n en la monta\u00f1a - Sitios para celebrar fiestas con ni\u00f1os en Barcelona - Regalexia","description":"Explora la monta\u00f1a en familia en la Sierra de Collserola. . \u00a1Descubre sitios para celebrar fiestas con ni\u00f1os en Barcelona desde 4\u20ac","robots":{"index":"index","follow":"follow","max-snippet":"max-snippet:-1","max-image-preview":"max-image-preview:large","max-video-preview":"max-video-preview:-1"},"canonical":"https:\/\/regalexia.com\/ca\/experiencias\/orientacion-en-la-montana-fiestas\/","og_locale":"ca_ES","og_type":"article","og_title":"Orientaci\u00f3n en la monta\u00f1a - Sitios para celebrar fiestas con ni\u00f1os en Barcelona - Regalexia","og_description":"Explora la monta\u00f1a en familia en la Sierra de Collserola. . \u00a1Descubre sitios para celebrar fiestas con ni\u00f1os en Barcelona desde 4\u20ac","og_url":"https:\/\/regalexia.com\/ca\/experiencias\/orientacion-en-la-montana-fiestas\/","og_site_name":"Regalexia","article_publisher":"https:\/\/www.facebook.com\/regalexia","article_modified_time":"2025-10-21T10:55:55+00:00","og_image":[{"width":1024,"height":768,"url":"https:\/\/regalexia.com\/wp-content\/uploads\/2024\/06\/Orientacion-en-la-montana-A-1.webp","type":"image\/webp"}],"twitter_card":"summary_large_image","twitter_misc":{"Temps estimat de lectura":"1 minut"},"schema":{"@context":"https:\/\/schema.org","@graph":[{"@type":"WebPage","@id":"https:\/\/regalexia.com\/experiencias\/orientacion-en-la-montana-fiestas\/","url":"https:\/\/regalexia.com\/experiencias\/orientacion-en-la-montana-fiestas\/","name":"Orientaci\u00f3n en la monta\u00f1a - Sitios para celebrar fiestas con ni\u00f1os en Barcelona - Regalexia","isPartOf":{"@id":"https:\/\/regalexia.com\/#website"},"primaryImageOfPage":{"@id":"https:\/\/regalexia.com\/experiencias\/orientacion-en-la-montana-fiestas\/#primaryimage"},"image":{"@id":"https:\/\/regalexia.com\/experiencias\/orientacion-en-la-montana-fiestas\/#primaryimage"},"thumbnailUrl":"https:\/\/regalexia.com\/wp-content\/uploads\/2024\/06\/Orientacion-en-la-montana-A-1.webp","datePublished":"2024-06-11T14:37:25+00:00","dateModified":"2025-10-21T10:55:55+00:00","description":"Explora la monta\u00f1a en familia en la Sierra de Collserola. . \u00a1Descubre sitios para celebrar fiestas con ni\u00f1os en Barcelona desde 4\u20ac","breadcrumb":{"@id":"https:\/\/regalexia.com\/experiencias\/orientacion-en-la-montana-fiestas\/#breadcrumb"},"inLanguage":"ca","potentialAction":[{"@type":"ReadAction","target":["https:\/\/regalexia.com\/experiencias\/orientacion-en-la-montana-fiestas\/"]}]},{"@type":"ImageObject","inLanguage":"ca","@id":"https:\/\/regalexia.com\/experiencias\/orientacion-en-la-montana-fiestas\/#primaryimage","url":"https:\/\/regalexia.com\/wp-content\/uploads\/2024\/06\/Orientacion-en-la-montana-A-1.webp","contentUrl":"https:\/\/regalexia.com\/wp-content\/uploads\/2024\/06\/Orientacion-en-la-montana-A-1.webp","width":1024,"height":768,"caption":"Imagen de un ni\u00f1o y una ni\u00f1a observan el camino recorrido junto a su familia en la Sierra de Collserola, irradiando curiosidad y alegr\u00eda. En esta experiencia \u00fanica, los lazos familiares se fortalecen con cada paso dado y cada momento de conexi\u00f3n con la naturaleza. Aprenden a orientarse y medir distancias con monitores expertos, creando recuerdos que perdurar\u00e1n toda la vida. Correspondiente a la categor\u00eda de explorador y experiencias originales para ni\u00f1os en Barcelona - Regalexia."},{"@type":"BreadcrumbList","@id":"https:\/\/regalexia.com\/experiencias\/orientacion-en-la-montana-fiestas\/#breadcrumb","itemListElement":[{"@type":"ListItem","position":1,"name":"Inicio","item":"https:\/\/regalexia.com\/"},{"@type":"ListItem","position":2,"name":"Experiencias","item":"https:\/\/regalexia.com\/experiencias\/"},{"@type":"ListItem","position":3,"name":"Orientaci\u00f3n en la monta\u00f1a"}]},{"@type":"WebSite","@id":"https:\/\/regalexia.com\/#website","url":"https:\/\/regalexia.com\/","name":"Regalexia","description":"","publisher":{"@id":"https:\/\/regalexia.com\/#organization"},"potentialAction":[{"@type":"SearchAction","target":{"@type":"EntryPoint","urlTemplate":"https:\/\/regalexia.com\/?s={search_term_string}"},"query-input":{"@type":"PropertyValueSpecification","valueRequired":true,"valueName":"search_term_string"}}],"inLanguage":"ca"},{"@type":"Organization","@id":"https:\/\/regalexia.com\/#organization","name":"Regalexia","url":"https:\/\/regalexia.com\/","logo":{"@type":"ImageObject","inLanguage":"ca","@id":"https:\/\/regalexia.com\/#\/schema\/logo\/image\/","url":"https:\/\/regalexia.com\/wp-content\/uploads\/2024\/05\/logo_webp.webp","contentUrl":"https:\/\/regalexia.com\/wp-content\/uploads\/2024\/05\/logo_webp.webp","width":338,"height":90,"caption":"Regalexia"},"image":{"@id":"https:\/\/regalexia.com\/#\/schema\/logo\/image\/"},"sameAs":["https:\/\/www.facebook.com\/regalexia","https:\/\/www.instagram.com\/regalexia\/","https:\/\/www.youtube.com\/@RegalexiaRegalaIlusiones"]}]}},"_links":{"self":[{"href":"https:\/\/regalexia.com\/ca\/wp-json\/wp\/v2\/product\/7879","targetHints":{"allow":["GET"]}}],"collection":[{"href":"https:\/\/regalexia.com\/ca\/wp-json\/wp\/v2\/product"}],"about":[{"href":"https:\/\/regalexia.com\/ca\/wp-json\/wp\/v2\/types\/product"}],"replies":[{"embeddable":true,"href":"https:\/\/regalexia.com\/ca\/wp-json\/wp\/v2\/comments?post=7879"}],"wp:featuredmedia":[{"embeddable":true,"href":"https:\/\/regalexia.com\/ca\/wp-json\/wp\/v2\/media\/8363"}],"wp:attachment":[{"href":"https:\/\/regalexia.com\/ca\/wp-json\/wp\/v2\/media?parent=7879"}],"wp:term":[{"taxonomy":"product_brand","embeddable":true,"href":"https:\/\/regalexia.com\/ca\/wp-json\/wp\/v2\/product_brand?post=7879"},{"taxonomy":"product_cat","embeddable":true,"href":"https:\/\/regalexia.com\/ca\/wp-json\/wp\/v2\/product_cat?post=7879"},{"taxonomy":"product_tag","embeddable":true,"href":"https:\/\/regalexia.com\/ca\/wp-json\/wp\/v2\/product_tag?post=7879"}],"curies":[{"name":"wp","href":"https:\/\/api.w.org\/{rel}","templated":true}]}}