 {"id":79,"date":"2023-01-20T14:49:41","date_gmt":"2023-01-20T14:49:41","guid":{"rendered":"https:\/\/regalexia.com\/store\/producto\/talleres-de-ciencias\/"},"modified":"2025-06-26T20:42:03","modified_gmt":"2025-06-26T18:42:03","slug":"talleres-de-ciencias","status":"publish","type":"product","link":"https:\/\/regalexia.com\/ca\/experiencias\/talleres-de-ciencias\/","title":{"rendered":"Talleres de Ciencias"},"content":{"rendered":"<h2 class=\"wp-block-heading\">\u00a1Una nueva forma de hacer ciencia!<\/h2>\n\n\n\n<h3 class=\"wp-block-heading\">Si has visto que a tu peque le gusta la ciencia, en estos talleres encontrar\u00e1s el para\u00edso.<\/h3>\n\n\n\n<p>Los eventos son interactivos y son para ni\u00f1os y padres. Est\u00e1n escritos en un lenguaje muy accesible y est\u00e1n dirigidos por j\u00f3venes cient\u00edficos llenos de entusiasmo.<br>\u00a1Y los padres no se aburrir\u00e1n! Siempre hacemos un programa separado para los padres donde pueden aprender cosas nuevas a la vez que se divierten.<\/p>\n\n\n\n<ul class=\"wp-block-list\">\n<li>La ciencia hecha f\u00e1cil<\/li>\n\n\n\n<li>20 experimentos en dos horas<\/li>\n\n\n\n<li>Variedad<\/li>\n<\/ul>\n\n\n\n<p>En este entorno encuentras tambi\u00e9n a ni\u00f1os y padres entusiastas, una atm\u00f3sfera cient\u00edfica intelectual y un enfoque moderno de aprendizaje \u00a1y con mucha innovaci\u00f3n!<br>Elige un pack de 2 o 3 eventos \u00fanicos que van sobre qu\u00edmica, f\u00edsica, biolog\u00eda, medicina y otras ciencias.<\/p>\n\n\n\n<blockquote class=\"wp-block-quote is-layout-flow wp-block-quote-is-layout-flow\">\n<p><strong>\u00abLa mayor\u00eda de las ideas fundamentales de la ciencia son esencialmente sencillas y, por regla general pueden ser expresadas en un lenguaje comprensible para todos\u00bb<\/strong><\/p>\n<cite>Albert Einstein<\/cite><\/blockquote>\n\n\n\n<p>\u00a1Tenemos estrenos mensuales de eventos de ciencia interactivos, cursos de ciencia semanales y mucho m\u00e1s!<\/p>","protected":false},"excerpt":{"rendered":"<p><span style=\"font-weight: 400;\">\u00a1Despertad la pasi\u00f3n por la ciencia en vuestros hijos con nuestros emocionantes talleres en Barcelona! Nuestros eventos interactivos son ideales para ni\u00f1os y padres. Guiados por apasionados j\u00f3venes cient\u00edficos, explorar\u00e1n 20 emocionantes experimentos en solo dos horas. \u00a1Y no os preocup\u00e9is, los padres tambi\u00e9n se divertir\u00e1n! Tenemos un programa especial para vosotros, donde podr\u00e9is aprender mientras disfrut\u00e1is. Sumerg\u00edos en un ambiente cient\u00edfico lleno de innovaci\u00f3n y aprendizaje. \u00a1Regalad la emoci\u00f3n de la ciencia y cread recuerdos inolvidables!<\/span><\/p>","protected":false},"featured_media":8703,"comment_status":"open","ping_status":"closed","template":"","meta":{"id_video":[],"enlace_video":[],"enlace_captura":[],"invitacion_anexada":[],"pedido_anexado":[]},"product_brand":[],"product_cat":[47],"product_tag":[],"class_list":{"0":"post-79","1":"product","2":"type-product","3":"status-publish","4":"has-post-thumbnail","6":"product_cat-cientifico","8":"first","9":"instock","10":"shipping-taxable","11":"purchasable","12":"product-type-simple"},"exclude_global_add_ons":[],"addons":[],"yoast_head":"<!-- This site is optimized with the Yoast SEO plugin v27.3 - https:\/\/yoast.com\/product\/yoast-seo-wordpress\/ -->\n<title>Talleres de Ciencias - Regalexia<\/title>\n<meta name=\"robots\" content=\"index, follow, max-snippet:-1, max-image-preview:large, max-video-preview:-1\" \/>\n<link rel=\"canonical\" href=\"https:\/\/regalexia.com\/ca\/experiencias\/talleres-de-ciencias\/\" \/>\n<meta property=\"og:locale\" content=\"ca_ES\" \/>\n<meta property=\"og:type\" content=\"article\" \/>\n<meta property=\"og:title\" content=\"Talleres de Ciencias - Regalexia\" \/>\n<meta property=\"og:description\" content=\"\u00a1Despertad la pasi\u00f3n por la ciencia en vuestros hijos con nuestros emocionantes talleres en Barcelona! Nuestros eventos interactivos son ideales para ni\u00f1os y padres. Guiados por apasionados j\u00f3venes cient\u00edficos, explorar\u00e1n 20 emocionantes experimentos en solo dos horas. \u00a1Y no os preocup\u00e9is, los padres tambi\u00e9n se divertir\u00e1n! Tenemos un programa especial para vosotros, donde podr\u00e9is aprender mientras disfrut\u00e1is. Sumerg\u00edos en un ambiente cient\u00edfico lleno de innovaci\u00f3n y aprendizaje. \u00a1Regalad la emoci\u00f3n de la ciencia y cread recuerdos inolvidables!\" \/>\n<meta property=\"og:url\" content=\"https:\/\/regalexia.com\/ca\/experiencias\/talleres-de-ciencias\/\" \/>\n<meta property=\"og:site_name\" content=\"Regalexia\" \/>\n<meta property=\"article:publisher\" content=\"https:\/\/www.facebook.com\/regalexia\" \/>\n<meta property=\"article:modified_time\" content=\"2025-06-26T18:42:03+00:00\" \/>\n<meta property=\"og:image\" content=\"https:\/\/regalexia.com\/wp-content\/uploads\/2023\/01\/taller-de-ciencias-a.webp\" \/>\n\t<meta property=\"og:image:width\" content=\"1024\" \/>\n\t<meta property=\"og:image:height\" content=\"768\" \/>\n\t<meta property=\"og:image:type\" content=\"image\/webp\" \/>\n<meta name=\"twitter:card\" content=\"summary_large_image\" \/>\n<meta name=\"twitter:label1\" content=\"Temps estimat de lectura\" \/>\n\t<meta name=\"twitter:data1\" content=\"1 minut\" \/>\n<script type=\"application\/ld+json\" class=\"yoast-schema-graph\">{\"@context\":\"https:\\\/\\\/schema.org\",\"@graph\":[{\"@type\":\"WebPage\",\"@id\":\"https:\\\/\\\/regalexia.com\\\/experiencias\\\/talleres-de-ciencias\\\/\",\"url\":\"https:\\\/\\\/regalexia.com\\\/experiencias\\\/talleres-de-ciencias\\\/\",\"name\":\"Talleres de Ciencias - Regalexia\",\"isPartOf\":{\"@id\":\"https:\\\/\\\/regalexia.com\\\/#website\"},\"primaryImageOfPage\":{\"@id\":\"https:\\\/\\\/regalexia.com\\\/experiencias\\\/talleres-de-ciencias\\\/#primaryimage\"},\"image\":{\"@id\":\"https:\\\/\\\/regalexia.com\\\/experiencias\\\/talleres-de-ciencias\\\/#primaryimage\"},\"thumbnailUrl\":\"https:\\\/\\\/regalexia.com\\\/wp-content\\\/uploads\\\/2023\\\/01\\\/taller-de-ciencias-a.webp\",\"datePublished\":\"2023-01-20T14:49:41+00:00\",\"dateModified\":\"2025-06-26T18:42:03+00:00\",\"breadcrumb\":{\"@id\":\"https:\\\/\\\/regalexia.com\\\/experiencias\\\/talleres-de-ciencias\\\/#breadcrumb\"},\"inLanguage\":\"ca\",\"potentialAction\":[{\"@type\":\"ReadAction\",\"target\":[\"https:\\\/\\\/regalexia.com\\\/experiencias\\\/talleres-de-ciencias\\\/\"]}]},{\"@type\":\"ImageObject\",\"inLanguage\":\"ca\",\"@id\":\"https:\\\/\\\/regalexia.com\\\/experiencias\\\/talleres-de-ciencias\\\/#primaryimage\",\"url\":\"https:\\\/\\\/regalexia.com\\\/wp-content\\\/uploads\\\/2023\\\/01\\\/taller-de-ciencias-a.webp\",\"contentUrl\":\"https:\\\/\\\/regalexia.com\\\/wp-content\\\/uploads\\\/2023\\\/01\\\/taller-de-ciencias-a.webp\",\"width\":1024,\"height\":768,\"caption\":\"Imagen de una ni\u00f1a radiante con gafas de protecci\u00f3n y guantes de laboratorio est\u00e1 lista para embarcarse en emocionantes experimentos cient\u00edficos. Su sonrisa refleja la emoci\u00f3n y la curiosidad que siente al explorar el mundo de la ciencia. Con los ojos brillando de entusiasmo, se prepara para descubrir secretos y maravillas ocultas en cada frasco y tubo de ensayo. Esta escena captura la esencia de despertar la pasi\u00f3n por la ciencia en los m\u00e1s peque\u00f1os, fomentando su inter\u00e9s y amor por el conocimiento. Correspondiente a la categor\u00eda de cient\u00edfico y experiencias originales para ni\u00f1os en Barcelona - Regalexia.\"},{\"@type\":\"BreadcrumbList\",\"@id\":\"https:\\\/\\\/regalexia.com\\\/experiencias\\\/talleres-de-ciencias\\\/#breadcrumb\",\"itemListElement\":[{\"@type\":\"ListItem\",\"position\":1,\"name\":\"Inicio\",\"item\":\"https:\\\/\\\/regalexia.com\\\/\"},{\"@type\":\"ListItem\",\"position\":2,\"name\":\"Experiencias\",\"item\":\"https:\\\/\\\/regalexia.com\\\/experiencias\\\/\"},{\"@type\":\"ListItem\",\"position\":3,\"name\":\"Talleres de Ciencias\"}]},{\"@type\":\"WebSite\",\"@id\":\"https:\\\/\\\/regalexia.com\\\/#website\",\"url\":\"https:\\\/\\\/regalexia.com\\\/\",\"name\":\"Regalexia\",\"description\":\"\",\"publisher\":{\"@id\":\"https:\\\/\\\/regalexia.com\\\/#organization\"},\"potentialAction\":[{\"@type\":\"SearchAction\",\"target\":{\"@type\":\"EntryPoint\",\"urlTemplate\":\"https:\\\/\\\/regalexia.com\\\/?s={search_term_string}\"},\"query-input\":{\"@type\":\"PropertyValueSpecification\",\"valueRequired\":true,\"valueName\":\"search_term_string\"}}],\"inLanguage\":\"ca\"},{\"@type\":\"Organization\",\"@id\":\"https:\\\/\\\/regalexia.com\\\/#organization\",\"name\":\"Regalexia\",\"url\":\"https:\\\/\\\/regalexia.com\\\/\",\"logo\":{\"@type\":\"ImageObject\",\"inLanguage\":\"ca\",\"@id\":\"https:\\\/\\\/regalexia.com\\\/#\\\/schema\\\/logo\\\/image\\\/\",\"url\":\"https:\\\/\\\/regalexia.com\\\/wp-content\\\/uploads\\\/2024\\\/05\\\/logo_webp.webp\",\"contentUrl\":\"https:\\\/\\\/regalexia.com\\\/wp-content\\\/uploads\\\/2024\\\/05\\\/logo_webp.webp\",\"width\":338,\"height\":90,\"caption\":\"Regalexia\"},\"image\":{\"@id\":\"https:\\\/\\\/regalexia.com\\\/#\\\/schema\\\/logo\\\/image\\\/\"},\"sameAs\":[\"https:\\\/\\\/www.facebook.com\\\/regalexia\",\"https:\\\/\\\/www.instagram.com\\\/regalexia\\\/\",\"https:\\\/\\\/www.youtube.com\\\/@RegalexiaRegalaIlusiones\"]}]}<\/script>\n<!-- \/ Yoast SEO plugin. -->","yoast_head_json":{"title":"Talleres de Ciencias - Regalexia","robots":{"index":"index","follow":"follow","max-snippet":"max-snippet:-1","max-image-preview":"max-image-preview:large","max-video-preview":"max-video-preview:-1"},"canonical":"https:\/\/regalexia.com\/ca\/experiencias\/talleres-de-ciencias\/","og_locale":"ca_ES","og_type":"article","og_title":"Talleres de Ciencias - Regalexia","og_description":"\u00a1Despertad la pasi\u00f3n por la ciencia en vuestros hijos con nuestros emocionantes talleres en Barcelona! Nuestros eventos interactivos son ideales para ni\u00f1os y padres. Guiados por apasionados j\u00f3venes cient\u00edficos, explorar\u00e1n 20 emocionantes experimentos en solo dos horas. \u00a1Y no os preocup\u00e9is, los padres tambi\u00e9n se divertir\u00e1n! Tenemos un programa especial para vosotros, donde podr\u00e9is aprender mientras disfrut\u00e1is. Sumerg\u00edos en un ambiente cient\u00edfico lleno de innovaci\u00f3n y aprendizaje. \u00a1Regalad la emoci\u00f3n de la ciencia y cread recuerdos inolvidables!","og_url":"https:\/\/regalexia.com\/ca\/experiencias\/talleres-de-ciencias\/","og_site_name":"Regalexia","article_publisher":"https:\/\/www.facebook.com\/regalexia","article_modified_time":"2025-06-26T18:42:03+00:00","og_image":[{"width":1024,"height":768,"url":"https:\/\/regalexia.com\/wp-content\/uploads\/2023\/01\/taller-de-ciencias-a.webp","type":"image\/webp"}],"twitter_card":"summary_large_image","twitter_misc":{"Temps estimat de lectura":"1 minut"},"schema":{"@context":"https:\/\/schema.org","@graph":[{"@type":"WebPage","@id":"https:\/\/regalexia.com\/experiencias\/talleres-de-ciencias\/","url":"https:\/\/regalexia.com\/experiencias\/talleres-de-ciencias\/","name":"Talleres de Ciencias - Regalexia","isPartOf":{"@id":"https:\/\/regalexia.com\/#website"},"primaryImageOfPage":{"@id":"https:\/\/regalexia.com\/experiencias\/talleres-de-ciencias\/#primaryimage"},"image":{"@id":"https:\/\/regalexia.com\/experiencias\/talleres-de-ciencias\/#primaryimage"},"thumbnailUrl":"https:\/\/regalexia.com\/wp-content\/uploads\/2023\/01\/taller-de-ciencias-a.webp","datePublished":"2023-01-20T14:49:41+00:00","dateModified":"2025-06-26T18:42:03+00:00","breadcrumb":{"@id":"https:\/\/regalexia.com\/experiencias\/talleres-de-ciencias\/#breadcrumb"},"inLanguage":"ca","potentialAction":[{"@type":"ReadAction","target":["https:\/\/regalexia.com\/experiencias\/talleres-de-ciencias\/"]}]},{"@type":"ImageObject","inLanguage":"ca","@id":"https:\/\/regalexia.com\/experiencias\/talleres-de-ciencias\/#primaryimage","url":"https:\/\/regalexia.com\/wp-content\/uploads\/2023\/01\/taller-de-ciencias-a.webp","contentUrl":"https:\/\/regalexia.com\/wp-content\/uploads\/2023\/01\/taller-de-ciencias-a.webp","width":1024,"height":768,"caption":"Imagen de una ni\u00f1a radiante con gafas de protecci\u00f3n y guantes de laboratorio est\u00e1 lista para embarcarse en emocionantes experimentos cient\u00edficos. Su sonrisa refleja la emoci\u00f3n y la curiosidad que siente al explorar el mundo de la ciencia. Con los ojos brillando de entusiasmo, se prepara para descubrir secretos y maravillas ocultas en cada frasco y tubo de ensayo. Esta escena captura la esencia de despertar la pasi\u00f3n por la ciencia en los m\u00e1s peque\u00f1os, fomentando su inter\u00e9s y amor por el conocimiento. Correspondiente a la categor\u00eda de cient\u00edfico y experiencias originales para ni\u00f1os en Barcelona - Regalexia."},{"@type":"BreadcrumbList","@id":"https:\/\/regalexia.com\/experiencias\/talleres-de-ciencias\/#breadcrumb","itemListElement":[{"@type":"ListItem","position":1,"name":"Inicio","item":"https:\/\/regalexia.com\/"},{"@type":"ListItem","position":2,"name":"Experiencias","item":"https:\/\/regalexia.com\/experiencias\/"},{"@type":"ListItem","position":3,"name":"Talleres de Ciencias"}]},{"@type":"WebSite","@id":"https:\/\/regalexia.com\/#website","url":"https:\/\/regalexia.com\/","name":"Regalexia","description":"","publisher":{"@id":"https:\/\/regalexia.com\/#organization"},"potentialAction":[{"@type":"SearchAction","target":{"@type":"EntryPoint","urlTemplate":"https:\/\/regalexia.com\/?s={search_term_string}"},"query-input":{"@type":"PropertyValueSpecification","valueRequired":true,"valueName":"search_term_string"}}],"inLanguage":"ca"},{"@type":"Organization","@id":"https:\/\/regalexia.com\/#organization","name":"Regalexia","url":"https:\/\/regalexia.com\/","logo":{"@type":"ImageObject","inLanguage":"ca","@id":"https:\/\/regalexia.com\/#\/schema\/logo\/image\/","url":"https:\/\/regalexia.com\/wp-content\/uploads\/2024\/05\/logo_webp.webp","contentUrl":"https:\/\/regalexia.com\/wp-content\/uploads\/2024\/05\/logo_webp.webp","width":338,"height":90,"caption":"Regalexia"},"image":{"@id":"https:\/\/regalexia.com\/#\/schema\/logo\/image\/"},"sameAs":["https:\/\/www.facebook.com\/regalexia","https:\/\/www.instagram.com\/regalexia\/","https:\/\/www.youtube.com\/@RegalexiaRegalaIlusiones"]}]}},"_links":{"self":[{"href":"https:\/\/regalexia.com\/ca\/wp-json\/wp\/v2\/product\/79","targetHints":{"allow":["GET"]}}],"collection":[{"href":"https:\/\/regalexia.com\/ca\/wp-json\/wp\/v2\/product"}],"about":[{"href":"https:\/\/regalexia.com\/ca\/wp-json\/wp\/v2\/types\/product"}],"replies":[{"embeddable":true,"href":"https:\/\/regalexia.com\/ca\/wp-json\/wp\/v2\/comments?post=79"}],"wp:featuredmedia":[{"embeddable":true,"href":"https:\/\/regalexia.com\/ca\/wp-json\/wp\/v2\/media\/8703"}],"wp:attachment":[{"href":"https:\/\/regalexia.com\/ca\/wp-json\/wp\/v2\/media?parent=79"}],"wp:term":[{"taxonomy":"product_brand","embeddable":true,"href":"https:\/\/regalexia.com\/ca\/wp-json\/wp\/v2\/product_brand?post=79"},{"taxonomy":"product_cat","embeddable":true,"href":"https:\/\/regalexia.com\/ca\/wp-json\/wp\/v2\/product_cat?post=79"},{"taxonomy":"product_tag","embeddable":true,"href":"https:\/\/regalexia.com\/ca\/wp-json\/wp\/v2\/product_tag?post=79"}],"curies":[{"name":"wp","href":"https:\/\/api.w.org\/{rel}","templated":true}]}}