 {"id":9932,"date":"2025-07-15T15:03:11","date_gmt":"2025-07-15T13:03:11","guid":{"rendered":"https:\/\/regalexia.com\/?post_type=product&#038;p=9932"},"modified":"2026-02-23T18:33:29","modified_gmt":"2026-02-23T17:33:29","slug":"camp-counselor-2026","status":"publish","type":"product","link":"https:\/\/regalexia.com\/ca\/experiencias\/camp-counselor-2026\/","title":{"rendered":"Camp\u00a0Counselor\u00a02026 &#8211; Global Leaders USA"},"content":{"rendered":"<p>\u00a1Felicidades! Est\u00e1s iniciando el camino para vivir el verano m\u00e1s \u00e9pico de tu vida.<\/p>\n\n\n\n<ul class=\"wp-block-list\">\n<li>El primer paso es realizar una entrevista inicial por Google Meet y tiene un coste de 20\u202f\u20ac. Eval\u00faa tu nivel de ingl\u00e9s, tu experiencia, motivaci\u00f3n y adaptaci\u00f3n al entorno de campamento. Si tu nivel de ingl\u00e9s no es suficiente, te orientaremos para que puedas prepararte y volver a intentarlo.<br><\/li>\n\n\n\n<li>Si tu perfil es aprobado, debes realizar un pago de 150\u202f\u20ac para continuar el proceso.<br>Luego grabar\u00e1s un video de presentaci\u00f3n y completar\u00e1s tu ficha.<br>Con esta informaci\u00f3n, tu perfil se sube a la plataforma de selecci\u00f3n.<br><\/li>\n\n\n\n<li>Una vez que tu perfil est\u00e9 subido a la plataforma, los campamentos comenzar\u00e1n a contactarte para agendar una entrevista. Si tu perfil les gusta y encaja con lo que necesitan, el campamento te enviar\u00e1 una oferta de trabajo.<br>Para poder recibir toda la documentaci\u00f3n para tramitar el visado J-1, necesitas realizar el 3er pago que va de entre los 140 \u20ac a los 270 \u20ac seg\u00fan el momento en el que lo hagas.<\/li>\n<\/ul>\n\n\n\n<blockquote class=\"wp-block-quote is-layout-flow wp-block-quote-is-layout-flow\">\n<p>\u201cDesempaca miedos. Empaca sue\u00f1os. El cambio te est\u00e1 esperando.\u201d<\/p>\n<\/blockquote>\n\n\n\n<p><\/p>","protected":false},"excerpt":{"rendered":"<p>\u00a1Imagina pasar el verano en EE. UU., rodeado de naturaleza, buena onda y gente de todo el mundo! Ser Camp Counselor es ser el protagonista que lidera, aprende, gana dinero y se lo pasa genial. Sales con ingl\u00e9s afilado, nuevas habilidades y amistades que ni TikTok puede superar.<\/p>","protected":false},"featured_media":9540,"comment_status":"open","ping_status":"closed","template":"","meta":{"id_video":[],"enlace_video":[],"enlace_captura":[],"invitacion_anexada":[],"pedido_anexado":[]},"product_brand":[],"product_cat":[15],"product_tag":[],"class_list":{"0":"post-9932","1":"product","2":"type-product","3":"status-publish","4":"has-post-thumbnail","6":"product_cat-sin-categorizar","8":"first","9":"instock","10":"sold-individually","11":"shipping-taxable","12":"purchasable","13":"product-type-variable"},"exclude_global_add_ons":[],"addons":[],"yoast_head":"<!-- This site is optimized with the Yoast SEO plugin v27.5 - https:\/\/yoast.com\/product\/yoast-seo-wordpress\/ -->\n<title>Camp\u00a0Counselor\u00a02026 - Global Leaders USA - Regalexia<\/title>\n<meta name=\"robots\" content=\"index, follow, max-snippet:-1, max-image-preview:large, max-video-preview:-1\" \/>\n<link rel=\"canonical\" href=\"https:\/\/regalexia.com\/ca\/experiencias\/camp-counselor-2026\/\" \/>\n<meta property=\"og:locale\" content=\"ca_ES\" \/>\n<meta property=\"og:type\" content=\"article\" \/>\n<meta property=\"og:title\" content=\"Camp\u00a0Counselor\u00a02026 - Global Leaders USA - Regalexia\" \/>\n<meta property=\"og:description\" content=\"\u00a1Imagina pasar el verano en EE. UU., rodeado de naturaleza, buena onda y gente de todo el mundo! Ser Camp Counselor es ser el protagonista que lidera, aprende, gana dinero y se lo pasa genial. Sales con ingl\u00e9s afilado, nuevas habilidades y amistades que ni TikTok puede superar.\" \/>\n<meta property=\"og:url\" content=\"https:\/\/regalexia.com\/ca\/experiencias\/camp-counselor-2026\/\" \/>\n<meta property=\"og:site_name\" content=\"Regalexia\" \/>\n<meta property=\"article:publisher\" content=\"https:\/\/www.facebook.com\/regalexia\" \/>\n<meta property=\"article:modified_time\" content=\"2026-02-23T17:33:29+00:00\" \/>\n<meta property=\"og:image\" content=\"https:\/\/regalexia.com\/wp-content\/uploads\/2025\/07\/ninos-tirando-de-una-cuerda-en-tira-y-afloja-1.webp\" \/>\n\t<meta property=\"og:image:width\" content=\"1920\" \/>\n\t<meta property=\"og:image:height\" content=\"1280\" \/>\n\t<meta property=\"og:image:type\" content=\"image\/webp\" \/>\n<meta name=\"twitter:card\" content=\"summary_large_image\" \/>\n<meta name=\"twitter:label1\" content=\"Temps estimat de lectura\" \/>\n\t<meta name=\"twitter:data1\" content=\"2 minuts\" \/>\n<script type=\"application\/ld+json\" class=\"yoast-schema-graph\">{\"@context\":\"https:\\\/\\\/schema.org\",\"@graph\":[{\"@type\":\"WebPage\",\"@id\":\"https:\\\/\\\/regalexia.com\\\/experiencias\\\/camp-counselor-2026\\\/\",\"url\":\"https:\\\/\\\/regalexia.com\\\/experiencias\\\/camp-counselor-2026\\\/\",\"name\":\"Camp\u00a0Counselor\u00a02026 - Global Leaders USA - Regalexia\",\"isPartOf\":{\"@id\":\"https:\\\/\\\/regalexia.com\\\/#website\"},\"primaryImageOfPage\":{\"@id\":\"https:\\\/\\\/regalexia.com\\\/experiencias\\\/camp-counselor-2026\\\/#primaryimage\"},\"image\":{\"@id\":\"https:\\\/\\\/regalexia.com\\\/experiencias\\\/camp-counselor-2026\\\/#primaryimage\"},\"thumbnailUrl\":\"https:\\\/\\\/regalexia.com\\\/wp-content\\\/uploads\\\/2025\\\/07\\\/ninos-tirando-de-una-cuerda-en-tira-y-afloja-1.webp\",\"datePublished\":\"2025-07-15T13:03:11+00:00\",\"dateModified\":\"2026-02-23T17:33:29+00:00\",\"breadcrumb\":{\"@id\":\"https:\\\/\\\/regalexia.com\\\/experiencias\\\/camp-counselor-2026\\\/#breadcrumb\"},\"inLanguage\":\"ca\",\"potentialAction\":[{\"@type\":\"ReadAction\",\"target\":[\"https:\\\/\\\/regalexia.com\\\/experiencias\\\/camp-counselor-2026\\\/\"]}]},{\"@type\":\"ImageObject\",\"inLanguage\":\"ca\",\"@id\":\"https:\\\/\\\/regalexia.com\\\/experiencias\\\/camp-counselor-2026\\\/#primaryimage\",\"url\":\"https:\\\/\\\/regalexia.com\\\/wp-content\\\/uploads\\\/2025\\\/07\\\/ninos-tirando-de-una-cuerda-en-tira-y-afloja-1.webp\",\"contentUrl\":\"https:\\\/\\\/regalexia.com\\\/wp-content\\\/uploads\\\/2025\\\/07\\\/ninos-tirando-de-una-cuerda-en-tira-y-afloja-1.webp\",\"width\":1920,\"height\":1280,\"caption\":\"globalleaderusa\"},{\"@type\":\"BreadcrumbList\",\"@id\":\"https:\\\/\\\/regalexia.com\\\/experiencias\\\/camp-counselor-2026\\\/#breadcrumb\",\"itemListElement\":[{\"@type\":\"ListItem\",\"position\":1,\"name\":\"Inicio\",\"item\":\"https:\\\/\\\/regalexia.com\\\/\"},{\"@type\":\"ListItem\",\"position\":2,\"name\":\"Experiencias\",\"item\":\"https:\\\/\\\/regalexia.com\\\/experiencias\\\/\"},{\"@type\":\"ListItem\",\"position\":3,\"name\":\"Camp\u00a0Counselor\u00a02026 &#8211; Global Leaders USA\"}]},{\"@type\":\"WebSite\",\"@id\":\"https:\\\/\\\/regalexia.com\\\/#website\",\"url\":\"https:\\\/\\\/regalexia.com\\\/\",\"name\":\"Regalexia\",\"description\":\"\",\"publisher\":{\"@id\":\"https:\\\/\\\/regalexia.com\\\/#organization\"},\"potentialAction\":[{\"@type\":\"SearchAction\",\"target\":{\"@type\":\"EntryPoint\",\"urlTemplate\":\"https:\\\/\\\/regalexia.com\\\/?s={search_term_string}\"},\"query-input\":{\"@type\":\"PropertyValueSpecification\",\"valueRequired\":true,\"valueName\":\"search_term_string\"}}],\"inLanguage\":\"ca\"},{\"@type\":\"Organization\",\"@id\":\"https:\\\/\\\/regalexia.com\\\/#organization\",\"name\":\"Regalexia\",\"url\":\"https:\\\/\\\/regalexia.com\\\/\",\"logo\":{\"@type\":\"ImageObject\",\"inLanguage\":\"ca\",\"@id\":\"https:\\\/\\\/regalexia.com\\\/#\\\/schema\\\/logo\\\/image\\\/\",\"url\":\"https:\\\/\\\/regalexia.com\\\/wp-content\\\/uploads\\\/2024\\\/05\\\/logo_webp.webp\",\"contentUrl\":\"https:\\\/\\\/regalexia.com\\\/wp-content\\\/uploads\\\/2024\\\/05\\\/logo_webp.webp\",\"width\":338,\"height\":90,\"caption\":\"Regalexia\"},\"image\":{\"@id\":\"https:\\\/\\\/regalexia.com\\\/#\\\/schema\\\/logo\\\/image\\\/\"},\"sameAs\":[\"https:\\\/\\\/www.facebook.com\\\/regalexia\",\"https:\\\/\\\/www.instagram.com\\\/regalexia\\\/\",\"https:\\\/\\\/www.youtube.com\\\/@RegalexiaRegalaIlusiones\"]}]}<\/script>\n<!-- \/ Yoast SEO plugin. -->","yoast_head_json":{"title":"Camp\u00a0Counselor\u00a02026 - Global Leaders USA - Regalexia","robots":{"index":"index","follow":"follow","max-snippet":"max-snippet:-1","max-image-preview":"max-image-preview:large","max-video-preview":"max-video-preview:-1"},"canonical":"https:\/\/regalexia.com\/ca\/experiencias\/camp-counselor-2026\/","og_locale":"ca_ES","og_type":"article","og_title":"Camp\u00a0Counselor\u00a02026 - Global Leaders USA - Regalexia","og_description":"\u00a1Imagina pasar el verano en EE. UU., rodeado de naturaleza, buena onda y gente de todo el mundo! Ser Camp Counselor es ser el protagonista que lidera, aprende, gana dinero y se lo pasa genial. Sales con ingl\u00e9s afilado, nuevas habilidades y amistades que ni TikTok puede superar.","og_url":"https:\/\/regalexia.com\/ca\/experiencias\/camp-counselor-2026\/","og_site_name":"Regalexia","article_publisher":"https:\/\/www.facebook.com\/regalexia","article_modified_time":"2026-02-23T17:33:29+00:00","og_image":[{"width":1920,"height":1280,"url":"https:\/\/regalexia.com\/wp-content\/uploads\/2025\/07\/ninos-tirando-de-una-cuerda-en-tira-y-afloja-1.webp","type":"image\/webp"}],"twitter_card":"summary_large_image","twitter_misc":{"Temps estimat de lectura":"2 minuts"},"schema":{"@context":"https:\/\/schema.org","@graph":[{"@type":"WebPage","@id":"https:\/\/regalexia.com\/experiencias\/camp-counselor-2026\/","url":"https:\/\/regalexia.com\/experiencias\/camp-counselor-2026\/","name":"Camp\u00a0Counselor\u00a02026 - Global Leaders USA - Regalexia","isPartOf":{"@id":"https:\/\/regalexia.com\/#website"},"primaryImageOfPage":{"@id":"https:\/\/regalexia.com\/experiencias\/camp-counselor-2026\/#primaryimage"},"image":{"@id":"https:\/\/regalexia.com\/experiencias\/camp-counselor-2026\/#primaryimage"},"thumbnailUrl":"https:\/\/regalexia.com\/wp-content\/uploads\/2025\/07\/ninos-tirando-de-una-cuerda-en-tira-y-afloja-1.webp","datePublished":"2025-07-15T13:03:11+00:00","dateModified":"2026-02-23T17:33:29+00:00","breadcrumb":{"@id":"https:\/\/regalexia.com\/experiencias\/camp-counselor-2026\/#breadcrumb"},"inLanguage":"ca","potentialAction":[{"@type":"ReadAction","target":["https:\/\/regalexia.com\/experiencias\/camp-counselor-2026\/"]}]},{"@type":"ImageObject","inLanguage":"ca","@id":"https:\/\/regalexia.com\/experiencias\/camp-counselor-2026\/#primaryimage","url":"https:\/\/regalexia.com\/wp-content\/uploads\/2025\/07\/ninos-tirando-de-una-cuerda-en-tira-y-afloja-1.webp","contentUrl":"https:\/\/regalexia.com\/wp-content\/uploads\/2025\/07\/ninos-tirando-de-una-cuerda-en-tira-y-afloja-1.webp","width":1920,"height":1280,"caption":"globalleaderusa"},{"@type":"BreadcrumbList","@id":"https:\/\/regalexia.com\/experiencias\/camp-counselor-2026\/#breadcrumb","itemListElement":[{"@type":"ListItem","position":1,"name":"Inicio","item":"https:\/\/regalexia.com\/"},{"@type":"ListItem","position":2,"name":"Experiencias","item":"https:\/\/regalexia.com\/experiencias\/"},{"@type":"ListItem","position":3,"name":"Camp\u00a0Counselor\u00a02026 &#8211; Global Leaders USA"}]},{"@type":"WebSite","@id":"https:\/\/regalexia.com\/#website","url":"https:\/\/regalexia.com\/","name":"Regalexia","description":"","publisher":{"@id":"https:\/\/regalexia.com\/#organization"},"potentialAction":[{"@type":"SearchAction","target":{"@type":"EntryPoint","urlTemplate":"https:\/\/regalexia.com\/?s={search_term_string}"},"query-input":{"@type":"PropertyValueSpecification","valueRequired":true,"valueName":"search_term_string"}}],"inLanguage":"ca"},{"@type":"Organization","@id":"https:\/\/regalexia.com\/#organization","name":"Regalexia","url":"https:\/\/regalexia.com\/","logo":{"@type":"ImageObject","inLanguage":"ca","@id":"https:\/\/regalexia.com\/#\/schema\/logo\/image\/","url":"https:\/\/regalexia.com\/wp-content\/uploads\/2024\/05\/logo_webp.webp","contentUrl":"https:\/\/regalexia.com\/wp-content\/uploads\/2024\/05\/logo_webp.webp","width":338,"height":90,"caption":"Regalexia"},"image":{"@id":"https:\/\/regalexia.com\/#\/schema\/logo\/image\/"},"sameAs":["https:\/\/www.facebook.com\/regalexia","https:\/\/www.instagram.com\/regalexia\/","https:\/\/www.youtube.com\/@RegalexiaRegalaIlusiones"]}]}},"_links":{"self":[{"href":"https:\/\/regalexia.com\/ca\/wp-json\/wp\/v2\/product\/9932","targetHints":{"allow":["GET"]}}],"collection":[{"href":"https:\/\/regalexia.com\/ca\/wp-json\/wp\/v2\/product"}],"about":[{"href":"https:\/\/regalexia.com\/ca\/wp-json\/wp\/v2\/types\/product"}],"replies":[{"embeddable":true,"href":"https:\/\/regalexia.com\/ca\/wp-json\/wp\/v2\/comments?post=9932"}],"wp:featuredmedia":[{"embeddable":true,"href":"https:\/\/regalexia.com\/ca\/wp-json\/wp\/v2\/media\/9540"}],"wp:attachment":[{"href":"https:\/\/regalexia.com\/ca\/wp-json\/wp\/v2\/media?parent=9932"}],"wp:term":[{"taxonomy":"product_brand","embeddable":true,"href":"https:\/\/regalexia.com\/ca\/wp-json\/wp\/v2\/product_brand?post=9932"},{"taxonomy":"product_cat","embeddable":true,"href":"https:\/\/regalexia.com\/ca\/wp-json\/wp\/v2\/product_cat?post=9932"},{"taxonomy":"product_tag","embeddable":true,"href":"https:\/\/regalexia.com\/ca\/wp-json\/wp\/v2\/product_tag?post=9932"}],"curies":[{"name":"wp","href":"https:\/\/api.w.org\/{rel}","templated":true}]}}